{"id":7148,"date":"2024-04-03T23:41:31","date_gmt":"2024-04-03T20:41:31","guid":{"rendered":"https:\/\/sisu.ut.ee\/ewod\/?page_id=7148"},"modified":"2025-05-05T14:19:08","modified_gmt":"2025-05-05T11:19:08","slug":"august-malk","status":"publish","type":"page","link":"https:\/\/sisu.ut.ee\/ewod\/et\/m\/august-malk\/","title":{"rendered":"August M\u00e4lk"},"content":{"rendered":"<figure class=\"wp-block-image alignright size-large is-resized\"><a href=\"https:\/\/sisu.ut.ee\/wp-content\/uploads\/sites\/108\/auguist_malk_parikas-scaled.jpg\"><img loading=\"lazy\" decoding=\"async\" width=\"638\" height=\"1024\" src=\"https:\/\/sisu.ut.ee\/wp-content\/uploads\/sites\/108\/auguist_malk_parikas-638x1024.jpg\" alt=\"August M\u00e4lk\" class=\"wp-image-2466\" style=\"width:251px;height:auto\" title=\"Foto: J. &amp; P. Parikas\" srcset=\"https:\/\/sisu.ut.ee\/wp-content\/uploads\/sites\/108\/auguist_malk_parikas-638x1024.jpg 638w, https:\/\/sisu.ut.ee\/wp-content\/uploads\/sites\/108\/auguist_malk_parikas-187x300.jpg 187w, https:\/\/sisu.ut.ee\/wp-content\/uploads\/sites\/108\/auguist_malk_parikas-768x1233.jpg 768w, https:\/\/sisu.ut.ee\/wp-content\/uploads\/sites\/108\/auguist_malk_parikas-957x1536.jpg 957w, https:\/\/sisu.ut.ee\/wp-content\/uploads\/sites\/108\/auguist_malk_parikas-1275x2048.jpg 1275w, https:\/\/sisu.ut.ee\/wp-content\/uploads\/sites\/108\/auguist_malk_parikas-1920x3083.jpg 1920w, https:\/\/sisu.ut.ee\/wp-content\/uploads\/sites\/108\/auguist_malk_parikas-scaled.jpg 1594w\" sizes=\"auto, (max-width: 638px) 100vw, 638px\"><\/a><\/figure>\n\n\n\n<p>August M\u00e4lk (4. X \/ 21. IX 1900 \u2013 19. XII 1987) on \u00fcks oma p\u00f5lvkonna tunnustatumatest proosakirjanikest eksiilis.<\/p>\n\n\n\n<p>M\u00e4lk s\u00fcndis Saaremaal L\u00fcmanda vallas Koovi rannak\u00fclas. \u00d5ppis kohalikus koolis, hiljem L\u00fcmanda ministeeriumikoolis ja Kuressaare linnakoolis. Omandas kursustel ja Tartu \u00fclikooli juures \u00f5petajakutse. T\u00f6\u00f6tas \u00f5petaja ja koolijuhatajana mitmel pool Saaremaal. Oli Rahvuskogu ja esimese Riigivolikogu liige, Tallinna Kirjanike \u00dchingu abiesimees. Eesti Kirjanike Liidu liige alates 1929, Eesti N\u00e4itekirjanike Liidu liige alates 1936. 1944. aastal p\u00f5genes \u00fches perekonnaga Rootsi, kus t\u00f6\u00f6tas arhiiviametniku ja raamatukoguhoidjana. Oli V\u00e4lismaise Eesti Kirjanike Liidu \u00fcks asutajaid ja esimene esimees 1945-1982. Suri Stockholmis, maetud sealsele metsakalmistule.<\/p>\n\n\n\n<p>M\u00e4lk oli \u00e4\u00e4rmiselt produktiivne kirjanik, kellelt ajakirjanduses ilmus ilukirjanduslikke t\u00f6id alates 1919. aastast. Esimene mahukam t\u00f6\u00f6 oli (suvitus)romaan \u201eKesaliblik\u201c (1926), j\u00e4rgnes novellikogu \u201eAnne-Marie\u201c (1927). M\u00e4lk esines ka koguteoses \u201eAktsioon\u201c (1926-1929). Varasema perioodi teostest on esile t\u00f5stetud pidalit\u00f5vetemaatilist novelli \u201eSurnu surm\u201c (1926) ja jutustust \u201eSurnud elu\u201c (1929). Tuntuse ja suurema t\u00e4helepanu omandas Saaremaa rannaelu realistliku kujutamisega, millega t\u00f5usis esiplaanile 1930. aastate keskpaigas. Loomingus on keskel kohal kaasaegset rannak\u00fcla kujutavad romaanid \u201e\u00d5itsev meri\u201c (1935), \u201eTaeva palge all\u201c (1937), \u201eHea sadam\u201c (1942), novellikogu \u201eRannajutud\u201c (1936) ja n\u00e4idend \u201eMees merelt\u201c (1935). M\u00e4lgule iseloomulikud rannak\u00fcla elanike t\u00fc\u00fcbid ning rannak\u00fcla atmosf\u00e4\u00e4r \u00fches elu-oluliste \u00fcksikasjadega on selgelt esil \u201e\u00d5itsvas meres\u201c, j\u00e4rgnevad teosed suuresti varieerivad motiive ja teemasid. V\u00e4\u00e4rtustatakse rannak\u00fcla harmoonilist, aegade jooksul v\u00e4ljakujunenud tavade ja kommetega rahulikku elulaadi ning kodukohatunnet. M\u00e4lku on nimetatud heaks jutustajaks, kes oskas lugejaid paeluvalt kujutada igap\u00e4evaelu.<\/p>\n\n\n\n<p>M\u00e4lk oli ka \u00fcks 1930. aastatel esile t\u00f5usnud ajaloolise romaani viljelejaist, 1934. aastal ilmus P\u00f5hjas\u00f5ja aastatesse paigutuv romaan \u201eSurnud majad\u201c, 1936. aastal eesti viikingiromaan \u201eL\u00e4\u00e4nemere isandad\u201c, mis kujutab saarlaste Sigtuna h\u00e4vitamise lugu 1187. aastal. Teose k\u00e4sitlusviis \u2013 eestlaste kangelaslik minevik \u2013 l\u00fclitub tolleaegsesse riiklikult soositud mineviku heroiseerimise ja rahvusliku uhkustunde \u00f5hutamise paradigmasse.<\/p>\n\n\n\n<p>Noortele kirjutatud \u201eJutte lindudest\u201c (1934) tugineb autori vaatlustele Vilsandi saarel.<\/p>\n\n\n\n<p>N\u00e4itekirjanduses saavutas edu v\u00e4rvikate t\u00fc\u00fcpide ning rahvaliku dialoogiga kom\u00f6\u00f6diatega \u201eVaese mehe ututall\u201c (1932) ja \u201eNeitsid lampidega\u201c (1933). Populaarne oli ka rannateemaline \u201eMees merelt\u201c ning Juhan Kihulase pseudon\u00fc\u00fcmi all ilmunud kom\u00f6\u00f6dia \u201eH\u00e4da \u00f5nnega\u201c (1937), teised n\u00e4idendid j\u00e4id suurema t\u00e4helepanuta.<\/p>\n\n\n\n<p>Esimestel pagulasaastatel kujutab M\u00e4lk nii nagu paljud teisedki Teise maailmas\u00f5ja s\u00fcndmusi ning p\u00f5genemisteekonda ja kohanemist uuel kodumaal, nt romaanid \u201e\u00d6ised linnud\u201c (1945) ja \u201eKodumaata\u201c (1947). Paguluses muutuvad M\u00e4lgu romaanid ps\u00fchholoogiliselt s\u00fcgavamaks, nt M\u00e4lgu hilisema perioodi loomingu tippteos kaheosaline romaan \u201eTee kaevule\u201c (1952-1953), mis j\u00e4lgib keskkooli direktori ja kasvatusteadlase sisemisi otsinguid. Romaan \u201eKevadine maa\u201c (1963) pakub sissevaate kaasaja rootslaste ellu. Viimane raamat, novellikogu \u201eProjekt Victoria\u201c (1978) esindab sootuks uut suunda M\u00e4lgu loomingus, kuuludes ulmekirjanduse valdkonda.<\/p>\n\n\n\n<p>M\u00e4lk p\u00e4lvis oma loometeel mitmek\u00fclgset tunnustust: nt Riigivanema III auhind romaani \u201eSurnud majad\u201c (1935) ja II auhind \u201e\u00d5itsva mere\u201c eest (1936), Noor-Eesti Kirjastuse III auhind \u201eRannajuttude\u201c eest (1937). P\u00e4lvis Eesti Panga auhinna \u201eRannajuttude\u201c ja \u201eL\u00e4\u00e4nemere isandate\u201c eest 1937, \u201eTaeva palge all\u201c eest 1938 ning \u201eMere tuultes\u201c eest 1939. aastal. Suurima vabariigiaegse tunnustusena p\u00e4lvis M\u00e4lk 1937. aastal riigihoidjalt (st. endiselt riigivanemalt ja tulevaselt presidendilt Konstantin P\u00e4tsilt) Lagle kirjanikutalu Tallinna l\u00e4hedal (t\u00e4nasel \u00d5ism\u00e4el). Paguluses sai Henrik Visnapuu kirjandusauhinna romaani \u201eTee kaevule\u201c eest 1953. aastal.<\/p>\n\n\n\n<p><em>A. K. <\/em><\/p>\n\n\n\n<h4 class=\"wp-block-heading\"><br>Raamatud eesti keeles<\/h4>\n\n\n\n<p><strong><em>Romaanid<\/em><\/strong><br><strong>Kesaliblik<\/strong>. Tartu: S\u00f5navara, 1926, 162 lk.<br><strong>\u00d5nnepagulane<\/strong>. Tartu: Noor-Eesti, 1928, 246 lk.<br><strong>Hukkumine<\/strong>. Tartu: Noor-Eesti, 1928, 526 lk.<br><strong>L\u00e4bi \u00f6\u00f6<\/strong>. Tartu: Tapper, 1929, 402 lk.<br><strong>Kivine pesa<\/strong>. Tallinn: Aktsioon, 1932, 280 lk. [2. tr\u00fckk: 1966.]\u00a0<br><strong>\u00dcks neistsinatseist<\/strong>. Tallinn: Aktsioon, 1933, 215 lk.<br><strong>Surnud majad<\/strong>. Tartu: Loodus, 1934, 223 lk. [J\u00e4rgnevad tr\u00fckid: 1947, 1997.]<br><strong>\u00d5itsev meri<\/strong>. Tartu: Noor-Eesti, 1935, 331 lk. [J\u00e4rgnevad tr\u00fckid: 1936, 1948, 1983, 2008.]<br><strong>L\u00e4\u00e4nemere isandad<\/strong>. Tartu: Noor-Eesti, 1936, 518 lk [J\u00e4rgnevad tr\u00fckid: 1951, 2000, 2008.]<br><strong>Taeva palge all<\/strong>. Tartu: Noor-Eesti, 1937, 356 lk. [J\u00e4rgnevad tr\u00fckid: 1938, 1950, 1988, 2009.]<br><strong>Kivid tules<\/strong>. Tallinn: Kultuurkoondis, 1939, 301 lk.<br><strong>Hea sadam<\/strong>. Tallinn: Eesti Kirjastus, 1942, 337 lk. \u00a0[J\u00e4rgnevad tr\u00fckid: 1946, 1971, 2009.]\u00a0<br><strong>\u00d6ised linnud<\/strong>. Vadstena: Orto, 1945, 320 lk.<br><strong>Kodumaata<\/strong>. Vadstena: Orto, 1947, 382 lk.<br><strong>Tee kaevule I<\/strong>. Lund: Eesti Kirjanike Kooperatiiv, 1952, 434 lk. [2. tr\u00fckk: 2001.]<br><strong>Tee kaevule II<\/strong>. Lund: Eesti Kirjanike Kooperatiiv, 1953, 384 lk. [2. tr\u00fckk: 2001.]<br><strong>P\u00e4ike k\u00fcla kohal<\/strong>. Lund: Eesti Kirjanike Kooperatiiv, 1957, 391 lk. [2. tr\u00fckk: 1996.]<br><strong>Toomas Tamm<\/strong>. Lund: Eesti Kirjanike Kooperatiiv, 1959, 352 lk. [2. tr\u00fckk: 2000.]<br><strong>Kevadine maa<\/strong>. Lund: Eesti Kirjanike Kooperatiiv, 1963, 327 lk. [2. tr\u00fckk: 1965.]<\/p>\n\n\n\n<p><strong><em>Novellid<\/em><\/strong><br><strong>Surnu surm<\/strong>. Tartu: S\u00f5navara, 1926, 32 lk.<br><strong>Anne-Marie<\/strong>. Tartu: Noor-Eesti, 1927, 154 lk.<br><strong>Surnud elu<\/strong>. Tartu: Noor-Eesti, 1929, 145 lk.<br><strong>Jutte lindudest<\/strong>. Tallinn: E\u00d5L noorsookirjanduse toimkond, 1934, 127 lk. [J\u00e4rgnevad tr\u00fckid: 1959, 1982.]<br><strong>Rannajutud<\/strong>. Tartu: Noor-Eesti, 1936, 173 lk. [J\u00e4rgnevad tr\u00fckid: 1937, 1960, 1991.]<br><strong>Avatud v\u00e4rav<\/strong>. Lugu minevikust. Tartu: Noor-Eesti, 1937, 141 lk.<br><strong>Mere tuultes<\/strong>. Tartu: Noor-Eesti, 1938, 216 lk.<br><strong>Kadunud p\u00e4ike<\/strong>. Jutte minevikust. Tallinn: Eesti Kirjastus, 1943, 315 lk. [2. tr\u00fckk: 1970.]<br><strong>Jumala tuultes<\/strong>. Vadstena: Orti, 1949, 317 lk.<br><strong>Tuli sinu k\u00e4es<\/strong>. Lund: Eesti Kirjanike Kooperatiiv, 1955, 327 lk.<br><strong>Mere annid. Rannajutte<\/strong>. Lund: Eesti Kirjanike Kooperatiiv, 1960, 278 lk. [2. tr\u00fckk \u201cRannajuttudest\u201d, lisaks varem avaldamata loomingut samast ainevallast.]<br><strong>Jumalaga, meri!<\/strong>. Lund: Eesti Kirjanike Kooperatiiv, 1967, 279 lk.<br><strong>Projekt Victoria<\/strong>. Lund: Eesti Kirjanike Kooperatiiv, 1978, 240 lk. [2. tr\u00fckk: 1998.]<br><strong>Tere, meri!<\/strong>. Koostanud Aarne Vinkel. Tallinn: Eesti Raamat, 1991, 325 lk. [Sari \u2018Eesti novellivara\u2019.]<\/p>\n\n\n\n<p><strong><em>N\u00e4idendid<\/em><\/strong><br><strong>Moodne Kain<\/strong>. Tallinn: Eesti Haridusliit, 1930, 123 lk.<br><strong>Vaese mehe utetall<\/strong>. Tallinn: Eesti Haridusliit, 1932, 134 lk.<br><strong>Neitsid lampidega<\/strong>. Tallinn: Eesti Haridusliit, 1933, 110 lk.<br><strong>Isade tee<\/strong>. Tallinn: Eesti Haridusliit, 1934, 152 lk.<br><strong>Mees merelt<\/strong>. Tallinn: Autorikaitse \u00dching, 1935, 131 lk.<br><strong>Vanakurja vokk<\/strong>. Tallinn: Autorikaitse \u00dching, 1936, 43 lk.<br>Juhan Kihulane,\u00a0<strong>H\u00e4da \u00f5nnega<\/strong>. Tallinn: Autorikaitse \u00dching, 1937, 111 lk.<br><strong>Sikud kaevul<\/strong>. Tallinn: Autorikaitse \u00dching, 1938, 102 lk.<\/p>\n\n\n\n<p><strong><em>M\u00e4lestused<\/em><\/strong><br><strong>Hommikust keskp\u00e4evani. Elupilte ja m\u00e4lestusi<\/strong>. Lund: Eesti Kirjanike Kooperatiiv, 1972, 271 lk.<br><strong>Peale p\u00e4evap\u00f6\u00f6ret. M\u00f5tteid ja m\u00e4lestusi<\/strong>. Lund: Eesti Kirjanike Kooperatiiv, 1976, 304 lk.<br><strong>Hommikust keskp\u00e4evani<\/strong>: elupilte ja m\u00e4lestusi. Tartu: Ilmamaa, 2022, 374 lk.<br><strong>Peale p\u00e4evap\u00f6\u00f6ret<\/strong>: m\u00f5tteid ja m\u00e4lestusi. Tartu: Ilmamaa, 2023, 391 lk.<\/p>\n\n\n\n<p><strong><em>August M\u00e4lgu kohta<\/em><\/strong><br>Raimond Kolk,\u00a0<strong>August M\u00e4lk<\/strong>. L\u00fchimonograafia. Lund: Eesti Kirjanike Kooperatiiv, 1964, 63 lk.<br><strong>August M\u00e4lk. Personaalnimestik<\/strong>. Koostanud Anne Valmas. Tallinn: Eesti Teaduste Akadeemia Raamatukogu, 1991, 193 lk.<br>Aarne Vinkel,\u00a0<strong>August M\u00e4lk<\/strong>. Tallinn: Eesti Raamat, 1993, 238 lk. [2., parandatud ja t\u00e4iendatud tr\u00fckk: 1997.]<\/p>\n\n\n\n<h4 class=\"wp-block-heading\"><a href=\"https:\/\/sisu.ut.ee\/ewod\/et\/m\/august-malk\/august-malgu-kohta\/\" data-type=\"page\" data-id=\"7150\">Artiklid ja arvustused August M\u00e4lgu kohta<\/a><\/h4>\n","protected":false},"excerpt":{"rendered":"<p>August M\u00e4lk (4. X \/ 21. IX 1900 \u2013 19. XII 1987) on \u00fcks oma p\u00f5lvkonna tunnustatumatest proosakirjanikest eksiilis. M\u00e4lk s\u00fcndis Saaremaal L\u00fcmanda vallas Koovi rannak\u00fclas. \u00d5ppis kohalikus koolis, hiljem L\u00fcmanda ministeeriumikoolis ja Kuressaare linnakoolis. Omandas kursustel ja Tartu \u00fclikooli &#8230;<\/p>\n","protected":false},"author":43,"featured_media":0,"parent":6495,"menu_order":0,"comment_status":"closed","ping_status":"closed","template":"","meta":{"_acf_changed":false,"inline_featured_image":false,"footnotes":""},"class_list":["post-7148","page","type-page","status-publish","hentry"],"acf":[],"_links":{"self":[{"href":"https:\/\/sisu.ut.ee\/ewod\/et\/wp-json\/wp\/v2\/pages\/7148","targetHints":{"allow":["GET"]}}],"collection":[{"href":"https:\/\/sisu.ut.ee\/ewod\/et\/wp-json\/wp\/v2\/pages"}],"about":[{"href":"https:\/\/sisu.ut.ee\/ewod\/et\/wp-json\/wp\/v2\/types\/page"}],"author":[{"embeddable":true,"href":"https:\/\/sisu.ut.ee\/ewod\/et\/wp-json\/wp\/v2\/users\/43"}],"replies":[{"embeddable":true,"href":"https:\/\/sisu.ut.ee\/ewod\/et\/wp-json\/wp\/v2\/comments?post=7148"}],"version-history":[{"count":2,"href":"https:\/\/sisu.ut.ee\/ewod\/et\/wp-json\/wp\/v2\/pages\/7148\/revisions"}],"predecessor-version":[{"id":7157,"href":"https:\/\/sisu.ut.ee\/ewod\/et\/wp-json\/wp\/v2\/pages\/7148\/revisions\/7157"}],"up":[{"embeddable":true,"href":"https:\/\/sisu.ut.ee\/ewod\/et\/wp-json\/wp\/v2\/pages\/6495"}],"wp:attachment":[{"href":"https:\/\/sisu.ut.ee\/ewod\/et\/wp-json\/wp\/v2\/media?parent=7148"}],"curies":[{"name":"wp","href":"https:\/\/api.w.org\/{rel}","templated":true}]}}