{"id":7122,"date":"2025-04-30T17:34:59","date_gmt":"2025-04-30T14:34:59","guid":{"rendered":"https:\/\/sisu.ut.ee\/ewod\/?page_id=7122"},"modified":"2025-04-30T17:35:00","modified_gmt":"2025-04-30T14:35:00","slug":"juhan-kunderi-kohta","status":"publish","type":"page","link":"https:\/\/sisu.ut.ee\/ewod\/et\/k\/juhan-kunder\/juhan-kunderi-kohta\/","title":{"rendered":"Juhan Kunderi kohta"},"content":{"rendered":"<p><em><strong>Artiklid<\/strong><\/em><br>Lilli Suburg, <strong>Juhan Kunder \u2020<\/strong>. [Nekroloog.] \u2013 Linda, nr 6, 1888, lk 202\u2013204.<br>Jaan J\u00f5gever, <strong>Johann Kunder. Kirjat\u00f6\u00f6d Kunderi \u00fcle<\/strong>. \u2013 Eesti Kirjandus, nr 7\u201310, 1906, lk 214\u2013221, 225\u2013243, 257\u2013272, 289\u2013300; nr 1\u20137, 1907, lk 5\u201311, 17\u201324, 33\u201341, 49\u201355, 65\u201372, 81\u201394, 105\u2013118.<br>Endel Nirk, <strong>Juhan Kunderi kirjanduslikust p\u00e4randist<\/strong>. \u2013 Sirp ja Vasar, 26. XII 1952, lk 5.<br>Karl Laigna, <strong>Juhan Kunderi osast eesti kultuuriloos<\/strong>. \u2013 Looming, nr 11, 1956, lk 1620\u20131646.<br>Villem Alttoa, <strong>Lisandeid Juhan Kunderi loomingule<\/strong>. \u2013 Keel ja Kirjandus, nr 3,1959, lk 140\u2013146.<br>Krista Aru, <strong>Meelelahutaja<\/strong>. \u2013 Eesti ajakirjanduse teed ja ristteed. Eesti ajakirjanduse arengust (XVII sajandist XX sajandini). Koostanud Juhan Peegel, Krista Aru, Sergei Issakov, Ea Jansen, Epp Lauk. Tartu: Tartu \u00dclikool; Tallinn: Olion, 1994, 352 lk, lk 220\u2013228.<br>Toomas Liiv, <strong>Eesti kirjanduslugudest XIX sajandil<\/strong>. \u2013 Looming, nr 9, 2003, lk 1350\u20131360.<br>Pille-Riin Larm, <strong>\u00c4rkamisaeg, Noor-Eesti ja miski nende vahel. Eesti kirjandusloo k\u00fcsimusi Juhan Kunderi n\u00e4itel<\/strong>. \u2013 Methis, nr 12, 2013, lk 34\u201355.<br>Cornelius Hasselblatt, <strong>Juhan Kunder ja tee professionaalsuseni<\/strong>. \u2013 Cornelius Hasselblatt, Eesti kirjanduse ajalugu. Tallinn\u2013Tartu: Tartu \u00dclikooli Kirjastus, 2016, 735 lk, lk 275\u2013277.<\/p>\n","protected":false},"excerpt":{"rendered":"<p>ArtiklidLilli Suburg, Juhan Kunder \u2020. [Nekroloog.] \u2013 Linda, nr 6, 1888, lk 202\u2013204.Jaan J\u00f5gever, Johann Kunder. Kirjat\u00f6\u00f6d Kunderi \u00fcle. \u2013 Eesti Kirjandus, nr 7\u201310, 1906, lk 214\u2013221, 225\u2013243, 257\u2013272, 289\u2013300; nr 1\u20137, 1907, lk 5\u201311, 17\u201324, 33\u201341, 49\u201355, 65\u201372, 81\u201394, &#8230;<\/p>\n","protected":false},"author":43,"featured_media":0,"parent":7119,"menu_order":0,"comment_status":"closed","ping_status":"closed","template":"","meta":{"_acf_changed":false,"inline_featured_image":false,"footnotes":""},"class_list":["post-7122","page","type-page","status-publish","hentry"],"acf":[],"_links":{"self":[{"href":"https:\/\/sisu.ut.ee\/ewod\/et\/wp-json\/wp\/v2\/pages\/7122","targetHints":{"allow":["GET"]}}],"collection":[{"href":"https:\/\/sisu.ut.ee\/ewod\/et\/wp-json\/wp\/v2\/pages"}],"about":[{"href":"https:\/\/sisu.ut.ee\/ewod\/et\/wp-json\/wp\/v2\/types\/page"}],"author":[{"embeddable":true,"href":"https:\/\/sisu.ut.ee\/ewod\/et\/wp-json\/wp\/v2\/users\/43"}],"replies":[{"embeddable":true,"href":"https:\/\/sisu.ut.ee\/ewod\/et\/wp-json\/wp\/v2\/comments?post=7122"}],"version-history":[{"count":1,"href":"https:\/\/sisu.ut.ee\/ewod\/et\/wp-json\/wp\/v2\/pages\/7122\/revisions"}],"predecessor-version":[{"id":7123,"href":"https:\/\/sisu.ut.ee\/ewod\/et\/wp-json\/wp\/v2\/pages\/7122\/revisions\/7123"}],"up":[{"embeddable":true,"href":"https:\/\/sisu.ut.ee\/ewod\/et\/wp-json\/wp\/v2\/pages\/7119"}],"wp:attachment":[{"href":"https:\/\/sisu.ut.ee\/ewod\/et\/wp-json\/wp\/v2\/media?parent=7122"}],"curies":[{"name":"wp","href":"https:\/\/api.w.org\/{rel}","templated":true}]}}