{"id":7119,"date":"2024-04-03T23:40:02","date_gmt":"2024-04-03T20:40:02","guid":{"rendered":"https:\/\/sisu.ut.ee\/ewod\/?page_id=7119"},"modified":"2025-04-30T17:43:06","modified_gmt":"2025-04-30T14:43:06","slug":"juhan-kunder","status":"publish","type":"page","link":"https:\/\/sisu.ut.ee\/ewod\/et\/k\/juhan-kunder\/","title":{"rendered":"Juhan Kunder"},"content":{"rendered":"<figure class=\"wp-block-image alignright size-large is-resized\"><a href=\"https:\/\/sisu.ut.ee\/wp-content\/uploads\/sites\/108\/a-3-203_juhan_kunder_parikas.jpg\"><img loading=\"lazy\" decoding=\"async\" width=\"662\" height=\"1024\" src=\"https:\/\/sisu.ut.ee\/wp-content\/uploads\/sites\/108\/a-3-203_juhan_kunder_parikas-662x1024.jpg\" alt=\"Juhan Kunder\" class=\"wp-image-2376\" style=\"width:287px;height:auto\" title=\"Foto: J. &amp; P. Parikas\" srcset=\"https:\/\/sisu.ut.ee\/wp-content\/uploads\/sites\/108\/a-3-203_juhan_kunder_parikas-662x1024.jpg 662w, https:\/\/sisu.ut.ee\/wp-content\/uploads\/sites\/108\/a-3-203_juhan_kunder_parikas-194x300.jpg 194w, https:\/\/sisu.ut.ee\/wp-content\/uploads\/sites\/108\/a-3-203_juhan_kunder_parikas-768x1188.jpg 768w, https:\/\/sisu.ut.ee\/wp-content\/uploads\/sites\/108\/a-3-203_juhan_kunder_parikas-993x1536.jpg 993w, https:\/\/sisu.ut.ee\/wp-content\/uploads\/sites\/108\/a-3-203_juhan_kunder_parikas-1324x2048.jpg 1324w, https:\/\/sisu.ut.ee\/wp-content\/uploads\/sites\/108\/a-3-203_juhan_kunder_parikas.jpg 1425w\" sizes=\"auto, (max-width: 662px) 100vw, 662px\"><\/a><\/figure>\n\n\n\n<p>Juhan (Johann) Kunder (26.12.1852 \u2013 24.04.1888) oli eesti kirjanik, luuletaja ja pedagoog, folklorist, kirjandusloolane ja \u00fchiskonnategelane.<\/p>\n\n\n\n<p>S\u00fcndis Viljandimaal Holstre vallas Kovali talus taluperemehe pojana. \u00d5ppis Pulleritsu k\u00fclakoolis, Paistu kihelkonnakoolis, Viljandi alg- ja kreiskoolis ning aastatel 1872\u20131875 Tartu \u00f5petajate seminaris. Hiljem sooritas ka kreiskooli \u00f5petaja eksami. 1873. aastast kuulus Kunder Eesti \u00dcli\u00f5pilaste Seltsi. Oli ka Eesti Kirjameeste Seltsi liige, aastatel 1882\u20131888 selle asepresident. Ta tegutses Aleksandrikooli liikumises ning kogus aktiivselt rahvaluulet. Kunderi mentoriks oli Mihkel Veske.<\/p>\n\n\n\n<p>Kunder tegi kaast\u00f6\u00f6d ajalehtedele Eesti Postimees, Sakala ja Valgus ning toimetas aastatel 1885\u20131886 kirjanduslikku n\u00e4dalalehte Meelejahutaja, millel oli tema toimetamisel suur roll edasise eesti kirjanduskaanoni kujundamisel. Sealsed arvustused anti hiljem v\u00e4lja iseseisva raamatuna. Esmalt keskendus ta luule anal\u00fc\u00fcsimisele, hiljem \u00e4rkamisaja suurkujude tutvustamisele. Koidula m\u00f5ju kajastub nii Kunderi luules kui ka n\u00e4idendites.<\/p>\n\n\n\n<p>Aastatel 1876\u20131886 elas ja t\u00f6\u00f6tas Kunder \u00f5petajana Rakveres. Enne seda oli ta aastakese kooli\u00f5petaja Tartus. Ta koostas loodusloo\u00f5pikuid ja lugemikke, kirjutas n\u00e4idendeid ja luulet (isamaalist, loodus- ja armastusluulet), t\u00f5lkis v\u00f5\u00f5rkeeltest ning tegeles kirjanduskriitikaga. Samuti toimetas ta C. R. Jakobsoni \u201eKooli Lugemise Raamatu\u201c I osa. Tema luuletustest on \u00fcks tuntumaid \u201eMunam\u00e4el\u201c, mille viisistas K. A. Hermann.<\/p>\n\n\n\n<p>Kunder oli esimesi lastekirjanduse teoreetikuid, kes pidas temaatilisi ettekandeid ning t\u00f5i lasteni mitu rahvap\u00e4rimusel p\u00f5hinevat muinasjuttu (\u201eAhjualune\u201c, \u201eSuur Peeter ja V\u00e4ike Peeter\u201c, \u201eVaeslaps ja talut\u00fctar\u201c jt), mis on t\u00e4nini tuntud ning \u00fcha uuesti kirjastatavad. Tema loodud lasteraamatuid on t\u00f5lgitud paljudesse keeltesse. Ta ise on t\u00f5lkinud eesti keelde Jonathan Swifti Gulliveri-lugusid.<\/p>\n\n\n\n<p>1886. aastal l\u00e4ks Kunder \u00f5ppima Kaasani \u00fclikooli loodusteadust ning seej\u00e4rel Peterburi, kus suri 35-aastaselt t\u00fc\u00fcfusesse. Kunder on maetud Rakvere linnakalmistule.<\/p>\n\n\n\n<p>Tema j\u00e4rgi on nimetatud t\u00e4nav Rakveres ja Tallinnas ning r\u00e4ndrahn Suure Munam\u00e4e n\u00f5lval. Rakveres asub ka Juhan Kunderi m\u00e4lestussammas ning tema s\u00fcnnitalus m\u00e4lestuskivi. Rakveres tema kodumajas tegutsev Juhan Kunderi Selts annab v\u00e4lja Juhan Kunderi nimelist Vaimsuse auhinda.<\/p>\n\n\n\n<p><em>M. K.<\/em><\/p>\n\n\n\n<h4 class=\"wp-block-heading\"><br>Raamatud eesti keeles<\/h4>\n\n\n\n<p><strong><em>Muinasjutud ja muud lasteraamatud<\/em><\/strong><br><strong>Laste raamat<\/strong>. Rakvere: 1884, 46 lk.<br><strong>Lu\u2019ud lastele<\/strong>. 1.-2. Tartu: H. Laakmann, 1885, 1888, 16+16 lk.<br><strong>Eesti muinasjutud<\/strong>. Korjanud ja \u00fclesse kirjutanud J. Kunder. Tartu: Eesti Kirjameeste Selts, 1885, 160 lk. [J\u00e4rgnevad tr\u00fckid: 1924, 2007 (publikatsioon internetis, kommenteeritud v\u00e4ljaanne, k\u00e4ttesaadav: http:\/\/www.folklore.ee\/UTfolkl\/mj\/kunder\/index.html).]<br><strong>Ahjualune<\/strong>. Tallinn: Eesti Raamat, 1970, 24 lk. [J\u00e4rgnevad tr\u00fckid: 1985, 2010.]<br><strong>Suur Peeter ja V\u00e4ike Peeter<\/strong>. Tallinn: Eesti Kirjastus, 1944, 19 lk. [J\u00e4rgnevad tr\u00fckid: 1963, 1986, 2000, 2014, 2016.]<br><strong>Karistatud uudishimu<\/strong>. Tallinn: Ilukirjandus ja Kunst, 1946, 16 lk.<br><strong>S\u00fcdi s\u00f5sar<\/strong>. Tallinn: Ilukirjandus ja Kunst, 1946, 16 lk. [2. tr\u00fckk: 1971.]<br><strong>Imelik peegel<\/strong>. Tallinn: Eesti Riiklik Kirjastus, 1953, 65 lk. [J\u00e4rgnevad tr\u00fckid: 1975, 1987, 2002, 2010, 2015, 2018.]<br><strong>Vaeslaps ja talut\u00fctar<\/strong>. Tallinn: Eesti Raamat, 1969, 16 lk. [2. tr\u00fckk: 2017.]<br>Juhan Kunder, Friedrich Reinhold Kreutzwald, <strong>Rehepapilood<\/strong>. Tallinn: Perioodika, 1988, 47 lk.<br>Juhan Kunder, Friedrich Reinhold Kreutzwald, <strong>Jutte vaeslapsest<\/strong>. Tallinn: Perioodika, 1990, 32 lk.<br>Juhan Kunder, August Jakobson, <strong>Loomade loomisest<\/strong>. Tallinn: Perioodika, 1993, 32 lk.<br>Juhan Kunder, Matthias Johann Eisen, <strong>Tark kuningat\u00fctar<\/strong>. Tallinn: Ilo, 2010, 16 lk.<\/p>\n\n\n\n<p><strong><em>Luule<\/em><\/strong><br><strong>\u00d5ie-kuu ja k\u00fclm elu maanteel<\/strong>. 1. p\u00e4rg. Luuletanud J. C. Tartu: 1873, 20 lk. [K\u00e4ttesaadav: http:\/\/hdl.handle.net\/10062\/7996.]<br>J. C., <strong>K\u00fcmme laulu<\/strong>. Tartu: C. Mattiesen, 1876, 12 lk. [K\u00e4ttesaadav: http:\/\/hdl.handle.net\/10062\/7995.]<br>J. Kunder\u2019i <strong>Algup\u00e4ralised luuletused<\/strong>. Tartu: 1889, 56 lk. [K\u00e4ttesaadav: http:\/\/hdl.handle.net\/10062\/8003.]<\/p>\n\n\n\n<p><strong><em>N\u00e4idendid<\/em><\/strong><br><strong>Mulgi m\u00f5istus ja Tartlase tarkus<\/strong>. Nali \u00fches j\u00e4rgus. Tartu: Schnakenburg, 1881, 26 lk. [J\u00e4rgnevad tr\u00fckid: 1906, 1914, 1994.]<br><strong>Muru Miku meelehaigus<\/strong>. Nali \u00fches j\u00e4rgus. Eesti n\u00e4item\u00e4ngu s\u00f5bradele. Tartu: Schnakenburg, 1882, 31 lk. [J\u00e4rgnevad tr\u00fckid: 1885, 1994.]<br><strong>Kroonu onu<\/strong>. Nali kahes n\u00e4ituses. Tartu: H. Laakmann, 1885, 79 lk. [J\u00e4rgnevad tr\u00fckid: 1905, 1909, 1922, 1954, 1971.]<br><strong>M\u00f5rsja ja M\u00e4ratsejad<\/strong>. Kolmejauline n\u00e4item\u00e4ng. Tartu: H. Laakmann, 1887, 100 lk. [2. tr\u00fckk: 1994.]<br><strong>Kingu Laos<\/strong>. Ajap\u00e4raline n\u00e4item\u00e4ng kahes j\u00e4rgus. Viljandi: 1890, 52 lk. [2. tr\u00fckk: 1994.]<br><strong>N\u00e4idendid<\/strong>. Koostanud K\u00fclli Laugaste. Tartu: T\u00dc Kirjastus, 1994, 131 lk. [Sisu: \u2018Muru Miku meelehaigus\u2019, \u2018M\u00f5rsja ja m\u00e4ratsejad\u2019, \u2018Vallavanema valimine\u2019, \u2018Kingu Laos\u2019, \u2018Mulgi m\u00f5istus ja tartlase tarkus\u2019, \u2018Vorst\u2019 (J.Kunderi jutukese j\u00e4rgi dramatiseerinud A.Rennit).]<\/p>\n\n\n\n<p><em><strong>Juhan Kunderi kohta<\/strong><\/em><br>Karl Laigna, <strong>Juhan Kunder. Mitmek\u00fclgne kultuuritegelane<\/strong>. \u2013 Tallinn: Eesti Riiklik Kirjastus, 1959, 118 lk.<\/p>\n\n\n\n<h4 class=\"wp-block-heading\"><a href=\"https:\/\/sisu.ut.ee\/ewod\/et\/k\/juhan-kunder\/juhan-kunderi-kohta\/\" data-type=\"page\" data-id=\"7122\">Artiklid ja arvustused Juhan Kunderi kohta<\/a><\/h4>\n","protected":false},"excerpt":{"rendered":"<p>Juhan (Johann) Kunder (26.12.1852 \u2013 24.04.1888) oli eesti kirjanik, luuletaja ja pedagoog, folklorist, kirjandusloolane ja \u00fchiskonnategelane. S\u00fcndis Viljandimaal Holstre vallas Kovali talus taluperemehe pojana. \u00d5ppis Pulleritsu k\u00fclakoolis, Paistu kihelkonnakoolis, Viljandi alg- ja kreiskoolis ning aastatel 1872\u20131875 Tartu \u00f5petajate seminaris. Hiljem &#8230;<\/p>\n","protected":false},"author":43,"featured_media":0,"parent":6484,"menu_order":0,"comment_status":"closed","ping_status":"closed","template":"","meta":{"_acf_changed":false,"inline_featured_image":false,"footnotes":""},"class_list":["post-7119","page","type-page","status-publish","hentry"],"acf":[],"_links":{"self":[{"href":"https:\/\/sisu.ut.ee\/ewod\/et\/wp-json\/wp\/v2\/pages\/7119","targetHints":{"allow":["GET"]}}],"collection":[{"href":"https:\/\/sisu.ut.ee\/ewod\/et\/wp-json\/wp\/v2\/pages"}],"about":[{"href":"https:\/\/sisu.ut.ee\/ewod\/et\/wp-json\/wp\/v2\/types\/page"}],"author":[{"embeddable":true,"href":"https:\/\/sisu.ut.ee\/ewod\/et\/wp-json\/wp\/v2\/users\/43"}],"replies":[{"embeddable":true,"href":"https:\/\/sisu.ut.ee\/ewod\/et\/wp-json\/wp\/v2\/comments?post=7119"}],"version-history":[{"count":2,"href":"https:\/\/sisu.ut.ee\/ewod\/et\/wp-json\/wp\/v2\/pages\/7119\/revisions"}],"predecessor-version":[{"id":7125,"href":"https:\/\/sisu.ut.ee\/ewod\/et\/wp-json\/wp\/v2\/pages\/7119\/revisions\/7125"}],"up":[{"embeddable":true,"href":"https:\/\/sisu.ut.ee\/ewod\/et\/wp-json\/wp\/v2\/pages\/6484"}],"wp:attachment":[{"href":"https:\/\/sisu.ut.ee\/ewod\/et\/wp-json\/wp\/v2\/media?parent=7119"}],"curies":[{"name":"wp","href":"https:\/\/api.w.org\/{rel}","templated":true}]}}