{"id":7110,"date":"2024-04-03T23:40:08","date_gmt":"2024-04-03T20:40:08","guid":{"rendered":"https:\/\/sisu.ut.ee\/ewod\/?page_id=7110"},"modified":"2025-04-30T17:14:40","modified_gmt":"2025-04-30T14:14:40","slug":"ilmi-kolla","status":"publish","type":"page","link":"https:\/\/sisu.ut.ee\/ewod\/et\/k\/ilmi-kolla\/","title":{"rendered":"Ilmi Kolla"},"content":{"rendered":"<figure class=\"wp-block-image alignright size-large is-resized\"><a href=\"https:\/\/sisu.ut.ee\/wp-content\/uploads\/sites\/108\/ilmi_kolla.jpg\"><img loading=\"lazy\" decoding=\"async\" width=\"699\" height=\"1024\" src=\"https:\/\/sisu.ut.ee\/wp-content\/uploads\/sites\/108\/ilmi_kolla-699x1024.jpg\" alt=\"Ilmi Kolla\" class=\"wp-image-2464\" style=\"width:263px;height:auto\" srcset=\"https:\/\/sisu.ut.ee\/wp-content\/uploads\/sites\/108\/ilmi_kolla-699x1024.jpg 699w, https:\/\/sisu.ut.ee\/wp-content\/uploads\/sites\/108\/ilmi_kolla-205x300.jpg 205w, https:\/\/sisu.ut.ee\/wp-content\/uploads\/sites\/108\/ilmi_kolla-768x1125.jpg 768w, https:\/\/sisu.ut.ee\/wp-content\/uploads\/sites\/108\/ilmi_kolla-1049x1536.jpg 1049w, https:\/\/sisu.ut.ee\/wp-content\/uploads\/sites\/108\/ilmi_kolla.jpg 1182w\" sizes=\"auto, (max-width: 699px) 100vw, 699px\"><\/a><\/figure>\n\n\n\n<p>Ilmi Kolla (4. VI 1933 \u2013 18. XII 1954) oli eesti luuletaja, kelle l\u00fchikeseks j\u00e4\u00e4nud loometee kuulutas ette kuuek\u00fcmnendate luuleuuendust.<\/p>\n\n\n\n<p><a><\/a> Kolla s\u00fcndis P\u00e4rnus, 1944. aastal siirdus perekond Surju, kus ta l\u00f5petas ka 7-klassilise kooli. Ta alustas keskkooli\u00f5pinguid P\u00e4rnus, ent need katkestas haigestumine tuberkuloosi. Kolla t\u00f6\u00f6tas 1952. aastal l\u00fchikest aega noortelehe S\u00e4de toimetuses. Ta sai 1950 Noorte Autorite Koondise P\u00e4rnu osakonna liikmeks. Haiguse s\u00fcvenemise t\u00f5ttu sattus Kolla Tallinna Kivim\u00e4e haiglasse, kus ka suri. Ilmi Kolla on maetud Surju kalmistule.<\/p>\n\n\n\n<p>Ajakirjanduses ilmusid esimesed Kolla luuletused 1947. aastal. Suuresti autobiograafilise taustaga isikliku tunnetusega loodus- ja tundeluule ei haakunud Stalini-ajastu n\u00f5ukogulike taotlustega. Kolla luulele on iseloomulik nukker l\u00fc\u00fcrilisus, teadlikkus elu haprusest, aga samas ka otsekohene avameelsus ning naiselikkus. P\u00e4rt Lias on m\u00e4rkinud, et tema \u201elihtsad siirad v\u00e4rsid v\u00e4ljendasid j\u00e4\u00e4minekut ootava luule varakevadist, alles pungumas meeleolu\u201d. Kolla luuletusi on rohkelt viisistatud, \u00fcks tuntumaid on \u201eNukrad hetked\u201c (helilooja Aarne Oit). Tema luule j\u00f5udis kogumikesse p\u00e4rast surma: \u201eLuuletused\u201c (1957), \u201eMinu kevad\u201c (1983) ja \u201eK\u00f5ik mu laulud\u201c (2009).<\/p>\n\n\n\n<p><em>A. K.<\/em><\/p>\n\n\n\n<h4 class=\"wp-block-heading\"><br>Raamatud eesti keeles<\/h4>\n\n\n\n<p><strong><em>Luule<\/em><\/strong><br><strong>Luuletused<\/strong>. Tallinn: Eesti Riiklik Kirjastus, 1957, 80 lk.<br><strong>Minu kevad<\/strong>. Tallinn: Eesti Raamat, 1983, 112 lk.<br><strong>K\u00f5ik mu laulud<\/strong>. Koostanud Eve Annuk. Tallinn: Eesti Raamat, 2009, 205 lk.<\/p>\n\n\n\n<p><strong><em>Ilmi Kolla<\/em><\/strong> <em><strong>kohta<\/strong><\/em><br>Eve Annuk, <strong>Ilmi Kolla ja tema aeg<\/strong>. Biograafilise l\u00e4henemisviisi v\u00f5imalusi n\u00f5ukogude aja uurimise kontekstis. Doktorit\u00f6\u00f6. Tartu: Tartu \u00fclikooli kirjastus, 2006, 190 lk.<\/p>\n\n\n\n<h4 class=\"wp-block-heading\"><a href=\"https:\/\/sisu.ut.ee\/ewod\/et\/k\/ilmi-kolla\/ilmi-kolla-kohta\/\" data-type=\"page\" data-id=\"7112\">Artiklid ja arvustused Ilmi Kolla kohta<\/a><\/h4>\n","protected":false},"excerpt":{"rendered":"<p>Ilmi Kolla (4. VI 1933 \u2013 18. XII 1954) oli eesti luuletaja, kelle l\u00fchikeseks j\u00e4\u00e4nud loometee kuulutas ette kuuek\u00fcmnendate luuleuuendust. Kolla s\u00fcndis P\u00e4rnus, 1944. aastal siirdus perekond Surju, kus ta l\u00f5petas ka 7-klassilise kooli. Ta alustas keskkooli\u00f5pinguid P\u00e4rnus, ent need &#8230;<\/p>\n","protected":false},"author":43,"featured_media":0,"parent":6484,"menu_order":0,"comment_status":"closed","ping_status":"closed","template":"","meta":{"_acf_changed":false,"inline_featured_image":false,"footnotes":""},"class_list":["post-7110","page","type-page","status-publish","hentry"],"acf":[],"_links":{"self":[{"href":"https:\/\/sisu.ut.ee\/ewod\/et\/wp-json\/wp\/v2\/pages\/7110","targetHints":{"allow":["GET"]}}],"collection":[{"href":"https:\/\/sisu.ut.ee\/ewod\/et\/wp-json\/wp\/v2\/pages"}],"about":[{"href":"https:\/\/sisu.ut.ee\/ewod\/et\/wp-json\/wp\/v2\/types\/page"}],"author":[{"embeddable":true,"href":"https:\/\/sisu.ut.ee\/ewod\/et\/wp-json\/wp\/v2\/users\/43"}],"replies":[{"embeddable":true,"href":"https:\/\/sisu.ut.ee\/ewod\/et\/wp-json\/wp\/v2\/comments?post=7110"}],"version-history":[{"count":3,"href":"https:\/\/sisu.ut.ee\/ewod\/et\/wp-json\/wp\/v2\/pages\/7110\/revisions"}],"predecessor-version":[{"id":7117,"href":"https:\/\/sisu.ut.ee\/ewod\/et\/wp-json\/wp\/v2\/pages\/7110\/revisions\/7117"}],"up":[{"embeddable":true,"href":"https:\/\/sisu.ut.ee\/ewod\/et\/wp-json\/wp\/v2\/pages\/6484"}],"wp:attachment":[{"href":"https:\/\/sisu.ut.ee\/ewod\/et\/wp-json\/wp\/v2\/media?parent=7110"}],"curies":[{"name":"wp","href":"https:\/\/api.w.org\/{rel}","templated":true}]}}