{"id":7101,"date":"2025-04-30T10:57:45","date_gmt":"2025-04-30T07:57:45","guid":{"rendered":"https:\/\/sisu.ut.ee\/ewod\/?page_id=7101"},"modified":"2025-04-30T17:59:15","modified_gmt":"2025-04-30T14:59:15","slug":"jaan-karneri-kohta","status":"publish","type":"page","link":"https:\/\/sisu.ut.ee\/ewod\/et\/k\/jaan-karner\/jaan-karneri-kohta\/","title":{"rendered":"Jaan K\u00e4rneri kohta"},"content":{"rendered":"<p><em><strong>Artiklid<\/strong><\/em><br>Hugo Raudsepp, <strong>Jooni Jaan K\u00e4rneri proosatoodangust<\/strong>. \u2013 Looming, nr 5\/6, 1941, lk 617\u2013623.<br>August Sang, <strong>Jaan K\u00e4rneri luule<\/strong>. \u2013 Looming, nr 5\/6, 1941, lk 624\u2013630.<br>Oskar Urgart, <strong>Jaan K\u00e4rneri v\u00f5itlev luule<\/strong>. \u2013 Looming, nr 5, 1951, lk 625\u2013629.<br><strong>[Nekroloog]<\/strong>. \u2013 Sirp ja Vasar, 4. IV 1958, lk 5.<br><strong>[Nekroloog]<\/strong>. \u2013 Looming, nr 4, 1958, lk 636\u2013637.<br>Alfred Kiviste, <strong>M\u00e4lestuskilde Jaan K\u00e4rnerist seoses kirjastustegevusega<\/strong>. \u2013 Keel ja Kirjandus, nr 12, 1962, lk 751\u2013752.<br>Karl Muru, <strong>Jaan K\u00e4rneri loodusl\u00fc\u00fcrika iseloomulikke jooni<\/strong>. \u2013 Keel ja Kirjandus, nr 8, 1963, lk 453\u2013458, nr 9, lk 524\u2013530.<br>August Pill, <strong>Kokkupuuteid Jaan K\u00e4rneriga<\/strong>. \u2013 Keel ja Kirjandus, nr 5, 1967, lk 300\u2013303.<br>Karl Muru, <strong>Esimesest eesti v\u00e4rssromaanist<\/strong>. \u2013 Looming, nr 1, 1973, lk 137\u2013144.<br>Maie Kalda, <strong>K\u00e4rner kitseks \u2018Loomingu\u2019 aias<\/strong>. \u2013 Looming, nr 5, 1991, lk 693 \u2013 699.<br>Maie Kalda, <strong>Poolteist aastat sajast. Jaan K\u00e4rneri sekulaarjuubeli puhul<\/strong>. \u2013 Sirp, 31. V 1991, lk 4.<\/p>\n\n\n\n<p><em><strong>Arvustused<\/strong><\/em><br>Karl Muru, <strong>Arvamusi, ka p\u00f5him\u00f5ttelist laadi, \u00fche luuletaja loomingu uusv\u00e4ljaande puhul<\/strong>. \u2013 Keel ja Kirjandus, nr 7, 1962, lk 435\u2013438. [Raamatust \u2018Valitud teosed I\u2019.]<\/p>\n","protected":false},"excerpt":{"rendered":"<p>ArtiklidHugo Raudsepp, Jooni Jaan K\u00e4rneri proosatoodangust. \u2013 Looming, nr 5\/6, 1941, lk 617\u2013623.August Sang, Jaan K\u00e4rneri luule. \u2013 Looming, nr 5\/6, 1941, lk 624\u2013630.Oskar Urgart, Jaan K\u00e4rneri v\u00f5itlev luule. \u2013 Looming, nr 5, 1951, lk 625\u2013629.[Nekroloog]. \u2013 Sirp ja Vasar, &#8230;<\/p>\n","protected":false},"author":43,"featured_media":0,"parent":7100,"menu_order":0,"comment_status":"closed","ping_status":"closed","template":"","meta":{"_acf_changed":false,"inline_featured_image":false,"footnotes":""},"class_list":["post-7101","page","type-page","status-publish","hentry"],"acf":[],"_links":{"self":[{"href":"https:\/\/sisu.ut.ee\/ewod\/et\/wp-json\/wp\/v2\/pages\/7101","targetHints":{"allow":["GET"]}}],"collection":[{"href":"https:\/\/sisu.ut.ee\/ewod\/et\/wp-json\/wp\/v2\/pages"}],"about":[{"href":"https:\/\/sisu.ut.ee\/ewod\/et\/wp-json\/wp\/v2\/types\/page"}],"author":[{"embeddable":true,"href":"https:\/\/sisu.ut.ee\/ewod\/et\/wp-json\/wp\/v2\/users\/43"}],"replies":[{"embeddable":true,"href":"https:\/\/sisu.ut.ee\/ewod\/et\/wp-json\/wp\/v2\/comments?post=7101"}],"version-history":[{"count":2,"href":"https:\/\/sisu.ut.ee\/ewod\/et\/wp-json\/wp\/v2\/pages\/7101\/revisions"}],"predecessor-version":[{"id":7127,"href":"https:\/\/sisu.ut.ee\/ewod\/et\/wp-json\/wp\/v2\/pages\/7101\/revisions\/7127"}],"up":[{"embeddable":true,"href":"https:\/\/sisu.ut.ee\/ewod\/et\/wp-json\/wp\/v2\/pages\/7100"}],"wp:attachment":[{"href":"https:\/\/sisu.ut.ee\/ewod\/et\/wp-json\/wp\/v2\/media?parent=7101"}],"curies":[{"name":"wp","href":"https:\/\/api.w.org\/{rel}","templated":true}]}}