{"id":7071,"date":"2024-04-03T23:39:31","date_gmt":"2024-04-03T20:39:31","guid":{"rendered":"https:\/\/sisu.ut.ee\/ewod\/?page_id=7071"},"modified":"2025-04-28T11:12:52","modified_gmt":"2025-04-28T08:12:52","slug":"mats-traat","status":"publish","type":"page","link":"https:\/\/sisu.ut.ee\/ewod\/et\/t\/mats-traat\/","title":{"rendered":"Mats Traat"},"content":{"rendered":"<figure class=\"wp-block-image alignright size-large is-resized\"><a href=\"https:\/\/sisu.ut.ee\/wp-content\/uploads\/sites\/108\/traat_elmar_koster.jpg\"><img loading=\"lazy\" decoding=\"async\" width=\"1020\" height=\"1024\" src=\"https:\/\/sisu.ut.ee\/wp-content\/uploads\/sites\/108\/traat_elmar_koster-1020x1024.jpg\" alt=\"\" class=\"wp-image-5856\" style=\"width:449px;height:auto\" title=\"Foto: Elmar K\u00f6ster\" srcset=\"https:\/\/sisu.ut.ee\/wp-content\/uploads\/sites\/108\/traat_elmar_koster-1020x1024.jpg 1020w, https:\/\/sisu.ut.ee\/wp-content\/uploads\/sites\/108\/traat_elmar_koster-300x300.jpg 300w, https:\/\/sisu.ut.ee\/wp-content\/uploads\/sites\/108\/traat_elmar_koster-150x150.jpg 150w, https:\/\/sisu.ut.ee\/wp-content\/uploads\/sites\/108\/traat_elmar_koster-768x771.jpg 768w, https:\/\/sisu.ut.ee\/wp-content\/uploads\/sites\/108\/traat_elmar_koster.jpg 1195w\" sizes=\"auto, (max-width: 1020px) 100vw, 1020px\"><\/a><\/figure>\n\n\n\n<p>Mats Traat (23. XI 1936 \u2013 27. VII 2022) oli eesti proosakirjanik ja luuletaja, n\u00e4itekirjanik ja t\u00f5lkija.<\/p>\n\n\n\n<p>Traat s\u00fcndis L\u00f5una-Eestis Palupera vallas Meema k\u00fclas Kuudse talus. Alg- ja p\u00f5hihariduse omandas ta aastatel 1945\u20131951 Arulas, Vana-Otep\u00e4\u00e4l, N\u00f5unis ning Rannus. P\u00e4rast ajutist p\u00f5llut\u00f6\u00f6del ja traktorijaamades t\u00f6\u00f6tamist ning Tartu Kunstliku Vedelk\u00fctuse Tehnikumis ja Tallinna Arhitektuuri- ja Ehitustehnikumi kaug\u00f5ppeosakonnas \u00f5ppimist, l\u00f5petas ta 1957. aastal Vaek\u00fcla P\u00f5llumajanduse Mehhaniseerimise Tehnikumi. 1964. aastal Moskvas Gorki-nimelise Kirjandusinstituudi l\u00f5petamise j\u00e4rel l\u00e4bis ta samas ka k\u00f5rgema filmilavastajate ja stsenaristide kursuse (l\u00f5petas 1969. a.), t\u00f6\u00f6tades samaaegselt (1965\u20131968) toimetajana Tallinnfilmis.<\/p>\n\n\n\n<p>Eesti Kirjanike Liitu kuulus Mats Traat aastast 1963 (aastatel 1986\u20131992 oli juhatuse liige) ning oli kutseline kirjanik 1970-2022. Alates 1985. aastast oli ta Maailmakirjanduse Akadeemia (World Literary Academy \u2013 WLA) liige.<\/p>\n\n\n\n<p>Traat oli viljakas kirjanik aastak\u00fcmneid ning avaldas regulaarselt uudisteoseid kuni surmani. Pigem realistlikus, kohati ka l\u00fc\u00fcrilise kallakuga loomes on olulisel kohal kodu- ja isamaa ning loodus ja filosoofia. Ta k\u00e4sitles palju sotsiaalseid teemasid, sh k\u00fcla\u00fchiskonna ja maaelu (aja)lugu ning inimese muutumist ajas, p\u00fc\u00fcdes v\u00f5idelda ise ning \u00e4rgitada lugejat v\u00f5itlema argimadaluse vastu ja \u00e4ratada tema(s) vaimsust.<\/p>\n\n\n\n<p>Tema esimene novell \u201eL\u00f5ppematu tee\u201c ilmus 1958. aastal Elva ajalehes Uus Tee ning esimene luuletus \u201eKevadsonett\u201c 1959. aastal ajalehes N\u00f5ukogude Hiiumaa. Ta kuulub nn kassetip\u00f5lvkonda: 1962. aastal avaldati tema loomingut koos Linda Ruudi, Paul-Eerik Rummo, Arvi Siia ja Enn Vetemaaga luulekassetis-kogumikus \u201eNoored autorid 1962\u201c. Sellest ajast saati on Traadil ilmunud 37 luulekogu (neist viis tartu murdes), 14 romaani (k\u00e4sitledes teost \u201eMinge \u00fcles m\u00e4gedele\u201c \u00fche romaanina), mitu l\u00fchiromaani ning tosinkond novellikogu, lisaks m\u00f5ned n\u00e4idendid ja t\u00f5lked. K\u00f5ige enam t\u00e4helepanu on p\u00e4lvinud luulesari \u201eHarala elulood\u201c (mille eeskujuks on E. L. Mastersi \u201eSpoon Riveri koolnud\u201c), romaan \u201eTants aurukatla \u00fcmber\u201c ja \u201eMinge \u00fcles m\u00e4gedele\u201c, mida autor pidas \u00fcheks 3350-lehek\u00fcljeliseks romaaniks ja mis l\u00f5puks ilmus neljas k\u00f6ites kirjastuselt Ilmamaa aastatel 2008-2010.<\/p>\n\n\n\n<p>Traat t\u00f5lkis luulet makedoonia keelest (Bla\u017ee Koneski), t\u0161ehhi keelest (Jiri Wolker), l\u00e4ti keelest (Uldis Berzin\u0161), poola keelest (Wladyslaw Broniewski ja Tadeusz R\u00f3\u017eewiczi) ja soome keelest (Arvo Turtiainen).<\/p>\n\n\n\n<p>Mats Traat oli abielus t\u00f5lkija Victoria Traadiga.<\/p>\n\n\n\n<p>Mats Traat on p\u00e4lvinud j\u00e4rgmised kirjandusauhinnad:<\/p>\n\n\n\n<p>\u2013 Eduard Vilde kirjandusauhind \u2013 aastatel 1967, 1971, 1980 ja 2011.<br>\u2013 N\u00f5ukogude Eesti riiklik preemia \u2013 1972. aastal.<br>\u2013 Tuglase novelliauhind \u2013 aastatel 1975, 1996, 2002 ja 2007.<br>\u2013 Juhan Smuuli kirjandusauhind \u2013 1976. aastal.<br>\u2013 Moskva ajakirja \u0414\u0440\u0443\u0436\u0431\u0430 \u041d\u0430\u0440\u043e\u0434\u043e\u0432 aastapreemia \u2013 1976. aastal.<br>\u2013 ENSV teenelise kirjaniku tiitel \u2013 1977. a.<br>\u2013 A.H.Tammsaare kolhoosi kirjandusauhind \u2013 1983. a.<br>\u2013 Jugoslaavia t\u00f5lkeauhind Bla\u017ee Koneski luuleraamatu \u201eArmunud t\u00fctarlapsed\u201c eest \u2013 1986. aastal.<br>\u2013 Juhan Liivi luuleauhind \u2013 1992. aastal.<br>\u2013 Virumaa kirjandusauhind \u2013 1993. ja 2002. aastal.<br>\u2013 Hendrik Adamsoni murdeluule auhind \u2013 1994. aastal.<br>\u2013 A.H.Tammsaare romaanipreemia \u2013 1998. aastal.<br>\u2013 Eesti Rukkiliidu kultuuripreemia \u2013 2000. a.<br>\u2013 Valget\u00e4he IV klassi orden \u2013 2001. a.<br>\u2013 Kultuurkapitali kirjanduse sihtkapitali aastapreemia \u2013 2006. a.<br>\u2013 Eesti Vabariigi kultuuripreemia elut\u00f6\u00f6 eest \u2013 2007. aastal.<br>\u2013 Eesti Kultuurkapitali kirjanduse aastapreemia \u2013 2010. aastal.<br>\u2013 Tartu \u00dclikooli Rahvusm\u00f5tte auhind \u2013 2010. aastal.<br>\u2013 Jaan Krossi kirjandusauhind \u2013 2011. aastal.<br>\u2013 Eesti Kultuurkapitali kirjanduse sihtkapitali elut\u00f6\u00f6preemia \u2013 2017. a.<br>\u2013 Gustav Suitsu luulepreemia \u2013 2021. a.<\/p>\n\n\n\n<p><em>M. K.<\/em><\/p>\n\n\n\n<h4 class=\"wp-block-heading\"><br>Raamatud eesti keeles<\/h4>\n\n\n\n<p><strong><em>Luule<\/em><\/strong><br><strong>Kandilised laulud: luuletused 1959-1961<\/strong>. Tallinn: Eesti Riiklik Kirjastus, 1962, 51 lk. [Osa luulekassetist \u2019Noored autorid 1962\u2019 koos Linda Ruudi, Paul-Eerik Rummo, Enn Vetemaa ja Arvi Siia kogudega.]<br><strong>K\u00fcngasmaa<\/strong>. Tallinn: Eesti Riiklik Kirjastus, 1964, 103 lk.<br><strong>Kaalukoda<\/strong>. Tallinn: Eesti Raamat, 1966, 96 lk.<br><strong>Kassiopeia<\/strong>. Tallinn: Eesti Raamat, 1968, 53 lk.<br><strong>Laternad udus<\/strong>. Tallinn: Eesti Raamat, 1968, 56 lk.<br><strong>Ilmakaared<\/strong>. Tallinn: Eesti Raamat, 1970, 120 lk.<br><strong>Et\u00fc\u00fcdid l\u00e4iteks<\/strong>. Tallinn: Eesti Raamat, 1971, 94 lk.<br><strong>Hilised talled<\/strong>. Tallinn: Eesti Raamat, 1976, 96 lk.<br><strong>Harala elulood<\/strong>. Tallinn: Eesti Raamat, 1976, 63 lk. [2., t\u00e4iendatud tr\u00fckk: Tallinn: Kupar, 2001, 196 lk; audioraamat (2001. aasta v\u00e4ljaande p\u00f5hjal): loeb Silvi Jansons. V\u00f5ru: Pimedate Info\u00fching Helikiri, 2013, 1 CD, 2 t 56 min.]<br><strong>Lagendiku aeg<\/strong>. Tallinn: Eesti Raamat, 1977, 60 lk.<br><strong>Valitud luuletused<\/strong>. Tallinn: Eesti Raamat, 1979, 335 lk.<br><strong>Septembrifuuga<\/strong>. Tallinn: Eesti Raamat, 1980, 72 lk.<br><strong>P\u00e4ike on r\u00e4nduri kodu: luulet 1957-1979<\/strong>. Tallinn: Eesti Raamat, 1985, 272 lk. [\u2019Valitud teosed\u2019, 3. k\u00f6ide.]<br><strong>S\u00fcgislootus<\/strong>. Tallinn: Eesti Raamat, 1986, 108 lk.<br><strong>J\u00e4\u00e4lilled<\/strong>. Tallinn: Eesti Raamat, 1989, 151 lk.<br><strong>Ajalaulud<\/strong>. Tallinn: Eesti Raamat, 1990, 71 lk.<br><strong>Vastuseta<\/strong>. Tallinn: Eesti Raamat, 1991, 96 lk.<br><strong>Koidu k\u00e4tes<\/strong>. Tallinn: Kupar, 1993, 128 lk.<br><strong>Armastuse p\u00e4iv<\/strong>. Tallinn: Kupar, 1995, 88 lk.<br><strong>On unistus kui r\u00e4nikivi<\/strong>. Tartu: Ilmamaa, 2000, 450 lk.<br><strong>K\u00f5llane \u00f5tak<\/strong>. Tartu: Ilmamaa, 2001, 65 lk.<br><strong>Uued Harala elulood<\/strong>. Tallinn: Kupar, 2002, 178 lk. [Audioraamat: loeb Silvi Jansons. V\u00f5ru: Pimedate Info\u00fching Helikiri, 2013, 1 CD, 2 t 41 min.]<br><strong>Elus\u00e4de<\/strong>. Tallinn: Huma, 2003, 95 lk.<br><strong>Turg ilma Sokrateseta<\/strong>. Tartu: Ilmamaa, 2004, 80 lk.<br><strong>Orjavits \u00f5itseb<\/strong>. Tartu: Ilmamaa, 2005, 88 lk.<br><strong>Traat armastusest<\/strong>. Tallinn: Varrak, 2006, 157 lk.<br><strong>Soe \u00f5htu<\/strong>. Tallinn: Pegasus, 2008, 110 lk.<br><strong>Oidipus l\u00e4heb Toompeale<\/strong>. Tallinn: Eesti Keele Sihtasutus, 2010, 69 lk.<br><strong>Tule r\u00fc\u00fctamine<\/strong>. Tallinn: Eesti Keele Sihtasutus, 2010, 94 lk.<br><strong>Vastsed Harala elulood<\/strong>. Tartu: Ilmamaa, 2011, 192 lk. [Audioraamat: loeb Silvi Jansons. V\u00f5ru: Pimedate Info\u00fching Helikiri, 2012, 1 CD, 3 t 25 min.]<br><strong>Valgus v\u00f5tab ka ruumi<\/strong>. Tallinn: Eesti Keele Sihtasutus, 2012, 64 lk.<br><strong>Ugandi igatsus<\/strong>. Tartu: Ilmamaa, 2013, 72 lk.<br><strong>Alal\u00fctlev<\/strong>. Tallinn: Eesti Keele Sihtasutus, 2015, 64 lk.<br><strong>Roheline laev<\/strong>. Noorp\u00f5lve luuletusi 1953\u20131964. Tartu: Ilmamaa, 2016, 112 lk.<br><strong>Kahutus<\/strong>. Tallinn: Tuum, 2018, 63 lk.<br><strong>Tuulelagi<\/strong>. Tallinn: Eesti Keele Sihtasutus, 2019, 88 lk.<br><strong>Taivat\u00e4is tsirke<\/strong>. Nell\u00e4ss luulekogu tartu kiilen. Tartu: Ilmamaa, 2020, 95 lk.<br><strong>Alkaios Maarjamaal<\/strong>. Tallinn: EKSA, 2021, 103 lk.<br><strong>Kogutud Harala elulood<\/strong>. Tartu: Ilmamaa, 2021, 583 lk. [V\u00e4ljaandesse on koondatud teostest \u201cHarala elulood\u201d, \u201cUued Harala elulood\u201d ja \u201cVastsed Harala elulood\u201d ilmunud lood, lisatud ka m\u00f5ned seni avaldamata.]<br><strong>S\u00e4idse \u00e4idset<\/strong>. Viiess luulekogu Tartu keelen. Tartu: Ilmamaa, 2021, 111 lk.<\/p>\n\n\n\n<p><strong><em>Romaanid<\/em><\/strong><br><strong>Tants aurukatla \u00fcmber<\/strong>. Tallinn: Eesti Raamat, 1971, 148 lk. [2. tr\u00fckk: Tallinn: Eesti Raamat, 1975, 154 lk; 3. tr\u00fckk: Tartu: Ilmamaa, 2005, 176 lk; 4. tr\u00fckk: Tallinn: Eesti P\u00e4evaleht, 2009, 160 lk; 5. tr\u00fckk: 2023.]<br><strong>Maastik \u00f5unapuu ja meiereikorstnaga<\/strong>. Tallinn: Eesti Raamat, 1973, 186 lk. [2. tr\u00fckk: Valitud teosed, 1. k\u00f6ide, Tallinn: Eesti Raamat, 1985, 432 lk; 3. tr\u00fckk: 2019.]<br><strong>Pommeri aed<\/strong>. Tallinn: Eesti Raamat, 1973, 193 lk. [2. tr\u00fckk: Valitud teosed, 1. k\u00f6ide, Tallinn: Eesti Raamat, 1985, 432 lk; 3. tr\u00fckk: Tallinn: Pegasus, 2008, 253 lk.]<br><strong>Inger<\/strong>. Tallinn: Eesti Raamat, 1975, 192 lk. [2. tr\u00fckk: Valitud teosed, 1. k\u00f6ide, Tallinn: Eesti Raamat, 1985, 432 lk; 3. tr\u00fckk: Tallinn: Varrak, 2016, 205 lk.]<br><strong>Irdinimene; T\u00fcrgi oad<\/strong>. Tallinn: Eesti Raamat, 1977, 196 lk.<br><strong>Puud olid, puud olid, hellad velled<\/strong>. Tallinn: Eesti Raamat, 1979, 148 lk. [\u2018Minge \u00fcles m\u00e4gedele\u2019, proloog. 2. tr\u00fckk: Valitud teosed, 2. k\u00f6ide, Tallinn: Eesti Raamat 1985, 336 lk; 3. tr\u00fckk: Minge \u00fcles m\u00e4gedele, 1. k\u00f6ide, Tartu: Ilmamaa, 2008, 902 lk; audioraamat: loeb Aksel K\u00fcngas, Tallinn: Eesti Pimedate Raamatukogu, 2007, 1 CD, 6 t 9 min.]<br><strong>Rippsild<\/strong>. Tallinn: Eesti Raamat, 1980, 128 lk. [2. tr\u00fckk: Valitud teosed, 2. k\u00f6ide, Tallinn: Eesti Raamat, 1985, 336 lk.]<br><strong>Karukell, kurvameelsuse rohi<\/strong>. Tallinn: Eesti Raamat, 1982, 156 lk. [2. tr\u00fckk: Tallinn: Eesti Raamat, 1990, 176 lk.]<br><strong>\u00dcksi r\u00e4ndan<\/strong>. Tallinn: Eesti Raamat, 1985, 304 lk. [2. tr\u00fckk: \u2019\u00dcksi r\u00e4ndan. Kodu on ilus: romaanid\u2019, Tallinn: SE&amp;JS, 2011, 591 lk.]<br><strong>Minge \u00fcles m\u00e4gedele, 1. raamat<\/strong>. Tallinn: Eesti Raamat, 1987, 336 lk; [Sisu: 1.-2. jagu (\u2019V\u00f5im\u2019, \u2019Vald\u2019). 2. tr\u00fckk: \u2019Minge \u00fcles m\u00e4gedele\u2019, I k\u00f6ide. Tartu: Ilmamaa, 2008, 903 lk].<br><strong>Hirm ja iha<\/strong>. Tallinn: Kupar, 1993, 184 lk.<br><strong>Kodu on ilus<\/strong>. Tallinn: Kupar, 1994, 159 lk.<br><strong>Minge \u00fcles m\u00e4gedele, 2. raamat<\/strong>. Tallinn: Eesti Raamat, 1994, 432 lk; [Sisu: 3.-4. jagu (\u2019Aja pilkaja v\u00e4lja\u2019, \u2019Must s\u00f5da\u2019). 2. tr\u00fckk: \u2019Minge \u00fcles m\u00e4gedele\u2019, I k\u00f6ide. Tartu: Ilmamaa, 2008, 903 lk.]<br><strong>Peremees v\u00f5tab naise<\/strong>. Tallinn: Kupar, 1997, 184 lk. [Minge \u00fcles m\u00e4gedele, 7. jagu. 2. tr\u00fckk: Minge \u00fcles m\u00e4gedele, II k\u00f6ide. Tartu: Ilmamaa, 2009, 934 lk.]<br><strong>Muld l\u00f5hnab<\/strong>. Tallinn: Virgela, 1999, 272 lk. [Minge \u00fcles m\u00e4gedele, 8. jagu. 2. tr\u00fckk: Minge \u00fcles m\u00e4gedele, II k\u00f6ide. Tartu: Ilmamaa, 2009, 934 lk.]<br><strong>Valge lind<\/strong>. Tallinn: Virgela, 2000, 320 lk. [Minge \u00fcles m\u00e4gedele, 9. jagu. 2. tr\u00fckk: Minge \u00fcles m\u00e4gedele, III k\u00f6ide. Tartu: Ilmamaa, 2009, 807 lk.]<br><strong>Haamri all<\/strong>. Tallinn: Kupar, 2001, 308 lk. [Minge \u00fcles m\u00e4gedele, 10. jagu. 2. tr\u00fckk: Minge \u00fcles m\u00e4gedele, III k\u00f6ide. Tartu: Ilmamaa, 2009, 807 lk.]<br><strong>Minge \u00fcles m\u00e4gedele, I k\u00f6ide<\/strong>. Tartu: Ilmamaa, 2008, 903 lk. [Sisu: proloog, 1.-4. jagu (\u2019Puud olid, puud olid hellad velled\u2019, \u2019V\u00f5im\u2019, \u2019Vald\u2019, \u2019Aja pilkaja v\u00e4lja\u2019, \u2019Must s\u00f5da\u2019).]<br><strong>Minge \u00fcles m\u00e4gedele, II k\u00f6ide<\/strong>. Tartu: Ilmamaa, 2008, 903 lk. [Sisu: 5.-8. jagu (\u2019Umbne suvi\u2019, \u2019Metsaline n\u00e4itab ennast\u2019, \u2019Peremees v\u00f5tab naise\u2019, \u2019Muld l\u00f5hnab\u2019).]<br><strong>Minge \u00fcles m\u00e4gedele, III k\u00f6ide<\/strong>. Tartu: Ilmamaa, 2009, 808 lk. [Sisu: 9.-11. jagu (\u2019Valge lind\u2019, \u2019Haamri all\u2019, \u2019Naised ja pojad\u2019).]<br><strong>Minge \u00fcles m\u00e4gedele, IV k\u00f6ide<\/strong>. Tartu: Ilmamaa, 2010, 700 lk. [12. jagu (\u2019\u00d5elate lamp\u2019).]<br><strong>\u00dcksi r\u00e4ndan. Kodu on ilus: romaanid<\/strong>. Tallinn: SE&amp;JS, 2011, 591 lk.<br><strong>Valge maja<\/strong>. Tallinn: Eesti Keele Sihtasutus, 2017, 184 lk.<br><strong>T\u00f6\u00f6pataljon<\/strong>. Tallinn: EKSA, 2020, 154 lk.<br><strong>Nad elasid oma saatust<\/strong>. Tartu: Ilmamaa, 2022, 311 lk.<\/p>\n\n\n\n<p><strong><em>Novellid ja jutustused<\/em><\/strong><br><strong>Koputa kollasele aknale<\/strong>. Tallinn: Eesti Raamat, 1966, 148 lk.<br><strong>Irdinimene<\/strong>. Tallinn: Perioodika (Loomingu Raamatukogu), 1967, 100 lk; [2. tr\u00fckk: \u2019Irdinimene. T\u00fcrgi oad\u2019, Tallinn: Eesti Raamat, 1977, 196 lk.]<br><strong>M\u00e4nguveski<\/strong>. Tallinn: Eesti Raamat, 1972, 160 lk.<br><strong>Kohvioad<\/strong>. Tallinn: Perioodika (Loomingu Raamatukogu), 1974, 62 lk. [2. tr\u00fckk: Valitud teosed, 2. k\u00f6ide, Tallinn: Eesti Raamat, 1985, 336 lk.]<br><strong>Umbs\u00f5lm. Armuv\u00e4gi<\/strong>. Tallinn: Eesti Raamat, 1989, 192 lk.<br><strong>Kartaago kiirrong<\/strong>. Tallinn: Kupar, 1998, 187 lk.<br><strong>Islandi suvi<\/strong>. Tartu: Ilmamaa, 2003, 184 lk.<br><strong>Sarviku armastus<\/strong>. Tartu: Argo, 2007, 435 lk.<br><strong>Kolm Solveigi<\/strong>. Tartu: Ilmamaa, 2015, 411 lk.<br><strong>Abielu viies p\u00e4ev<\/strong>. Tartu: Ilmamaa, 2020, 276 lk.<\/p>\n\n\n\n<p><strong><em>N\u00e4idendid<\/em><\/strong><br><strong>Maikuu rohi: seitse n\u00e4idendit<\/strong>. Tartu: Ilmamaa, 2016, 272 lk. [Sisu: \u2019P\u00e4ike n\u00e4kku\u2019, \u2019L\u00e4bi klaasi\u2019, \u2019Poos\u2019, \u2019Maikuu rohi\u2019, \u2019J\u00e4\u00e4 veel\u2019, \u2019Kaalujad\u2019, \u2019Tuulekotid\u2019.]<\/p>\n\n\n\n<p><strong><em>Marginaalid<\/em><\/strong><br><strong>Rukkir\u00e4\u00e4k linnas<\/strong>. Tallinn: Eesti Raamat, 2001, 144 lk.<\/p>\n\n\n\n<h4 class=\"wp-block-heading\"><a href=\"https:\/\/sisu.ut.ee\/ewod\/et\/t\/mats-traat\/mats-traadi-kohta\/\" data-type=\"page\" data-id=\"7077\">Artiklid ja arvustused Mats Traadi kohta<\/a><\/h4>\n","protected":false},"excerpt":{"rendered":"<p>Mats Traat (23. XI 1936 \u2013 27. VII 2022) oli eesti proosakirjanik ja luuletaja, n\u00e4itekirjanik ja t\u00f5lkija. Traat s\u00fcndis L\u00f5una-Eestis Palupera vallas Meema k\u00fclas Kuudse talus. Alg- ja p\u00f5hihariduse omandas ta aastatel 1945\u20131951 Arulas, Vana-Otep\u00e4\u00e4l, N\u00f5unis ning Rannus. P\u00e4rast ajutist &#8230;<\/p>\n","protected":false},"author":43,"featured_media":0,"parent":6510,"menu_order":0,"comment_status":"closed","ping_status":"closed","template":"","meta":{"_acf_changed":false,"inline_featured_image":false,"footnotes":""},"class_list":["post-7071","page","type-page","status-publish","hentry"],"acf":[],"_links":{"self":[{"href":"https:\/\/sisu.ut.ee\/ewod\/et\/wp-json\/wp\/v2\/pages\/7071","targetHints":{"allow":["GET"]}}],"collection":[{"href":"https:\/\/sisu.ut.ee\/ewod\/et\/wp-json\/wp\/v2\/pages"}],"about":[{"href":"https:\/\/sisu.ut.ee\/ewod\/et\/wp-json\/wp\/v2\/types\/page"}],"author":[{"embeddable":true,"href":"https:\/\/sisu.ut.ee\/ewod\/et\/wp-json\/wp\/v2\/users\/43"}],"replies":[{"embeddable":true,"href":"https:\/\/sisu.ut.ee\/ewod\/et\/wp-json\/wp\/v2\/comments?post=7071"}],"version-history":[{"count":2,"href":"https:\/\/sisu.ut.ee\/ewod\/et\/wp-json\/wp\/v2\/pages\/7071\/revisions"}],"predecessor-version":[{"id":7080,"href":"https:\/\/sisu.ut.ee\/ewod\/et\/wp-json\/wp\/v2\/pages\/7071\/revisions\/7080"}],"up":[{"embeddable":true,"href":"https:\/\/sisu.ut.ee\/ewod\/et\/wp-json\/wp\/v2\/pages\/6510"}],"wp:attachment":[{"href":"https:\/\/sisu.ut.ee\/ewod\/et\/wp-json\/wp\/v2\/media?parent=7071"}],"curies":[{"name":"wp","href":"https:\/\/api.w.org\/{rel}","templated":true}]}}