{"id":7063,"date":"2025-04-23T13:07:42","date_gmt":"2025-04-23T10:07:42","guid":{"rendered":"https:\/\/sisu.ut.ee\/ewod\/?page_id=7063"},"modified":"2025-04-23T13:07:43","modified_gmt":"2025-04-23T10:07:43","slug":"hendrik-adamsoni-kohta","status":"publish","type":"page","link":"https:\/\/sisu.ut.ee\/ewod\/et\/a\/hendrik-adamson\/hendrik-adamsoni-kohta\/","title":{"rendered":"Hendrik Adamsoni kohta"},"content":{"rendered":"<p><em><strong>Artiklid<\/strong><\/em><br>Evald Voitk, <strong>Mulgimaa lauliku aias ja majas<\/strong>. \u2013 Rahvaleht, 20. VII 1938, lk 10.<br>Oskar Kuningas, <strong>Hendrik Adamsoni k\u00fclastamas tema s\u00fcnnip\u00e4eva puhul<\/strong>. \u2013 Postimees, 15. X 1942, lk 2.<br>Erna Aavasaar, <strong>Hendrik Adamsoni luuletaja teekond<\/strong>. \u2013 Ammukaar: kirjanduslik koguteos. II [Toimetanud H. Visnapuu]. Tallinn: Eesti Kirjastus, 1943, 191 lk, lk 10\u201318.<br>Eesti NSV Kirjanike Liit, <strong>[Nekroloog]<\/strong>. \u2013 Sirp ja Vasar, 9. III 1946, lk 1.<br>Bernard Kangro, <strong>Hendrik Adamson v\u00f5\u00f5rsilt n\u00e4htuna<\/strong>. \u2013 Tulimuld, nr 4, 1961, lk 300\u2013303.<br>Maie Torim, Karl Muru, <strong>Pilk Hendrik Adamsoni elule ja luulele<\/strong>. \u2013 Keel ja Kirjandus, nr 4, 1966, lk 210\u2013225.<br>Oskar Kruus, <strong>Hendrik Adamsoni radadel<\/strong>. \u2013 Kultuur ja Elu, nr 10, 1966, lk 30\u201331.<br>Hando Runnel, <strong>Tollest vahvast vundsist ehk Lugusid Adamsonist<\/strong>. \u2013 Looming, nr 9, 1991, lk 1262\u20131270.<br>Jaan Ojalo, <strong>Hendrik Adamson esperantokirjanikuna<\/strong>. \u2013 Keel ja Kirjandus, nr 10, 1991, lk 586\u2013587.<br>Hando Runnel, <strong>Kuidas Poe\u2019 Edgar Adamsoni Hendriku vangi v\u00f5ttis<\/strong>. \u2013 Keel ja Kirjandus, nr 10, 1991, lk 577\u2013585.<br>Hando Runnel, <strong>Jooksu pealt suudeldud<\/strong>. \u2013 Tartu: Ilmamaa, 1998, 559 lk. [Neli artiklit Hendrik Adamsonist lk 208\u2013216 ja 315\u2013340.]<\/p>\n\n\n\n<p><em><strong>Arvustused<\/strong><\/em><br>Jaan K\u00e4rner, <strong>Hendrik Adamson: Mulgimaa<\/strong>. \u2013 Postimees, 18. XII 1920, lk 1\u20132. [Luulekogust \u2018Mulgimaa\u2019.]<br>Hugo Raudsepp, <strong>Uued raamatud<\/strong>. \u2013 Tallinna Teataja, 31. XII 1919, lk 5. [\u2018Mulgimaa\u2019.]<br>Artur Adson, <strong>Neli uut raamatut<\/strong>. \u2013 Vaba Maa, 29. XII 1925, lk 6. [Luulekogust \u2018Inimen\u2019.]<br>Albert Kivikas, <strong>Luulekogust \u2018Inimen\u2019<\/strong>. \u2013 Postimees, 13. I 1926, lk 5.<br>Arno Raag, <strong>Luulekogust \u2018Inimen\u2019<\/strong>. \u2013 Eesti Kirjandus, nr 7, 1925, lk 377\u2013380.<br>Artur Adson, <strong>Hendrik Adamson: T\u00f5us ja m\u00f5\u00f5n<\/strong>. \u2013 Looming, nr 10, 1931, lk 1101\u20131103. [Luulekogust \u2018T\u00f5us ja m\u00f5\u00f5n\u2019.]<br>Aleksander Antson, <strong>Kaks uut luuletiskogu<\/strong>. \u2013 P\u00e4evaleht, 21. XII 1931, lk 5. [\u2018T\u00f5us ja m\u00f5\u00f5n\u2019.]<br>Karl Lipping, <strong>Hendrik Adamson: T\u00f5us ja m\u00f5\u00f5n<\/strong>. \u2013 Ilo, nr 4, 1931, lk 32. [\u2018T\u00f5us ja m\u00f5\u00f5n\u2019.]<br>Harald Parrest, <strong>Hendrik Adamson: T\u00f5us ja m\u00f5\u00f5n<\/strong>. \u2013 Eesti Kirjandus, nr 12, 1031, lk 674\u2013675. [\u2018T\u00f5us ja m\u00f5\u00f5n\u2019.]<br>Arno Vihalemm, <strong>Kogutuist ja teistest<\/strong>. \u2013 Tulimuld, nr 3, 1965, lk 195. [Raamatust \u2018Kogutud luuletused\u2019.]<br>Janika Kronberg, <strong>[\u201cKirjade kuninga\u201d l\u00fchiarvustus]<\/strong>. \u2013 Keel ja Kirjandus, nr 6, 2023, lk 640-641.<\/p>\n","protected":false},"excerpt":{"rendered":"<p>ArtiklidEvald Voitk, Mulgimaa lauliku aias ja majas. \u2013 Rahvaleht, 20. VII 1938, lk 10.Oskar Kuningas, Hendrik Adamsoni k\u00fclastamas tema s\u00fcnnip\u00e4eva puhul. \u2013 Postimees, 15. X 1942, lk 2.Erna Aavasaar, Hendrik Adamsoni luuletaja teekond. \u2013 Ammukaar: kirjanduslik koguteos. II [Toimetanud H. &#8230;<\/p>\n","protected":false},"author":43,"featured_media":0,"parent":7060,"menu_order":0,"comment_status":"closed","ping_status":"closed","template":"","meta":{"_acf_changed":false,"inline_featured_image":false,"footnotes":""},"class_list":["post-7063","page","type-page","status-publish","hentry"],"acf":[],"_links":{"self":[{"href":"https:\/\/sisu.ut.ee\/ewod\/et\/wp-json\/wp\/v2\/pages\/7063","targetHints":{"allow":["GET"]}}],"collection":[{"href":"https:\/\/sisu.ut.ee\/ewod\/et\/wp-json\/wp\/v2\/pages"}],"about":[{"href":"https:\/\/sisu.ut.ee\/ewod\/et\/wp-json\/wp\/v2\/types\/page"}],"author":[{"embeddable":true,"href":"https:\/\/sisu.ut.ee\/ewod\/et\/wp-json\/wp\/v2\/users\/43"}],"replies":[{"embeddable":true,"href":"https:\/\/sisu.ut.ee\/ewod\/et\/wp-json\/wp\/v2\/comments?post=7063"}],"version-history":[{"count":1,"href":"https:\/\/sisu.ut.ee\/ewod\/et\/wp-json\/wp\/v2\/pages\/7063\/revisions"}],"predecessor-version":[{"id":7064,"href":"https:\/\/sisu.ut.ee\/ewod\/et\/wp-json\/wp\/v2\/pages\/7063\/revisions\/7064"}],"up":[{"embeddable":true,"href":"https:\/\/sisu.ut.ee\/ewod\/et\/wp-json\/wp\/v2\/pages\/7060"}],"wp:attachment":[{"href":"https:\/\/sisu.ut.ee\/ewod\/et\/wp-json\/wp\/v2\/media?parent=7063"}],"curies":[{"name":"wp","href":"https:\/\/api.w.org\/{rel}","templated":true}]}}