{"id":7051,"date":"2025-04-21T13:20:50","date_gmt":"2025-04-21T10:20:50","guid":{"rendered":"https:\/\/sisu.ut.ee\/ewod\/?page_id=7051"},"modified":"2025-04-21T13:20:50","modified_gmt":"2025-04-21T10:20:50","slug":"manivald-kesamaa-kohta","status":"publish","type":"page","link":"https:\/\/sisu.ut.ee\/ewod\/et\/k\/manivald-kesamaa\/manivald-kesamaa-kohta\/","title":{"rendered":"Manivald Kesamaa kohta"},"content":{"rendered":"<p><em><strong>Artiklid<\/strong><\/em><br>Harald Suislepp, <strong>Poeesiatuli s\u00f5natuisus<\/strong>. \u2013 Keel ja Kirjandus, nr 10, 1971, lk 592\u2013597. [Manivald Kesamaa 50.]<br>Oskar Kruus, <strong>Manivald Kesamaa luule p\u00f5himotiivid<\/strong>. \u2013 Looming, nr 10, 1971, lk 1563\u20131566.<br>Valeeria Villandi, <strong>N\u00fc\u00fcd sinu p\u00e4evast on teistele midagi anda<\/strong>. \u2013 Keel ja Kirjandus, nr 10, 1981, lk 624\u2013625. [Manivald Kesamaa 60.]<br>Aadu S\u00e4\u00e4rits, <strong>Manivald Kesamaa s\u00f5ja- ja kodul\u00fc\u00fcrikuna<\/strong>. \u2013 Looming, nr 10, 1981, lk 1468\u20131472.<br><strong>[Nekroloog]<\/strong>. \u2013 Sirp ja Vasar, 15. XI 1985, lk 15.<br>Ants Saar, <strong>S\u00f5jas\u00f5pra meenutades<\/strong>. \u2013 Looming, nr 12, 1985, lk 1718.<br>Harald Suislepp, <strong>M\u00e4lestuskiri Manivald Kesamaale<\/strong>. \u2013 Keel ja Kirjandus, nr 2, 1986, lk 108\u2013111. [\u00dclevaade elust ja loomingust.]<\/p>\n\n\n\n<p><em><strong>Arvustused<\/strong><\/em><br>Oskar Kruus, <strong>Rohkem h\u00e4id kavatsusi kui nende \u00f5nnestunud teostusi<\/strong>. \u2013 Sirp ja Vasar, 26. X 1956, lk 3. [Luulekogust \u2018P\u00e4rast tuisku\u2019.]<br>Arnold Tulik, <strong>Kasvur\u00f5\u00f5m<\/strong>. \u2013 Sirp ja Vasar, 5. I 1962, lk 5\u20136. [Luulekogust \u2018Emad ja pojad\u2019.]<br>August Eelm\u00e4e, <strong>K\u00f5iki t\u00e4hti ei kaeta rubiinidega<\/strong>. \u2013 Looming, nr 8, 1969, lk 1268\u20131270. [Luulekogust \u2018Nelja tuule all\u2019.]<\/p>\n","protected":false},"excerpt":{"rendered":"<p>ArtiklidHarald Suislepp, Poeesiatuli s\u00f5natuisus. \u2013 Keel ja Kirjandus, nr 10, 1971, lk 592\u2013597. [Manivald Kesamaa 50.]Oskar Kruus, Manivald Kesamaa luule p\u00f5himotiivid. \u2013 Looming, nr 10, 1971, lk 1563\u20131566.Valeeria Villandi, N\u00fc\u00fcd sinu p\u00e4evast on teistele midagi anda. \u2013 Keel ja Kirjandus, &#8230;<\/p>\n","protected":false},"author":43,"featured_media":0,"parent":7050,"menu_order":0,"comment_status":"closed","ping_status":"closed","template":"","meta":{"_acf_changed":false,"inline_featured_image":false,"footnotes":""},"class_list":["post-7051","page","type-page","status-publish","hentry"],"acf":[],"_links":{"self":[{"href":"https:\/\/sisu.ut.ee\/ewod\/et\/wp-json\/wp\/v2\/pages\/7051","targetHints":{"allow":["GET"]}}],"collection":[{"href":"https:\/\/sisu.ut.ee\/ewod\/et\/wp-json\/wp\/v2\/pages"}],"about":[{"href":"https:\/\/sisu.ut.ee\/ewod\/et\/wp-json\/wp\/v2\/types\/page"}],"author":[{"embeddable":true,"href":"https:\/\/sisu.ut.ee\/ewod\/et\/wp-json\/wp\/v2\/users\/43"}],"replies":[{"embeddable":true,"href":"https:\/\/sisu.ut.ee\/ewod\/et\/wp-json\/wp\/v2\/comments?post=7051"}],"version-history":[{"count":1,"href":"https:\/\/sisu.ut.ee\/ewod\/et\/wp-json\/wp\/v2\/pages\/7051\/revisions"}],"predecessor-version":[{"id":7053,"href":"https:\/\/sisu.ut.ee\/ewod\/et\/wp-json\/wp\/v2\/pages\/7051\/revisions\/7053"}],"up":[{"embeddable":true,"href":"https:\/\/sisu.ut.ee\/ewod\/et\/wp-json\/wp\/v2\/pages\/7050"}],"wp:attachment":[{"href":"https:\/\/sisu.ut.ee\/ewod\/et\/wp-json\/wp\/v2\/media?parent=7051"}],"curies":[{"name":"wp","href":"https:\/\/api.w.org\/{rel}","templated":true}]}}