{"id":7050,"date":"2024-04-03T23:42:14","date_gmt":"2024-04-03T20:42:14","guid":{"rendered":"https:\/\/sisu.ut.ee\/ewod\/?page_id=7050"},"modified":"2025-04-21T13:21:41","modified_gmt":"2025-04-21T10:21:41","slug":"manivald-kesamaa","status":"publish","type":"page","link":"https:\/\/sisu.ut.ee\/ewod\/et\/k\/manivald-kesamaa\/","title":{"rendered":"Manivald Kesamaa"},"content":{"rendered":"<figure class=\"wp-block-image alignright size-large is-resized\"><a href=\"https:\/\/sisu.ut.ee\/wp-content\/uploads\/sites\/108\/manivald_kesamaa_juho_valvet-scaled.jpg\"><img loading=\"lazy\" decoding=\"async\" width=\"736\" height=\"1024\" src=\"https:\/\/sisu.ut.ee\/wp-content\/uploads\/sites\/108\/manivald_kesamaa_juho_valvet-736x1024.jpg\" alt=\"\" class=\"wp-image-6062\" style=\"width:284px;height:auto\" title=\"Foto: Juho Valvet\" srcset=\"https:\/\/sisu.ut.ee\/wp-content\/uploads\/sites\/108\/manivald_kesamaa_juho_valvet-736x1024.jpg 736w, https:\/\/sisu.ut.ee\/wp-content\/uploads\/sites\/108\/manivald_kesamaa_juho_valvet-216x300.jpg 216w, https:\/\/sisu.ut.ee\/wp-content\/uploads\/sites\/108\/manivald_kesamaa_juho_valvet-768x1068.jpg 768w, https:\/\/sisu.ut.ee\/wp-content\/uploads\/sites\/108\/manivald_kesamaa_juho_valvet-1104x1536.jpg 1104w, https:\/\/sisu.ut.ee\/wp-content\/uploads\/sites\/108\/manivald_kesamaa_juho_valvet-1472x2048.jpg 1472w, https:\/\/sisu.ut.ee\/wp-content\/uploads\/sites\/108\/manivald_kesamaa_juho_valvet-1920x2670.jpg 1920w, https:\/\/sisu.ut.ee\/wp-content\/uploads\/sites\/108\/manivald_kesamaa_juho_valvet-scaled.jpg 1841w\" sizes=\"auto, (max-width: 736px) 100vw, 736px\"><\/a><\/figure>\n\n\n\n<p>Manivald Kesamaa (7. X 1921 \u2013 8. XI 1985) oli luuletaja, lastekirjanik ja publitsist. Eelk\u00f5ige m\u00e4letatakse teda n\u00f5ukogulikke eluhoiakuid noortele tutvustavate v\u00e4rsside poolest, mida iseloomustab lihtsus ja siirus.<\/p>\n\n\n\n<p>S\u00fcndis Narvas raudteelase perekonnas. \u00d5ppis Tallinn-N\u00f5mmel Hiiu algkoolis, Tallinna poeglaste kaubanduskoolis ja kommertskoolis, mille l\u00f5petas 1941. aastal. T\u00f6\u00f6tanud aasta ajakirjanikuna, mobiliseeriti ta Punaarmeesse. Ta osales teises maailmas\u00f5jas luurajana ja tankih\u00e4vitajana ning avaldas rindeajakirjanduses luuletusi. P\u00e4rast s\u00f5ja l\u00f5ppu t\u00f6\u00f6tas N\u00f5ukogude Eesti noorteajakirjade toimetustes, oli alates 1954. aastast kutseline kirjanik. Alates 1947. aastast kuulus N\u00f5ukogude Liidu Kommunistlikusse Parteisse.<\/p>\n\n\n\n<p>Kesamaalt on t\u00e4iskasvanutele ilmunud k\u00fcmmekond luulekogu ja kolm luule valikkogu. Ta kasutas luuletajana realistlikke kujundeid, traditsioonilisi eesti luules v\u00e4lja kujunenud vormiv\u00f5tteid. Tema v\u00e4rsid on ladusalt voolavad ja v\u00e4ljendavad vahetut elamust, v\u00f5ivad paiguti m\u00f5juda pealiskaudsena v\u00f5i (lasteluule puhul) liiga otses\u00f5naliselt manitsevana. Hilisemas loomingus muutus tema luule tunnetuslik k\u00fclg avaramaks ja s\u00fcgavamaks. Kesamaa looming v\u00e4\u00e4rtustab ausat lihtinimest ja teesklematut t\u00f6\u00f6moraali, lugupidamist looduse suhtes.<\/p>\n\n\n\n<p>Kesamaa reisis palju N\u00f5ukogude Liidus ja v\u00e4lismaal. Reisimuljetest avaldas ta mitmeid p\u00f5nevusega loetavaid raamatuid t\u00e4iskasvanutele ja noortele. Kesamaa lasteluule on koondatud kogumikesse \u201eHea, et kasvab laps me majas\u201c (1971) ja \u201eKasvan r\u00f5\u00f5muks perele\u201c (1979).<\/p>\n\n\n\n<p><em>L. P.<\/em><\/p>\n\n\n\n<h4 class=\"wp-block-heading\"><br>Raamatud eesti keeles<\/h4>\n\n\n\n<p><strong><em>Luule<\/em><\/strong><br><strong>Kuuma s\u00fcdamega<\/strong>. Tallinn: Eesti Riiklik Kirjastus, 1950. 96 lk.<br><strong>P\u00e4rast tuisku<\/strong>. Tallinn: Eesti Riiklik Kirjastus, 1956. 91 lk.<br><strong>Kodud j\u00e4\u00e4vad kodudeks<\/strong>. Tallinn: Eesti Riiklik Kirjastus, 1958. 87 lk.<br><strong>Emad ja pojad<\/strong>. Tallinn: Eesti Riiklik Kirjastus, 1961. 95 lk.<br><strong>T\u00e4hed maa kohal<\/strong>. Tallinn: Eesti Riiklik Kirjastus, 1964. 79 lk.<br><strong>P\u00e4ikeselaiul<\/strong>. Tallinn: Eesti Raamat, 1965. 112 lk.<br><strong>Nelja tuule all: luuletusi<\/strong>. Tallinn: Eesti Raamat, 1969. 112 lk.<br><strong>Tuli tuisus: luulet 1950\u20131970<\/strong>. Tallinn: Eesti Raamat, 1970. 184 lk.<br><strong>Maa j\u00e4\u00e4b nooreks<\/strong>. Tallinn: Eesti Raamat, 1973. 92 lk.<br><strong>Ringk\u00e4ik<\/strong>. Tallinn: Eesti Raamat, 1977. 52 lk.<br><strong>Vari ja valgus: luulet 1950 \u2013 1979<\/strong>. Tallinn: Eesti Raamat, 1979. 302 lk.<br><strong>Eestimaa leib<\/strong>. Tallinn: Eesti Raamat, 1981. 58 lk.<br><strong>Rindeteed: luuletused ja poeemid<\/strong>. Tallinn: Eesti Raamat, 1985. 104 lk.<\/p>\n\n\n\n<p><strong><em>Lasteluule<\/em><\/strong><br><strong>Heino \u00f5pib vedurijuhiks<\/strong>. Tallinn: Eesti Riiklik Kirjastus, 1952. 20 lk.<br><strong>Hirmul on suured silmad: vene rahva muinasjutu j\u00e4rgi<\/strong>. Tallinn: Eesti Riiklik Kirjastus, 1954. 13 lk.<br><strong>Kes t\u00f5useb varem: v\u00e4rssjutustus<\/strong>. Tallinn: Eesti Riiklik Kirjastus, 1954. 24 lk.<br><strong>Kes meil k\u00e4ivad<\/strong>. Tallinn: Eesti Riiklik Kirjastus, 1955. 28 lk.<br><strong>Mida tegi tikuke, v\u00e4ike, \u00f5ige pikuke<\/strong>. Tallinn: Eesti NSV Siseministeeriumi Tulet\u00f5rje Valitsus, 1956. 17 lk.<br><strong>Keda kiita leiva eest<\/strong>. Tallinn: Eesti Riiklik Kirjastus, 1957. 22 lk.<br><strong>Kuidas mesik\u00e4pp meistriks sai: v\u00e4rssjutustus<\/strong>. Tallinn: Eesti Riiklik Kirjastus, 1957. 29 lk.<br><strong>Laul stepist<\/strong>. Tallinn: Eesti Riiklik Kirjastus, 1958. 24 lk.<br><strong>Oi neid lapsep\u00f5lve aegu!<\/strong>\u00a0Tallinn: Eesti Riiklik Kirjastus, 1960. 80 lk.<br><strong>Mis ma n\u00e4gin Hiinas: jutustus v\u00e4rssides<\/strong>. Tallinn: Eesti Riiklik Kirjastus, 1962. 40 lk.<br><strong>Igal lapsel oma laul<\/strong>. Tallinn: Eesti Riiklik Kirjastus, 1963. 64 lk.<br><strong>Kes meil k\u00e4ivad<\/strong>. Tallinn: Eesti Riiklik Kirjastus, 1963. 20 lk.<br><strong>Tallinn\u2013Aafrika: v\u00e4rssjutustus<\/strong>. Tallinn: Eesti Raamat, 1965. 40 lk.<br><strong>Igal pool on Viisivere<\/strong>. Tallinn: Eesti Raamat, 1967. 56 lk.<br><strong>Astu, astu, lapse jalga: v\u00e4ikelastele<\/strong>. Tallinn: Eesti Raamat, 1968. 29 lk.<br><strong>Hea, et kasvab laps me majas<\/strong>. Tallinn: Eesti Raamat, 1971. 96 lk.<br><strong>Veteselli ABC<\/strong>. Tallinn: Eesti Raamat, 1971. 24 lk.<br><strong>Meri ja roog<\/strong>. Tallinn: Eesti Raamat, 1975. 75 lk.<br><strong>S\u00f5durisinelist<\/strong>. Tallinn: Eesti Raamat, 1975. 56 lk.<br><strong>Lapsed siin ja lapsed seal<\/strong>. Tallinn: Eesti Raamat, 1976. 40 lk.<br><strong>Meri kiigub l\u00e4ve ees<\/strong>. Tallinn: Eesti Raamat, 1976. 56 lk.<br><strong>Kasvan r\u00f5\u00f5muks perele: valik lasteluulet aastatest 1956\u20131976<\/strong>. Tallinn: Eesti Raamat, 1979. 159 lk.<br><strong>Sepp see kutsus sellid kokku<\/strong>. Tallinn: Eesti Raamat, 1980. 56 lk.<br><strong>Pilvevana kastekann<\/strong>. Tallinn: Eesti Raamat, 1981. 32 lk.<br><strong>J\u00e4ljed mullal<\/strong>. Tallinn: Eesti Raamat, 1982. 47 lk.<br><strong>Meie v\u00e4rviline maa<\/strong>. Tallinn: Eesti Raamat, 1983. 32 lk.<br><strong>Kodumaaga<\/strong>. Tallinn: Eesti Raamat, 1985. 56 lk.<br><strong>Salam, Turkmeenia!<\/strong>\u00a0Tallinn: Eesti Raamat, 1985. 32 lk.<br><strong>V\u00f5iduraamat<\/strong>. Tallinn: Eesti Raamat, 1986. 39 lk.<br><strong>Koduv\u00f5tmed<\/strong>. Tallinn: Eesti Raamat, 1987. 78 lk.<\/p>\n\n\n\n<p><strong><em>Varia<\/em><\/strong><br><strong>Hiina t\u00e4htede all: turisti m\u00e4rkmeid. 1<\/strong>. Tallinn: Ajakirjade-Ajalehtede Kirjastus, 1959. 55 lk.<br><strong>Hiina t\u00e4htede all: turisti m\u00e4rkmeid. 2<\/strong>. Tallinn: Ajakirjade-Ajalehtede Kirjastus, 1959. 46 lk.<br><strong>Lenda, mu aeg: olukirjeldused<\/strong>. Tallinn: Eesti Riiklik Kirjastus, 1959. 120 lk.<br><strong>Mehed ja kivid: olukirjeldusi, laaste, reisim\u00e4rkmeid<\/strong>. Tallinn: Eesti Riiklik Kirjastus, 1962. 175 lk.<br><strong>L\u00e4hedal ja kaugel: olukirjeldused<\/strong>. Tallinn: Eesti Raamat, 1979. 134 lk.<\/p>\n\n\n\n<h4 class=\"wp-block-heading\"><a href=\"https:\/\/sisu.ut.ee\/ewod\/et\/k\/manivald-kesamaa\/manivald-kesamaa-kohta\/\" data-type=\"page\" data-id=\"7051\">Artiklid ja arvustused Manivald Kesamaa kohta<\/a><\/h4>\n","protected":false},"excerpt":{"rendered":"<p>Manivald Kesamaa (7. X 1921 \u2013 8. XI 1985) oli luuletaja, lastekirjanik ja publitsist. Eelk\u00f5ige m\u00e4letatakse teda n\u00f5ukogulikke eluhoiakuid noortele tutvustavate v\u00e4rsside poolest, mida iseloomustab lihtsus ja siirus. S\u00fcndis Narvas raudteelase perekonnas. \u00d5ppis Tallinn-N\u00f5mmel Hiiu algkoolis, Tallinna poeglaste kaubanduskoolis ja &#8230;<\/p>\n","protected":false},"author":43,"featured_media":0,"parent":6484,"menu_order":0,"comment_status":"closed","ping_status":"closed","template":"","meta":{"_acf_changed":false,"inline_featured_image":false,"footnotes":""},"class_list":["post-7050","page","type-page","status-publish","hentry"],"acf":[],"_links":{"self":[{"href":"https:\/\/sisu.ut.ee\/ewod\/et\/wp-json\/wp\/v2\/pages\/7050","targetHints":{"allow":["GET"]}}],"collection":[{"href":"https:\/\/sisu.ut.ee\/ewod\/et\/wp-json\/wp\/v2\/pages"}],"about":[{"href":"https:\/\/sisu.ut.ee\/ewod\/et\/wp-json\/wp\/v2\/types\/page"}],"author":[{"embeddable":true,"href":"https:\/\/sisu.ut.ee\/ewod\/et\/wp-json\/wp\/v2\/users\/43"}],"replies":[{"embeddable":true,"href":"https:\/\/sisu.ut.ee\/ewod\/et\/wp-json\/wp\/v2\/comments?post=7050"}],"version-history":[{"count":2,"href":"https:\/\/sisu.ut.ee\/ewod\/et\/wp-json\/wp\/v2\/pages\/7050\/revisions"}],"predecessor-version":[{"id":7055,"href":"https:\/\/sisu.ut.ee\/ewod\/et\/wp-json\/wp\/v2\/pages\/7050\/revisions\/7055"}],"up":[{"embeddable":true,"href":"https:\/\/sisu.ut.ee\/ewod\/et\/wp-json\/wp\/v2\/pages\/6484"}],"wp:attachment":[{"href":"https:\/\/sisu.ut.ee\/ewod\/et\/wp-json\/wp\/v2\/media?parent=7050"}],"curies":[{"name":"wp","href":"https:\/\/api.w.org\/{rel}","templated":true}]}}