{"id":7045,"date":"2025-04-21T12:30:45","date_gmt":"2025-04-21T09:30:45","guid":{"rendered":"https:\/\/sisu.ut.ee\/ewod\/?page_id=7045"},"modified":"2025-04-21T12:30:45","modified_gmt":"2025-04-21T09:30:45","slug":"aira-kaalu-kohta","status":"publish","type":"page","link":"https:\/\/sisu.ut.ee\/ewod\/et\/k\/aira-kaal\/aira-kaalu-kohta\/","title":{"rendered":"Aira Kaalu kohta"},"content":{"rendered":"<p><em><strong>Artiklid<\/strong><\/em><br>Oskar Kruus, <strong>Aira Kaal romaanikirjanikuna<\/strong>. \u2013 Naine hanesulega, Tallinn: Eesti Raamat, 1971, 342 lk, lk 259\u2013269.<br>Silvia Nagelmaa, <strong>Luuletaja t\u00e4nane p\u00e4ev<\/strong>. \u2013 Keel ja Kirjandus, nr 11, 1981, lk 648\u2013650.<br>Asta P\u00f5ldm\u00e4e, <strong>Aira Kaal ja loomulik inimene<\/strong>. \u2013 Sirp ja Vasar, 6. XI 1981, lk 6. [M\u00f5tisklus Aira Kaalu s\u00fcnnip\u00e4eva puhul.]<br>Erna Siirak, <strong>Meenutusi, m\u00f5tisklusi, k\u00fcsimusi Aira Kaalu t\u00e4htp\u00e4eval<\/strong>. \u2013 Looming, nr 11, 1981, lk 1628\u20131633.<br>Linda Ruud, <strong>Elutark looming. Aira Kaalu 75. s\u00fcnnip\u00e4evaks<\/strong>. \u2013 Sirp ja Vasar, 7. XI 1986, lk 4.<br>Veronika Kruus, <strong>\u00dcks tigu ilma majata. Aira Kaal 75<\/strong>. \u2013 Rahva H\u00e4\u00e4l, 7. XI 1986, lk 4.<br><strong>[Nekroloog]<\/strong>. \u2013 Sirp ja Vasar, 15. IV 1988, lk 15.<br>Juhan Peegel, <strong>[Nekroloog]<\/strong>. \u2013 Looming, nr 5, 1988, lk 719.<br>Heino Puhvel, <strong>Teekond legendini<\/strong>. \u2013 Keel ja Kirjandus, nr 7, 1988, lk 442. [\u00dclevaade elust ja loomingust.]<\/p>\n\n\n\n<p><em><strong>Arvustused<\/strong><\/em><br>Arnold Tulik, <strong>M\u00f5tteid Aira Kaalu romaani puhul<\/strong>. \u2013 Looming, nr 5, 1957, lk 778\u2013784. [Romaanist \u2018Teelahkmel\u2019.]<br>Ants Saar, <strong>Muljeid muljetest<\/strong>. \u2013 Keel ja Kirjandus, nr 9, 1958, lk 566\u2013567. [Raamatust \u2018Muljeid ja m\u00f5tteid India s\u00f5idult\u2019.]<br>Nigol Andresen, <strong>M\u00e4rkmeid meie reisiraamatutest<\/strong>. \u2013 Sirp ja Vasar, 19. VI 1959, lk 2. [\u2018Muljeid ja m\u00f5tteid India s\u00f5idult\u2019.]<br>Aksel Tamm, <strong>Mulluse luule saavutuste puhul<\/strong>. \u2013 Keel ja Kirjandus, nr 4, 1959, lk 193\u2013201. [Luulekogust \u2018Meretuuled\u2019, lk 194.]<br>Ine Viiding, <strong>Luuletaja-publitsist<\/strong>. \u2013 Looming, nr 7, 1962, lk 1108\u20131113. [Raamatust \u2018Valitud luuletused\u2019.]<br>Endel Tennov, <strong>M\u00f5tteuitamisi \u00fche \u2018uitamiskirja\u2019 j\u00e4lil<\/strong>. \u2013 Keel ja Kirjandus, nr 6, 1966, lk 376\u2013377. [Raamatust \u2018Kodunurga laastud I\u2019.]<br>\u00dclo Tonts, <strong>Ilus suur sisseelatud k\u00fclat\u00e4nav<\/strong>. \u2013 Keel ja Kirjandus, nr 2, 1971, lk 112\u2013113. [Raamatust \u2018Kodunurga laastud II\u2019.]<br>Aivo L\u00f5hmus, <strong>Mereusuline<\/strong>. \u2013 Edasi, 7. XI 1976, lk 3. [Luulekogust \u2018Hetked merega\u2019.]<br>Aadu S\u00e4\u00e4rits, <strong>K\u00f6itvad luulehetked<\/strong>. \u2013 Looming, nr 3, 1977, lk 520\u2013521.[\u2018Hetked merega\u2019.]<br>Asta Hameri, <strong>Elulademed<\/strong>. \u2013 Looming, nr 9, 1978, lk 1576\u20131577. [Raamatust \u2018Kodunurga laastud III\u2019.]<br>Sirje Kiin, <strong>Aira Kaalu valikportree<\/strong>, \u2013 Looming, nr 10, 1981, lk 1478\u20131479. [Raamatust \u2018Saaks kord seda imet veel vaadata\u2019.]<br>\u00dclo Tonts, <strong>Arvustus raamatule \u2018Seitse t\u00f5tt ja seitse valet\u2019<\/strong>. \u2013 Edasi, 1. XI 1986, lk 5.<\/p>\n","protected":false},"excerpt":{"rendered":"<p>ArtiklidOskar Kruus, Aira Kaal romaanikirjanikuna. \u2013 Naine hanesulega, Tallinn: Eesti Raamat, 1971, 342 lk, lk 259\u2013269.Silvia Nagelmaa, Luuletaja t\u00e4nane p\u00e4ev. \u2013 Keel ja Kirjandus, nr 11, 1981, lk 648\u2013650.Asta P\u00f5ldm\u00e4e, Aira Kaal ja loomulik inimene. \u2013 Sirp ja Vasar, 6. &#8230;<\/p>\n","protected":false},"author":43,"featured_media":0,"parent":7042,"menu_order":0,"comment_status":"closed","ping_status":"closed","template":"","meta":{"_acf_changed":false,"inline_featured_image":false,"footnotes":""},"class_list":["post-7045","page","type-page","status-publish","hentry"],"acf":[],"_links":{"self":[{"href":"https:\/\/sisu.ut.ee\/ewod\/et\/wp-json\/wp\/v2\/pages\/7045","targetHints":{"allow":["GET"]}}],"collection":[{"href":"https:\/\/sisu.ut.ee\/ewod\/et\/wp-json\/wp\/v2\/pages"}],"about":[{"href":"https:\/\/sisu.ut.ee\/ewod\/et\/wp-json\/wp\/v2\/types\/page"}],"author":[{"embeddable":true,"href":"https:\/\/sisu.ut.ee\/ewod\/et\/wp-json\/wp\/v2\/users\/43"}],"replies":[{"embeddable":true,"href":"https:\/\/sisu.ut.ee\/ewod\/et\/wp-json\/wp\/v2\/comments?post=7045"}],"version-history":[{"count":1,"href":"https:\/\/sisu.ut.ee\/ewod\/et\/wp-json\/wp\/v2\/pages\/7045\/revisions"}],"predecessor-version":[{"id":7046,"href":"https:\/\/sisu.ut.ee\/ewod\/et\/wp-json\/wp\/v2\/pages\/7045\/revisions\/7046"}],"up":[{"embeddable":true,"href":"https:\/\/sisu.ut.ee\/ewod\/et\/wp-json\/wp\/v2\/pages\/7042"}],"wp:attachment":[{"href":"https:\/\/sisu.ut.ee\/ewod\/et\/wp-json\/wp\/v2\/media?parent=7045"}],"curies":[{"name":"wp","href":"https:\/\/api.w.org\/{rel}","templated":true}]}}