{"id":7034,"date":"2025-04-21T11:30:07","date_gmt":"2025-04-21T08:30:07","guid":{"rendered":"https:\/\/sisu.ut.ee\/ewod\/?page_id=7034"},"modified":"2025-04-21T11:30:07","modified_gmt":"2025-04-21T08:30:07","slug":"artur-adsoni-kohta","status":"publish","type":"page","link":"https:\/\/sisu.ut.ee\/ewod\/et\/a\/artur-adson\/artur-adsoni-kohta\/","title":{"rendered":"Artur Adsoni kohta"},"content":{"rendered":"<p><em><strong>Artiklid<\/strong><\/em><br>Henrik Visnapuu, <strong>Artur Adson luuletajana<\/strong>. \u2013 Varamu, nr 2, 1939, lk 155\u2013160.<br>Harald Paukson, <strong>Artur Adson n\u00e4itekirjanikuna<\/strong>. \u2013 Varamu, nr 2, 1939, lk 161\u2013166.<br>Juhan Jaik, <strong>Artur Adson ja S\u00e4nna<\/strong>. \u2013 Varamu, nr 2, 1939, lk 167\u2013170.<br>Jaan K\u00e4rner, <strong>Artur Adson n\u00e4itekirjanikuna<\/strong>. \u2013 Looming, nr 2, 1939, lk 193\u2013204.<br>Harald Paukson, <strong>Artur Adson luuletajana<\/strong>. \u2013 Looming, nr 2, 1939, lk 205\u2013212.<br>Karl Mihkla, <strong>Arthur Adson. Tema 50-nda s\u00fcnnip\u00e4eva puhul<\/strong>. \u2013 Eesti Kirjandus, nr 2, 1939, lk 63\u201373.<br>Ivar Gr\u00fcnthal, <strong>Artur Adson 70<\/strong>. \u2013 Mana, nr 1, 1959, lk 47.<br>Raimond Kolk, <strong>S\u00fcnnip\u00e4eva tervitus Artur Adsonile<\/strong>. \u2013 Tulimuld, nr 1, 1959, lk 13\u201317. [Ettekanne pidulikul koosviibimisel Stockholmi Eesti Majas 8. veebruaril 1959.]<br>Raimond Kolk, <strong>Artur Adsoni m\u00e4lestades<\/strong>. \u2013 Tulimuld, nr 28, 1977, lk 16\u201318.<br>Harald Peep, <strong>Artur Adson surnud<\/strong>. \u2013 Keel ja Kirjandus, nr 3, 1977, lk 192. [\u00dclevaade loomingust.]<br>Viktor K\u00f5ressaar, <strong>Artur Adson ja l\u00f5una-eestikeelne luule<\/strong>. \u2013 Mana, nr 44, 1977, lk 32\u201338.<br>Bernard Kangro, <strong>\u00c4itsmemehi ja p\u00e4rlip\u00fc\u00fcdjaid<\/strong>. \u2013 Lund: Eesti Kirjanike Kooperatiiv, 1978, 151 lk.<br>Tiit Pruuli, <strong>Artur Adson<\/strong>. \u2013 Teater. Muusika. Kino, nr 8, 1988, lk 14\u201324.<br>Bernard Kangro, <strong>Hiliskohtumisi \u00fche varase luuletutvusega<\/strong>. \u2013 Keel ja Kirjandus, nr 2, 1989, lk 65\u201369.<br>Hella Keem, <strong>Artur Adsoni elust ja loomingust<\/strong>. \u2013 Keel ja Kirjandus, nr 2, 1989, lk 70\u201381.<br>Janika Kronberg, <strong>Artur Adson kodupaigalaulikuna<\/strong>. \u2013 Keel ja Kirjandus, nr 2, 1989, lk 82\u201386.<br>Kauksi \u00dclle, <strong>Savikruus l\u00e4tteviiga<\/strong>. \u2013 Vikerkaar, nr 2, 1989, lk 49\u201352. [V\u00f5rukeelne artikkel Artur Adsoni luulest.]<br>Mart M\u00e4ger, <strong>Ristiinimese teekond. Artur Adson. Vaateid<\/strong>. \u2013 Looming, nr 2, 1989, lk 257\u2013265.<br>Inda Rajasalu, <strong>Filmitsensuur ja Artur Adson<\/strong>. \u2013 Kleio, nr 1, 1997, lk 15\u201318. [Artur Adsoni tegevusest Eesti Vabariigi filmiinspektorina 1935\u20131940.]<br>Janika Kronberg, <strong>Artur Adsoni luule teisest palgepoolest<\/strong>. \u2013 V\u00f5rumaa Teataja, 3. II 1999, lk 4.<br>Sirje Kiin, <strong>Artur Adson \u2013 Marie Underi armastaja, arhivaar ja biografist<\/strong>. \u2013 V\u00f5ro kir\u00e4nd\u00fcse luumine. V\u00f5ru: V\u00f5ro Instituut, 2000, 316 lk, lk 194\u2013202.<br>Ivar Gr\u00fcnthal, <strong>Artur Adsoni luule<\/strong>. \u2013 M\u00fc\u00fctide maagia. Tartu: Ilmamaa, 2001, 526 lk, lk 62\u201382.<br>Mariko Faster, <strong>Artur Adson teatrikriitikuna. \u2018Teatriraamatu\u2019 (1958) p\u00f5hjal<\/strong>. \u2013 Kaika suv\u00f5\u00fclikuul\u00f5 kogomik IX\u2013XI. V\u00f5ru: V\u00f5ro Selts VKKF, 2003, 277 lk, lk 238\u2013251.<br>August Eelm\u00e4e, <strong>Artur Adsoni kodu ja igatsus<\/strong>. \u2013 K\u00f5ned ja kirjat\u00f6\u00f6d, Tallinn: Underi ja Tuglase Kirjanduskeskus, 2006, 262 lk, lk 44\u201355. [K\u00f5nelus kirjandus\u00f5htul 27. jaanuaril 1994 Adsoni majas.]<br>Sirje Kiin, <strong>Marie Under. Elu, luuletaja identiteet ja teoste vastuv\u00f5tt<\/strong>. \u2013 Tallinn: T\u00e4nap\u00e4ev, 2009, 864 lk. [Peat\u00fckk Artur Adson ja \u2018Sonettide\u2019 s\u00fcnnitaust, lk 149\u2013173.]<br>Sirje Kiin, <strong>Marie Under ja Artur Adson<\/strong>. \u2013 Looming, nr 10, 2009, lk 1389\u20131409.<br>Mart Velsker, <strong>Adsoni luulekogu, l\u00f5puks ometi<\/strong>. \u2013 Keel ja Kirjandus, nr 11, 2014, lk 869\u2013874.<br>Vaapo Vaher, <strong>Adson Hiiumaal. Peat\u00fckk saare kirjandusloost<\/strong>. \u2013 Looming, nr 5, 2015, lk 695\u2013717.<br>Mart Velsker, <strong>Henrik Visnapuu, Artur Adson ja l\u00f5unaeestikeelne luule<\/strong>. \u2013 Looming, nr 9, 2017, lk 1352\u20131359.<\/p>\n\n\n\n<p><em><strong>Arvustused<\/strong><\/em><br>Henrik Visnapuu, <strong>Marie Under: \u2018H\u00e4\u00e4l varjust\u2019 ja Artur Adson: \u2018Kaduvik\u2019<\/strong>. \u2013 Looming, nr 6, 1927, lk 576\u2013580.<br>Henrik Visnapuu, <strong>Artur Adson: Katai, kibuvits nink kivi<\/strong>. \u2013 Looming, nr 1, 1929, lk 95\u201397.<br>Oskar Urgart, <strong>Artur Adson: P\u00e4rlij\u00f5gi<\/strong>. \u2013 Looming, nr 9, 1931, lk 991\u2013992.<br>Paul Viiding, <strong>Artur Adson: Lehek\u00fclg ajaraamatust<\/strong>. \u2013 Eesti Kirjandus, nr 1, 1938, lk 57\u201359.<br>Paul Viiding, <strong>Artur Adsoni \u2018L\u00e4heb m\u00f6\u00f6da\u2019 ja \u2018\u00dcks tuvi lendab merele\u2019 \u2013 kaks piirim\u00e4rki<\/strong>. \u2013 Teater, nr 1, 1939, lk 13\u201315.<br>Ilmar Mikiver, <strong>Artur Adsoni \u2018Teatriraamat\u2019<\/strong>. \u2013 Mana, nr 2, 1959, lk 138\u2013140.<br>Raimond Kolk, <strong>Artur Adsoni sada laulu<\/strong>. \u2013 Mana, nr 2, 1959, lk 140\u2013142. [Luulekogumikust \u2018V\u00e4rsivakk\u2019.]<br>Aleksis Rannit, <strong>Artur Adsoni \u2018Haavakene, mis sa v\u00e4riset\u2019 ja paar s\u00f5na autori elust ja t\u00f6\u00f6st<\/strong>. \u2013 Tulimuld, nr 1, 1969, lk 5\u20139.<br>Oskar Kruus, <strong>Iluduskuningannad on uuesti moes ehk Artur Adsoni tagasitulek draamateatrisse<\/strong>. \u2013 Sirp, 17. I 1992, lk 6. [Kom\u00f6\u00f6dia \u2018Iluduskuninganna\u2019 lavastusest.]<\/p>\n","protected":false},"excerpt":{"rendered":"<p>ArtiklidHenrik Visnapuu, Artur Adson luuletajana. \u2013 Varamu, nr 2, 1939, lk 155\u2013160.Harald Paukson, Artur Adson n\u00e4itekirjanikuna. \u2013 Varamu, nr 2, 1939, lk 161\u2013166.Juhan Jaik, Artur Adson ja S\u00e4nna. \u2013 Varamu, nr 2, 1939, lk 167\u2013170.Jaan K\u00e4rner, Artur Adson n\u00e4itekirjanikuna. \u2013 &#8230;<\/p>\n","protected":false},"author":43,"featured_media":0,"parent":7031,"menu_order":0,"comment_status":"closed","ping_status":"closed","template":"","meta":{"_acf_changed":false,"inline_featured_image":false,"footnotes":""},"class_list":["post-7034","page","type-page","status-publish","hentry"],"acf":[],"_links":{"self":[{"href":"https:\/\/sisu.ut.ee\/ewod\/et\/wp-json\/wp\/v2\/pages\/7034","targetHints":{"allow":["GET"]}}],"collection":[{"href":"https:\/\/sisu.ut.ee\/ewod\/et\/wp-json\/wp\/v2\/pages"}],"about":[{"href":"https:\/\/sisu.ut.ee\/ewod\/et\/wp-json\/wp\/v2\/types\/page"}],"author":[{"embeddable":true,"href":"https:\/\/sisu.ut.ee\/ewod\/et\/wp-json\/wp\/v2\/users\/43"}],"replies":[{"embeddable":true,"href":"https:\/\/sisu.ut.ee\/ewod\/et\/wp-json\/wp\/v2\/comments?post=7034"}],"version-history":[{"count":1,"href":"https:\/\/sisu.ut.ee\/ewod\/et\/wp-json\/wp\/v2\/pages\/7034\/revisions"}],"predecessor-version":[{"id":7035,"href":"https:\/\/sisu.ut.ee\/ewod\/et\/wp-json\/wp\/v2\/pages\/7034\/revisions\/7035"}],"up":[{"embeddable":true,"href":"https:\/\/sisu.ut.ee\/ewod\/et\/wp-json\/wp\/v2\/pages\/7031"}],"wp:attachment":[{"href":"https:\/\/sisu.ut.ee\/ewod\/et\/wp-json\/wp\/v2\/media?parent=7034"}],"curies":[{"name":"wp","href":"https:\/\/api.w.org\/{rel}","templated":true}]}}