{"id":7003,"date":"2025-04-21T09:32:09","date_gmt":"2025-04-21T06:32:09","guid":{"rendered":"https:\/\/sisu.ut.ee\/ewod\/?page_id=7003"},"modified":"2025-04-21T09:32:35","modified_gmt":"2025-04-21T06:32:35","slug":"marie-heibergi-kohta","status":"publish","type":"page","link":"https:\/\/sisu.ut.ee\/ewod\/et\/h\/marie-heiberg\/marie-heibergi-kohta\/","title":{"rendered":"Marie Heibergi kohta"},"content":{"rendered":"<p><em><strong>Artiklid<\/strong><\/em><br>P. L., <strong>Luuletaja Marie Heiberg<\/strong>. \u2013 Eesti S\u00f5na, 26. III 1942, lk 4. [\u00dclevaade elust ja loomingust.]<br>August Eelm\u00e4e, <strong>Lootuse ja mure laulik. Marie Heibergi meenutades<\/strong>. \u2013 Keel ja Kirjandus, nr 1, 1966, lk 20\u201331.<br>Oskar Kruus, <strong>Naine hanesulega. Kirjutisi naiskirjanikest<\/strong>. \u2013 Tallinn: Eesti Raamat, 1971, 342 lk. [Peat\u00fckk Murelaps Uhtj\u00e4rve kaldalt, lk 76\u201387.]<br>\u00d5nne Kepp, <strong>Unustatu kaitseks. Taasleitud luule juurde<\/strong>. \u2013 Keel ja Kirjandus, nr 8, 1989, lk 502\u2013503.<br>Riina Ermel, <strong>Marie Heiberg 125<\/strong>.\u2013 Urvaste Valla Leht, nr 9, 1. IX 2015, lk 4.<br>Rein Veidemann, <strong>Marie Heibergi j\u00f5udmine koju<\/strong>. \u2013 Postimees, 3. VI 2017.<\/p>\n\n\n\n<p><em><strong>Arvustused<\/strong><\/em><br>Aino Kallas, <strong>Marie Heiberg, \u2018Murelapse laulud\u2019<\/strong>. \u2013 Postimees, 28. XII 1906, lk 1\u20132.<br>Friedebert Tuglas, <strong>Kolm novelliraamatut<\/strong>. \u2013 Noor-Eesti, 4, 1911, lk 391\u2013392. [Marie Heibergi raamatust \u2018Elukewade\u2019.]<\/p>\n","protected":false},"excerpt":{"rendered":"<p>ArtiklidP. L., Luuletaja Marie Heiberg. \u2013 Eesti S\u00f5na, 26. III 1942, lk 4. [\u00dclevaade elust ja loomingust.]August Eelm\u00e4e, Lootuse ja mure laulik. Marie Heibergi meenutades. \u2013 Keel ja Kirjandus, nr 1, 1966, lk 20\u201331.Oskar Kruus, Naine hanesulega. Kirjutisi naiskirjanikest. \u2013 &#8230;<\/p>\n","protected":false},"author":43,"featured_media":0,"parent":7000,"menu_order":0,"comment_status":"closed","ping_status":"closed","template":"","meta":{"_acf_changed":false,"inline_featured_image":false,"footnotes":""},"class_list":["post-7003","page","type-page","status-publish","hentry"],"acf":[],"_links":{"self":[{"href":"https:\/\/sisu.ut.ee\/ewod\/et\/wp-json\/wp\/v2\/pages\/7003","targetHints":{"allow":["GET"]}}],"collection":[{"href":"https:\/\/sisu.ut.ee\/ewod\/et\/wp-json\/wp\/v2\/pages"}],"about":[{"href":"https:\/\/sisu.ut.ee\/ewod\/et\/wp-json\/wp\/v2\/types\/page"}],"author":[{"embeddable":true,"href":"https:\/\/sisu.ut.ee\/ewod\/et\/wp-json\/wp\/v2\/users\/43"}],"replies":[{"embeddable":true,"href":"https:\/\/sisu.ut.ee\/ewod\/et\/wp-json\/wp\/v2\/comments?post=7003"}],"version-history":[{"count":2,"href":"https:\/\/sisu.ut.ee\/ewod\/et\/wp-json\/wp\/v2\/pages\/7003\/revisions"}],"predecessor-version":[{"id":7005,"href":"https:\/\/sisu.ut.ee\/ewod\/et\/wp-json\/wp\/v2\/pages\/7003\/revisions\/7005"}],"up":[{"embeddable":true,"href":"https:\/\/sisu.ut.ee\/ewod\/et\/wp-json\/wp\/v2\/pages\/7000"}],"wp:attachment":[{"href":"https:\/\/sisu.ut.ee\/ewod\/et\/wp-json\/wp\/v2\/media?parent=7003"}],"curies":[{"name":"wp","href":"https:\/\/api.w.org\/{rel}","templated":true}]}}