{"id":6985,"date":"2025-04-15T13:30:20","date_gmt":"2025-04-15T10:30:20","guid":{"rendered":"https:\/\/sisu.ut.ee\/ewod\/?page_id=6985"},"modified":"2025-04-15T13:30:21","modified_gmt":"2025-04-15T10:30:21","slug":"richard-rohu-kohta","status":"publish","type":"page","link":"https:\/\/sisu.ut.ee\/ewod\/et\/r\/richard-roht\/richard-rohu-kohta\/","title":{"rendered":"Richard Rohu kohta"},"content":{"rendered":"<p><strong><em>Artiklid<\/em><\/strong><br>Eduard Hubel, <strong>Richard Rohu puhul<\/strong>. \u2013 Olion, nr 3, 1931, lk 103\u2013104.<br><strong>[Nekroloog]<\/strong>. \u2013 Looming, nr 8, 1950, lk 105.<br>Jakob Aunver, <strong>R. Roht m\u00e4lupeeglis<\/strong>. \u2013 Tulimuld, nr 4, 1956, lk 152\u2013156. [\u00dclevaade R. Rohu elust ja loomingust.]<br>Harald Lepik, <strong>S\u00fcnged pildid kodanlikust Eestist<\/strong>. \u2013 Looming, nr 5, 1956, lk 696\u2013701.<br>August Pill, <strong>M\u00e4lestusi Richard Rohust<\/strong>. \u2013 Keel ja Kirjandus, nr 7\u20138, 1961, lk 430\u2013436; 499\u2013504.<br>Juta Nurmik, <strong>Richard Rohu kirjanikutee algusest<\/strong>. \u2013 Sirp ja Vasar, 15. IV 1966, lk 4.<br>Elmar Uuk, <strong>Eluloolisi kilde Richard Rohu noorp\u00f5lvest<\/strong>. \u2013 Edasi, 17. IV 1966, lk 3.<br>Oskar Kruus, <strong>Apokriiva lood eesti akadeemilise kirjandusloo juurde<\/strong>. \u2013 Tallinn: Eesti Raamat, 1983, 192 lk. [Richard Rohust lk 115\u2013123.]<br>Oskar Kruus, <strong>Richard Rohu kirjanduslikust teest<\/strong>. \u2013 J\u00e4rels\u00f5na R. Rohu romaani \u2018Elutee\u2019 3. tr\u00fckile, Tallinn: Eesti Raamat, 1985, 272 lk, lk 267\u2013272.<br>Valev Uibopuu, <strong>\u00dcks unistuste purunemine l\u00e4hivaates ehk m\u00e4lestusi Richard Rohust 1930 ja hiljemgi<\/strong>. \u2013 Tulimuld, nr 1, 3, 1986, lk 36\u201344; 138 \u2013147.<br>Valev Uibopuu, <strong>Mis sai Tammiku talust? Richard Rohu unistustemaja s\u00fcnge saatus<\/strong>. \u2013 Tulimuld, nr 3, 1990, lk 123\u2013129.<br>Reet Krusten, <strong>Richard Roht lastekirjanikuna<\/strong>. \u2013 Keel ja Kirjandus, nr 4, 1991, lk 205\u2013208.<br>Oskar Kruus, <strong>P\u00fcrgimine laineharjale<\/strong>. \u2013 Looming, nr 5, 1991, lk 682\u2013692.<\/p>\n","protected":false},"excerpt":{"rendered":"<p>ArtiklidEduard Hubel, Richard Rohu puhul. \u2013 Olion, nr 3, 1931, lk 103\u2013104.[Nekroloog]. \u2013 Looming, nr 8, 1950, lk 105.Jakob Aunver, R. Roht m\u00e4lupeeglis. \u2013 Tulimuld, nr 4, 1956, lk 152\u2013156. [\u00dclevaade R. Rohu elust ja loomingust.]Harald Lepik, S\u00fcnged pildid kodanlikust &#8230;<\/p>\n","protected":false},"author":43,"featured_media":0,"parent":6977,"menu_order":0,"comment_status":"closed","ping_status":"closed","template":"","meta":{"_acf_changed":false,"inline_featured_image":false,"footnotes":""},"class_list":["post-6985","page","type-page","status-publish","hentry"],"acf":[],"_links":{"self":[{"href":"https:\/\/sisu.ut.ee\/ewod\/et\/wp-json\/wp\/v2\/pages\/6985","targetHints":{"allow":["GET"]}}],"collection":[{"href":"https:\/\/sisu.ut.ee\/ewod\/et\/wp-json\/wp\/v2\/pages"}],"about":[{"href":"https:\/\/sisu.ut.ee\/ewod\/et\/wp-json\/wp\/v2\/types\/page"}],"author":[{"embeddable":true,"href":"https:\/\/sisu.ut.ee\/ewod\/et\/wp-json\/wp\/v2\/users\/43"}],"replies":[{"embeddable":true,"href":"https:\/\/sisu.ut.ee\/ewod\/et\/wp-json\/wp\/v2\/comments?post=6985"}],"version-history":[{"count":1,"href":"https:\/\/sisu.ut.ee\/ewod\/et\/wp-json\/wp\/v2\/pages\/6985\/revisions"}],"predecessor-version":[{"id":6987,"href":"https:\/\/sisu.ut.ee\/ewod\/et\/wp-json\/wp\/v2\/pages\/6985\/revisions\/6987"}],"up":[{"embeddable":true,"href":"https:\/\/sisu.ut.ee\/ewod\/et\/wp-json\/wp\/v2\/pages\/6977"}],"wp:attachment":[{"href":"https:\/\/sisu.ut.ee\/ewod\/et\/wp-json\/wp\/v2\/media?parent=6985"}],"curies":[{"name":"wp","href":"https:\/\/api.w.org\/{rel}","templated":true}]}}