{"id":6955,"date":"2025-04-08T10:56:10","date_gmt":"2025-04-08T07:56:10","guid":{"rendered":"https:\/\/sisu.ut.ee\/ewod\/?page_id=6955"},"modified":"2025-04-08T10:56:10","modified_gmt":"2025-04-08T07:56:10","slug":"andrei-ivanovi-kohta","status":"publish","type":"page","link":"https:\/\/sisu.ut.ee\/ewod\/et\/i\/andrei-ivanov\/andrei-ivanovi-kohta\/","title":{"rendered":"Andrei Ivanovi kohta"},"content":{"rendered":"<p><em><strong>Artiklid<\/strong><\/em><br>Jaan Ross, <strong>Kas Andrei Ivanov on eesti kirjanik?<\/strong>. \u2013 Vikerkaar, nr 10-11, 2010, lk 134-136.<br>Eneken Laanes, <strong>Andrei Ivanov ja rahvus\u00fclene (eestivene) kirjandus<\/strong>. \u2013 Sirp 9. III 2012<br>Mari Peegel, <strong>Eesti proosa vene keeles. Miks mitte?<\/strong>. \u2013 Eesti P\u00e4evaleht 9. II 2012<br>Tiit K\u00e4ndler, <strong>Miks mitte Ivanov<\/strong>. \u2013 Eesti P\u00e4evaleht 14. II 2012<br>Rebekka Lotman, <strong>Milleks \u00f5hutada vaenu t\u00fchja koha pealt?<\/strong>. \u2013 Sirp 2. II 2012<br>Tarmo J\u00fcristo, <strong>Andrei Ivanov ja meie aja antikangelane<\/strong>. \u2013 Vikerkaar, nr 12, 2013, lk 45-49.<br>Igor Kotjuh, <strong>Eesti venekeelse kirjanduse nullindate p\u00f5lvkond: vastuv\u00f5tt ja t\u00f5rked omaks tunnistamisel<\/strong>. \u2013 Methis, nr 11, 2013, lk 64-82.<br>Priit H\u00f5bem\u00e4gi, <strong>(Ne)nu\u017en\u00f5i t\u0161elovek<\/strong>. \u2013 Eesti Ekspress 31. XII 2014<br>Anneli Mihkelev, <strong>Perifeeria valu ja v\u00f5lu: kultuuriliste sise- ja v\u00e4lisdialoogide lummus<\/strong>. \u2013 Pulbitsev perifeeria: Kirjandusteaduse IV N\u00fcpli suvekool, 20-21. juuni 2014: teesid.\u00a0Tartu, 2014, lk 26-27.<br>Irina Belobrovtseva, Aurika Meimre, <strong>Kirjutamine kui p\u00fcsikestev peeglistaadium: Tallinna prosaist Andrei Ivanov<\/strong>. \u2013 Keel ja Kirjandus, nr 1, 2015, lk 16-32.<br>Pille-Riin Larm, <strong>H\u00e4mal on l\u00fchikesed jalad<\/strong>. \u2013 Sirp 6. II. 2015<br>Aro Velmet, <strong>Jevgeni Sidorovi tundekasvatus ja heaoluriigi afekti\u00f6konoomia<\/strong>. \u2013 Vikerkaar, nr 6, 2015, lk 80-88.<br>Pille-Riin Larm,<strong> Natuke k\u00e4ra \u2013 ei millestki?<\/strong>. \u2013 Sirp 4. III 2016<br>Eneken Laanes, Daniele Monticelli, <strong>Mittekuulumise valu ja v\u00f5imalus: Andrei Ivanovi erand eesti kirjanduses<\/strong>. \u2013 Keel ja Kirjandus, nr 1, 2017, lk 41-57.<br>Anneli K\u00f5vamees, <strong>Andrei Ivanovi lugedes: eestivenelased ja (eksistentsiaalne) v\u00f5\u00f5rus<\/strong>. \u2013 Looming, nr 1, 2018, lk 122-127.<br>Irina Belobrovtseva, <strong>Andrei Ivanovi ideaal- ja reaalmaailmad<\/strong>. \u2013 Vikerkaar, nr 12, 2021, lk 53-58.<br>Jaan Ross, <strong>Tallinna reaalidest Andrei Ivanovi jutustuses \u201eTuhk\u201c<\/strong>. \u2013 Vikerkaar, nr 12, 2021, lk 59-63.<\/p>\n\n\n\n<p><strong><em>Arvustused<\/em><\/strong><br>Vahur Afanasjev, <strong>Impeeriumi vaeslapse kannatused<\/strong>. \u2013 Looming, nr 6, 2010, lk 887-888. [\u201eMinu Taani onuke. Tuhk\u201c]<br>K\u00e4tlin Kaldmaa, <strong>Lapsep\u00f5lv Kalamajas<\/strong>. \u2013 Lugu, nr 3, 2010, lk 12. [\u201eMinu Taani onuke. Tuhk\u201c]<br>Jan Kaus, <strong>Andrei Ivanov \u201eMinu Taani onuke\u201c<\/strong>. \u2013 Eesti Ekspress 29. IV 2010<br>Andres Kurg, <strong>Viimane n\u00f5ukogude p\u00f5lvkond eksiilis<\/strong>. \u2013 Vikerkaar, nr 7-8, 2010, lk 198-201. [\u201eMinu Taani onuke. Tuhk\u201c]<br>Toomas Vint, <strong>Kirjanik loeb: Andrei Ivanov \u201eMinu Taani onuke. Tuhk\u201c<\/strong>. \u2013 Eesti Ekspress 8. IV 2010<br>Jan Kaus, <strong>Kirjanik loeb. Andrei Ivanov \u201eMinu Taani onuke. Tuhk\u201c<\/strong>. \u2013 Eesti Ekspress 30. IV 2010<br>Ilona Martson, <strong>Kahe hullu uskumatud seiklused Taanimaal<\/strong>. \u2013 Postimees: Raamat 23. XI 2012 [\u201eHanumani teekond Lollandile\u201c]<br>Margus Haav, <strong>Euroopa tagahoovis<\/strong>. \u2013 Sakala 14. VIII 2014 [\u201eHanumani teekond Lollandile\u201c]<br>Jan Kaus, <strong>K\u00fclmas tegelikkuses<\/strong>. \u2013 Postimees 2. II 2013 [\u201eHanumani teekond Lollandile\u201c]<br>Tiit K\u00e4ndler, <strong>Sisep\u00f5geniku reis Hanumani turjal<\/strong>. \u2013 Sirp 11. I 2013<br>Andres Laasik, <strong>Immigrandi h\u00fcppelaud Taani Ibizale<\/strong>. \u2013 Eesti P\u00e4evaleht 14. I 2013 [romaanist \u201eHanumani teekond Lollandile\u201c]<br>Maire Liivamets, <strong>Raamidest v\u00e4lja!<\/strong>.- Virumaa Teataja 4. V 2014 [romaanist \u201eHanumani teekond Lollandile\u201c]<br>M\u00e4rt Roosna,<strong> Tore lugu. Aga miks sa ikkagi Eestist p\u00f5genesid?<\/strong>. \u2013 \u00d5htuleht 4. IV 2013 [romaanist \u201eHanumani teekond Lollandile\u201c]<br>Priit H\u00f5bem\u00e4gi, <strong>Leia hirm ja lahendad m\u00f5istatuse<\/strong>. \u2013 Eesti Ekspress 22. III 2012 [\u201ePeot\u00e4is p\u00f5rmu\u201c]<br>Arno Oja, <strong>Elu v\u00f5imalikkusest ahermaal<\/strong>. \u2013 Sirp 3. II 2012 [\u201ePeot\u00e4is p\u00f5rmu\u201c]<br>Heili Sibrits, <strong>Valu ja vihkamine<\/strong>. \u2013 Postimees 24. III 2012 [\u201ePeot\u00e4is p\u00f5rmu\u201c]<br>K\u00fclli-Riin Tigasson, <strong>Maa, kus iial imesid ei s\u00fcnni<\/strong>. \u2013 Eesti P\u00e4evaleht 4. II 2012 [\u201ePeot\u00e4is p\u00f5rmu\u201c]<br>Ilona Martson, <strong>\u00d6\u00f6liblikad ajaloo t\u00f5mbetuules<\/strong>. \u2013 Postimees 22. XI 2013<br>Andres Laasik, <strong>Ivanovi uus teos: Vene kunstnik jalutab l\u00e4bi Eesti Vabariigi<\/strong>. \u2013 Eesti P\u00e4evaleht, 21. X 2013 [\u201eHarbini \u00f6\u00f6liblikad\u201c]<br>Andrei Hvostov, <strong>Emigrandi k\u00e4siraamat, oikumeeniline<\/strong>. \u2013 Vikerkaar, nr 4-5, 2014, lk 153-156. [\u201eHarbini \u00f6\u00f6liblikad\u201c]<br>Tiit K\u00e4ndler, <strong>Paralleelmaailma paratamatuse maalija<\/strong>. \u2013 Sirp 20. II 2014 [\u201eHarbini \u00f6\u00f6liblikad\u201c]<br>Priit H\u00f5bem\u00e4gi, <strong>Harbini \u00f6\u00f6liblikad ja Pandora laegas<\/strong>. \u2013 Eesti Ekspress 20. II 2014<br>Marek Tamm, <strong>Lapsep\u00f5lvel\u00f5imed<\/strong>. \u2013 Postimees 4. II 2014. [\u201eHarbini \u00f6\u00f6liblikad\u201c]<br>Boris Veizenen, <strong>Pagulus, valu ja \u00f6\u00f6liblikad<\/strong>. \u2013 M\u00fc\u00fcrileht 22. VI 2014.  [\u201eHarbini \u00f6\u00f6liblikad\u201c]<br>Margus Haav, <strong>Euroopa tagumine tume k\u00fclg<\/strong>. \u2013 Sakala 7. I 2015 [\u201eBizarre\u201c]<br>Erik Aru, <strong>Enesepetjad liiguvad heaolu\u00fchiskonna \u00e4\u00e4realadel<\/strong>. \u2013 Eesti P\u00e4evaleht 19. I 2015 [\u201eBizarre\u201c]<br>Erik Aru, <strong>J\u00e4mejala, patarei ja happy end<\/strong>. \u2013 Eesti P\u00e4evaleht 30. III 2015 [\u201eKuut\u00f5bise pihtimus\u201c]<br>Priit H\u00f5bem\u00e4gi, <strong>Miski on m\u00e4da eikellegimaal<\/strong>. \u2013 Eesti Ekspress 5. II 2015 [\u201eBizarre\u201c]<br>K\u00e4tlin Kaldmaa, <strong>Pagendus. Sees ja v\u00e4ljas<\/strong>. \u2013 Postimees 17. I 2015 [\u201eBizarre\u201c]<br>Anneli Mihkelev, <strong>Antikangelase p\u00f5randaalused seiklused<\/strong>. \u2013 Sirp 6. II 2015 [\u201eBizarre\u201c]<br>Tiit K\u00e4ndler, <strong>Tere tulemast kuut\u00f5bilasse!<\/strong> \u2013 Postimees 28. III 2015 [\u201eKuut\u00f5bise pihtimus\u201c]<br>Boris Veizenen, <strong>Marginaalsed tikusaatused m\u00fc\u00fctide vastu<\/strong>. \u2013 Sirp 15. V 2015 [\u201eKuut\u00f5bise pihtimus\u201c]<br>Priit H\u00f5bem\u00e4gi, <strong>N\u00e4dala raamat: K\u00e4sikirjad ei p\u00f5le, kuid kas nad upuvad?<\/strong> \u2013 Eesti Ekspress 28. X 2015 [\u201eRasmus Hanseni kirjutuskera\u201c]<br>Tiit K\u00e4ndler, <strong>Suure ents\u00fcklopedisti kirjutuskera<\/strong>. \u2013 Postimees 17. X 2015 [\u201eRasmus Hanseni kirjutuskera\u201c]<br>Mihhail Trunin, <strong>T\u00e4iuslik torm amat\u00f6\u00f6ride maal<\/strong>. \u2013 Sirp 19. II 2016 [\u201eRasmus Hanseni kirjutuskera\u201c]<br>P. I. Filimonov, <strong>Viktor Tsoi, metaromaan ja kirjanduskesksus. Neli teesi Andrei Ivanovi \u201eKirjutuskera\u201c kohta<\/strong>. \u2013 Vikerkaar, nr 3, 2016, lk 120-123.<br>Mihhail Trunin, <strong>T\u00e4itunud ruumist ja ajast<\/strong>. \u2013 Sirp 16. XII 2016 [\u201eArgonaut\u201c]<br>Erik Aru, <strong>Keskealised Eesti vene nukud palaganis<\/strong>. \u2013 Eesti P\u00e4evaleht 28. X 2016 [\u201eArgonaut\u201c]<br>Jaanika Regi, <strong>Udused eneseotsingud<\/strong>. \u2013 \u00c4rip\u00e4ev 3. III 2017 [\u201eArgonaut\u201c]<br>Erik Aru, <strong>Ivanovi p\u00f6\u00f6rane teekond l\u00e4bi P\u00f5hjamaade sai eelloo<\/strong>. \u2013 Eesti P\u00e4evaleht 11. IX 2017 [\u201eBat\u00fcskaaf\u201c]<br>Priit H\u00f5bem\u00e4gi, <strong>N\u00e4dala raamat: Andrei Ivanovi Kopenhaageni kessoont\u00f5bi<\/strong>. \u2013 Eesti Ekspress 02. VIII 2017 [\u201eBat\u00fcskaaf\u201c]<br>Anneli Mihkelev, <strong>Bat\u00fcskaafiga Euroopasse<\/strong>. \u2013 Sirp, 10. XI 2017<br>Nikolai Karajev, <strong>H\u00fcpe ajaloo Maelstr\u00f6mi<\/strong>. \u2013 Vikerkaar, nr 10-11, 2019, lk 176-180. [\u201eIsev\u00e4rki kalmistu asukad\u201c]<br>Erik Aru, <strong>Iseendaks j\u00e4\u00e4mise v\u00f5imalikkus keset segaduses Pariisi<\/strong>. \u2013 Eesti P\u00e4evaleht 12. XI 2019 [\u201eIsev\u00e4rki kalmistu asukad\u201c]<br>Meelis Oidsalu, <strong>Haarav romaan, mida pole v\u00f5imalik lugeda<\/strong>. \u2013 Sirp 29. XI 2019 [\u201eIsev\u00e4rki kalmistu asukad\u201c]<br>Marek Tamm, <strong>Selle sajandi suurim Eesti romaan<\/strong>. \u2013 Postimees 09. XI 2019 [\u201eIsev\u00e4rki kalmistu asukad\u201c]<br>Aro Velmet, <strong>V\u00f5ta ja nuusuta!<\/strong>. \u2013 Vikerkaar, nr 4-5, 2020, lk 165-168. [\u201ePariisi arabeskid\u201c]<br>Valner Valme, <strong>Tahan lugedes kaotada v\u00e4hemalt kimbukese v\u00f5tmeid, kui mitte ennast<\/strong>. \u2013 Looming, nr 7, 2020, lk 1031-1033. [\u201ePariisi arabeskid\u201c]<br>Peedu Saar, <strong>Andrei Ivanovi lugedes<\/strong>. \u2013 V\u00e4rske R\u00f5hk, nr 65, 2020, lk 108-113 [\u201eIsev\u00e4rki kalmistu asukad\u201c]<br>Oliver Berg, <strong>Andrei Ivanovi puhas kirjandus<\/strong>. \u2013 Postimees 19. I 2021 [\u201ePariisi arabeskid\u201c]<br>Maarja Jaanits, <strong>Maailm on haigla ja mina selle patsient<\/strong>. \u2013 Postimees 12. XI 2021 [\u201e\u00d6\u00f6 Saint-Claud\u2019s\u201c]<br>Sveta Grigorjeva, <strong>V\u00f5\u00f5ras iseendale<\/strong>. \u2013 Vikerkaar, nr 4-5, 2021, lk 155-158. [\u201eUntermensch: minu l\u00f5hkikistud osa\u201c]<br>Tiina Pai,<strong> T\u00e4idetud t\u00fchjus<\/strong>. \u2013 Looming, nr 3, 2021, lk 413-415. [\u201eUntermensch: minu l\u00f5hkikistud osa\u201c]<br>Alvar Loog, <strong>Kirjanik, kes on lahustunud oma teostesse ja tegelastesse<\/strong>. \u2013 Postimees 27. XII 2021 [\u201eUntermensch: minu l\u00f5hkikistud osa\u201c]<br>Johan Haldna, <strong>Haiguslugu kui kirjanduslik ravipraktika<\/strong>. \u2013 V\u00e4rske R\u00f5hk, nr 72, 2021, lk 104-110. [\u201eUntermensch: minu l\u00f5hkikistud osa\u201c]<br>Peeter Korma\u0161ov, <strong>\u00d6\u00f6 Saint-Cloud\u2019s. Andrei Ivanovi teosest kumab l\u00e4bi valusat ilu<\/strong>. \u2013 Eesti P\u00e4evaleht 28. VI 2021<br>Priit H\u00f5bem\u00e4gi, <strong>Eestivenelaste allmaailm Andrei Ivanovi romaanis<\/strong>. \u2013 Postimees 19. V 2022 [\u201e\u00d5uduste teater\u201c]<br>Saara Liis J\u00f5erand, <strong>M\u00e4ngu ja maski taga<\/strong>. \u2013 Looming, nr 7, 2022, lk 999-1001. [\u201e\u00d5uduste teater\u201c]<br>Andrei Hvostov, <strong>Andrei Ivanovi romaan \u201e\u00d5uduste teater\u201c: k\u00f5ik on v\u00e4ga depressiivne, lootusetu ja s\u00fcnge<\/strong>. \u2013 Eesti Ekspress 8. VI 2022<br>Leo Luks, <strong>Udu tiheneb<\/strong>. \u2013 Keel ja Kirjandus, nr 1-2, 2024, lk 210-212. [\u201eH\u00e4mariku melanhoolia\u201c]<br>Elsbeth Hanna Aarsalu, <strong>K\u00f5ikide maade patrioodid, \u00fchinege ja minge p****e!<\/strong>. \u2013 Eesti Ekspress 12. VI 2024 [\u201eH\u00e4mariku melanhoolia\u201c]<br>Anneli Niinre, <strong>Romaan kui elavh\u00f5be<\/strong>. \u2013 Sirp 8. III 2024 [\u201eH\u00e4mariku melanhoolia\u201c]<br>Mihhail Trunin, <strong>Lugeja vastu<\/strong>. \u2013 Looming, nr 7, 2024, lk 990-995. [\u201eH\u00e4mariku melanhoolia\u201c]<br>Janek Kraavi, <strong>Melanhoolne metafiktsioon<\/strong>. \u2013 Looming, nr 7, 2024, lk 996-998. [\u201eH\u00e4mariku melanhoolia\u201c]<\/p>\n\n\n\n<p><em><strong>Intervjuud<\/strong><\/em><br>Jaan Ross, <strong>\u00dcks jope, \u00fched teksad<\/strong>. \u2013 Vikerkaar, nr 9, 2011, lk 93-99.<br>Vahur Afanasjev, <strong>Rahvusvahelise kirjanduse kodanik Andrei Ivanov<\/strong>. \u2013 Eesti Ekspress 29. XI 2012\u00a0<br>Andres Laasik, <strong>Andrei Ivanov: olen emigratsioonis oma mineviku suhtes<\/strong>. \u2013 Eesti P\u00e4evaleht 7. I 2012<br>Teet Korsten, <strong>Kirjanik, kelle parim romaan teeb haigeks<\/strong>. \u2013 P\u00f5hjarannik 12. III 2013<br>Heili Sibrits, <strong>Sisepaguluses s\u00fcnnivad hitid<\/strong>. \u2013 Postimees 19. XII 2013<br>Heili Sibrits, <strong>Mis sunnib kirjutama?<\/strong> \u2013 Postimees 13. XI 2015<br>Jaanus Kulli, <strong>Eestis s\u00fcndinud kirjanik Andrei Ivanov: \u201eMinu s\u00fcmboolne kodumaa on ikkagi Venemaa\u201c<\/strong>. \u2013 \u00d5htuleht 22. III 2014. [Vt ka Jaanus Kulli, T\u00e4psustus. \u2013 \u00d5htuleht 29. III 2014.]<br>Priit H\u00f5bem\u00e4gi, <strong>Andrei Ivanov: hinge laboratoorium<\/strong>. \u2013 Eesti Ekspress 11. III 2015<br>Mihhail Trunin, <strong>Maailm vs. don Quijote<\/strong>. \u2013 Sirp 19. II 2016<br>Vilja Kiisler, <strong>Andrei Ivanov: olen nagu v\u00f5\u00f5ras lind metsas<\/strong>. \u2013 Eesti P\u00e4evaleht 3. I 2020<br>Igor Kotjuh, <strong>Romaaniga \u00fclerahvastatud planeedil<\/strong>. \u2013 Looming, nr 12, 2021, lk 1675-1682.<br>Peeter Korma\u0161ov, <strong>Kirjanik Andrei Ivanov: eesti kirjandus oleks v\u00f5inud Venemaal v\u00e4ga populaarne olla<\/strong>. \u2013 Eesti Ekspress 17. III 2024<\/p>\n","protected":false},"excerpt":{"rendered":"<p>ArtiklidJaan Ross, Kas Andrei Ivanov on eesti kirjanik?. \u2013 Vikerkaar, nr 10-11, 2010, lk 134-136.Eneken Laanes, Andrei Ivanov ja rahvus\u00fclene (eestivene) kirjandus. \u2013 Sirp 9. III 2012Mari Peegel, Eesti proosa vene keeles. Miks mitte?. \u2013 Eesti P\u00e4evaleht 9. II 2012Tiit &#8230;<\/p>\n","protected":false},"author":43,"featured_media":0,"parent":6951,"menu_order":0,"comment_status":"closed","ping_status":"closed","template":"","meta":{"_acf_changed":false,"inline_featured_image":false,"footnotes":""},"class_list":["post-6955","page","type-page","status-publish","hentry"],"acf":[],"_links":{"self":[{"href":"https:\/\/sisu.ut.ee\/ewod\/et\/wp-json\/wp\/v2\/pages\/6955","targetHints":{"allow":["GET"]}}],"collection":[{"href":"https:\/\/sisu.ut.ee\/ewod\/et\/wp-json\/wp\/v2\/pages"}],"about":[{"href":"https:\/\/sisu.ut.ee\/ewod\/et\/wp-json\/wp\/v2\/types\/page"}],"author":[{"embeddable":true,"href":"https:\/\/sisu.ut.ee\/ewod\/et\/wp-json\/wp\/v2\/users\/43"}],"replies":[{"embeddable":true,"href":"https:\/\/sisu.ut.ee\/ewod\/et\/wp-json\/wp\/v2\/comments?post=6955"}],"version-history":[{"count":1,"href":"https:\/\/sisu.ut.ee\/ewod\/et\/wp-json\/wp\/v2\/pages\/6955\/revisions"}],"predecessor-version":[{"id":6956,"href":"https:\/\/sisu.ut.ee\/ewod\/et\/wp-json\/wp\/v2\/pages\/6955\/revisions\/6956"}],"up":[{"embeddable":true,"href":"https:\/\/sisu.ut.ee\/ewod\/et\/wp-json\/wp\/v2\/pages\/6951"}],"wp:attachment":[{"href":"https:\/\/sisu.ut.ee\/ewod\/et\/wp-json\/wp\/v2\/media?parent=6955"}],"curies":[{"name":"wp","href":"https:\/\/api.w.org\/{rel}","templated":true}]}}