{"id":6920,"date":"2024-04-03T23:39:50","date_gmt":"2024-04-03T20:39:50","guid":{"rendered":"https:\/\/sisu.ut.ee\/ewod\/?page_id=6920"},"modified":"2025-04-01T12:44:32","modified_gmt":"2025-04-01T09:44:32","slug":"arno-vihalemm","status":"publish","type":"page","link":"https:\/\/sisu.ut.ee\/ewod\/et\/v\/arno-vihalemm\/","title":{"rendered":"Arno Vihalemm"},"content":{"rendered":"<figure class=\"wp-block-image alignright size-large is-resized\"><a href=\"https:\/\/sisu.ut.ee\/wp-content\/uploads\/sites\/108\/a.vihalemm-scaled.jpg\"><img loading=\"lazy\" decoding=\"async\" width=\"765\" height=\"1024\" src=\"https:\/\/sisu.ut.ee\/wp-content\/uploads\/sites\/108\/a.vihalemm-765x1024.jpg\" alt=\"\" class=\"wp-image-6177\" style=\"width:294px;height:auto\" srcset=\"https:\/\/sisu.ut.ee\/wp-content\/uploads\/sites\/108\/a.vihalemm-765x1024.jpg 765w, https:\/\/sisu.ut.ee\/wp-content\/uploads\/sites\/108\/a.vihalemm-224x300.jpg 224w, https:\/\/sisu.ut.ee\/wp-content\/uploads\/sites\/108\/a.vihalemm-768x1028.jpg 768w, https:\/\/sisu.ut.ee\/wp-content\/uploads\/sites\/108\/a.vihalemm-1148x1536.jpg 1148w, https:\/\/sisu.ut.ee\/wp-content\/uploads\/sites\/108\/a.vihalemm-1531x2048.jpg 1531w, https:\/\/sisu.ut.ee\/wp-content\/uploads\/sites\/108\/a.vihalemm-1920x2569.jpg 1920w, https:\/\/sisu.ut.ee\/wp-content\/uploads\/sites\/108\/a.vihalemm-scaled.jpg 1913w\" sizes=\"auto, (max-width: 765px) 100vw, 765px\"><\/a><\/figure>\n\n\n\n<p>Arno Vihalemm\u00a0(s\u00fcndinud\u00a0Arnold Koch, 24. V 1911 \u2013 21. VI 1990) oli v\u00e4liseesti luuletaja ja kunstnik.<\/p>\n\n\n\n<p>Arno Vihalemm s\u00fcndis tolliametniku pojana\u00a0P\u00e4rnus\u00a0R\u00e4\u00e4ma\u00a0alevikus. Aastal\u00a01931\u00a0l\u00f5petas ta\u00a0P\u00e4rnu Poeglaste G\u00fcmnaasiumi ja t\u00f6\u00f6tas algul joonestajana maam\u00f5\u00f5tja juures. Tema tollasesse tutvuskonda kuulusid veidi noorem koolivend August Sang ja veidi vanem R\u00e4\u00e4ma poiss Kaarel Ird. Arno Vihalemm tundis huvi teatri vastu ja m\u00e4ngis P\u00e4rnu T\u00f6\u00f6listeatris Kaarel Irdi lavastatud n\u00e4idendis. Kaarel Irdi m\u00e4lestuste kohaselt olnud Vihalemmal juba siis m\u00f5ned luuletused kirja pandud. Aastatel\u00a01935\u20131940\u00a0ja\u00a0aastal 1943\u00a0\u00f5ppis Tartus kunstikoolis\u00a0Pallas, kus tema \u00f5petajateks olid\u00a0Nikolai Triik,\u00a0Kaarel Liimand\u00a0ja\u00a0Aleksander Vardi. Luuleharrastus j\u00e4tkus ka Tartus. 1936. aasta novembris deb\u00fcteeris Vihalemm kolme luuletusega ajakirjas Looming ning oli ka j\u00e4rgnevatel aastatel selle ajakirja kaast\u00f6\u00f6line. Ajakirjas T\u00e4nap\u00e4ev sai Vihalemm 1930. aastate l\u00f5pul tuntuks epigrammidega.<\/p>\n\n\n\n<p>Aastal\u00a01944\u00a0asus elama\u00a0Rootsi, kus elas\u00a0Ystadi linnas, t\u00f6\u00f6tas kunstnikuna keraamikavabrikus ning maalimiskursuste juhataja, muuseumiametniku ja vabakunstnikuna. \u00d5ppereisid viisid Vihalemma Saksamaale, \u0160veitsi, Hispaaniasse ja Prantsusmaale. Esimene iseseisev v\u00e4ljapanek sai teoks 1955. aastal. 1940. aastate teisel poolel oli Vihalemma kui kunstniku p\u00f5hiala maalimine. 1950. aastate algusest j\u00e4rgnes pikk ja tunnustust toonud graafikaperiood. Vihalemm sai tuntuks ka raamatukujundajana. 1958. aastal avaldas Vihalemm omap\u00e4rase teose: mapi linooll\u00f5ikeid v\u00e4rssidega, pealkirjaks \u201eMarionetid\u201c. Raamatus leiduvad graafika ja v\u00e4rsid on \u00f5rritava toimega ja naivistlik-primitiivse kontuuriga.<\/p>\n\n\n\n<p>Vihalemm oli luuler\u00fchmituse Arbujad liikmete p\u00f5lvkonnakaaslane. Tema varane luule j\u00e4rgis nende k\u00f5rgpoeetilist stiili, eriti Heiti Talviku epigrammide vaimu. Vihalemma luule esikkogus \u201eKaja kivi s\u00fcdames. Luuletusi 1936\u20131944\u201c (1954) esineb nii 1930. aastate teisel poolel Loomingus avaldatud arbujalikku luulet kui ka koomilisi v\u00e4rsse. Pagulase tundeid kirjeldavad l\u00f5puts\u00fcklid on s\u00f5naseadelt rasked ja rusuvad. Vihalemma k\u00fcpset luulet iseloomustab k\u00f5rge ja madala, \u00fcleva ja kergekaalulise meisterlik \u00fchendamine. Tema v\u00e4rsid on sageli iroonilised, eneseiroonilised, vahel sarkastilised. Tema satiir inimloomuse ebat\u00e4iuse \u00fcle on nukralt m\u00f5istev, v\u00e4rsid on tulvil paroodiat ja m\u00e4ngu nihestatud s\u00f5nakujudega. Autori burleskianne ilmnes k\u00f5ige s\u00e4ravamalt 1966. aastal ilmunud luulekogus \u201eTsoo-loogia ehk ingel lindudega\u201c.<\/p>\n\n\n\n<p>Vihalemm on\u00a0rootsi keelest\u00a0eesti keelde t\u00f5lkinud\u00a0Nils Ferlini\u00a0luulevalimiku \u201eLaule ja luulet\u201c (1984).<\/p>\n\n\n\n<p>Arno Vihalemma pojad on teadusfilosoof\u00a0Rein Vihalemm\u00a0(1938\u20132015) ja meediaprofessor\u00a0Peeter Vihalemm (s\u00fcnd. 1944).<\/p>\n\n\n\n<p><em>L. P.<\/em><\/p>\n\n\n\n<h4 class=\"wp-block-heading\"><br>Raamatud eesti keeles<\/h4>\n\n\n\n<p><strong><em><strong><em>Luule<\/em><\/strong><\/em><\/strong><br><strong>Kaja kivi s\u00fcdames: luuletusi 1936\u20131944<\/strong>. Lund: Eesti Kirjanike Kooperatiiv, 1954,\u00a064 lk.<br><strong>Marionetid<\/strong>: mapp linooll\u00f5ikeid v\u00e4rssidega. Ystad: Vihalemm, 1958,\u00a020 lk.<br><strong>Consolationes<\/strong>. Lund: Eesti Kirjanike Kooperatiiv, 1961,\u00a095 lk.<br><strong>\u00dche P\u00e4rnust p\u00e4rit poeedi palgepooli<\/strong>. Tallinn, 1965,\u00a032 lk.<br><strong>Tsoo-loogia ehk ingel lindudega<\/strong>. Lund: Eesti Kirjanike Kooperatiiv, 1966,\u00a095 lk.<br><strong>\u00dche keelega kannel: riimitud ja riimimata antiluulet 1967\u20131978<\/strong>. Lund: Eesti Kirjanike Kooperatiiv, 1979,\u00a079 lk.<br><strong>Viis on viis: viies kogu v\u00e4rsse 1936\u20131986<\/strong>. Lund: Eesti Kirjanike Kooperatiiv, 1986,\u00a062 lk.<br><strong>Lugemik: autoriseeritud valikkogu, 1947\u201389<\/strong>. Tallinn: Eesti Raamat, 1991,\u00a0156 lk.<br><strong>Kogutud luule<\/strong>. Tallinn: Eesti Keele Sihtasutus, 2011,\u00a0471 lk.<\/p>\n\n\n\n<p><strong><em><strong><em>Proosa<\/em><\/strong><\/em><\/strong><br><strong>Kunstnik eesti kirjanduses: t\u00fc\u00fcbikriitiline veste<\/strong>. Rooma: Maarjamaa, 1975,\u00a076 lk.<\/p>\n\n\n\n<h4 class=\"wp-block-heading\"><a href=\"https:\/\/sisu.ut.ee\/ewod\/et\/v\/arno-vihalemm\/arno-vihalemma-kohta\/\" data-type=\"page\" data-id=\"6922\">Artiklid ja arvustused Arno Vihalemma kohta<\/a><\/h4>\n","protected":false},"excerpt":{"rendered":"<p>Arno Vihalemm\u00a0(s\u00fcndinud\u00a0Arnold Koch, 24. V 1911 \u2013 21. VI 1990) oli v\u00e4liseesti luuletaja ja kunstnik. Arno Vihalemm s\u00fcndis tolliametniku pojana\u00a0P\u00e4rnus\u00a0R\u00e4\u00e4ma\u00a0alevikus. Aastal\u00a01931\u00a0l\u00f5petas ta\u00a0P\u00e4rnu Poeglaste G\u00fcmnaasiumi ja t\u00f6\u00f6tas algul joonestajana maam\u00f5\u00f5tja juures. Tema tollasesse tutvuskonda kuulusid veidi noorem koolivend August Sang ja &#8230;<\/p>\n","protected":false},"author":43,"featured_media":0,"parent":6512,"menu_order":0,"comment_status":"closed","ping_status":"closed","template":"","meta":{"_acf_changed":false,"inline_featured_image":false,"footnotes":""},"class_list":["post-6920","page","type-page","status-publish","hentry"],"acf":[],"_links":{"self":[{"href":"https:\/\/sisu.ut.ee\/ewod\/et\/wp-json\/wp\/v2\/pages\/6920","targetHints":{"allow":["GET"]}}],"collection":[{"href":"https:\/\/sisu.ut.ee\/ewod\/et\/wp-json\/wp\/v2\/pages"}],"about":[{"href":"https:\/\/sisu.ut.ee\/ewod\/et\/wp-json\/wp\/v2\/types\/page"}],"author":[{"embeddable":true,"href":"https:\/\/sisu.ut.ee\/ewod\/et\/wp-json\/wp\/v2\/users\/43"}],"replies":[{"embeddable":true,"href":"https:\/\/sisu.ut.ee\/ewod\/et\/wp-json\/wp\/v2\/comments?post=6920"}],"version-history":[{"count":3,"href":"https:\/\/sisu.ut.ee\/ewod\/et\/wp-json\/wp\/v2\/pages\/6920\/revisions"}],"predecessor-version":[{"id":6926,"href":"https:\/\/sisu.ut.ee\/ewod\/et\/wp-json\/wp\/v2\/pages\/6920\/revisions\/6926"}],"up":[{"embeddable":true,"href":"https:\/\/sisu.ut.ee\/ewod\/et\/wp-json\/wp\/v2\/pages\/6512"}],"wp:attachment":[{"href":"https:\/\/sisu.ut.ee\/ewod\/et\/wp-json\/wp\/v2\/media?parent=6920"}],"curies":[{"name":"wp","href":"https:\/\/api.w.org\/{rel}","templated":true}]}}