{"id":6910,"date":"2025-04-01T12:08:54","date_gmt":"2025-04-01T09:08:54","guid":{"rendered":"https:\/\/sisu.ut.ee\/ewod\/?page_id=6910"},"modified":"2025-04-01T12:08:55","modified_gmt":"2025-04-01T09:08:55","slug":"paul-haavaoksa-kohta","status":"publish","type":"page","link":"https:\/\/sisu.ut.ee\/ewod\/et\/h\/paul-haavaoks\/paul-haavaoksa-kohta\/","title":{"rendered":"Paul Haavaoksa kohta"},"content":{"rendered":"<p><em><strong>Artiklid<\/strong><\/em><br>Hando Runnel, <strong>Paul Haavaoksa m\u00e4\u00e4ramatus ja m\u00e4\u00e4ratus<\/strong>. \u2013 Keel ja Kirjandus, nr 6, 1974, lk 334\u2013337.<br>ENSV Kirjanike Liit, ENSV Looduskaitse Selts, <strong>[Nekroloog]<\/strong>. \u2013 Sirp ja Vasar, 7. X 1983, lk 15.<br>T\u00f5nis Lehtmets. <strong>Paul Haavaoks [nekroloog]<\/strong>. \u2013 Keel ja Kirjandus, nr 12, 1983, lk 107\u2013108.<\/p>\n\n\n\n<p><em><strong>Arvustused<\/strong><\/em><br>Nigol Andresen. <strong>Viis luuletuskogu<\/strong>. \u2013 Looming, nr 11, 1957, lk 1750\u20131753.[Luulekogust \u2018Peipsi rannalt\u2019.]<br>Ellen Niit, <strong>Postivahe Peipsi-\u00e4\u00e4rset maanteed<\/strong>. \u2013 Keel ja Kirjandus, nr 9, 1960, lk 568\u2013570. [Luulekogust \u2018R\u00e4ndajad maanteel\u2019.]<br>\u00dclo Tonts, <strong>Peipsi rannal kohisevad metsad<\/strong>. \u2013 Keel ja Kirjandus, nr 4, 1963, lk 234\u2013235. [Luulekogust \u2018Metsad kohisevad\u2019.]<br>Silvia Nagelmaa, <strong>S\u00f5el on h\u00f5re olnud<\/strong>. \u2013 Keel ja Kirjandus, nr 2, 1966, lk 125\u2013126. [Luulekogust \u2018Laul suurest salvest\u2019.]<br>Kalju Habicht, <strong>Laulud viljade ja v\u00e4ljade vahelt<\/strong>. \u2013 Looming, nr 5, 1966, lk 822\u2013824. [\u2018Laul suurest salvest\u2019.]<br>Valeeria Villandi, <strong>Paistab l\u00e4bi s\u00fcgissaju minu noorusp\u00e4ev<\/strong>. \u2013 Sirp ja Vasar, 7. VIII 1970, lk 3. [Luulekogust \u2018Sipelgarada\u2019.]<br>\u00dclo Tonts, <strong>Paul Haavaoksa valikkogu puhul<\/strong>. \u2013 Keel ja Kirjandus, nr 6, 1972, lk 369\u2013371. [Luulekogust \u2018Talvised mesipuud\u2019.]<br>Leili Iher, <strong>\u201eMil s\u00f5naks muutub s\u00fcdantvaldav \u00e4ng?\u201d<\/strong>. \u2013 Keel ja Kirjandus, nr 3, 1975, lk 179\u2013180. [Luulekogust \u2018Palumaa pedajad\u2019.]<br>Minni Nurme, <strong>Kolkalaulud lagedale<\/strong>. \u2013 Keel ja Kirjandus, nr 3, 1975, lk 178\u2013179. [\u2018Palumaa pedajad\u2019.]<br>Oskar Kruus, <strong>Raamat s\u00f5jaj\u00e4rgsest noorusest<\/strong>. \u2013 Sirp ja Vasar, 20. VI 1975, lk 5. [\u2018Eelkarastumine\u2019.]<br>Oskar Kruus. <strong>Enesele truuks j\u00e4\u00e4des<\/strong>. \u2013 Sirp ja Vasar, 2. XII 1977, lk 5. [Raamatust \u2018Kanajala linnajagu\u2019.]<br>Leili Iher. <strong>Kaks jalutajat elu argip\u00e4evas<\/strong>. \u2013 Keel ja Kirjandus, nr 3, 1978, lk 174\u2013175. [\u2018Kanajala linnajagu\u2019.]<br>Julius \u00dcrt, <strong>\u201eKoduk\u00fcla, kodumaa\u201d<\/strong>. \u2013 Sirp ja Vasar, 9. I 1981, lk 7. [Luulekogust \u2018On k\u00fcla kuskil veel\u2019.]<\/p>\n\n\n\n<p><strong><em>Intervjuud<\/em><\/strong><br>Ello Marem\u00e4e, <strong>Inimesele on vaja inimesi. Juubelijuttu Paul Haavaoksaga<\/strong>. \u2013 Sirp ja Vasar, 14. VI 1974, lk 6.<\/p>\n","protected":false},"excerpt":{"rendered":"<p>ArtiklidHando Runnel, Paul Haavaoksa m\u00e4\u00e4ramatus ja m\u00e4\u00e4ratus. \u2013 Keel ja Kirjandus, nr 6, 1974, lk 334\u2013337.ENSV Kirjanike Liit, ENSV Looduskaitse Selts, [Nekroloog]. \u2013 Sirp ja Vasar, 7. X 1983, lk 15.T\u00f5nis Lehtmets. Paul Haavaoks [nekroloog]. \u2013 Keel ja Kirjandus, nr &#8230;<\/p>\n","protected":false},"author":43,"featured_media":0,"parent":6906,"menu_order":0,"comment_status":"closed","ping_status":"closed","template":"","meta":{"_acf_changed":false,"inline_featured_image":false,"footnotes":""},"class_list":["post-6910","page","type-page","status-publish","hentry"],"acf":[],"_links":{"self":[{"href":"https:\/\/sisu.ut.ee\/ewod\/et\/wp-json\/wp\/v2\/pages\/6910","targetHints":{"allow":["GET"]}}],"collection":[{"href":"https:\/\/sisu.ut.ee\/ewod\/et\/wp-json\/wp\/v2\/pages"}],"about":[{"href":"https:\/\/sisu.ut.ee\/ewod\/et\/wp-json\/wp\/v2\/types\/page"}],"author":[{"embeddable":true,"href":"https:\/\/sisu.ut.ee\/ewod\/et\/wp-json\/wp\/v2\/users\/43"}],"replies":[{"embeddable":true,"href":"https:\/\/sisu.ut.ee\/ewod\/et\/wp-json\/wp\/v2\/comments?post=6910"}],"version-history":[{"count":1,"href":"https:\/\/sisu.ut.ee\/ewod\/et\/wp-json\/wp\/v2\/pages\/6910\/revisions"}],"predecessor-version":[{"id":6911,"href":"https:\/\/sisu.ut.ee\/ewod\/et\/wp-json\/wp\/v2\/pages\/6910\/revisions\/6911"}],"up":[{"embeddable":true,"href":"https:\/\/sisu.ut.ee\/ewod\/et\/wp-json\/wp\/v2\/pages\/6906"}],"wp:attachment":[{"href":"https:\/\/sisu.ut.ee\/ewod\/et\/wp-json\/wp\/v2\/media?parent=6910"}],"curies":[{"name":"wp","href":"https:\/\/api.w.org\/{rel}","templated":true}]}}