{"id":6889,"date":"2025-03-27T08:48:28","date_gmt":"2025-03-27T06:48:28","guid":{"rendered":"https:\/\/sisu.ut.ee\/ewod\/?page_id=6889"},"modified":"2025-03-27T08:48:29","modified_gmt":"2025-03-27T06:48:29","slug":"kalju-kanguri-kohta","status":"publish","type":"page","link":"https:\/\/sisu.ut.ee\/ewod\/et\/k\/kalju-kangur\/kalju-kanguri-kohta\/","title":{"rendered":"Kalju Kanguri kohta"},"content":{"rendered":"<p><em><strong>Artiklid<\/strong><\/em><br>Silvia Nagelmaa, <strong>Kalju Kangur 50<\/strong>. \u2013 Keel ja Kirjandus, nr 10, 1975, lk 624\u2013625.<br>Valeeria Villandi, <strong>Kuningalinnast m\u00f5tiskleja<\/strong>. \u2013 Looming, nr 10, 1975, lk 1754\u20131757.<br>Eesti Kirjanike Liit, <strong>Kalju Kangur. Nekroloog<\/strong>. \u2013 Sirp ja Vasar, 20. I 1989, lk 15.<br>Valeeria Villandi, <strong>Kalju Kangur. Nekroloog<\/strong>. \u2013 Looming, nr 3, 1989, lk 431.<br>\u00dclo Tonts. <strong>Kalju Kanguri lahkumisel. 25. X 1925 \u2013 15. I 1989<\/strong>. \u2013 Keel ja Kirjandus, nr 5, 1989, lk 317\u2013318.<\/p>\n\n\n\n<p><em><strong>Arvustused<\/strong><\/em><br>Nigol Andresen. <strong>Viis luuletuskogu<\/strong>. [Luulekogust \u2018M\u00f6\u00f6da jalgteid\u2019.] \u2013 Looming, nr 11, 1957, lk 1750\u20131753.<br>Oskar Kruus. <strong>Enese\u00fcletamise raskus<\/strong>. [Luulekogust \u2018Kivid ja kirjad\u2019.] \u2013 Looming, nr 7, 1968, lk 1107\u20131110.<br>Zara Mints, Ann Malts, <strong>Teel \u201eEesti\u201d Bloki poole<\/strong>. [Raamatust Aleksander Blok. \u2018\u00d6\u00f6bikuaed. Valik luulet\u2019. Koostanud K. Kangur. T\u00f5lkinud K. Kangur, J. Kross, A. Sang, J. Semper, H. Talvik, D. Vaarandi. Tallinn: Eesti Raamat, 1972, 320 lk.] \u2013 Keel ja Kirjandus, nr 12, 1973, lk 761\u2013766.<br>Viiu H\u00e4rm, <strong>Peot\u00e4is tuhklund ja miniatuurikogu<\/strong>. [Raamatust \u2018P\u00e4ikesepaiste krobelistel kuuset\u00fcvedel\u2019.] \u2013 Looming, nr 2, 1976, lk 335\u2013339.<br>Oskar Kruus, <strong>Enesele truuks j\u00e4\u00e4des<\/strong>. [Luulekogust \u2018H\u00e4rmal\u00f5ngad\u2019.] \u2013 Sirp ja Vasar, 2. XII 1977, lk 5.<br>Leili Iher, <strong>Kaks jalutajat elu argip\u00e4evas<\/strong>. [\u2018H\u00e4rmal\u00f5ngad\u2019.] \u2013 Keel ja Kirjandus, nr 3, 1978, lk 174\u2013175.<br>Aivo L\u00f5hmus, <strong>Parem siiski sellest\u2026<\/strong> [\u2018H\u00e4rmal\u00f5ngad\u2019.] \u2013 Looming, nr 2, 1978, lk 339\u2013342.<br>Nigol Andresen, <strong>Vene luulemeistri t\u00f5lkeraamat<\/strong>. [Valeri Brjussov. \u2018N\u00e4gemise \u00fclistus. Luulet\u2019. Valinud ja t\u00f5lkinud Kalju Kangur. Tallinn: Eesti Raamat, 1978, 254 lk.] \u2013 Sirp ja Vasar, 22. XII 1978, lk 3.<br>Oskar Kruus, <strong>Poeedi traagiline \u00fcksildus<\/strong>. [Luulekogust \u2018Sonetid\u2019.] \u2013 Looming, nr 12, 1979, lk 1755\u20131756.<br>Julius \u00dcrt, <strong>Kalju Kangur: \u00fcheksas luulekogu, lastev\u00e4rsid pealekauba<\/strong>. [Raamatutest \u2018Sel sajusel suvel\u2019, \u2018Punaste traksidega koer\u2019.] \u2013 Looming, nr 2, 1985, lk 276\u2013277.<br>Rein Tootmaa, <strong>Viirastusmaastik<\/strong>. [\u2018Sel sajusel suvel\u2019.] \u2013 Sirp ja Vasar, 7. VI 1985, lk 4.<\/p>\n","protected":false},"excerpt":{"rendered":"<p>ArtiklidSilvia Nagelmaa, Kalju Kangur 50. \u2013 Keel ja Kirjandus, nr 10, 1975, lk 624\u2013625.Valeeria Villandi, Kuningalinnast m\u00f5tiskleja. \u2013 Looming, nr 10, 1975, lk 1754\u20131757.Eesti Kirjanike Liit, Kalju Kangur. Nekroloog. \u2013 Sirp ja Vasar, 20. I 1989, lk 15.Valeeria Villandi, Kalju &#8230;<\/p>\n","protected":false},"author":43,"featured_media":0,"parent":6886,"menu_order":0,"comment_status":"closed","ping_status":"closed","template":"","meta":{"_acf_changed":false,"inline_featured_image":false,"footnotes":""},"class_list":["post-6889","page","type-page","status-publish","hentry"],"acf":[],"_links":{"self":[{"href":"https:\/\/sisu.ut.ee\/ewod\/et\/wp-json\/wp\/v2\/pages\/6889","targetHints":{"allow":["GET"]}}],"collection":[{"href":"https:\/\/sisu.ut.ee\/ewod\/et\/wp-json\/wp\/v2\/pages"}],"about":[{"href":"https:\/\/sisu.ut.ee\/ewod\/et\/wp-json\/wp\/v2\/types\/page"}],"author":[{"embeddable":true,"href":"https:\/\/sisu.ut.ee\/ewod\/et\/wp-json\/wp\/v2\/users\/43"}],"replies":[{"embeddable":true,"href":"https:\/\/sisu.ut.ee\/ewod\/et\/wp-json\/wp\/v2\/comments?post=6889"}],"version-history":[{"count":1,"href":"https:\/\/sisu.ut.ee\/ewod\/et\/wp-json\/wp\/v2\/pages\/6889\/revisions"}],"predecessor-version":[{"id":6890,"href":"https:\/\/sisu.ut.ee\/ewod\/et\/wp-json\/wp\/v2\/pages\/6889\/revisions\/6890"}],"up":[{"embeddable":true,"href":"https:\/\/sisu.ut.ee\/ewod\/et\/wp-json\/wp\/v2\/pages\/6886"}],"wp:attachment":[{"href":"https:\/\/sisu.ut.ee\/ewod\/et\/wp-json\/wp\/v2\/media?parent=6889"}],"curies":[{"name":"wp","href":"https:\/\/api.w.org\/{rel}","templated":true}]}}