{"id":6886,"date":"2024-04-03T23:40:07","date_gmt":"2024-04-03T20:40:07","guid":{"rendered":"https:\/\/sisu.ut.ee\/ewod\/?page_id=6886"},"modified":"2025-03-27T08:49:12","modified_gmt":"2025-03-27T06:49:12","slug":"kalju-kangur","status":"publish","type":"page","link":"https:\/\/sisu.ut.ee\/ewod\/et\/k\/kalju-kangur\/","title":{"rendered":"Kalju Kangur"},"content":{"rendered":"<figure class=\"wp-block-image alignright size-large is-resized\"><a href=\"https:\/\/sisu.ut.ee\/wp-content\/uploads\/sites\/108\/kalju_kangur_kaljo_raud.jpg\"><img loading=\"lazy\" decoding=\"async\" width=\"624\" height=\"1024\" src=\"https:\/\/sisu.ut.ee\/wp-content\/uploads\/sites\/108\/kalju_kangur_kaljo_raud-624x1024.jpg\" alt=\"Kalju Kangur\" class=\"wp-image-2437\" style=\"width:206px;height:auto\" title=\"Foto: Kaljo Raud\" srcset=\"https:\/\/sisu.ut.ee\/wp-content\/uploads\/sites\/108\/kalju_kangur_kaljo_raud-624x1024.jpg 624w, https:\/\/sisu.ut.ee\/wp-content\/uploads\/sites\/108\/kalju_kangur_kaljo_raud-183x300.jpg 183w, https:\/\/sisu.ut.ee\/wp-content\/uploads\/sites\/108\/kalju_kangur_kaljo_raud.jpg 734w\" sizes=\"auto, (max-width: 624px) 100vw, 624px\"><\/a><\/figure>\n\n\n\n<p>Kalju Kangurit (25. X 1925 \u2013 15. I 1989) tuntakse kui \u00fcht teenekamat ja viljakamat vene luule t\u00f5lkijat eesti keelde. Samuti on ta kirjutanud fantaasiak\u00fcllaseid lastejutte ja l\u00fchiproosat ning arvukaid luuleraamatuid.<\/p>\n\n\n\n<p>Kangur s\u00fcndis Tartumaal Vana-Kuuste k\u00fclas taluperemehe pojana, \u00f5ppis aastatel 1933\u20131939 Sipe algkoolis ja 1939\u20131944 Tartus Hugo Treffneri g\u00fcmnaasiumis. S\u00f5jaj\u00e4rgsetel aastatel t\u00f6\u00f6tas ametnikuna ja raamatupidajana mitmetes L\u00f5una-Eesti ettev\u00f5tetes. Aastast 1955 oli ta kutseline kirjanik, elas Tartus ja Peedul.<\/p>\n\n\n\n<p>Kanguri esimesed luuletused ilmusid ajalehes Postimees 1942. aastal. 1940. aastate l\u00f5pul ja 1950. aastate algul osales Kangur Tartu Noorte Autorite Koondise koosolekutel. Vanematele kolleegidele paistis ta silma ebatavalise s\u00f5naosavusega ja leidlikkusega riimimisel. Sonetid \u00f5nnestusid tal pealtn\u00e4ha vaevata. N\u00f5nda teenis Kanguri looming v\u00e4lja tr\u00fckki p\u00e4\u00e4semiseks vajalikud soovituskirjad. \u201eLauluga Stalinist\u201c j\u00f5udis Kangur 1949. aasta Loomingu viimasesse numbrisse. Aastatel 1951\u20131953 oli Kangur poliitilistel p\u00f5hjustel p\u00f5lu all. Esimene luulekogu \u201eM\u00f6\u00f6da jalgteid\u201c ilmus 1957. aastal. P\u00e4rast teise luulekogu \u201e\u00dcksainus rukkipea\u201c (1959) ilmumist v\u00f5eti Kangur Eesti Kirjanike Liitu. Suved veetis tema perekond Kirjanike Liidu valduses olnud majas Peedul.<\/p>\n\n\n\n<p>Kirjandusteadlane Oskar Kruus on nimetanud Kangurit \u00fcksinduse laulikuks. Luuletaja v\u00e4ldib t\u00e4ielikult \u00fchiskondlikke s\u00f5nav\u00f5tte, on p\u00fchendunud loodusmaastike maalimisele, tonaalsus on enamasti pastelne ja minoorne. Hilisemates luulekogudes esineb keskaegseid linnamotiive. Kanguri linn on visioonlik, meeleolult nostalgiline ja romantiline. Kanguri viimased luulekogud on muutunud j\u00e4rjest m\u00e4ngulisemaks ja eemaldunud tegelikust maailmast.<\/p>\n\n\n\n<p>Kangur eelistas kirjutada klassikalisi v\u00e4rsivorme. Tal on neli sonetikogumikku ning ta on k\u00f5ige rohkem sonette kirjutanud luuletaja eesti kirjanduses. Tema vaieldamatu riimimeisterlikkus on p\u00e4lvinud imetlust, aga ka kriitikat, justkui m\u00f5juksid range r\u00fctm ja riimid m\u00f5tet ahistavalt.<\/p>\n\n\n\n<p>Kangur on kirjutanud ka lasteluulet, arvukalt miniatuure, m\u00f5ned novellid ja \u00fche romaani. Noorte lugejate hulgas olid populaarsed tema lastejutud \u201eTimbu-Limbu \u00f5ukond ja lumem\u00f6ldrid\u201c (1969) ning \u201eUnen\u00e4od kristallkohvris\u201c (1979).<\/p>\n\n\n\n<p>Kanguri luuletusi on t\u00f5lgitud paljudesse keeltesse ja viisistatud. Kogumikes ja eraldi raamatutena on ilmunud suurel hulgal Kanguri t\u00f5lkeid vene luuleklassikast (Pu\u0161kin, Brjussov, Blok, Balmont, Bel\u00f5i, Sologub, Bunin jt).<\/p>\n\n\n\n<p><em>L. P.<\/em><\/p>\n\n\n\n<h4 class=\"wp-block-heading\"><br>Raamatud eesti keeles<\/h4>\n\n\n\n<p><strong><em>Luule<\/em><\/strong><br><strong>M\u00f6\u00f6da jalgteid<\/strong>. Luuletusi 1954\u20131956. Tallinn: Eesti Riiklik Kirjastus, 1957, 75 lk.<br><strong>\u00dcksainus rukkipea<\/strong>. Teine kogu v\u00e4rsse 1957\u20131959. Tallinn: Eesti Riiklik Kirjastus, 1959, 80 lk.<br><strong>Kivid ja kajad<\/strong>. Tallinn: Eesti Raamat, 1968, 72 lk.<br><strong>Vale mees vaadis<\/strong>. Tallinn: Eesti Raamat, 1973, 80 lk.<br><strong>H\u00e4rmal\u00f5ngad<\/strong>. Tallinn: Eesti Raamat, 1977, 116 lk.<br><strong>Sonetid<\/strong>. Tallinn: Eesti Raamat, 1979, 135 lk.<br><strong>Portselantantsud<\/strong>. Sonette 1979. Tallinn: Eesti Raamat, 1981, 76 lk.<br><strong>M\u00f6\u00f6dumatus<\/strong>. Sonetid. Tallinn: Eesti Raamat, 1982, 55 lk.<br><strong>Sel sajusel suvel<\/strong>. Tallinn: Eesti Raamat, 1984, 95 lk.<br><strong>Sonetiraamat<\/strong>. Tallinn: Eesti Raamat, 1988, 160 lk.<br><strong>S\u00f5na sees olek<\/strong>. V\u00e4rsse 1946\u20131986. Tallinn: Eesti Raamat, 1994, 93 lk.<\/p>\n\n\n\n<p><strong><em>Lasteluule<\/em><\/strong><br><strong>Konnak\u00fcbar<\/strong>. Luuletused kooliealiste nooremale astmele. Tallinn: Eesti Riiklik Kirjastus, 1963, 24 lk.<br><strong>Hajameelne tramm<\/strong>. L\u00f5busad luuletused lastele. Tallinn: Eesti Raamat, 1966, 52 lk.<br><strong>Kuningalinna lood<\/strong>. Tallinn: Eesti Raamat, 1973, 40 lk.<br><strong>Laulumaja<\/strong>. Luuletused koolieelikutele. Tallinn: Eesti Raamat, 1977, 24 lk.<br><strong>Kuldsed krabid<\/strong>. Luuletused nooremale koolieale. Tallinn: Eesti Raamat, 1982, 29 lk.<br><strong>Punaste traksidega koer<\/strong>. Luuletused v\u00e4ikelastele. Tallinn: Eesti Raamat, 1984, 32 lk.<br><strong>Tiritammet\u00f5rud<\/strong>. Valik lasteluulet, 1960\u20131980. Tallinn: Eesti Raamat, 1985, 48 lk.<br><strong>\u00dcle seitsme udusilla<\/strong>. Tallinn: Eesti Raamat, 1989, 29 lk.<br><strong>Kass Karlotte<\/strong>. Tallinn: TEA Kirjastus, 2007, 52 lk.<\/p>\n\n\n\n<p><strong><em>Proosa<\/em><\/strong><br><strong>Puud, mis virvendavad lindude laulust<\/strong>. Sigridi-raamat. Tallinn: Eesti Raamat, 1966, 76 lk. [Lastele.]<br><strong>Timbu-Limbu \u00f5ukond ja lumem\u00f6ldrid<\/strong>. Tallinn: Eesti Raamat, 1969, 44 lk. [Lastele. 2. tr\u00fckk: 2008.]<br><strong>P\u00e4ikesepaiste krobelistel kuuset\u00fcvedel<\/strong>. Miniatuure. Tallinn: Eesti Raamat, 1975, 184 lk.<br><strong>Unen\u00e4od kristallkohvris<\/strong>. Muinasjutud. Tallinn: Eesti Raamat, 1979, 33 lk. [Lastele. 2. tr\u00fckk: 2008.]<br><strong>Juturaamat<\/strong>. Tallinn: Eesti Raamat, 1986, 189 lk.<br><strong>P\u00f5genemisruum<\/strong>. \u00dche ametniku lugu. Romaan. Tallinn, Eesti Raamat, 1988, 173 lk.<\/p>\n\n\n\n<h4 class=\"wp-block-heading\"><a href=\"https:\/\/sisu.ut.ee\/ewod\/et\/k\/kalju-kangur\/kalju-kanguri-kohta\/\" data-type=\"page\" data-id=\"6889\">Artiklid ja arvustused Kalju Kanguri kohta<\/a><\/h4>\n","protected":false},"excerpt":{"rendered":"<p>Kalju Kangurit (25. X 1925 \u2013 15. I 1989) tuntakse kui \u00fcht teenekamat ja viljakamat vene luule t\u00f5lkijat eesti keelde. Samuti on ta kirjutanud fantaasiak\u00fcllaseid lastejutte ja l\u00fchiproosat ning arvukaid luuleraamatuid. Kangur s\u00fcndis Tartumaal Vana-Kuuste k\u00fclas taluperemehe pojana, \u00f5ppis aastatel &#8230;<\/p>\n","protected":false},"author":43,"featured_media":0,"parent":6484,"menu_order":0,"comment_status":"closed","ping_status":"closed","template":"","meta":{"_acf_changed":false,"inline_featured_image":false,"footnotes":""},"class_list":["post-6886","page","type-page","status-publish","hentry"],"acf":[],"_links":{"self":[{"href":"https:\/\/sisu.ut.ee\/ewod\/et\/wp-json\/wp\/v2\/pages\/6886","targetHints":{"allow":["GET"]}}],"collection":[{"href":"https:\/\/sisu.ut.ee\/ewod\/et\/wp-json\/wp\/v2\/pages"}],"about":[{"href":"https:\/\/sisu.ut.ee\/ewod\/et\/wp-json\/wp\/v2\/types\/page"}],"author":[{"embeddable":true,"href":"https:\/\/sisu.ut.ee\/ewod\/et\/wp-json\/wp\/v2\/users\/43"}],"replies":[{"embeddable":true,"href":"https:\/\/sisu.ut.ee\/ewod\/et\/wp-json\/wp\/v2\/comments?post=6886"}],"version-history":[{"count":3,"href":"https:\/\/sisu.ut.ee\/ewod\/et\/wp-json\/wp\/v2\/pages\/6886\/revisions"}],"predecessor-version":[{"id":6891,"href":"https:\/\/sisu.ut.ee\/ewod\/et\/wp-json\/wp\/v2\/pages\/6886\/revisions\/6891"}],"up":[{"embeddable":true,"href":"https:\/\/sisu.ut.ee\/ewod\/et\/wp-json\/wp\/v2\/pages\/6484"}],"wp:attachment":[{"href":"https:\/\/sisu.ut.ee\/ewod\/et\/wp-json\/wp\/v2\/media?parent=6886"}],"curies":[{"name":"wp","href":"https:\/\/api.w.org\/{rel}","templated":true}]}}