{"id":6882,"date":"2025-03-26T10:19:23","date_gmt":"2025-03-26T08:19:23","guid":{"rendered":"https:\/\/sisu.ut.ee\/ewod\/?page_id=6882"},"modified":"2025-03-26T10:19:24","modified_gmt":"2025-03-26T08:19:24","slug":"juhan-peegli-kohta","status":"publish","type":"page","link":"https:\/\/sisu.ut.ee\/ewod\/et\/p\/juhan-peegel\/juhan-peegli-kohta\/","title":{"rendered":"Juhan Peegli kohta"},"content":{"rendered":"<p><em><strong>Artiklid<\/strong><\/em><br>Heino Puhvel. <strong>Proosalisi m\u00f5tisklusi 1964. aasta proosast<\/strong>. \u2013 Looming, nr 4, 1965, lk 572. <br>Meelik Kahu. <strong>Eesti ajakirjandusest, selle juubelist ja Juhan Peeglist<\/strong>. \u2013 Keel ja Kirjandus, nr 11, 1966, lk 699\u2013700.<br>Harri Lehiste. <strong>Kasuga kaup<\/strong>. \u2013 Looming, nr 11, 1966, lk 1781\u20131783.<br>Endel Mallene. <strong>Juhan Peegel 50-aastane<\/strong>. \u2013 Keel ja Kirjandus, nr 5, 1969, lk 304.<br>Endel Tennov. <strong>Lugu olgu l\u00fchike v\u00f5i pikk<\/strong>. \u2013 Keel ja Kirjandus, nr 1, 1971, lk 54\u201355.<br>Harald Peep. <strong>Juhan Peegel filosoofiadoktoriks<\/strong>. \u2013 Keel ja Kirjandus, nr 2, 1974, lk 121\u2013124.<br>Reet Krusten. <strong><em>C\u2019est la vie<\/em><\/strong>. \u2013 Keel ja Kirjandus, nr 1, 1977, lk 50.<br>Mihkel Mutt. <strong>\u00dcks vanamoeline eesti kirjamees<\/strong>. \u2013 Looming, nr 5, 1979, lk 717\u2013725.<br>Hando Runnel. <strong>Meie Juhan \u2013 meie Juhan Peegel<\/strong>. \u2013 Looming, nr 5, 1989, lk 703\u2013704.<br>Valve-Liivi Kingisepp. <strong>Juhan Peegel keeleuurijana<\/strong>. \u2013 Keel ja Kirjandus, nr 5, 1994, lk 262\u2013269.<\/p>\n\n\n\n<p><em><strong>Arvustused<\/strong><\/em><br>Olev J\u00f5gi. <strong>Tuulepuhang kagust \u2013 \u00fcle nimetute haudade<\/strong>. \u2013 Sirp ja Vasar 5. V 1979. [Romaanist \u201cMa langesin esimesel s\u00f5jasuvel\u201d.]<br>\u00dclo Tonts. <strong>Kaks habrast juttu<\/strong>. \u2013 Keel ja Kirjandus, nr 6, 1992, lk 377\u2013378. [Raamatust \u201cAegade j\u00e4ljed\u201d.]<br>Jaan Undusk. <strong>Juhan Peegel. Ma langesin esimesel s\u00f5jasuvel<\/strong>. \u2013 Eesti P\u00e4evaleht 3. IV 2009, lk 20.<br>Rein Veidemann. <strong>Juhan Peegel. Ma langesin esimesel s\u00f5jasuvel<\/strong>. \u2013 Rein Veidemann. 101 Eesti kirjandusteost. Tallinn: Varrak, 2011, lk 180\u2013181.<\/p>\n\n\n\n<p><em><strong>Intervjuud<\/strong><\/em><br>Tiit Tuumalu. <strong>Maestro Juhan Peegel ei kirjuta memuaare<\/strong>. \u2013 Postimees 15. V 1996, lk 2.<br>Maris Balbat. <strong>K\u00f5ik oleneb inimesest. Juhan Peegel<\/strong>. \u2013 Elukiri, 5. V 2001, lk 6\u201311.<br>Hannes Kuusma. <strong>Juhan Peegel: Jannseni ajaleht t\u00f5i eestlastele suure maailma madalasse talumajja<\/strong>. \u2013 P\u00e4rnu Postimees, 5. VI 2002, lk 2.<br>Indrek Ude. <strong>Juhan Peegel: kas v\u00f5itluskaaslaste elu p\u00e4\u00e4stnud s\u00f5pra ei tohi meeles pidada?<\/strong> \u2013 Eesti P\u00e4evaleht, 7. V 2005, lk 8\u20139.<br>Mall J\u00f5gi. <strong>Vanast Saaremaast ja muustki. Juhan Peegel<\/strong>. \u2013 Reede, 19. V, 26. V 1989. [Ilmunud ka: Mall J\u00f5gi. K\u00f5nelesid: jutuajamisi kirjarahva ja teadlastega aastatest 1979\u20132006. Tallinn: T\u00e4nap\u00e4ev, 2007, lk 110\u2013126.]<br>Asta P\u00f5ldm\u00e4e. <strong>V\u00e4ike raamat raskest unustamisv\u00f5imetusest<\/strong>. \u2013 Asta P\u00f5ldm\u00e4e. Ja valguse armulise: kirjat\u00f6id aastaist 1975\u20132013. Tallinn: Eesti Keele Sihtasutus, 2014, lk 190\u2013194. [Intervjuu romaanist \u201cMa langesin esimesel s\u00f5jasuvel\u201d.]<\/p>\n","protected":false},"excerpt":{"rendered":"<p>ArtiklidHeino Puhvel. Proosalisi m\u00f5tisklusi 1964. aasta proosast. \u2013 Looming, nr 4, 1965, lk 572. Meelik Kahu. Eesti ajakirjandusest, selle juubelist ja Juhan Peeglist. \u2013 Keel ja Kirjandus, nr 11, 1966, lk 699\u2013700.Harri Lehiste. Kasuga kaup. \u2013 Looming, nr 11, 1966, &#8230;<\/p>\n","protected":false},"author":43,"featured_media":0,"parent":6870,"menu_order":0,"comment_status":"closed","ping_status":"closed","template":"","meta":{"_acf_changed":false,"inline_featured_image":false,"footnotes":""},"class_list":["post-6882","page","type-page","status-publish","hentry"],"acf":[],"_links":{"self":[{"href":"https:\/\/sisu.ut.ee\/ewod\/et\/wp-json\/wp\/v2\/pages\/6882","targetHints":{"allow":["GET"]}}],"collection":[{"href":"https:\/\/sisu.ut.ee\/ewod\/et\/wp-json\/wp\/v2\/pages"}],"about":[{"href":"https:\/\/sisu.ut.ee\/ewod\/et\/wp-json\/wp\/v2\/types\/page"}],"author":[{"embeddable":true,"href":"https:\/\/sisu.ut.ee\/ewod\/et\/wp-json\/wp\/v2\/users\/43"}],"replies":[{"embeddable":true,"href":"https:\/\/sisu.ut.ee\/ewod\/et\/wp-json\/wp\/v2\/comments?post=6882"}],"version-history":[{"count":1,"href":"https:\/\/sisu.ut.ee\/ewod\/et\/wp-json\/wp\/v2\/pages\/6882\/revisions"}],"predecessor-version":[{"id":6883,"href":"https:\/\/sisu.ut.ee\/ewod\/et\/wp-json\/wp\/v2\/pages\/6882\/revisions\/6883"}],"up":[{"embeddable":true,"href":"https:\/\/sisu.ut.ee\/ewod\/et\/wp-json\/wp\/v2\/pages\/6870"}],"wp:attachment":[{"href":"https:\/\/sisu.ut.ee\/ewod\/et\/wp-json\/wp\/v2\/media?parent=6882"}],"curies":[{"name":"wp","href":"https:\/\/api.w.org\/{rel}","templated":true}]}}