{"id":6859,"date":"2025-03-25T12:39:12","date_gmt":"2025-03-25T10:39:12","guid":{"rendered":"https:\/\/sisu.ut.ee\/ewod\/?page_id=6859"},"modified":"2025-03-26T10:00:30","modified_gmt":"2025-03-26T08:00:30","slug":"jakob-mandmetsa-kohta","status":"publish","type":"page","link":"https:\/\/sisu.ut.ee\/ewod\/et\/m\/jakob-mandmets\/jakob-mandmetsa-kohta\/","title":{"rendered":"Jakob M\u00e4ndmetsa kohta"},"content":{"rendered":"<p><em><strong>Artiklid<\/strong><\/em><br>Anton J\u00fcrgenstein. <strong>Jakob M\u00e4ndmets. Tema 50. s\u00fcndimisp\u00e4eva puhul 21. juulil 1921<\/strong>. \u2013 Eesti Kirjandus nr 7, 1921, lk 193\u2013206.<br>Marta Sillaots. <strong>Jakob M\u00e4ndmets. Nekroloog<\/strong>. \u2013 Eesti Kirjandus, nr 1, 1931, lk 1\u20134.<br>Voldemar Miller. <strong>Noore M\u00e4ndmetsa lugemisvarast<\/strong>. \u2013 Looming, nr 6, 1956, lk 873\u2013875.<br>Aarne Vinkel. <strong>\u00dclevaade J. M\u00e4ndmetsa loomingust<\/strong>. \u2013 Keel ja Kirjandus, nr 9, 1962, lk 569\u2013571.<br>Oskar Kruus. <strong>Jakob M\u00e4ndmetsa novellitehnikast<\/strong>. \u2013 Keel ja Kirjandus, nr 7, 1971, lk 385\u2013392.<br>Oskar Kruus. <strong>Taastulekud ehk \u201emaarahvas\u201d Jakob M\u00e4ndmetsa juttude j\u00e4rgi Vanemuises<\/strong>. \u2013 Sirp 5. VI 1992, lk 6\u20137.<br>Hans Treimann. <strong>Jakob M\u00e4ndmetsa tagasitulekud<\/strong>. \u2013 Harjumaa 26. VII 1996, lk 6.<br>Helgi Allik. <strong>135 aastat Jakob M\u00e4ndmetsa s\u00fcnnist<\/strong>. \u2013 Meie Maa 27. VII 2006, lk 7.<\/p>\n\n\n\n<p><em><strong>Arvustused<\/strong><\/em><br>Karl Ast Rumor. <strong>Meri<\/strong>. \u2013 Ilukirjandus ja teadus 1, Tartu 1914, lk 3. [Ilmunud ka: Karl Ast Rumor. Maailma l\u00f5pus. Tartu: Ilmamaa, 2007 (Eesti m\u00f5ttelugu 74), lk 120\u2013121.]<br>Hugo Raudsepp. <strong>Kirjanduslik \u00fclevaade<\/strong>. \u2013 Eesti Kirjandus, nr 3, 1929, lk 193\u2013205. [\u2018Kogutud teostest\u2019, 1928.]<br>Hugo Raudsepp. <strong>Kirjanduslik \u00fclevaade<\/strong>. Eesti Kirjandus, nr 9, 1929, lk 393\u2013399. [\u2018Kogutud teoste\u2019 teisest andest, 1929.]<\/p>\n","protected":false},"excerpt":{"rendered":"<p>ArtiklidAnton J\u00fcrgenstein. Jakob M\u00e4ndmets. Tema 50. s\u00fcndimisp\u00e4eva puhul 21. juulil 1921. \u2013 Eesti Kirjandus nr 7, 1921, lk 193\u2013206.Marta Sillaots. Jakob M\u00e4ndmets. Nekroloog. \u2013 Eesti Kirjandus, nr 1, 1931, lk 1\u20134.Voldemar Miller. Noore M\u00e4ndmetsa lugemisvarast. \u2013 Looming, nr 6, 1956, &#8230;<\/p>\n","protected":false},"author":43,"featured_media":0,"parent":6858,"menu_order":0,"comment_status":"closed","ping_status":"closed","template":"","meta":{"_acf_changed":false,"inline_featured_image":false,"footnotes":""},"class_list":["post-6859","page","type-page","status-publish","hentry"],"acf":[],"_links":{"self":[{"href":"https:\/\/sisu.ut.ee\/ewod\/et\/wp-json\/wp\/v2\/pages\/6859","targetHints":{"allow":["GET"]}}],"collection":[{"href":"https:\/\/sisu.ut.ee\/ewod\/et\/wp-json\/wp\/v2\/pages"}],"about":[{"href":"https:\/\/sisu.ut.ee\/ewod\/et\/wp-json\/wp\/v2\/types\/page"}],"author":[{"embeddable":true,"href":"https:\/\/sisu.ut.ee\/ewod\/et\/wp-json\/wp\/v2\/users\/43"}],"replies":[{"embeddable":true,"href":"https:\/\/sisu.ut.ee\/ewod\/et\/wp-json\/wp\/v2\/comments?post=6859"}],"version-history":[{"count":2,"href":"https:\/\/sisu.ut.ee\/ewod\/et\/wp-json\/wp\/v2\/pages\/6859\/revisions"}],"predecessor-version":[{"id":6877,"href":"https:\/\/sisu.ut.ee\/ewod\/et\/wp-json\/wp\/v2\/pages\/6859\/revisions\/6877"}],"up":[{"embeddable":true,"href":"https:\/\/sisu.ut.ee\/ewod\/et\/wp-json\/wp\/v2\/pages\/6858"}],"wp:attachment":[{"href":"https:\/\/sisu.ut.ee\/ewod\/et\/wp-json\/wp\/v2\/media?parent=6859"}],"curies":[{"name":"wp","href":"https:\/\/api.w.org\/{rel}","templated":true}]}}