{"id":6851,"date":"2025-03-25T12:09:54","date_gmt":"2025-03-25T10:09:54","guid":{"rendered":"https:\/\/sisu.ut.ee\/ewod\/?page_id=6851"},"modified":"2025-03-26T09:58:01","modified_gmt":"2025-03-26T07:58:01","slug":"henrik-visnapuu-kohta","status":"publish","type":"page","link":"https:\/\/sisu.ut.ee\/ewod\/et\/v\/henrik-visnapuu\/henrik-visnapuu-kohta\/","title":{"rendered":"Henrik Visnapuu kohta"},"content":{"rendered":"<p><em><strong>Artiklid<\/strong><\/em><br>Johannes Semper. <strong>\u00dche eesti poeetika katse puhul<\/strong>. \u2013 Looming, nr 10, 1932, lk 1197\u20131201.<br>Rasmus Kangro-Pool. <strong>Henrik Visnapuule<\/strong>. \u2013 Looming, nr 10, 1939, lk 1104\u20131111.<br>Karl Mihkla. <strong>Visnapuu loomingu algperiood<\/strong>. \u2013 Looming, nr 10, 1939, lk 1112\u20131118.<br>Johannes Semper. <strong>Visnapuud \u00fcle lugedes<\/strong>. \u2013 Looming, nr 10, 1939, lk 1093\u20131103.<br>Artur Adson. <strong>Henrik Visnapuu lavatoodangust<\/strong>. \u2013 Varamu, nr 1, 1940, lk 96\u2013 98.<br>Harald Paukson. <strong>Henrik Visnapuu luuletaja teekond<\/strong>. \u2013 Varamu, nr 1, 1940, lk 83\u2013 95.<br>Erna Tillemann.<strong> Henrik Visnapuu kolm armastust<\/strong>. \u2013 Varamu, nr 2, 1940, lk 171\u2013178.<br>Gustav Suits. <strong>Henrik Visnapuu [1890\u20131951]<\/strong>. \u2013 V\u00e4lis-Eesti, 1951, nr 15. [Ilmunud ka: Gustav Suits, Eesti kirjanduslugu. Tartu: Ilmamaa, 1999 (Eesti m\u00f5ttelugu 25), lk 410\u2013 415.]<br>Ivar Gr\u00fcnthal. <strong>Henrik Visnapuu<\/strong>. \u2013 Mana, nr 1, 1960, lk 36\u201338. [Ilmunud ka: Ivar Gr\u00fcnthal. M\u00fc\u00fctide maagia. Tartu, 2001 (Eesti m\u00f5ttelugu 40), lk 92\u201396.]<br>Harald Peep. <strong>Henrik Visnapuust ja tema p\u00e4randist<\/strong>. \u2013 Looming, nr 1, 1965, lk 121\u2013141.<br>Paul Rummo. <strong>Henrik Visnapuu kolme isamaalaulu j\u00e4lgedel [\u201eKodumaa laul\u201d, \u201e\u00c4rge tapke inimesi!\u201d, \u201eIdaruum\u201d]<\/strong>. \u2013 Keel ja Kirjandus, nr 7, 1966, lk 403\u2013415.<br>Paul Rummo. <strong>Sii ja Prohveti romaan. Henrik Visnapuu senitundmatuid luuletusi<\/strong>. \u2013 Looming, nr 1, 1967, lk 127\u2013147.<br>Paul Rummo. <strong>Ingi ja Visnapuu kirjavahetus<\/strong>. \u2013 Keel ja Kirjandus, nr 2, 1968, lk 91\u2013107, nr 3, lk 167\u2013177, nr 4, lk 229\u2013237, nr 6, lk 354\u2013364, nr 7, lk 423\u2013436.<br>Richard Viidalepp. <strong>Henrik Visnapuust ja Ahunapalu koolist<\/strong>. \u2013 Keel ja Kirjandus, nr 4, 1969, lk 237\u2013238.<br>Paul Ambur. <strong>H. Visnapuu isamaa l\u00fc\u00fcrikast<\/strong>. \u2013 Verbum habet Sakala: Korporatsioon Sakala koguteos. Toronto, 1979, lk 219\u2013246.<br>Harald Peep. <strong>Henrik Visnapuu 90<\/strong>. \u2013 Looming, nr 1, 1980, lk 139\u2013140.<br>Ene Mihkelson. <strong>Uut Henrik Visnapuu kirjandusliku tegevuse algusest<\/strong>. \u2013 Paar sammukest eesti kirjanduse uurimise teed XI. Tallinn: Eesti Raamat, 1986, lk 39\u201353.<br>Sirje Kiin. <strong>Henrik Visnapuu isamaaluule ilmavaatest<\/strong>. \u2013 Looming, nr 7, 1988, lk 977\u2013985.<br>Imbi Jeletzky. <strong>Tuules\u00f5elaga kantud? [100 aastat Henrik Visnapuu s\u00fcnnist]<\/strong>. \u2013 Rahva H\u00e4\u00e4l 3. I 1990, lk 4.<br>\u00d5nne Kepp. <strong>Isamaa ja aade: Henrik Visnapuu 100<\/strong>. \u2013 Noorte H\u00e4\u00e4l 3. I 1990, lk 1.<br>\u00d5nne Kepp. <strong>Henrik Visnapuu neljas armastus<\/strong>. \u2013 Keel ja Kirjandus, nr 1, 1990, lk 9\u201316.<br>Margus Kasterpalu.<strong> Henrik Visnapuu suhetest teatriga<\/strong>. \u2013 Teater. Muusika. Kino, nr 1, 1990, lk 40\u201350.<br>Hando Runnel. <strong>Jumalaga, Ene! [H. Visnapuu luulest]<\/strong>. \u2013 Akadeemia, nr 1, 1990, lk 19\u201324.<br>Raivo Kuusk. <strong>Henrik Visnapuu: 1890\u20131951. Luuletaja kahe alguse vahel<\/strong>. \u2013 Raivo Kuusk. S\u00f5na sisse minnes: esseid eesti luuletajaist. Tallinn: Eesti Raamat, 2007, lk 113\u2013136.<br>Ilari Meerits. <strong>Henrik Visnapuu 1913. aastal Saaremaal<\/strong>. \u2013 Meie Maa 27. III 2007, lk 4.<br>Janika Kronberg. <strong>Dramaatiline road-movie Henrik Visnapuust. Intervjueerinud Brita Melts<\/strong>. \u2013 Sirp 4. XII 2009, lk 12.<br>Jaanika Kressa. <strong>Henrik Visnapuu ootab paremaid eestlasi<\/strong>. \u2013 Sakala 6. III 2010.<br>Livia Viitol. <strong>Henrik Visnapuud otsimas<\/strong>. \u2013 Teater. Muusika. Kino, nr 3, 2010, lk 100\u2013110.<br>Rein Veidemann. <strong>Henrik Visnapuu \u201eKirjad inglile\u201d<\/strong>. \u2013 Rein Veidemann, 101 Eesti kirjandusteost. Tallinn: Varrak, 2011, lk 52\u201353.<br>Karl Muru. <strong>Vaateid Henrik Visnapuu luulesse<\/strong>. \u2013 R\u00e4nnul luuleilmas. Tartu: Ilmamaa, 2014, lk 28\u201343.<\/p>\n\n\n\n<p><em><strong>Arvustused<\/strong><\/em><br>Arno Oja. <strong>Armastav ja ahastav Visnapuu<\/strong>. \u2013 Kajaloodi vari: artikleid ja arvustusi 1989\u20132016. Tallinn, 2016, lk 13\u201316. [Luulekogust \u2018Mu ahastus ja armastus\u2019, 1993.]<br>Oskar Kruus. <strong>P\u00e4ikese sillerdusi m\u00e4lestuste j\u00f5es<\/strong>. \u2013 Kultuurileht 10. V 1996, lk 15. [M\u00e4lestusteraamatust \u2018P\u00e4ike ja j\u00f5gi: m\u00e4lestusi noorusmaalt\u2019.]<br>\u00dclo Tonts. <strong>Kauge ja l\u00e4hedane Visnapuu<\/strong>. \u2013 Postimees 16. II 1996, lk 14. [M\u00e4lestusteraamatust \u2018P\u00e4ike ja j\u00f5gi: m\u00e4lestusi noorusmaalt\u2019.]<br>Ants Oras. <strong>Henrik Visnapuu \u201ePuuslikud\u201d<\/strong>. \u2013 Ants Oras. Kriitiku k\u00fclask\u00e4ik. Tartu: Ilmamaa, 2009, lk 304\u2013307. [Teosest \u2018Puuslikud\u2019, 1929.]<\/p>\n","protected":false},"excerpt":{"rendered":"<p>ArtiklidJohannes Semper. \u00dche eesti poeetika katse puhul. \u2013 Looming, nr 10, 1932, lk 1197\u20131201.Rasmus Kangro-Pool. Henrik Visnapuule. \u2013 Looming, nr 10, 1939, lk 1104\u20131111.Karl Mihkla. Visnapuu loomingu algperiood. \u2013 Looming, nr 10, 1939, lk 1112\u20131118.Johannes Semper. Visnapuud \u00fcle lugedes. \u2013 &#8230;<\/p>\n","protected":false},"author":43,"featured_media":0,"parent":6849,"menu_order":0,"comment_status":"closed","ping_status":"closed","template":"","meta":{"_acf_changed":false,"inline_featured_image":false,"footnotes":""},"class_list":["post-6851","page","type-page","status-publish","hentry"],"acf":[],"_links":{"self":[{"href":"https:\/\/sisu.ut.ee\/ewod\/et\/wp-json\/wp\/v2\/pages\/6851","targetHints":{"allow":["GET"]}}],"collection":[{"href":"https:\/\/sisu.ut.ee\/ewod\/et\/wp-json\/wp\/v2\/pages"}],"about":[{"href":"https:\/\/sisu.ut.ee\/ewod\/et\/wp-json\/wp\/v2\/types\/page"}],"author":[{"embeddable":true,"href":"https:\/\/sisu.ut.ee\/ewod\/et\/wp-json\/wp\/v2\/users\/43"}],"replies":[{"embeddable":true,"href":"https:\/\/sisu.ut.ee\/ewod\/et\/wp-json\/wp\/v2\/comments?post=6851"}],"version-history":[{"count":2,"href":"https:\/\/sisu.ut.ee\/ewod\/et\/wp-json\/wp\/v2\/pages\/6851\/revisions"}],"predecessor-version":[{"id":6874,"href":"https:\/\/sisu.ut.ee\/ewod\/et\/wp-json\/wp\/v2\/pages\/6851\/revisions\/6874"}],"up":[{"embeddable":true,"href":"https:\/\/sisu.ut.ee\/ewod\/et\/wp-json\/wp\/v2\/pages\/6849"}],"wp:attachment":[{"href":"https:\/\/sisu.ut.ee\/ewod\/et\/wp-json\/wp\/v2\/media?parent=6851"}],"curies":[{"name":"wp","href":"https:\/\/api.w.org\/{rel}","templated":true}]}}