{"id":6842,"date":"2025-03-25T10:39:25","date_gmt":"2025-03-25T08:39:25","guid":{"rendered":"https:\/\/sisu.ut.ee\/ewod\/?page_id=6842"},"modified":"2025-03-25T10:39:26","modified_gmt":"2025-03-25T08:39:26","slug":"jaan-oksa-kohta","status":"publish","type":"page","link":"https:\/\/sisu.ut.ee\/ewod\/et\/o\/jaan-oks\/jaan-oksa-kohta\/","title":{"rendered":"Jaan Oksa kohta"},"content":{"rendered":"<p><strong><em>Artiklid ja saates\u00f5nad<\/em><\/strong><br>Friedebert Tuglas. <strong>Jaan Oks. In memoriam<\/strong>. \u2013 Postimees 1918, lisa nr 3.<br>Artur Adson. <strong>Jaan Oksa hilisemaist elup\u00e4ivist<\/strong>. \u2013 Tarapita, nr 4, 1921, lk 104\u2013106.<br>Aleksander Tiitsmaa. <strong>M\u00e4lestusi Jaan Oksast<\/strong>. \u2013 Looming, nr 4, 1924, lk 299\u2013302.<br>Daniel Palgi. <strong>Jaan Oksa proosateoste stiil lingvistiliselt<\/strong>. \u2013 Eesti Keel, nr 4, 1927, lk 89\u201396.<br>Artur Adson. <strong>M\u00e4lestades Jaan Oksa<\/strong>. \u2013 Looming, nr 2, 1928, lk 127\u2013139.<br>Aleksander Antson. <strong>Uusi andmeid Jaan Oksa elus<\/strong>t. \u2013 Looming, nr 5, 1931, lk 516\u2013521.<br>Linda Traumann. <strong>Jaan Oksa elust ja arengust<\/strong>. \u2013 Meie Maa 1932, nr 43\u201345.<br>Aleksander Looring. <strong>Jaan Oks Massus<\/strong>. \u2013 Looming, nr 8, 1936, lk 917\u2013925; nr 9, 1936, lk 1008\u20131012; nr 10, 1936, lk 1163\u20131169.<br>Johannes Kreek. <strong>\u00dchest Massu koolmeistrist<\/strong>. \u2013 P\u00e4evaleht 11. X 1936, nr 276.<br>Bernhard Linde. <strong>M\u00e4lestusi Jaan Oksast<\/strong>. \u2013 Looming, nr 2, 1937, lk 234\u2013236.<br>Hugo Viires. <strong>Jaan Oks Toilas<\/strong>. \u2013 Looming, nr 9, 1937, lk 1008\u20131010.<br>Aleksander Looring. <strong>Jaan Oks Haapsalus<\/strong>. \u2013 Looming, nr 3, 1938, lk 318\u2013322.<br>Ivar Gr\u00fcnthal. <strong>Jaan Oks \u2013 alateadvuse anatoom<\/strong>. \u2013 Jaan Oks, Kogutud teosed. Stockholm: Vaba Eesti, 1957, lk 7\u201318. [Ilmunud ka: Ivar Gr\u00fcnthal. M\u00fc\u00fctide maagia. Tartu, 2001 (Eesti m\u00f5ttelugu 40), lk 9\u201325.]<br>Aarne Vinkel. <strong>M\u00f6\u00f6da kirjanduslikku Saare- ja Muhumaad<\/strong>. \u2013 Keel ja Kirjandus, nr 7, 1963, lk 419\u2013420.<br>Nigol Andresen. <strong>Eess\u00f5na<\/strong>. \u2013 Jaan Oks, Vaevademaa [novellid, jutustused, esseed]. Tallinn: Perioodika, 1967, lk 5.<br>Friedebert Tuglas, <strong>J\u00e4rels\u00f5na<\/strong>. \u2013 Jaan Oks, Vaevademaa [novellid, jutustused, esseed]. Tallinn: Perioodika, 1967.<br>Kalju Leht.<strong> Jaan Oksa elu ja loomingu \u00e4\u00e4rjooni<\/strong>. \u2013 Looming, nr 2, 1968, lk 300\u2013310.<br>Paul Reets.<strong> Jaan Oksast ja tema loomingust<\/strong>. \u2013 Mana, nr 1, 1970. [Ilmunud ka: Jaan Oks, Otsija metsas [luuletused ja novellid], koostanud Marika Oper, Vaino Vahing, Hando Runnel. Tartu: Ilmamaa, 2003, lk 391\u2013397.]<br>Vaino Vahing. <strong>Kannatamine kirjanduse p\u00e4rast: Jaan Oks 100<\/strong>. \u2013 Edasi 3. III 1984. [Ilmunud ka: Vaino Vahing, E me ipso: \u00fclest\u00e4hendusi 1969\u20131987. Tallinn: Eesti Raamat, 1990, lk. 17\u201325; Vaino Vahing; Vaimuhaiguse m\u00fc\u00fct. Tartu: Ilmamaa, 2005 (Eesti m\u00f5ttelugu 63), lk 327\u2013333.]<br>Vaino Vahing. <strong>Valetage enne, mitte aga p\u00e4rast<\/strong>. \u2013 Keel ja Kirjandus, nr 3, 1984, lk 139\u2013145. [Ilmunud ka: Vaino Vahing, E me ipso: \u00fclest\u00e4hendusi 1969\u20131987. Tallinn: Eesti Raamat, 1990, lk 26\u201339; Vaino Vahing, Vaimuhaiguse m\u00fc\u00fct. Tartu: Ilmamaa, 2005 (Eesti m\u00f5ttelugu 63), lk 334\u2013 344.<br>Kalju Leht. <strong>L\u00f5puni avastamata Jaan Oks<\/strong>. \u2013 Jaan Oks. Hingem\u00e4gede \u00e4\u00e4res [novellid]. Koostanud ja j\u00e4rels\u00f5na: K. Leht. Tallinn: Eesti Raamat, 1989, lk 167\u2013191.<br>Ele S\u00fcvalep. <strong>Modernist Jaan Oks<\/strong>. \u2013 Keel ja Kirjandus, nr 12, 1996, lk 793\u2013799.<br>Eduard Oks. <strong>M\u00f5ni meeletuletus vennast Jaanist<\/strong>. \u2013 Jaan Oks. Orjapojad. Tartu: Ilmamaa, 2004, lk 402\u2013413.<br>Aigi Heero. <strong>Jaan Oksa ekspressionism<\/strong>. \u2013 Keel ja Kirjandus, nr 3, 2005, lk 195\u2013208.<br>Liina Lukas. <strong>Kirjanduslikust ruumikujutusest Jaan Oksa ja Eduard von Keyserlingi n\u00e4itel<\/strong>. \u2013 Keel ja Kirjandus, nr 5, 2005, lk 345\u2013358.<br>August Eelm\u00e4e. <strong>Saja-aastane Oks<\/strong>. \u2013 August Eelm\u00e4e. K\u00f5ned ja kirjat\u00f6\u00f6d. Tallinn: Underi ja Tuglase Kirjanduskeskus, 2006, lk 197\u2013226.<br>Kaie Ilves. <strong>Massu sai Jaan Oksa m\u00e4lestuskivi<\/strong>. \u2013 L\u00e4\u00e4ne Elu 12. X 2006, lk 1.<br>Peeter Olesk. <strong>Kirjaniku suurus ja Jaan Oks<\/strong>. \u2013 Meie Maa 4. III 2009, lk 6.<br>Tarmo Teder. <strong>Kriitilisi tundmusi (okslikus vaimus)<\/strong>. \u2013 Looming, nr 4, 2010, lk 585\u2013588.<br>Rein Veidemann. <strong>Jaan Oks \u201eTume inimeselaps\u201d<\/strong>. \u2013 101 Eesti kirjandusteost. Tallinn: Varrak,2011, lk 44\u201345.<br>Leo Luks. <strong>Paljas elu laagrim\u00e4lestustes ja Jaan Oksa proosaloomingus<\/strong>. \u2013 Keel ja Kirjandus, nr 6, 2016, lk 409\u2013428.<\/p>\n\n\n\n<p><em><strong>Arvustused<\/strong><\/em><br>Tarmo Teder. <strong>Emased isase nahas<\/strong>. \u2013 Eesti P\u00e4evaleht 13. VI 1995, lk 8. [Teosest \u2018Emased\u2019.]<br>Indrek Hargla. <strong>Jaan Oks sada aastat hiljem<\/strong>. \u2013 Eesti P\u00e4evaleht: Arkaadia 20. II 2004, lk 16. [Teosest \u201cOtsija metsas\u201d.]<br>Erkki Luuk. <strong>Loomuomaselt \u00fcrgne \u00fcks ja ainus Oks<\/strong>. \u2013 Postimees 10. IV 2004, lk. 16. [Teosest \u201cOtsija metsas\u201d.]<br>Berk Vaher. <strong>Agraarprovintsi \u00f6kitav pigilind<\/strong>. \u2013 Sirp 5. III 2004, lk 13. [Teosest \u2018Otsija metsas\u2019. Ilmunud ka: Berk Vaher, S\u00f5nastamatu lend s\u00f5nades: kirjutusi kirjandusest. I. Tallinn, 2014, lk 51\u201355.]<br>Erkki Luuk. <strong>Elu on kohutav<\/strong>. \u2013 Sirp 11. II 2005, lk 7. [Teosest \u2018Orjapojad\u2019.]<\/p>\n","protected":false},"excerpt":{"rendered":"<p>Artiklid ja saates\u00f5nadFriedebert Tuglas. Jaan Oks. In memoriam. \u2013 Postimees 1918, lisa nr 3.Artur Adson. Jaan Oksa hilisemaist elup\u00e4ivist. \u2013 Tarapita, nr 4, 1921, lk 104\u2013106.Aleksander Tiitsmaa. M\u00e4lestusi Jaan Oksast. \u2013 Looming, nr 4, 1924, lk 299\u2013302.Daniel Palgi. Jaan Oksa &#8230;<\/p>\n","protected":false},"author":43,"featured_media":0,"parent":6838,"menu_order":0,"comment_status":"closed","ping_status":"closed","template":"","meta":{"_acf_changed":false,"inline_featured_image":false,"footnotes":""},"class_list":["post-6842","page","type-page","status-publish","hentry"],"acf":[],"_links":{"self":[{"href":"https:\/\/sisu.ut.ee\/ewod\/et\/wp-json\/wp\/v2\/pages\/6842","targetHints":{"allow":["GET"]}}],"collection":[{"href":"https:\/\/sisu.ut.ee\/ewod\/et\/wp-json\/wp\/v2\/pages"}],"about":[{"href":"https:\/\/sisu.ut.ee\/ewod\/et\/wp-json\/wp\/v2\/types\/page"}],"author":[{"embeddable":true,"href":"https:\/\/sisu.ut.ee\/ewod\/et\/wp-json\/wp\/v2\/users\/43"}],"replies":[{"embeddable":true,"href":"https:\/\/sisu.ut.ee\/ewod\/et\/wp-json\/wp\/v2\/comments?post=6842"}],"version-history":[{"count":1,"href":"https:\/\/sisu.ut.ee\/ewod\/et\/wp-json\/wp\/v2\/pages\/6842\/revisions"}],"predecessor-version":[{"id":6843,"href":"https:\/\/sisu.ut.ee\/ewod\/et\/wp-json\/wp\/v2\/pages\/6842\/revisions\/6843"}],"up":[{"embeddable":true,"href":"https:\/\/sisu.ut.ee\/ewod\/et\/wp-json\/wp\/v2\/pages\/6838"}],"wp:attachment":[{"href":"https:\/\/sisu.ut.ee\/ewod\/et\/wp-json\/wp\/v2\/media?parent=6842"}],"curies":[{"name":"wp","href":"https:\/\/api.w.org\/{rel}","templated":true}]}}