{"id":6825,"date":"2025-03-19T13:46:32","date_gmt":"2025-03-19T11:46:32","guid":{"rendered":"https:\/\/sisu.ut.ee\/ewod\/?page_id=6825"},"modified":"2025-03-27T11:52:26","modified_gmt":"2025-03-27T09:52:26","slug":"venda-soelsepa-kohta","status":"publish","type":"page","link":"https:\/\/sisu.ut.ee\/ewod\/et\/s\/venda-soelsepp\/venda-soelsepa-kohta\/","title":{"rendered":"Venda S\u00f5elsepa kohta"},"content":{"rendered":"<p><em><strong>Artiklid<\/strong><\/em><br>Oskar Kruus, <strong>Venda S\u00f5elsepp sai viiek\u00fcmneaastaseks<\/strong>. \u2013 Looming, nr 8, 1973, lk 1404.<br>Oskar Kruus, <strong>Venda S\u00f5elsepp 60<\/strong>. \u2013 Looming, nr 7, 1983, lk 1002.<br>J\u00fcri Kaldmaa, <strong>\u201eK\u00f5ik inimese heaks\u201d ja \u201eKol\u00f5ma \u2013 kole maa\u201d. K\u00e4sikirjast raamatuks<\/strong>. \u2013 Venda S\u00f5elsepp, \u201eKol\u00f5ma \u2013 kole maa\u201d, Tallinn: EKSA, 2021, lk. 368\u2013372.<\/p>\n\n\n\n<p><em><strong>Arvustused<\/strong><\/em><br>Endel Mallene, <strong>Venda S\u00f5elsepa esikkogu \u201eomad s\u00f5nad\u201d<\/strong>. [Luulekogust \u2018Algas sellest\u2019.] \u2013 Sirp ja Vasar, 10. VII 1964, lk 3.<br>Ain Kaalep, <strong>\u00c4\u00e4rem\u00e4rkusi \u00fchele esikkogule<\/strong>. [\u2018Algas sellest\u2019.] \u2013 Keel ja Kirjandus, nr 10, 1964, lk 634\u2013636.<\/p>\n\n\n\n<p><em><strong>Intervjuud<\/strong><\/em><br>Lehte Ilves, <strong>Kirjanik vaikib, sest k\u00f5ik on \u00f6eldud<\/strong>. \u2013 L\u00e4\u00e4ne Elu, 19. VII 2003, lk. 5.<br>Margit-Mariann Koppel, <strong>Venda S\u00f5elsepp otsib t\u00e4htede liivast lootuse koidut\u00e4hte<\/strong>. \u2013 Kultuur ja Elu, nr 4, 2004, lk. 20\u201322.<\/p>\n","protected":false},"excerpt":{"rendered":"<p>ArtiklidOskar Kruus, Venda S\u00f5elsepp sai viiek\u00fcmneaastaseks. \u2013 Looming, nr 8, 1973, lk 1404.Oskar Kruus, Venda S\u00f5elsepp 60. \u2013 Looming, nr 7, 1983, lk 1002.J\u00fcri Kaldmaa, \u201eK\u00f5ik inimese heaks\u201d ja \u201eKol\u00f5ma \u2013 kole maa\u201d. K\u00e4sikirjast raamatuks. \u2013 Venda S\u00f5elsepp, \u201eKol\u00f5ma \u2013 &#8230;<\/p>\n","protected":false},"author":43,"featured_media":0,"parent":6823,"menu_order":0,"comment_status":"closed","ping_status":"closed","template":"","meta":{"_acf_changed":false,"inline_featured_image":false,"footnotes":""},"class_list":["post-6825","page","type-page","status-publish","hentry"],"acf":[],"_links":{"self":[{"href":"https:\/\/sisu.ut.ee\/ewod\/et\/wp-json\/wp\/v2\/pages\/6825","targetHints":{"allow":["GET"]}}],"collection":[{"href":"https:\/\/sisu.ut.ee\/ewod\/et\/wp-json\/wp\/v2\/pages"}],"about":[{"href":"https:\/\/sisu.ut.ee\/ewod\/et\/wp-json\/wp\/v2\/types\/page"}],"author":[{"embeddable":true,"href":"https:\/\/sisu.ut.ee\/ewod\/et\/wp-json\/wp\/v2\/users\/43"}],"replies":[{"embeddable":true,"href":"https:\/\/sisu.ut.ee\/ewod\/et\/wp-json\/wp\/v2\/comments?post=6825"}],"version-history":[{"count":2,"href":"https:\/\/sisu.ut.ee\/ewod\/et\/wp-json\/wp\/v2\/pages\/6825\/revisions"}],"predecessor-version":[{"id":6903,"href":"https:\/\/sisu.ut.ee\/ewod\/et\/wp-json\/wp\/v2\/pages\/6825\/revisions\/6903"}],"up":[{"embeddable":true,"href":"https:\/\/sisu.ut.ee\/ewod\/et\/wp-json\/wp\/v2\/pages\/6823"}],"wp:attachment":[{"href":"https:\/\/sisu.ut.ee\/ewod\/et\/wp-json\/wp\/v2\/media?parent=6825"}],"curies":[{"name":"wp","href":"https:\/\/api.w.org\/{rel}","templated":true}]}}