{"id":6823,"date":"2024-04-03T23:42:39","date_gmt":"2024-04-03T20:42:39","guid":{"rendered":"https:\/\/sisu.ut.ee\/ewod\/?page_id=6823"},"modified":"2025-03-19T13:49:43","modified_gmt":"2025-03-19T11:49:43","slug":"venda-soelsepp","status":"publish","type":"page","link":"https:\/\/sisu.ut.ee\/ewod\/et\/s\/venda-soelsepp\/","title":{"rendered":"Venda S\u00f5elsepp"},"content":{"rendered":"<figure class=\"wp-block-image alignright size-large is-resized\"><a href=\"https:\/\/sisu.ut.ee\/wp-content\/uploads\/sites\/108\/venda_soelsepp-scaled.jpg\"><img loading=\"lazy\" decoding=\"async\" width=\"741\" height=\"1024\" src=\"https:\/\/sisu.ut.ee\/wp-content\/uploads\/sites\/108\/venda_soelsepp-741x1024.jpg\" alt=\"\" class=\"wp-image-6005\" style=\"width:271px;height:auto\" srcset=\"https:\/\/sisu.ut.ee\/wp-content\/uploads\/sites\/108\/venda_soelsepp-741x1024.jpg 741w, https:\/\/sisu.ut.ee\/wp-content\/uploads\/sites\/108\/venda_soelsepp-217x300.jpg 217w, https:\/\/sisu.ut.ee\/wp-content\/uploads\/sites\/108\/venda_soelsepp-768x1061.jpg 768w, https:\/\/sisu.ut.ee\/wp-content\/uploads\/sites\/108\/venda_soelsepp-1112x1536.jpg 1112w, https:\/\/sisu.ut.ee\/wp-content\/uploads\/sites\/108\/venda_soelsepp-1482x2048.jpg 1482w, https:\/\/sisu.ut.ee\/wp-content\/uploads\/sites\/108\/venda_soelsepp-1920x2652.jpg 1920w, https:\/\/sisu.ut.ee\/wp-content\/uploads\/sites\/108\/venda_soelsepp-scaled.jpg 1853w\" sizes=\"auto, (max-width: 741px) 100vw, 741px\"><\/a><\/figure>\n\n\n\n<p>Venda S\u00f5elsepp (17. VII 1923 \u2013 12. V 2006) oli luuletaja ja lastekirjanik. Tema looming seostub eelk\u00f5ige Eesti kahe mere\u00e4\u00e4rse linna, Haapsalu ja P\u00e4rnuga, kus ta elas ja millest saadud looduselamused tema l\u00fc\u00fcrikat inspireerisid.<\/p>\n\n\n\n<p>S\u00f5elsepp s\u00fcndis Haapsalus pottsepa pojana ja \u00f5ppis Haapsalu koolides. P\u00e4rast g\u00fcmnaasiumi l\u00f5petamist t\u00f6\u00f6tas ta Haapsalu ajalehes \u201eL\u00e4\u00e4ne S\u00f5na\u201c. S\u00f5ja-aastatel teenis Eesti Omakaitses. S\u00f5jaaegse tegevuse eest arreteeriti ta 1944. aastal poliitilise s\u00fc\u00fcdistusega ja saadeti 1945. aastal Kol\u00f5ma vangilaagritesse. P\u00e4rast sunnit\u00f6\u00f6d vangilaagris ja sundasumist Magadanis saabus ta 1956. aastal tagasi Eestisse ning t\u00f6\u00f6tas kaubatundjana ja meistrina Haapsalu ja P\u00e4rnu kaubandus- ja teenindusettev\u00f5tetes. Alates 1974. aastast oli kutseline kirjanik.<\/p>\n\n\n\n<p>S\u00f5elsepalt on ilmunud \u00fcle 20 raamatu, millest enamiku v\u00f5ib liigitada lastekirjanduse alla. Ta deb\u00fcteeris luulega aastal 1942 ajalehes \u201eL\u00e4\u00e4ne S\u00f5na\u201c. P\u00e4rast vangistust ja asumist avaldas ta esimese luuletuse ajakirjas \u201eN\u00f5ukogude Naine\u201c 1957. aastal.<\/p>\n\n\n\n<p>Esialgu j\u00e4rgis S\u00f5elsepa luule traditsioonilisi v\u00e4rsivorme (sonett, haiku, tanka), hiljem sugenes loomingusse vabav\u00e4rss ja vormiline mitmekesisus. Loodus pakkus S\u00f5elsepale kui l\u00fc\u00fcrikule ajendeid elu- ja enesevaatlusteks. Autori loomingule on iseloomulik jagunemine publitsistliku ajaluule ja meloodiliselt looduspilte vahendava, m\u00f5tiskleva l\u00fc\u00fcrika vahel. 1993. aastal ilmus S\u00f5elsepalt luulekogu \u201eNarilaulud\u201c, mis koondab katsumusrohkete noorusaastate meeleolusid. Aastatel 1963\u20131993 ilmunud v\u00e4rsiraamatutega omandas S\u00f5elsepp olulise koha lasteluuletajana. Ta on kirjutanud ka proosaraamatuid lastele, lasten\u00e4idendi \u201eN\u00e4\u00e4rinoor\u201c, f\u00f6ljetone, humoreske ja paroodiaid. S\u00f5elsepa loomingut on t\u00f5lgitud paljudesse keeltesse. 1990. aastatel avaldas Haapsalu ajaleht \u201eL\u00e4\u00e4ne Elu\u201c tema memuaarseid kirjutisi.<\/p>\n\n\n\n<p><em>L. P.<\/em><\/p>\n\n\n\n<h4 class=\"wp-block-heading\"><br>Raamatud eesti keeles<\/h4>\n\n\n\n<p><em><strong>Luuletused<\/strong><\/em><br><strong>Algas sellest<\/strong>. Tallinn: Eesti Riiklik Kirjastus, 1964, 88 lk.<br><strong>Rohekaskoldses kirjas. Luulet 1973\u20131978<\/strong>. Tallinn: Eesti Raamat, 1979, 96 lk.<br><strong>Narilaulud<\/strong>. P\u00e4rnu: Anamnesia, 1993, 217 lk.<br><strong>L\u00f5ukakivi. Noppeid nelja aastak\u00fcmne luulest<\/strong>. P\u00e4rnu: V. S\u00f5elsepp, 1998, 74 lk.<br>Adne v. Zoel,\u00a0<strong>K\u00e4ggo-kell, elik Mitto \u00f6ppetlichod Luggo-laulud, moistlikulle \u00fclles arwata<\/strong>. Perno: Anamnesia, 1999, 88 lk.<\/p>\n\n\n\n<p><strong><em>Lasteluuletused<\/em><\/strong><br><strong>Igal pool on vaba s\u00f5it<\/strong>. Tallinn: Eesti Riiklik Kirjastus, 1963. 45 lk.<br><strong>Kutt kiisupoeg<\/strong>. Tallinn: Eesti Raamat, 1965. 31 lk.<br><strong>P\u00f5hjavalguse laulud<\/strong>. Tallinn: Eesti Raamat, 1968. 39 lk.<br><strong>Juhani rakett<\/strong>. Tallinn: Eesti Raamat, 1969. 14 lk.<br><strong>Pikk nina<\/strong>. Tallinn: Eesti Raamat, 1969. 44 lk.<br><strong>R\u00f5\u00f5mus supp<\/strong>. Tallinn: Eesti Raamat, 1969. 19 lk.<br><strong>Pani timmi viiuli<\/strong>. Tallinn: Eesti Raamat, 1971. 34 lk.<br><strong>P\u00e4ike kuldab maad<\/strong>. Tallinn: Eesti Raamat, 1974. 80 lk.<br><strong>K\u00f5ik meeled avali<\/strong>. Tallinn: Eesti Raamat, 1976. 48 lk.<br><strong>Mutikas<\/strong>. Tallinn: Eesti Raamat, 1980. 40 lk.<br><strong>Sinikuube sirguke<\/strong>. Tallinn: Eesti Raamat, 1981. 46 lk.<br><strong>Tuulte piiril<\/strong>. Tallinn: Eesti Raamat, 1983. 29 lk.<br><strong>Kass ja koer<\/strong>. Kuressaare: Oma Saar. 1993. 24 lk.<\/p>\n\n\n\n<p><strong><em>Proosa<\/em><\/strong><br><strong>Targasti tehtud<\/strong>. Tallinn: Eesti Raamat, 1970. 64 lk.<br><strong>Maidu, Urro ja Kurnilda<\/strong>. Tallinn: Eesti Raamat, 1979. 64 lk.<br><strong>Kirilinnut\u00fcdruk<\/strong>. P\u00e4rnu: V. S\u00f5elsepp, 1994. 16 lk.<\/p>\n\n\n\n<p><strong><em>M\u00e4lestused<\/em><\/strong><br><strong>Kol\u00f5ma \u2013 kole maa<\/strong>. Koostanud ja kommenteerinud J\u00fcri Kaldmaa. Tallinn: Eesti Keele Sihtasutus, 2021. 391 lk.<\/p>\n\n\n\n<h4 class=\"wp-block-heading\"><a href=\"https:\/\/sisu.ut.ee\/ewod\/et\/s\/venda-soelsepp\/venda-soelsepa-kohta\/\" data-type=\"page\" data-id=\"6825\">Artiklid ja arvustused Venda S\u00f5elsepa kohta<\/a><\/h4>\n","protected":false},"excerpt":{"rendered":"<p>Venda S\u00f5elsepp (17. VII 1923 \u2013 12. V 2006) oli luuletaja ja lastekirjanik. Tema looming seostub eelk\u00f5ige Eesti kahe mere\u00e4\u00e4rse linna, Haapsalu ja P\u00e4rnuga, kus ta elas ja millest saadud looduselamused tema l\u00fc\u00fcrikat inspireerisid. S\u00f5elsepp s\u00fcndis Haapsalus pottsepa pojana ja &#8230;<\/p>\n","protected":false},"author":43,"featured_media":0,"parent":6505,"menu_order":0,"comment_status":"closed","ping_status":"closed","template":"","meta":{"_acf_changed":false,"inline_featured_image":false,"footnotes":""},"class_list":["post-6823","page","type-page","status-publish","hentry"],"acf":[],"_links":{"self":[{"href":"https:\/\/sisu.ut.ee\/ewod\/et\/wp-json\/wp\/v2\/pages\/6823","targetHints":{"allow":["GET"]}}],"collection":[{"href":"https:\/\/sisu.ut.ee\/ewod\/et\/wp-json\/wp\/v2\/pages"}],"about":[{"href":"https:\/\/sisu.ut.ee\/ewod\/et\/wp-json\/wp\/v2\/types\/page"}],"author":[{"embeddable":true,"href":"https:\/\/sisu.ut.ee\/ewod\/et\/wp-json\/wp\/v2\/users\/43"}],"replies":[{"embeddable":true,"href":"https:\/\/sisu.ut.ee\/ewod\/et\/wp-json\/wp\/v2\/comments?post=6823"}],"version-history":[{"count":4,"href":"https:\/\/sisu.ut.ee\/ewod\/et\/wp-json\/wp\/v2\/pages\/6823\/revisions"}],"predecessor-version":[{"id":6829,"href":"https:\/\/sisu.ut.ee\/ewod\/et\/wp-json\/wp\/v2\/pages\/6823\/revisions\/6829"}],"up":[{"embeddable":true,"href":"https:\/\/sisu.ut.ee\/ewod\/et\/wp-json\/wp\/v2\/pages\/6505"}],"wp:attachment":[{"href":"https:\/\/sisu.ut.ee\/ewod\/et\/wp-json\/wp\/v2\/media?parent=6823"}],"curies":[{"name":"wp","href":"https:\/\/api.w.org\/{rel}","templated":true}]}}