{"id":6817,"date":"2025-03-19T13:32:27","date_gmt":"2025-03-19T11:32:27","guid":{"rendered":"https:\/\/sisu.ut.ee\/ewod\/?page_id=6817"},"modified":"2025-04-01T12:53:31","modified_gmt":"2025-04-01T09:53:31","slug":"toomas-raudami-kohta","status":"publish","type":"page","link":"https:\/\/sisu.ut.ee\/ewod\/et\/r\/toomas-raudam\/toomas-raudami-kohta\/","title":{"rendered":"Toomas Raudami kohta"},"content":{"rendered":"<p><em><strong>Bakalaureuset\u00f6\u00f6<\/strong><\/em><br>Kaarel Veskis, <strong>Toomas Raudami proosa struktuurid\u00fcnaamika p\u00f5hijooni<\/strong>. Tartu \u00dclikool 2003.<\/p>\n\n\n\n<p><em><strong>Artiklid<\/strong><\/em><br>Peeter K\u00fcnstler, <strong>Milleks Pinocciole raudr\u00fc\u00fc? Essee Toomas Raudami loomingust<\/strong>. \u2013 Vikerkaar, nr 5, 1993, lk 45\u201353.<br>Olev Remsu, <strong>Isad ja pojad, \u00e4ngid ja hirmud. Toomas Raudami pooltsentenniumi puhul<\/strong>. \u2013 Looming, nr 7, 1997, lk 943\u2013948.<br>Kaarel Veskis, <strong>Toomas Raudami proosa struktuurid\u00fcnaamika p\u00f5hijooni<\/strong>. \u2013 Keel ja Kirjandus, nr 2, 2004, lk 100\u2013116.<\/p>\n\n\n\n<p><em><strong>Arvustused<\/strong><\/em><br>Mati Unt, <strong>Oleks siis juba p\u00e4ris antijutud<\/strong>. [Raamatust \u2018Anti jutud\u2019.] \u2013 Looming, nr 7, 1983, lk 990\u2013992.<br>Olev Remsu, <strong>Stiil ja ps\u00fchholoogia<\/strong>. [\u2018Anti jutud\u2019.] \u2013 Keel ja Kirjandus, nr 8, 1983, lk 448\u2013449.<br>Kristiina Ross, <strong>Kala paistab<\/strong>. [Raamatust \u2018Kirjutab n\u00e4puga \u00f5hku\u2019.] \u2013 Looming, nr 3, 1987, lk 414\u2013415.<br>Malle Aleksius, <strong>Korrast ja kaosest<\/strong>. [\u2018Kirjutab n\u00e4puga \u00f5hku\u2019.] \u2013 Vikerkaar, nr 7, 1987, lk 87\u201389.<br>Piret Viires, <strong>Toomas Raudami jutud<\/strong>. [\u2018Kirjutab n\u00e4puga \u00f5hku\u2019.] \u2013 Vikerkaar, nr 7, 1987, lk 86\u201387.<br>Malle Aleksius, <strong>\u00dche loo variatsioonid<\/strong>. [Raamatust \u2018Igavene linn\u2019.] \u2013 Sirp ja Vasar, 29. VII 1988, lk 4\u20135.<br>Priidu Beier, <strong>Kirjutab surnuks<\/strong>. [\u2018Igavene linn\u2019.] \u2013 Looming, nr 10, 1988, lk 1424\u20131425.<br>Olev Remsu, <strong>Vihm ja proosa<\/strong>. [\u2018Igavene linn\u2019.] \u2013 Looming, nr 10, 1988, lk 1426\u20131427.<br>T\u00f5nu \u00d5nnepalu, <strong>Aeg ja igavus \u2013 paar \u00fclest\u00e4hendust<\/strong>. [\u2018Igavene linn\u2019.] \u2013 Keel ja Kirjandus, nr 11, 1988, lk 693\u2013694.<br>Astrid Reinla, <strong>Noorte meeste memuaarid<\/strong>. [Raamatust \u2018Miks mitte kirjutada memuaare, kui oled veel noor\u2019.] \u2013 Looming, nr 7, 1990, lk 998\u2013999.<br>Astrid Reinla, <strong>[Raamatust Edgar Rice Burroughs, Toomas Raudam: \u2018Tarzani seiklused Tallinnas\u2019.]<\/strong> \u2013 Looming, nr 7, 1992, lk 997\u2013998.<br>Mary Hartman, <strong>Kes armastab Toomas Raudamit?<\/strong> [Raamatust \u2018Tarzani seiklused Tallinnas\u2019.] \u2013 Vikerkaar, nr 12, 1992, lk 88\u201389.<br>Olev Remsu, <strong>Raudami m\u00f5istatus<\/strong>. [\u2018Tarzani seiklused Tallinnas\u2019.] \u2013 Vikerkaar, nr 12, 1992, lk 87\u201388.<br>Led Seppel, <strong>Mosaiigid<\/strong>. [Raamatust \u2018Muusika kuum sai\u2019.] \u2013 Vikerkaar, nr 4\/5, 1997, lk 168\u2013169.<br>Rein Saluri, <strong>Armunud kirjandusse<\/strong>. [Raamatust \u2018Minu Mina\u2019.] \u2013 Looming, nr 7, 1998, lk 1121\u20131123.<br>Arno Oja, <strong>Kodustamata kolli taskupeegel<\/strong>. [\u2018Minu Mina\u2019.] \u2013 Sirp, 28. VIII 1998, lk 7.<br>Ene-Reet Soovik, <strong>Pragmaatiline Potsataja<\/strong>. [\u2018Minu Mina\u2019.] \u2013 Vikerkaar, nr 12, 1998, lk 91\u201393.<br>Hasso Krull, <strong>Absoluutse l\u00e4heduse v\u00f5imalikkus: Raudami jaatus eitusega<\/strong>. \u2013 Hasso Krull, Paljusus ja ainulisus. Tallinn, 2009, lk. 118\u2013125. [Raamatust \u2018Jaa\u2019.]<br>Anti Saar, <strong>Arvustus Toomas Raudami raamatule V\u00e4ike. Anti ja mina, Tuglas ja meri<\/strong>. \u2013 Eesti Ekspress, 10. III 2011, lk. 46.<br>Liisi R\u00fcnkla, <strong>Kuidas vananeda toredasti<\/strong>. \u2013 Looming, nr 6, 2022, lk 862\u2013864. [Raamatust \u201eKaarli pildiraamat\u201d.]<br>Lauri Sommer, <strong>Opaaksuses avaneb aknaid<\/strong>. \u2013 Looming, nr 10, 2024, lk 1429\u20131431. [Romaanist \u201e\u00d5nnelik:\u201c.]<br>Arno Oja. <strong>S\u00f5brad tulevad seinast, teoseteod taga<\/strong>. \u2013 Postimees, 30. XI 2024. [Raamatust \u2018S\u00f5brad seinast\u2018.]<\/p>\n\n\n\n<p><em><strong>Intervjuud<\/strong><\/em><br>Sven Vabar, <strong>Lugude vahel on l\u00f5he \u2013 see on surm<\/strong>. \u2013 Looming, nr 5, 2003, lk 758\u2013769.<br>Janar Ala, <strong>Toomas Raudam: ma ei tea, miks ma ikkagi kirjutan<\/strong>. \u2013 Postimees, 25. VII 2011.<br>Valner Valme. <strong>No taxes! No prizes! Only gifts!<\/strong> \u2013 Looming, nr 7, 2022, lk 950\u2013959.<\/p>\n","protected":false},"excerpt":{"rendered":"<p>Bakalaureuset\u00f6\u00f6Kaarel Veskis, Toomas Raudami proosa struktuurid\u00fcnaamika p\u00f5hijooni. Tartu \u00dclikool 2003. ArtiklidPeeter K\u00fcnstler, Milleks Pinocciole raudr\u00fc\u00fc? Essee Toomas Raudami loomingust. \u2013 Vikerkaar, nr 5, 1993, lk 45\u201353.Olev Remsu, Isad ja pojad, \u00e4ngid ja hirmud. Toomas Raudami pooltsentenniumi puhul. \u2013 Looming, nr &#8230;<\/p>\n","protected":false},"author":43,"featured_media":0,"parent":6816,"menu_order":0,"comment_status":"closed","ping_status":"closed","template":"","meta":{"_acf_changed":false,"inline_featured_image":false,"footnotes":""},"class_list":["post-6817","page","type-page","status-publish","hentry"],"acf":[],"_links":{"self":[{"href":"https:\/\/sisu.ut.ee\/ewod\/et\/wp-json\/wp\/v2\/pages\/6817","targetHints":{"allow":["GET"]}}],"collection":[{"href":"https:\/\/sisu.ut.ee\/ewod\/et\/wp-json\/wp\/v2\/pages"}],"about":[{"href":"https:\/\/sisu.ut.ee\/ewod\/et\/wp-json\/wp\/v2\/types\/page"}],"author":[{"embeddable":true,"href":"https:\/\/sisu.ut.ee\/ewod\/et\/wp-json\/wp\/v2\/users\/43"}],"replies":[{"embeddable":true,"href":"https:\/\/sisu.ut.ee\/ewod\/et\/wp-json\/wp\/v2\/comments?post=6817"}],"version-history":[{"count":7,"href":"https:\/\/sisu.ut.ee\/ewod\/et\/wp-json\/wp\/v2\/pages\/6817\/revisions"}],"predecessor-version":[{"id":6928,"href":"https:\/\/sisu.ut.ee\/ewod\/et\/wp-json\/wp\/v2\/pages\/6817\/revisions\/6928"}],"up":[{"embeddable":true,"href":"https:\/\/sisu.ut.ee\/ewod\/et\/wp-json\/wp\/v2\/pages\/6816"}],"wp:attachment":[{"href":"https:\/\/sisu.ut.ee\/ewod\/et\/wp-json\/wp\/v2\/media?parent=6817"}],"curies":[{"name":"wp","href":"https:\/\/api.w.org\/{rel}","templated":true}]}}