{"id":6801,"date":"2025-03-19T12:34:56","date_gmt":"2025-03-19T10:34:56","guid":{"rendered":"https:\/\/sisu.ut.ee\/ewod\/?page_id=6801"},"modified":"2025-03-27T11:19:07","modified_gmt":"2025-03-27T09:19:07","slug":"karl-eduard-soodi-kohta","status":"publish","type":"page","link":"https:\/\/sisu.ut.ee\/ewod\/et\/s\/karl-eduard-soot\/karl-eduard-soodi-kohta\/","title":{"rendered":"Karl Eduard S\u00f6\u00f6di kohta"},"content":{"rendered":"<p><strong><em>Artiklid<\/em><\/strong><br>Hugo Raudsepp, <strong>K. E. S\u00f6\u00f6ti luule<\/strong>. \u2013 Noor-Eesti I, 1905, lk 55\u201372.<br>Henrik Visnapuu, <strong>K. E. S\u00f6\u00f6t luuletajana<\/strong>. \u2013 Looming, nr 10, 1932, lk 1180\u20131194.<br>Ants Oras, <strong>Karl Eduard S\u00f6\u00f6di luule<\/strong>. \u2013 Eesti Kirjandus, 1933 I, lk 1\u20138.<br>August Sang, <strong>Saates\u00f5na<\/strong>. \u2013 Karl Eduard S\u00f6\u00f6t, Kogutud luuletused. Tartu: Tartu Eesti Kirjastus, 1942, lk. 7\u201323.<br>Artur Adson, <strong>Saates\u00f5na<\/strong>. \u2013 Karl Eduard S\u00f6\u00f6t, Elurada. Toronto: Orto, 1951, lk. 5\u20136. [Ilmunud ka: Karl Eduard S\u00f6\u00f6t, Elurada, Tartu: Greif, 1992, lk. 5\u20136.]<br>Gustav Matto, <strong>Kokkupuuteid K. E. S\u00f6\u00f6diga (100. s\u00fcnniaastap\u00e4eva puhul)<\/strong>. \u2013 Keel ja Kirjandus, nr 12, 1962, lk 748\u2013750.<br>Ellen Niit, <strong>Oli kord \u00fcks mees\u2026 100 aastat Karl Eduard S\u00f6\u00f6di s\u00fcnnist<\/strong>. \u2013 Looming, nr 12, 1962, lk 1892\u20131896.<br>Hilja Lindeberg, <strong>Karl Eduard S\u00f6\u00f6t ungari-eesti kultuurilis-kirjanduslike suhete uurijana ja arendajana<\/strong>. \u2013 Looming, nr 6, 1968, lk 936\u2013942.<br>\u00d5nne Kepp, <strong>Nagu takust paelad on mu laulud<\/strong>. \u2013 Karl Eduard S\u00f6\u00f6t, Mu laulud, mu veikesed laulud. Tallinn: EKSA, 2022, lk. 689\u2013703.<\/p>\n","protected":false},"excerpt":{"rendered":"<p>ArtiklidHugo Raudsepp, K. E. S\u00f6\u00f6ti luule. \u2013 Noor-Eesti I, 1905, lk 55\u201372.Henrik Visnapuu, K. E. S\u00f6\u00f6t luuletajana. \u2013 Looming, nr 10, 1932, lk 1180\u20131194.Ants Oras, Karl Eduard S\u00f6\u00f6di luule. \u2013 Eesti Kirjandus, 1933 I, lk 1\u20138.August Sang, Saates\u00f5na. \u2013 Karl &#8230;<\/p>\n","protected":false},"author":43,"featured_media":0,"parent":6800,"menu_order":0,"comment_status":"closed","ping_status":"closed","template":"","meta":{"_acf_changed":false,"inline_featured_image":false,"footnotes":""},"class_list":["post-6801","page","type-page","status-publish","hentry"],"acf":[],"_links":{"self":[{"href":"https:\/\/sisu.ut.ee\/ewod\/et\/wp-json\/wp\/v2\/pages\/6801","targetHints":{"allow":["GET"]}}],"collection":[{"href":"https:\/\/sisu.ut.ee\/ewod\/et\/wp-json\/wp\/v2\/pages"}],"about":[{"href":"https:\/\/sisu.ut.ee\/ewod\/et\/wp-json\/wp\/v2\/types\/page"}],"author":[{"embeddable":true,"href":"https:\/\/sisu.ut.ee\/ewod\/et\/wp-json\/wp\/v2\/users\/43"}],"replies":[{"embeddable":true,"href":"https:\/\/sisu.ut.ee\/ewod\/et\/wp-json\/wp\/v2\/comments?post=6801"}],"version-history":[{"count":2,"href":"https:\/\/sisu.ut.ee\/ewod\/et\/wp-json\/wp\/v2\/pages\/6801\/revisions"}],"predecessor-version":[{"id":6898,"href":"https:\/\/sisu.ut.ee\/ewod\/et\/wp-json\/wp\/v2\/pages\/6801\/revisions\/6898"}],"up":[{"embeddable":true,"href":"https:\/\/sisu.ut.ee\/ewod\/et\/wp-json\/wp\/v2\/pages\/6800"}],"wp:attachment":[{"href":"https:\/\/sisu.ut.ee\/ewod\/et\/wp-json\/wp\/v2\/media?parent=6801"}],"curies":[{"name":"wp","href":"https:\/\/api.w.org\/{rel}","templated":true}]}}