{"id":6794,"date":"2025-03-19T12:19:57","date_gmt":"2025-03-19T10:19:57","guid":{"rendered":"https:\/\/sisu.ut.ee\/ewod\/?page_id=6794"},"modified":"2025-03-19T12:19:58","modified_gmt":"2025-03-19T10:19:58","slug":"ernst-enno-kohta","status":"publish","type":"page","link":"https:\/\/sisu.ut.ee\/ewod\/et\/e\/ernst-enno\/ernst-enno-kohta\/","title":{"rendered":"Ernst Enno kohta"},"content":{"rendered":"<p><em><strong>Artiklid ja saatek\u00e4sitlused<\/strong><\/em><br>Henrik Visnapuu, <strong>Ernst Enno luuletajana<\/strong>. \u2013 Henrik Visnapuu, Vanad ja vastsed poeedid. Tartu, 1921. lk. 95\u2013126. [Ilmunud ka \u201ePostimehe\u201c joonealusena 1921.]<br>Artur Adson, <strong>Ernst Enno<\/strong>. \u2013 Looming, 1925, lk 482\u2013496. [50. s\u00fcnnip\u00e4eva puhul.]<br>Villem Ridala, <strong>Ernst Enno<\/strong>. \u2013 Eesti Kirjandus, nr 7, 1925, lk. 272\u2013286; nr 8, 1925, lk. 305\u2013312.<br>Karl Eduard S\u00f6\u00f6t, <strong>Pilk luuletaja Ernst Enno elusse tema kirjade t\u00e4histusel<\/strong>. \u2013 Eesti Kirjandus, nr 7, 1934, lk. 289\u2013304.<br>Villem Gr\u00fcnthal-Ridala, <strong>Ernst Enno: Essee<\/strong>. \u2013 Tartu: Eesti Kirjanduse Selts, 1925, 26 lk, http:\/\/www.digar.ee\/id\/nlib-digar:431395<br>Friedebert Tuglas, <strong>Uuem ilukirjandus<\/strong>. \u2013 Eesti. Maa. Rahvas. Kultuur, Tartu: 1926, lk 1025\u20131038. E. Ennost lk 1033.<br>Villem Alttoa, <strong>Ernst Enno kaast\u00f6\u00f6liste m\u00e4lestustes<\/strong>. \u2013 Eesti Kirjandus, nr 9, 1936, lk. 385\u2013389.<br>Bernard Kangro, <strong>Saateks<\/strong>. \u2013 Ernst Enno, Valitud v\u00e4rsid, Tartu: 1937, lk. 5\u201331.<br>Oskar Kuningas, <strong>Meie taluelu kajastusi E. Enno luules<\/strong>. \u2013 J\u00e4rva Teataja, 9. III 1944, lk 4.<br>Bernard Kangro, <strong>Saateks<\/strong>. \u2013 Ernst Enno, Kadunud kodu, G\u00f6teborg, 1950, lk. 5\u201312.<br>Ella Enno, <strong>M\u00e4lestuskilde Ernst Ennost<\/strong>. \u2013 Tulimuld, nr 5, 1952, lk. 280\u2013282.<br>Paul Rummo, <strong>Kaarnakivi otsija<\/strong>. \u2013 Ernst Enno, Minu s\u00f5brad. Tallinn, 1973, lk. 67\u201371.<br>Alfred Lumeste, <strong>L\u00fchi\u00fclevaade koolin\u00f5uniku ja luuletaja E. Enno elust ning tegevusest L\u00e4\u00e4nemaal<\/strong>. \u2013 R. Haavam\u00e4gi (koostaja), Haapsalu. Tallinn, 1976, lk. 179\u2013181.<br>L. Iher, <strong>Ernst Enno<\/strong>. \u2013 Haapsalu l\u00e4bi aegade ja inimeste. Tallinn, 1979, lk. 141\u2013148.<br>Oskar Kruus, <strong>Ernst Ennost<\/strong> [Noor-Eesti ajaj\u00e4rgul]. \u2013 Apokriiva lood: Eesti akadeemilise kirjandusloo juurde. Tallinn, 1983, lk. 81\u2013 82.<br>Voldemar Pinn, <strong>Tapetud p\u00e4rast surma<\/strong>. \u2013 Voldemar Pinn, Totalitarismi p\u00f5rgus. Haapsalu, 1992. 1. osa, lk. 7\u201321. [Enno m\u00e4lestussamba mahav\u00f5tmisest ja taasavamisest Haapsalus.]<br>Sirje Olesk, <strong>Enno elu luuletajana<\/strong>. \u2013 Ernst Enno, R\u00e4ndaja \u00f5htulaul. Koostanud Urmas T\u00f5nisson. Tartu: Ilmamaa, 2008, lk. 313\u2013317.<br>Lauri Sommer, <strong>J\u00e4rels\u00f5na<\/strong>. \u2013 Ernst Enno, Imelikku rada pikka. Koostanud Lauri Sommer. Tallinn: T\u00e4nap\u00e4ev, 2020, lk. 241\u2013264.<br>Lauri Sommer, <strong>Ernst Enno ja suvised L\u00f5una-Eesti teed<\/strong>. \u2013 Sirp, 13. VIII 2021.<\/p>\n","protected":false},"excerpt":{"rendered":"<p>Artiklid ja saatek\u00e4sitlusedHenrik Visnapuu, Ernst Enno luuletajana. \u2013 Henrik Visnapuu, Vanad ja vastsed poeedid. Tartu, 1921. lk. 95\u2013126. [Ilmunud ka \u201ePostimehe\u201c joonealusena 1921.]Artur Adson, Ernst Enno. \u2013 Looming, 1925, lk 482\u2013496. [50. s\u00fcnnip\u00e4eva puhul.]Villem Ridala, Ernst Enno. \u2013 Eesti Kirjandus, &#8230;<\/p>\n","protected":false},"author":43,"featured_media":0,"parent":6792,"menu_order":0,"comment_status":"closed","ping_status":"closed","template":"","meta":{"_acf_changed":false,"inline_featured_image":false,"footnotes":""},"class_list":["post-6794","page","type-page","status-publish","hentry"],"acf":[],"_links":{"self":[{"href":"https:\/\/sisu.ut.ee\/ewod\/et\/wp-json\/wp\/v2\/pages\/6794","targetHints":{"allow":["GET"]}}],"collection":[{"href":"https:\/\/sisu.ut.ee\/ewod\/et\/wp-json\/wp\/v2\/pages"}],"about":[{"href":"https:\/\/sisu.ut.ee\/ewod\/et\/wp-json\/wp\/v2\/types\/page"}],"author":[{"embeddable":true,"href":"https:\/\/sisu.ut.ee\/ewod\/et\/wp-json\/wp\/v2\/users\/43"}],"replies":[{"embeddable":true,"href":"https:\/\/sisu.ut.ee\/ewod\/et\/wp-json\/wp\/v2\/comments?post=6794"}],"version-history":[{"count":1,"href":"https:\/\/sisu.ut.ee\/ewod\/et\/wp-json\/wp\/v2\/pages\/6794\/revisions"}],"predecessor-version":[{"id":6796,"href":"https:\/\/sisu.ut.ee\/ewod\/et\/wp-json\/wp\/v2\/pages\/6794\/revisions\/6796"}],"up":[{"embeddable":true,"href":"https:\/\/sisu.ut.ee\/ewod\/et\/wp-json\/wp\/v2\/pages\/6792"}],"wp:attachment":[{"href":"https:\/\/sisu.ut.ee\/ewod\/et\/wp-json\/wp\/v2\/media?parent=6794"}],"curies":[{"name":"wp","href":"https:\/\/api.w.org\/{rel}","templated":true}]}}