{"id":6772,"date":"2024-04-03T23:41:28","date_gmt":"2024-04-03T20:41:28","guid":{"rendered":"https:\/\/sisu.ut.ee\/ewod\/?page_id=6772"},"modified":"2025-03-17T09:41:43","modified_gmt":"2025-03-17T07:41:43","slug":"juhan-voolaid","status":"publish","type":"page","link":"https:\/\/sisu.ut.ee\/ewod\/et\/v\/juhan-voolaid\/","title":{"rendered":"Juhan Voolaid"},"content":{"rendered":"<figure class=\"wp-block-image alignright size-large is-resized\"><a href=\"https:\/\/sisu.ut.ee\/wp-content\/uploads\/sites\/108\/juhan_voolaid_alar_madisson-scaled.jpg\"><img loading=\"lazy\" decoding=\"async\" width=\"683\" height=\"1024\" src=\"https:\/\/sisu.ut.ee\/wp-content\/uploads\/sites\/108\/juhan_voolaid_alar_madisson-683x1024.jpg\" alt=\"\" class=\"wp-image-6384\" style=\"width:263px;height:auto\" title=\"Foto: Alar Madisson\" srcset=\"https:\/\/sisu.ut.ee\/wp-content\/uploads\/sites\/108\/juhan_voolaid_alar_madisson-683x1024.jpg 683w, https:\/\/sisu.ut.ee\/wp-content\/uploads\/sites\/108\/juhan_voolaid_alar_madisson-200x300.jpg 200w, https:\/\/sisu.ut.ee\/wp-content\/uploads\/sites\/108\/juhan_voolaid_alar_madisson-768x1151.jpg 768w, https:\/\/sisu.ut.ee\/wp-content\/uploads\/sites\/108\/juhan_voolaid_alar_madisson-1025x1536.jpg 1025w, https:\/\/sisu.ut.ee\/wp-content\/uploads\/sites\/108\/juhan_voolaid_alar_madisson-1367x2048.jpg 1367w, https:\/\/sisu.ut.ee\/wp-content\/uploads\/sites\/108\/juhan_voolaid_alar_madisson-1920x2877.jpg 1920w, https:\/\/sisu.ut.ee\/wp-content\/uploads\/sites\/108\/juhan_voolaid_alar_madisson-scaled.jpg 1709w\" sizes=\"auto, (max-width: 683px) 100vw, 683px\"><\/a><\/figure>\n\n\n\n<p>Juhan Voolaid (s\u00fcnd. 13. IV 1971) on kirjanik ja linnaametnik.<\/p>\n\n\n\n<p>Voolaid s\u00fcndis Tartus ja l\u00f5petas 1989. aastal Tartu 1. Keskkooli. Ta on \u00f5ppinud Tartu \u00dclikoolis geograafiat. Ta kuulub Eesti Kirjanike Liitu 2017. aastast. Ta oli 2021. aastal Tartu linnakirjanik.<\/p>\n\n\n\n<p>Juhan Voolaid on kirjutanud raamatuid 2008. aastast alates. Voolaid tunneb h\u00e4sti kodulinna Tartut ja selle ajalugu ning kirjutab viisil, mis pakub Tartu kohta teadmisi ja \u00fchtlasi lugemisr\u00f5\u00f5mu.<\/p>\n\n\n\n<p>2008. aastal ilmunud esikteoseks oli ulmeraamat \u201eErakordne info Maa elanikele\u201c. Suur osa Voolaiu loomingust keskendub Tartule ja m\u00e4lestuste teemale. Vahel laiendab ta teoste geograafilist mahtu ning kirjutab ka Tallinnast ja P\u00e4rnust. Raamatu \u201eTartu 1971\u20131983. J\u00f5mpsika m\u00e4lestused\u201c (2020) \u00fcks peategelasi on autor poisieas. Teine peategelane on n\u00f5ukogudeaegne Tartu linn selle poisi silmade l\u00e4bi kujutatuna. Lisaks lapsep\u00f5lve-Tartu raamatutele on Juhan Voolaidi sulest ilmunud kolm raamatut Tartu-lugude sarjast: \u201eHokim\u00e4ngija Tartu linnam\u00fc\u00fcril\u201c (2014), \u201eTartu \u00f5uduskaupmees\u201c (2016) ja \u201eTartu Jaani \u00fcrik ja elu m\u00f5tte r\u00e4pane saladus\u201c (2021).<\/p>\n\n\n\n<p>Voolaiult on ilmunud ka sporditeemaliste novellide kogumik \u201e\u00dclikorvpalluri loomine\u201c (2022) ja igale eale m\u00f5eldud \u201eEesti t\u00e4nap\u00e4evased muinasjutud\u201c (2023), milles eesti muinasjuttude tegelased Vanapagan, Soome tark jt on pandud toimetama t\u00e4nap\u00e4evases maailmas.<\/p>\n\n\n\n<p>2012. aastal ilmus Voolaiult lasteraamat \u201eKullam\u00e4e lood\u201c, mille autor kirjutas oma isa m\u00e4lestuste p\u00f5hjal. \u201eKommikoletis\u201c (2022) koondab suuremas osas ajakirjas T\u00e4heke ilmunud lastelugusid.<\/p>\n\n\n\n<p><em>L. P.<\/em><\/p>\n\n\n\n<h5 class=\"wp-block-heading\"><br>Raamatud eesti keeles<\/h5>\n\n\n\n<p><strong><em>Prose<\/em><\/strong><br><strong>Erakordne info Maa elanikele<\/strong>. Konguta: Habemega Naine, 2008. 112 lk.<br>Juhan Voolaid, raamatu idee ja lapsep\u00f5lvemeenutused: Henn Voolaid,\u00a0<strong>Kullam\u00e4e lood<\/strong>. Tartu: Atlex, 2012. 227 lk.<br><strong>Hokim\u00e4ngija Tartu linnam\u00fc\u00fcril<\/strong>. Tartu: Atlex, 2014. 140 lk.<br><strong>Supergripp Anton<\/strong>. Tallinn: Hea Lugu, 2015. 233 lk.<br><strong>Ideaalne taies<\/strong>. Tallinn: Hea Lugu, 2016. 287 lk.<br><strong>Tartu \u00f5uduskaupmees<\/strong>. Tallinn: Hea Lugu, 2016. 198 lk.<br><strong>L\u00e4bil\u00f6\u00f6jalammas ja marukoer<\/strong>. Tallinn: Hea Lugu, 2017. 239 lk.<br><strong>Tuhastunud k\u00fclavanem<\/strong>. Tartu: Kuuloom, 2018. 197 lk.<br><strong>Tartu 1971\u20131983: j\u00f5mpsika m\u00e4lestused<\/strong>. Tartu: Kuuloom, 2020. 252 lk.<br><strong>Tartu Jaani \u00fcrik ja elu m\u00f5tte r\u00e4pane saladus<\/strong>. Tartu: Kuuloom, 2021. 199 lk.<br><strong>Kommikoletis<\/strong>. Tartu: Kuuloom, 2022, 74 lk. [Lasteraamat.]<br><strong>\u00dclikorvpalluri loomine<\/strong>. Tartu: Kuuloom O\u00dc, 2022, 267 lk.<br><strong>Eesti t\u00e4nap\u00e4evased muinasjutud<\/strong>. Tartu: Kuuloom O\u00dc, 2023, 181 lk.<\/p>\n\n\n\n<p><strong><em>Photo albums<\/em><\/strong><br><strong>Aastaraamis Tartu = A year in Tartu<\/strong>. Tartu: Atlex, 2014. 103 lk.<\/p>\n","protected":false},"excerpt":{"rendered":"<p>Juhan Voolaid (s\u00fcnd. 13. IV 1971) on kirjanik ja linnaametnik. Voolaid s\u00fcndis Tartus ja l\u00f5petas 1989. aastal Tartu 1. Keskkooli. Ta on \u00f5ppinud Tartu \u00dclikoolis geograafiat. Ta kuulub Eesti Kirjanike Liitu 2017. aastast. Ta oli 2021. aastal Tartu linnakirjanik. Juhan &#8230;<\/p>\n","protected":false},"author":43,"featured_media":0,"parent":6512,"menu_order":0,"comment_status":"closed","ping_status":"closed","template":"","meta":{"_acf_changed":false,"inline_featured_image":false,"footnotes":""},"class_list":["post-6772","page","type-page","status-publish","hentry"],"acf":[],"_links":{"self":[{"href":"https:\/\/sisu.ut.ee\/ewod\/et\/wp-json\/wp\/v2\/pages\/6772","targetHints":{"allow":["GET"]}}],"collection":[{"href":"https:\/\/sisu.ut.ee\/ewod\/et\/wp-json\/wp\/v2\/pages"}],"about":[{"href":"https:\/\/sisu.ut.ee\/ewod\/et\/wp-json\/wp\/v2\/types\/page"}],"author":[{"embeddable":true,"href":"https:\/\/sisu.ut.ee\/ewod\/et\/wp-json\/wp\/v2\/users\/43"}],"replies":[{"embeddable":true,"href":"https:\/\/sisu.ut.ee\/ewod\/et\/wp-json\/wp\/v2\/comments?post=6772"}],"version-history":[{"count":4,"href":"https:\/\/sisu.ut.ee\/ewod\/et\/wp-json\/wp\/v2\/pages\/6772\/revisions"}],"predecessor-version":[{"id":6776,"href":"https:\/\/sisu.ut.ee\/ewod\/et\/wp-json\/wp\/v2\/pages\/6772\/revisions\/6776"}],"up":[{"embeddable":true,"href":"https:\/\/sisu.ut.ee\/ewod\/et\/wp-json\/wp\/v2\/pages\/6512"}],"wp:attachment":[{"href":"https:\/\/sisu.ut.ee\/ewod\/et\/wp-json\/wp\/v2\/media?parent=6772"}],"curies":[{"name":"wp","href":"https:\/\/api.w.org\/{rel}","templated":true}]}}