{"id":6734,"date":"2025-03-16T12:24:40","date_gmt":"2025-03-16T10:24:40","guid":{"rendered":"https:\/\/sisu.ut.ee\/ewod\/?page_id=6734"},"modified":"2025-03-18T10:19:05","modified_gmt":"2025-03-18T08:19:05","slug":"peet-vallaku-kohta","status":"publish","type":"page","link":"https:\/\/sisu.ut.ee\/ewod\/et\/v\/peet-vallak\/peet-vallaku-kohta\/","title":{"rendered":"Peet Vallaku kohta"},"content":{"rendered":"<p><strong><em>Artiklid<\/em><\/strong><br>E. Hubel, <strong>Kirjanike. Peet Vallak<\/strong>. \u2013 P\u00e4evaleht. 2.05.1926.<br>A. Raag, <strong>Peet Vallaku loomingust<\/strong>. \u2013 T\u00f5usmed 4\/1926, lk 71-72.<br>I. Ivask, <strong>Peet Vallakut m\u00e4lestades<\/strong>. \u2013 Mana 2\/1959, lk 78-84. [Ilmunud ka: I. Ivask, T\u00e4htede t\u00e4hendust tunda. Eesti m\u00f5ttelugu 52. Tartu: Ilmamaa, 2003, lk 187-196.]<br>H. Puhvel, <strong>Sihtjooni l\u00e4bi Peet Vallaku loomingu 1909-1938<\/strong>. \u2013 Keel ja Kirjandus 1\/1965, lk 1-15. [Ilmunud ka: H. Puhvel, S\u00f5nad s\u00f5elaga s\u00fclessa. Artikleid, l\u00fchiuurimusi, marginaale. Tallinn: Eesti Raamat, 1971.]<br>D. Palgi, <strong>Peet Vallaku noorp\u00f5lvet\u00f6\u00f6d: 1908-1918<\/strong>. \u2013 Keel ja Kirjandus 2\/1966, lk 72-80.<br>D. Palgi, <strong>Peet Vallaku loomingulisest protsessist<\/strong>. \u2013 Keel ja Kirjandus 5\/1967, lk 257-268.<br>A. Pill, <strong>M\u00e4lestusi Peet Vallakust<\/strong>. \u2013 Keel ja Kirjandus 10\/1967, lk 624-630.<br>M. Pedajas, <strong>\u201eMul tuli hea m\u00f5te\u2026\u201c<\/strong>. Elukaaslase m\u00e4lestusi Peet Vallakust. \u2013 Edasi 23.06.1968.<br>M. Roolaan, <strong>M\u00e4lestusi Peet Vallakust<\/strong>. \u2013 Keel ja Kirjandus 11\/1968, lk 686-691.<br>\u00dc. Tonts, <strong>Kaks eesti novellikirjanikku<\/strong>. \u2013 Looming 4\/1969, lk 623-629.<br>T. Liiv, <strong>Eesti novell aastail 1917-1925<\/strong>. \u2013 Keel ja Kirjandus 4\/1977. [Ilmunud ka: T. Liiv, Proosast. Tallinn: Virgela, 1997, lk 43-63.]<br>T. Liiv, <strong>Eesti novell aastail 1926-1930<\/strong>. \u2013 Keel ja Kirjandus 2-3\/1979. [Ilmunud ka: T. Liiv, Proosast. Tallinn: Virgela, 1997, lk 64-87.]<br>O. Kuningas, <strong>\u00dche novellimeistri p\u00e4randist. P. Vallaku 90. s\u00fcnniaastap\u00e4eva puhul<\/strong>. \u2013 Looming 6\/1983, lk 849-852.<br>E. Lillemets, <strong>Daniel Palgi ja Peet Vallak<\/strong>. \u2013 Looming 10\/1987, lk 1404-1414.<br>J. Kruusvall, <strong>Ristialune elu. Peet Vallak ja tema looming<\/strong>. \u2013 Looming 6\/1993, lk 828-834.<br>T. Liiv, <strong>Vallak eestiaegsuse m\u00fctologiseerijana<\/strong>. \u2013 Vikerkaar 6\/1993, lk 48-52. [Ilmunud ka: T. Liiv, Proosast. Tallinn: Virgela, 1997, lk 185-191.]<br>E. Lillemets, <strong>Daniel Palgi seniilmumata eess\u00f5na Peet Vallaku novellivalimikule \u201eVilja mitmest salvest\u201c<\/strong>. \u2013 Keel ja Kirjandus 6\/1993, lk 362-373.<br>D. Palgi, <strong>Pilk loominguteele. Peet Vallaku loomingust<\/strong>. \u2013 Keel ja Kirjandus 6\/1993, lk 362-373.<br>D. Palgi, <strong>Sissejuhatus Peet Vallakusse. Monograafia 1. ja 12. peat\u00fckk<\/strong>. \u2013 Akadeemia 3\/1999, lk 548-559; 4\/1999, lk 730-739.<\/p>\n\n\n\n<p><strong><em>Arvustused<\/em><\/strong><br>H. Visnapuu, <strong>Peet Vallak \u201eAjude m\u00e4ss\u201c<\/strong>. \u2013 Kirjanduslikke Uudiseid 4\/1926, lk 6.<br>A. K. [A. Kivikas?], <strong>Peet Vallak \u201eAjude m\u00e4ss\u201c<\/strong>. \u2013 Kirjanduslikke Uudiseid 5-6\/1926, lk 9. [Ilmunud ka Postimees 30.05.1926.]<br>D. Palgi, <strong>Peet Vallak \u201eAjude m\u00e4ss\u201c<\/strong>. \u2013 Looming 10\/1926, lk 1146-1148.<br>A. Roose, <strong>Peet Vallak \u201eHulgus\u201c<\/strong>. \u2013 Eesti Kirjandus 4\/1927, lk 242-245.<br>A. Suik, <strong>Peet Vallak \u201eRelvad vastamisi\u201c<\/strong>. \u2013 Looming 10\/1929, lk 1299-1301.<br>I. Reiman, <strong>Peet Vallak \u201eRelvad vastamisi\u201c<\/strong>. \u2013 Kasvatus 1\/1930, lk 20-21.<br>D. Palgi, <strong>Peet Vallak \u201eOmakohus\u201c<\/strong>. \u2013 Looming 10\/1932, lk 1195-1196.<br>A. Oras, <strong>Peet Vallaku \u201eOmakohus\u201c<\/strong>. \u2013 Eesti Kirjandus 6\/1933, lk 296-197. [Ilmunud ka: A. Oras, Kriitiku k\u00fclask\u00e4ik. Tartu: Ilmamaa, 2009, lk 348-351.]<br>H. Paukson, <strong>Neli tuult jalge all<\/strong>. \u2013 Postimees 21.12.1934.<br>A. Kivikas, <strong>Peet Vallak \u201eNeli tuult jalge all\u201c<\/strong>. \u2013 Looming 2\/1935, lk 220-221.<br>E. Hubel, <strong>Kirjanduslik \u00fclevaade. Peet Vallak \u201eNeli tuult jalge all\u201c<\/strong>. \u2013 Eesti Kirjandus 3\/1935, 136-138.<br>H. Paukson, <strong>Peet Vallak \u201eTeod pahurpidi\u201c<\/strong>. \u2013 Looming 3\/1936, lk 355-357.<br>M. Sillaots, <strong>Peet Vallak \u201eArmuleib\u201c<\/strong>. \u2013 Eesti Kirjandus 2\/1937, lk 118-119.<br>A. Suik, <strong>Peet Vallak \u201eArmuleib\u201c<\/strong>. \u2013 Looming 1\/1937, lk 119-121.<br>D. Palgi, <strong>Peet Vallak \u201eLambavarga N\u00e4psi lorijutte\u201c<\/strong>. \u2013 Eesti Kirjandus 1\/1939, lk 41-43.<br>A. Adson, <strong>Peet Vallak \u201eLambavarga N\u00e4psi lorijutte\u201c<\/strong>. \u2013 Looming 3\/1939, lk 330-332.<br>A. Suik, <strong>Peet Vallak \u201eLambavarga N\u00e4psi lorijutte\u201c<\/strong>. \u2013 Varamu 5\/1939, lk 562-563.<br>A. Sang, <strong>[\u201cVilja mitmest salvest\u201d]<\/strong>. \u2013 Sirp ja Vasar, 9. II 1946.<br>E. Raudsepp, <strong>Peet Vallak, Vilja mitmest salvest<\/strong>. \u2013 Looming 2\/1946, lk 247-250.<br>O. Kuningas, <strong>Peet Vallak \u201eVilja mitmest salvest\u201c<\/strong>. \u2013 Looming 1948, lk 616-621.<br>A. Hameri, <strong>Peet Vallaku valikkogust<\/strong>. \u2013 Edasi, 24. I 1956. [Kogumikust \u201cValitud novelle\u201d, 1955.]<br>I. Sikem\u00e4e, <strong>Peet Vallaku novellivalimik<\/strong>. \u2013 Looming 1\/1959, lk 144-147. [Kogumikust \u201cValitud novellid\u201d, 1958]<br>T. Liiv, <strong>Peet Vallaku \u201eHulgusest\u201c<\/strong>. \u2013 Keel ja Kirjandus 9\/2006, lk 760-761. [Ilmunud ka: Tekst teeb oma t\u00f6\u00f6: arvustusi, esseid ja artikleid 1976-2009. Tallinn: EKSA, 2012, lk 373-376.]<br>M. Heinsaar, <strong>S\u00fcnge naeru raamat<\/strong>. \u2013 Vikerkaar 9\/2006, lk 121-124. [Romaanist \u201eHulgus\u201c.]<br>M. Vaino, <strong>\u201cVisa hing ja ajude m\u00e4ss\u201d<\/strong>. \u2013 Keel ja Kirjandus nr 6, 2012, lk 457\u2013459. [Daniel Palgi monograafiast \u201cPeet Vallak. Elu ja looming\u201d.]<\/p>\n","protected":false},"excerpt":{"rendered":"<p>ArtiklidE. Hubel, Kirjanike. Peet Vallak. \u2013 P\u00e4evaleht. 2.05.1926.A. Raag, Peet Vallaku loomingust. \u2013 T\u00f5usmed 4\/1926, lk 71-72.I. Ivask, Peet Vallakut m\u00e4lestades. \u2013 Mana 2\/1959, lk 78-84. [Ilmunud ka: I. Ivask, T\u00e4htede t\u00e4hendust tunda. Eesti m\u00f5ttelugu 52. Tartu: Ilmamaa, 2003, lk &#8230;<\/p>\n","protected":false},"author":43,"featured_media":0,"parent":6732,"menu_order":0,"comment_status":"closed","ping_status":"closed","template":"","meta":{"_acf_changed":false,"inline_featured_image":false,"footnotes":""},"class_list":["post-6734","page","type-page","status-publish","hentry"],"acf":[],"_links":{"self":[{"href":"https:\/\/sisu.ut.ee\/ewod\/et\/wp-json\/wp\/v2\/pages\/6734","targetHints":{"allow":["GET"]}}],"collection":[{"href":"https:\/\/sisu.ut.ee\/ewod\/et\/wp-json\/wp\/v2\/pages"}],"about":[{"href":"https:\/\/sisu.ut.ee\/ewod\/et\/wp-json\/wp\/v2\/types\/page"}],"author":[{"embeddable":true,"href":"https:\/\/sisu.ut.ee\/ewod\/et\/wp-json\/wp\/v2\/users\/43"}],"replies":[{"embeddable":true,"href":"https:\/\/sisu.ut.ee\/ewod\/et\/wp-json\/wp\/v2\/comments?post=6734"}],"version-history":[{"count":3,"href":"https:\/\/sisu.ut.ee\/ewod\/et\/wp-json\/wp\/v2\/pages\/6734\/revisions"}],"predecessor-version":[{"id":6790,"href":"https:\/\/sisu.ut.ee\/ewod\/et\/wp-json\/wp\/v2\/pages\/6734\/revisions\/6790"}],"up":[{"embeddable":true,"href":"https:\/\/sisu.ut.ee\/ewod\/et\/wp-json\/wp\/v2\/pages\/6732"}],"wp:attachment":[{"href":"https:\/\/sisu.ut.ee\/ewod\/et\/wp-json\/wp\/v2\/media?parent=6734"}],"curies":[{"name":"wp","href":"https:\/\/api.w.org\/{rel}","templated":true}]}}