{"id":6723,"date":"2024-04-03T23:42:02","date_gmt":"2024-04-03T20:42:02","guid":{"rendered":"https:\/\/sisu.ut.ee\/ewod\/?page_id=6723"},"modified":"2025-03-12T11:23:44","modified_gmt":"2025-03-12T09:23:44","slug":"markus-vain","status":"publish","type":"page","link":"https:\/\/sisu.ut.ee\/ewod\/et\/v\/markus-vain\/","title":{"rendered":"Markus V\u00e4in"},"content":{"rendered":"<figure class=\"wp-block-image alignright size-large is-resized\"><a href=\"https:\/\/sisu.ut.ee\/wp-content\/uploads\/sites\/108\/image_123650291.jpg\"><img loading=\"lazy\" decoding=\"async\" width=\"682\" height=\"1024\" src=\"https:\/\/sisu.ut.ee\/wp-content\/uploads\/sites\/108\/image_123650291-682x1024.jpg\" alt=\"\" class=\"wp-image-6422\" style=\"width:232px;height:auto\" srcset=\"https:\/\/sisu.ut.ee\/wp-content\/uploads\/sites\/108\/image_123650291-682x1024.jpg 682w, https:\/\/sisu.ut.ee\/wp-content\/uploads\/sites\/108\/image_123650291-200x300.jpg 200w, https:\/\/sisu.ut.ee\/wp-content\/uploads\/sites\/108\/image_123650291-768x1152.jpg 768w, https:\/\/sisu.ut.ee\/wp-content\/uploads\/sites\/108\/image_123650291-1024x1536.jpg 1024w, https:\/\/sisu.ut.ee\/wp-content\/uploads\/sites\/108\/image_123650291.jpg 1133w\" sizes=\"auto, (max-width: 682px) 100vw, 682px\"><\/a><\/figure>\n\n\n\n<p>Markus V\u00e4in (s\u00fcnd. 7. III 1999) on proosakirjanik.<\/p>\n\n\n\n<p>V\u00e4in on s\u00fcndinud Tallinnas. Ta on l\u00f5petanud 2018. aastal N\u00f5mme G\u00fcmnaasiumi, 2021. aastal Tartu \u00dclikooli \u00f5igusteaduskonnas bakalaureuse\u00f5ppe ning 2023. aastal Tallinna \u00dclikoolis magistri\u00f5ppe politoloogia erialal. Ta on Kirjanike Liidu liige 2022. aastast.<\/p>\n\n\n\n<p>Markus V\u00e4in on avaldanud kaks mahukat p\u00f5nevusromaani. 2018. aastal p\u00e4lvis V\u00e4in kirjastuse T\u00e4nap\u00e4ev romaaniv\u00f5istlusel kolmanda koha teose eest \u201eIlluminati\u201c. Romaanis avastab peaministri t\u00fctar oma isa saladuse ja s\u00fcndmused arenevad edasi peadp\u00f6\u00f6ritava kiirusega. Tegu on noorteromaaniga, mida on nimetatud suureks saamise looks. Autor on \u201eIlluminatit\u201c kommenteerinud n\u00f5nda: \u201eKirjutasin selle keskkooli ajal. Minu jaoks oli see lugu v\u00f5imaluseks parodeerida kurjust. Vanden\u00f5uteooriaid nagu mistahes muidki m\u00fc\u00fcte, millele tuginevad diktatuurid ja poliitiline \u00e4\u00e4rmuslus, tuleb m\u00e4rgata ja samas ignoreerida. Nad on k\u00f5ige kurja juured, nad m\u00fcrgitavad m\u00f5istuseid ja p\u00f5hjustavad katastroofe. Peaaegu k\u00f5ik selle raamatu tegelased on pettekujutelmade k\u00fctkes, fanaatilised ja \u00fcleolevad, kuid samal ajal ka naeruv\u00e4\u00e4rsed ja koomilised. \u201eIlluminati\u201c on m\u00f5nel m\u00e4\u00e4ral \u00fcles ehitatud nagu m\u00e4rulifilmidest inspireeritud kelmilugu.\u201c<\/p>\n\n\n\n<p>P\u00f5nevik \u201eLoss\u201c (2021) on V\u00e4ina teine romaan. Teose peategelane on noor pangaametnik, kes saabub lossiperemehe juurde tolle arvepidamist ning vara korrastama, kuid satub esmapilgul seletamatute s\u00fcndmuste keerisesse. V\u00e4ina teoste puhul on tajutav autori lugemus. Romaanis \u201eLoss\u201c v\u00f5ib leida m\u00f5jutusi Kafka samanimelisest romaanist ja Karl Ristikivi romaanist \u201eHingede \u00f6\u00f6\u201c. Tekstis v\u00f5ib t\u00e4heldada ka maagilise realismi sugemeid.<\/p>\n\n\n\n<p><em>L. P.<\/em><\/p>\n\n\n\n<h5 class=\"wp-block-heading\"><br><strong>Raamatud eesti keeles<\/strong><\/h5>\n\n\n\n<p><strong><em>Romaanid<\/em><\/strong><br><strong>Illuminati<\/strong>. Tallinn: T\u00e4nap\u00e4ev, 2019, 620 lk.<br><strong>Loss<\/strong>. Tallinn: Hea Lugu, 2021, 380 lk.<\/p>\n","protected":false},"excerpt":{"rendered":"<p>Markus V\u00e4in (s\u00fcnd. 7. III 1999) on proosakirjanik. V\u00e4in on s\u00fcndinud Tallinnas. Ta on l\u00f5petanud 2018. aastal N\u00f5mme G\u00fcmnaasiumi, 2021. aastal Tartu \u00dclikooli \u00f5igusteaduskonnas bakalaureuse\u00f5ppe ning 2023. aastal Tallinna \u00dclikoolis magistri\u00f5ppe politoloogia erialal. Ta on Kirjanike Liidu liige 2022. aastast. &#8230;<\/p>\n","protected":false},"author":43,"featured_media":0,"parent":6512,"menu_order":0,"comment_status":"closed","ping_status":"closed","template":"","meta":{"_acf_changed":false,"inline_featured_image":false,"footnotes":""},"class_list":["post-6723","page","type-page","status-publish","hentry"],"acf":[],"_links":{"self":[{"href":"https:\/\/sisu.ut.ee\/ewod\/et\/wp-json\/wp\/v2\/pages\/6723","targetHints":{"allow":["GET"]}}],"collection":[{"href":"https:\/\/sisu.ut.ee\/ewod\/et\/wp-json\/wp\/v2\/pages"}],"about":[{"href":"https:\/\/sisu.ut.ee\/ewod\/et\/wp-json\/wp\/v2\/types\/page"}],"author":[{"embeddable":true,"href":"https:\/\/sisu.ut.ee\/ewod\/et\/wp-json\/wp\/v2\/users\/43"}],"replies":[{"embeddable":true,"href":"https:\/\/sisu.ut.ee\/ewod\/et\/wp-json\/wp\/v2\/comments?post=6723"}],"version-history":[{"count":4,"href":"https:\/\/sisu.ut.ee\/ewod\/et\/wp-json\/wp\/v2\/pages\/6723\/revisions"}],"predecessor-version":[{"id":6727,"href":"https:\/\/sisu.ut.ee\/ewod\/et\/wp-json\/wp\/v2\/pages\/6723\/revisions\/6727"}],"up":[{"embeddable":true,"href":"https:\/\/sisu.ut.ee\/ewod\/et\/wp-json\/wp\/v2\/pages\/6512"}],"wp:attachment":[{"href":"https:\/\/sisu.ut.ee\/ewod\/et\/wp-json\/wp\/v2\/media?parent=6723"}],"curies":[{"name":"wp","href":"https:\/\/api.w.org\/{rel}","templated":true}]}}