{"id":6714,"date":"2024-04-03T23:41:13","date_gmt":"2024-04-03T20:41:13","guid":{"rendered":"https:\/\/sisu.ut.ee\/ewod\/?page_id=6714"},"modified":"2025-03-12T10:55:18","modified_gmt":"2025-03-12T08:55:18","slug":"katrinvali","status":"publish","type":"page","link":"https:\/\/sisu.ut.ee\/ewod\/et\/v\/katrinvali\/","title":{"rendered":"Katrin V\u00e4li"},"content":{"rendered":"<figure class=\"wp-block-image alignright size-large is-resized\"><a href=\"https:\/\/sisu.ut.ee\/wp-content\/uploads\/sites\/108\/katrin_vali-scaled.jpg\"><img loading=\"lazy\" decoding=\"async\" width=\"732\" height=\"1024\" src=\"https:\/\/sisu.ut.ee\/wp-content\/uploads\/sites\/108\/katrin_vali-732x1024.jpg\" alt=\"\" class=\"wp-image-6252\" style=\"width:279px;height:auto\" srcset=\"https:\/\/sisu.ut.ee\/wp-content\/uploads\/sites\/108\/katrin_vali-732x1024.jpg 732w, https:\/\/sisu.ut.ee\/wp-content\/uploads\/sites\/108\/katrin_vali-214x300.jpg 214w, https:\/\/sisu.ut.ee\/wp-content\/uploads\/sites\/108\/katrin_vali-768x1074.jpg 768w, https:\/\/sisu.ut.ee\/wp-content\/uploads\/sites\/108\/katrin_vali-1098x1536.jpg 1098w, https:\/\/sisu.ut.ee\/wp-content\/uploads\/sites\/108\/katrin_vali-1464x2048.jpg 1464w, https:\/\/sisu.ut.ee\/wp-content\/uploads\/sites\/108\/katrin_vali-1920x2686.jpg 1920w, https:\/\/sisu.ut.ee\/wp-content\/uploads\/sites\/108\/katrin_vali-scaled.jpg 1830w\" sizes=\"auto, (max-width: 732px) 100vw, 732px\"><\/a><\/figure>\n\n\n\n<p>Katrin V\u00e4li (kodanikunimega Katrin Hallas, s. 11. IV 1956) on eesti luuletaja, toimetaja ja t\u00f5lkija.<\/p>\n\n\n\n<p>Katrin V\u00e4li s\u00fcndis Tallinnas, t\u00f5lkija Silvi ja kirjanik Heino V\u00e4li perekonnas. Aastatel 1963\u20131974 \u00f5ppis ta Tallinna 24., 44., 32. ja 20. keskkoolis ning 1978\u20131984 Moskva Gorki-nimelises kirjandusinstituudis. Aastatel 1974\u20131976 t\u00f6\u00f6tas V\u00e4li EKP Keskkomitee kirjastuses raamatupidajana, 1984\u20131986 Tallinna tekstiilgalanteriikombinaadi masin\u00f5mblejana, 1988. aastal Nissi kooli eesti keele ja kirjanduse \u00f5petajana ning alates 1994. aastast t\u00f6\u00f6tab Eesti Ekspressi keeletoimetajana. Aastatel 1977\u20131984 oli Eesti Kirjanike Liidu noortesektsiooni liige. Abielus t\u00f5lkija ja toimetaja Jaakko Hallasega.<\/p>\n\n\n\n<p>Tema esimene luuletus avaldati ajakirjas Noorus aastal 1973. Katrin V\u00e4lit kui luuletajat on nimetatud oman\u00e4oliseks ja suver\u00e4\u00e4nseks ning tema loomet tabamatuks.<\/p>\n\n\n\n<p>V\u00e4li tegutseb ka vabakutselise t\u00f5lkija ja toimetajana. T\u00f5lkinud ilukirjandust, peamiselt luulet, aga ka Jevgeni Kisseljovi ja Mihhail Kasjanovi raamatu \u201ePutinita\u201c, samuti P. I. Filimonovi ja Igor Kotjuhi teoseid. Ta on kirjutanud kolleegide kogudele ka kommentaare ja saates\u00f5nu ning koostanud kogumiku isa Heino V\u00e4li lastejuttudest.<\/p>\n\n\n\n<p><em>M. K.<\/em><\/p>\n\n\n\n<h5 class=\"wp-block-heading\"><br><strong>Raamatud eesti keeles<\/strong><\/h5>\n\n\n\n<p><strong><em>Luuletused<\/em><\/strong><br><strong>Eluase.\u00a0<\/strong>Tallinn: Eesti Raamat, 1978, 52 lk.<br><strong>Vahemaad.\u00a0<\/strong>Tallinn: Eesti Raamat, 1982, 72 lk.<br><strong>Risttee.\u00a0<\/strong>Tallinn: Eesti Raamat, 1988, 96 lk.<br><strong>Unesk\u00f5ndija.\u00a0<\/strong>Tallinn: Eesti Raamat, 1990, 112 lk.<br><strong>Vesikiri.\u00a0<\/strong>Tallinn: Eesti Raamat, 1991, 72 lk.<br><strong>Lained ja punktid.\u00a0<\/strong>Tallinn: FC Boheem, 1996, 77 lk.<br><strong>Taim kasvab kell k\u00e4ib.\u00a0<\/strong>Tartu: Elmatar,1999, 45 lk.<br><strong>Ilmad.\u00a0<\/strong>Tallinn: Tuum, 2002, 64 lk.<br><strong>neli.\u00a0<\/strong>Tallinn: Verb, 2007, 69 lk.<br><strong>ktrn.\u00a0<\/strong>Tallinn: Kite, 2013, 66 lk.<br>Katrin V\u00e4li, P. I. Filimonov<strong>, Tselluloos.<\/strong>Tallinn: Kite, 2015, 204 lk.<br><strong>Sugulane<\/strong><em>.<\/em>Tallinn: EKSA, 2018, 61 lk.<br>Katrin V\u00e4li, Laura P\u00f5ld,\u00a0<strong>Aheraine laul.\u00a0<\/strong>Tartu: Tartu Kunstnike Liit, 2020, 192 lk.<br><strong>Kasvab tagasi lindudeks<\/strong><em>.\u00a0<\/em>(Luuletusi 1978\u20132021.)Tartu: Ilmamaa, 2021, 296 lk.<\/p>\n","protected":false},"excerpt":{"rendered":"<p>Katrin V\u00e4li (kodanikunimega Katrin Hallas, s. 11. IV 1956) on eesti luuletaja, toimetaja ja t\u00f5lkija. Katrin V\u00e4li s\u00fcndis Tallinnas, t\u00f5lkija Silvi ja kirjanik Heino V\u00e4li perekonnas. Aastatel 1963\u20131974 \u00f5ppis ta Tallinna 24., 44., 32. ja 20. keskkoolis ning 1978\u20131984 Moskva &#8230;<\/p>\n","protected":false},"author":43,"featured_media":0,"parent":6512,"menu_order":0,"comment_status":"closed","ping_status":"closed","template":"","meta":{"_acf_changed":false,"inline_featured_image":false,"footnotes":""},"class_list":["post-6714","page","type-page","status-publish","hentry"],"acf":[],"_links":{"self":[{"href":"https:\/\/sisu.ut.ee\/ewod\/et\/wp-json\/wp\/v2\/pages\/6714","targetHints":{"allow":["GET"]}}],"collection":[{"href":"https:\/\/sisu.ut.ee\/ewod\/et\/wp-json\/wp\/v2\/pages"}],"about":[{"href":"https:\/\/sisu.ut.ee\/ewod\/et\/wp-json\/wp\/v2\/types\/page"}],"author":[{"embeddable":true,"href":"https:\/\/sisu.ut.ee\/ewod\/et\/wp-json\/wp\/v2\/users\/43"}],"replies":[{"embeddable":true,"href":"https:\/\/sisu.ut.ee\/ewod\/et\/wp-json\/wp\/v2\/comments?post=6714"}],"version-history":[{"count":3,"href":"https:\/\/sisu.ut.ee\/ewod\/et\/wp-json\/wp\/v2\/pages\/6714\/revisions"}],"predecessor-version":[{"id":6717,"href":"https:\/\/sisu.ut.ee\/ewod\/et\/wp-json\/wp\/v2\/pages\/6714\/revisions\/6717"}],"up":[{"embeddable":true,"href":"https:\/\/sisu.ut.ee\/ewod\/et\/wp-json\/wp\/v2\/pages\/6512"}],"wp:attachment":[{"href":"https:\/\/sisu.ut.ee\/ewod\/et\/wp-json\/wp\/v2\/media?parent=6714"}],"curies":[{"name":"wp","href":"https:\/\/api.w.org\/{rel}","templated":true}]}}