{"id":6711,"date":"2024-04-03T23:42:37","date_gmt":"2024-04-03T20:42:37","guid":{"rendered":"https:\/\/sisu.ut.ee\/ewod\/?page_id=6711"},"modified":"2025-03-12T10:45:50","modified_gmt":"2025-03-12T08:45:50","slug":"silvi-valjal","status":"publish","type":"page","link":"https:\/\/sisu.ut.ee\/ewod\/et\/v\/silvi-valjal\/","title":{"rendered":"Silvi V\u00e4ljal"},"content":{"rendered":"<p>Silvi V\u00e4ljal (s\u00fcndinud Silvi Masing, 30. I 1928\u20133. IV 2014) raamatuillustraator ja graafik, keda tuntakse eesk\u00e4tt populaarse lasteraamatu \u201cJussikese seitse s\u00f5pra\u201d (1966) autorina.<\/p>\n\n\n\n<p>Ta s\u00fcndis Mulgimaal ja l\u00f5petas Viljandis keskkooli. Silvi V\u00e4ljal l\u00f5petas Eesti Riikliku Kunstiinstituudi 1952. aastal, p\u00e4lvides k\u00f5rge hinnangu diplomit\u00f6\u00f6na valminud illustratsioonide eest A. H. Tammsaare romaani \u201eT\u00f5de ja \u00f5igus\u201c I osale. Seej\u00e4rel suunati ta t\u00f6\u00f6le lasteajakirja Pioneer kunstnikuks-kujundajaks. Seal avanes tema anne lastekirjanduse illustraatorina, mis sai tema peamiseks tegevusalaks. Kokku ulatub Silvi V\u00e4ljali illustreeritud raamatute arv kahesajani.<\/p>\n\n\n\n<p>Silvi V\u00e4ljali loomingulise omap\u00e4ra \u00fcheks kirkamaks v\u00e4ljenduseks on j\u00e4\u00e4nud tema enda kirjutatud teksti ja illustratsioonidega lasteraamat \u201eJussikese seitse s\u00f5pra\u201c, mille esmatr\u00fckk ilmus 1966. aastal. Jussike, kes varem armastas ainult p\u00fchap\u00e4eva, s\u00f5bruneb raamatus k\u00f5igi seitsme n\u00e4dalap\u00e4evaga. Raamatut on autori illustratsioonidega seni avaldatud rohkem kui kahek\u00fcmnes keeles. 1967. aastal tehti raamatu ainetel\u00a0stuudios Tallinnfilm\u00a0sama pealkirjaga multifilm, mille re\u017eiss\u00f6\u00f6riks oli\u00a0Heino Pars.<\/p>\n\n\n\n<p>Halliste mulgil, nagu Silvi V\u00e4ljal on ennast nimetanud, s\u00e4ilis kogu eluks armastus mulgi keele vastu. 2004. aastal ilmus tema ja Lembit Eelm\u00e4e koostatud ning V\u00e4ljali kujundatud ja illustreeritud murdekeelne lugemik \u201eMulgi keelen ja meelen\u201c. Teosesse kuulub ka Silvi V\u00e4ljali mulgikeelne tekst m\u00e4lestuspiltidega lapsep\u00f5lvest.<\/p>\n\n\n\n<p><em>L. P.<\/em><\/p>\n\n\n\n<h5 class=\"wp-block-heading\"><br><strong>Raamatud eesti keeles<\/strong><\/h5>\n\n\n\n<p><em><strong>Lasteraamatud<\/strong><\/em><br><strong>Jussikese seitse s\u00f5pra<\/strong>. Tallinn: Eesti Raamat, 1966. 24 lk. [J\u00e4rgnevad tr\u00fckid: 1999, 2015, 2023, 2022.]<\/p>\n","protected":false},"excerpt":{"rendered":"<p>Silvi V\u00e4ljal (s\u00fcndinud Silvi Masing, 30. I 1928\u20133. IV 2014) raamatuillustraator ja graafik, keda tuntakse eesk\u00e4tt populaarse lasteraamatu \u201cJussikese seitse s\u00f5pra\u201d (1966) autorina. Ta s\u00fcndis Mulgimaal ja l\u00f5petas Viljandis keskkooli. Silvi V\u00e4ljal l\u00f5petas Eesti Riikliku Kunstiinstituudi 1952. aastal, p\u00e4lvides k\u00f5rge &#8230;<\/p>\n","protected":false},"author":43,"featured_media":0,"parent":6512,"menu_order":0,"comment_status":"closed","ping_status":"closed","template":"","meta":{"_acf_changed":false,"inline_featured_image":false,"footnotes":""},"class_list":["post-6711","page","type-page","status-publish","hentry"],"acf":[],"_links":{"self":[{"href":"https:\/\/sisu.ut.ee\/ewod\/et\/wp-json\/wp\/v2\/pages\/6711","targetHints":{"allow":["GET"]}}],"collection":[{"href":"https:\/\/sisu.ut.ee\/ewod\/et\/wp-json\/wp\/v2\/pages"}],"about":[{"href":"https:\/\/sisu.ut.ee\/ewod\/et\/wp-json\/wp\/v2\/types\/page"}],"author":[{"embeddable":true,"href":"https:\/\/sisu.ut.ee\/ewod\/et\/wp-json\/wp\/v2\/users\/43"}],"replies":[{"embeddable":true,"href":"https:\/\/sisu.ut.ee\/ewod\/et\/wp-json\/wp\/v2\/comments?post=6711"}],"version-history":[{"count":1,"href":"https:\/\/sisu.ut.ee\/ewod\/et\/wp-json\/wp\/v2\/pages\/6711\/revisions"}],"predecessor-version":[{"id":6712,"href":"https:\/\/sisu.ut.ee\/ewod\/et\/wp-json\/wp\/v2\/pages\/6711\/revisions\/6712"}],"up":[{"embeddable":true,"href":"https:\/\/sisu.ut.ee\/ewod\/et\/wp-json\/wp\/v2\/pages\/6512"}],"wp:attachment":[{"href":"https:\/\/sisu.ut.ee\/ewod\/et\/wp-json\/wp\/v2\/media?parent=6711"}],"curies":[{"name":"wp","href":"https:\/\/api.w.org\/{rel}","templated":true}]}}