{"id":6707,"date":"2024-04-03T23:42:32","date_gmt":"2024-04-03T20:42:32","guid":{"rendered":"https:\/\/sisu.ut.ee\/ewod\/?page_id=6707"},"modified":"2025-03-12T10:32:27","modified_gmt":"2025-03-12T08:32:27","slug":"valjamae","status":"publish","type":"page","link":"https:\/\/sisu.ut.ee\/ewod\/et\/v\/valjamae\/","title":{"rendered":"Kaarel B. V\u00e4ljam\u00e4e"},"content":{"rendered":"<figure class=\"wp-block-image alignright size-large is-resized\"><a href=\"https:\/\/sisu.ut.ee\/wp-content\/uploads\/sites\/108\/kaarelbvaljamae_alar_madisson.jpg\"><img loading=\"lazy\" decoding=\"async\" width=\"682\" height=\"1024\" src=\"https:\/\/sisu.ut.ee\/wp-content\/uploads\/sites\/108\/kaarelbvaljamae_vaike_alar_madisson-682x1024.jpg\" alt=\"\" class=\"wp-image-6410\" style=\"width:232px;height:auto\" title=\"Foto: Alar Madisson\" srcset=\"https:\/\/sisu.ut.ee\/wp-content\/uploads\/sites\/108\/kaarelbvaljamae_vaike_alar_madisson-682x1024.jpg 682w, https:\/\/sisu.ut.ee\/wp-content\/uploads\/sites\/108\/kaarelbvaljamae_vaike_alar_madisson-200x300.jpg 200w, https:\/\/sisu.ut.ee\/wp-content\/uploads\/sites\/108\/kaarelbvaljamae_vaike_alar_madisson-768x1153.jpg 768w, https:\/\/sisu.ut.ee\/wp-content\/uploads\/sites\/108\/kaarelbvaljamae_vaike_alar_madisson-1023x1536.jpg 1023w, https:\/\/sisu.ut.ee\/wp-content\/uploads\/sites\/108\/kaarelbvaljamae_vaike_alar_madisson-1365x2048.jpg 1365w, https:\/\/sisu.ut.ee\/wp-content\/uploads\/sites\/108\/kaarelbvaljamae_vaike_alar_madisson-1920x2882.jpg 1920w, https:\/\/sisu.ut.ee\/wp-content\/uploads\/sites\/108\/kaarelbvaljamae_vaike_alar_madisson-scaled.jpg 1706w\" sizes=\"auto, (max-width: 682px) 100vw, 682px\"><\/a><\/figure>\n\n\n\n<p>Kaarel B. V\u00e4ljam\u00e4e (s\u00fcnd. 15. VI 1981) on baptisti pastor, kes on avaldanud mitu luulekogu ja kirjutanud mitu n\u00e4idendit.<\/p>\n\n\n\n<p>V\u00e4ljam\u00e4e on s\u00fcndinud Kohilas kristlikus peres ja kasvanud sealse baptistikoguduse keskel. Ta l\u00f5petas keskkooli eksternina. Tallinnasse elama asudes teenis ta Allika koguduse abipastorina. V\u00e4ljam\u00e4e on l\u00f5petanud 2016. aastal Tartus K\u00f5rgema Usuteadusliku Seminari. Ta on \u00fcks Tallinna koguduse Mosaiik asutajatest.<\/p>\n\n\n\n<p>Kaarel B. V\u00e4ljam\u00e4e esimene luulekogu \u201eSent\u201c ilmus 2006. aastal. V\u00e4ljam\u00e4e luuletused noore inimese t\u00e4iskasvanuks saamisest olid aluseks Tallinna Linnateatri 2010. aasta monoetendusele \u201eSuur mees juba\u201c, mille lavastas Diana Leesalu. Sama pealkirja all ilmus V\u00e4ljam\u00e4elt 2012. aastal luulekogu. Raamat kujutab endast sidusat tervikut tekstidest, mis r\u00e4\u00e4givad t\u00e4iskasvanuikka j\u00f5udmisest, eelk\u00f5ige identiteedikriisi k\u00fctkes noormehe suhetest oma vanemate, vanavanemate ning kirjanduse ja surmaga. Koost\u00f6\u00f6s Diana Leesaluga valmis V\u00e4ljam\u00e4el 2017. aastal n\u00e4idend \u201eKriipsud uksepiidal\u201c. Lavateose autorid kirjeldavad oma p\u00f5lvkonna t\u00e4iskasvanuks saamist n\u00f5ukogude perioodi l\u00f5pus ning Eesti Vabariigi taasiseseisvumise ajal. \u00dcle\u00f6\u00f6 osaks langenud v\u00f5imaluste rikkus t\u00f5i paljudele kaasa identiteedikriisi ja kiire l\u00e4bip\u00f5lemise.<\/p>\n\n\n\n<p>2015. aastal avaldatud luulekogus \u201eKohvi k\u00f5rvale\u201d portreteerib autor usu abiga identiteedikriisi \u00fcletanud subjekti, kes on argielu ja igavikulise vastuolude vahel valiku teinud, kuid ei l\u00e4be oma otsuse positiivseid ja praktilisi tulemusi \u00e4ra oodata.<\/p>\n\n\n\n<p>V\u00e4ljam\u00e4e viljeleb proosalikku vabav\u00e4rssi, mis on tihti kirjutatud minavormis.<\/p>\n\n\n\n<p><em>L. P.<\/em><\/p>\n\n\n\n<h5 class=\"wp-block-heading\"><br><strong>Raamatud eesti keeles<\/strong><\/h5>\n\n\n\n<p><strong><em>Poems<\/em><\/strong><br>B\u00f6\u00f6ma,\u00a0<strong>Sent<\/strong>. Tallinn: Huma, 2006, 70 lk.<br><strong>Suur mees juba<\/strong>. Tallinn: Kite, 2012, 59 lk.<br><strong>Kohvi k\u00f5rvale<\/strong>. Tallinn: Verb, 2015, 63 lk.<br><strong>Rahuruum<\/strong>. Meriv\u00e4lja: Kriipsukarla, 2022, 187 lk.<br><strong>Helesinine tahmakuu<\/strong>. P\u00f5ltsamaa: Seitse S\u00f5lme, 2022, 69 lk.<br><strong>Haugub, hammustab, tapab! Hingad, hingad, ei hinga\u2026<\/strong>. Tallinn: Kriipsukarla, 2023, 112 lk.<\/p>\n","protected":false},"excerpt":{"rendered":"<p>Kaarel B. V\u00e4ljam\u00e4e (s\u00fcnd. 15. VI 1981) on baptisti pastor, kes on avaldanud mitu luulekogu ja kirjutanud mitu n\u00e4idendit. V\u00e4ljam\u00e4e on s\u00fcndinud Kohilas kristlikus peres ja kasvanud sealse baptistikoguduse keskel. Ta l\u00f5petas keskkooli eksternina. Tallinnasse elama asudes teenis ta Allika &#8230;<\/p>\n","protected":false},"author":43,"featured_media":0,"parent":6512,"menu_order":0,"comment_status":"closed","ping_status":"closed","template":"","meta":{"_acf_changed":false,"inline_featured_image":false,"footnotes":""},"class_list":["post-6707","page","type-page","status-publish","hentry"],"acf":[],"_links":{"self":[{"href":"https:\/\/sisu.ut.ee\/ewod\/et\/wp-json\/wp\/v2\/pages\/6707","targetHints":{"allow":["GET"]}}],"collection":[{"href":"https:\/\/sisu.ut.ee\/ewod\/et\/wp-json\/wp\/v2\/pages"}],"about":[{"href":"https:\/\/sisu.ut.ee\/ewod\/et\/wp-json\/wp\/v2\/types\/page"}],"author":[{"embeddable":true,"href":"https:\/\/sisu.ut.ee\/ewod\/et\/wp-json\/wp\/v2\/users\/43"}],"replies":[{"embeddable":true,"href":"https:\/\/sisu.ut.ee\/ewod\/et\/wp-json\/wp\/v2\/comments?post=6707"}],"version-history":[{"count":2,"href":"https:\/\/sisu.ut.ee\/ewod\/et\/wp-json\/wp\/v2\/pages\/6707\/revisions"}],"predecessor-version":[{"id":6710,"href":"https:\/\/sisu.ut.ee\/ewod\/et\/wp-json\/wp\/v2\/pages\/6707\/revisions\/6710"}],"up":[{"embeddable":true,"href":"https:\/\/sisu.ut.ee\/ewod\/et\/wp-json\/wp\/v2\/pages\/6512"}],"wp:attachment":[{"href":"https:\/\/sisu.ut.ee\/ewod\/et\/wp-json\/wp\/v2\/media?parent=6707"}],"curies":[{"name":"wp","href":"https:\/\/api.w.org\/{rel}","templated":true}]}}