{"id":6701,"date":"2024-04-03T23:40:24","date_gmt":"2024-04-03T20:40:24","guid":{"rendered":"https:\/\/sisu.ut.ee\/ewod\/?page_id=6701"},"modified":"2025-03-12T10:02:25","modified_gmt":"2025-03-12T08:02:25","slug":"weber","status":"publish","type":"page","link":"https:\/\/sisu.ut.ee\/ewod\/et\/w\/weber\/","title":{"rendered":"Bernhard Weber"},"content":{"rendered":"<p>Bernhard Weber (1874\u20131922) oli harrastusluuletaja.<\/p>\n\n\n\n<p>Ta s\u00fcndis Tartus ja \u00f5ppis kohalikus elementaarkoolis ja linnakoolis. T\u00f6\u00f6tas Tartumaal R\u00f5ngu vallakirjutaja abina. Hiljem t\u00f6\u00f6tas vabriku raamatupidajana Harjumaal, elas Hageris.<\/p>\n\n\n\n<p>Weberi luuletusi ilmus ajalehtedes \u201eOlevik\u201c ja \u201ePostimees\u201c ning ajakirjas \u201eLinda\u201c. Kolm tema luuletust on avaldatud 1910. aastal ilmunud K. E. S\u00f6\u00f6di ja G. Suitsu koostatud eesti luule antoloogias \u201eEesti luule\u201c. Tema v\u00e4rssidele on omane dramaatiline sentimentalism. \u00dcks Weberi luuletus, \u201eMillal ilmub kepis\u00e4\u00e4dus?\u201c (ihunuhtluse kaotamisest m\u00f5isates) ilmus 1913. aastal antoloogias \u201eEesti luuleilm\u201c.<\/p>\n\n\n\n<p>Bernhard Weber koostas esimese eestikeelse koolialmanahhi \u201eTorupill\u201c, mis ilmus aastatel 1903\u20131906. Koos almanahhi asutaja, luuletaja, ajakirjaniku ja n\u00e4itekirjaniku Otto Grossschmidti (1869\u20131941), tema abikaasa Liina Grossschmidti (1872\u20131952), luuletaja Ernst Enno ja m\u00f5ne teise literaadiga kuulus Weber 20. sajandi algusaastatel Raigaste k\u00fclakooli juurde tekkinud kirjanduslikku ringi.<\/p>\n\n\n\n<p><em>L. P.<\/em><\/p>\n","protected":false},"excerpt":{"rendered":"<p>Bernhard Weber (1874\u20131922) oli harrastusluuletaja. Ta s\u00fcndis Tartus ja \u00f5ppis kohalikus elementaarkoolis ja linnakoolis. T\u00f6\u00f6tas Tartumaal R\u00f5ngu vallakirjutaja abina. Hiljem t\u00f6\u00f6tas vabriku raamatupidajana Harjumaal, elas Hageris. Weberi luuletusi ilmus ajalehtedes \u201eOlevik\u201c ja \u201ePostimees\u201c ning ajakirjas \u201eLinda\u201c. Kolm tema luuletust on &#8230;<\/p>\n","protected":false},"author":43,"featured_media":0,"parent":6514,"menu_order":0,"comment_status":"closed","ping_status":"closed","template":"","meta":{"_acf_changed":false,"inline_featured_image":false,"footnotes":""},"class_list":["post-6701","page","type-page","status-publish","hentry"],"acf":[],"_links":{"self":[{"href":"https:\/\/sisu.ut.ee\/ewod\/et\/wp-json\/wp\/v2\/pages\/6701","targetHints":{"allow":["GET"]}}],"collection":[{"href":"https:\/\/sisu.ut.ee\/ewod\/et\/wp-json\/wp\/v2\/pages"}],"about":[{"href":"https:\/\/sisu.ut.ee\/ewod\/et\/wp-json\/wp\/v2\/types\/page"}],"author":[{"embeddable":true,"href":"https:\/\/sisu.ut.ee\/ewod\/et\/wp-json\/wp\/v2\/users\/43"}],"replies":[{"embeddable":true,"href":"https:\/\/sisu.ut.ee\/ewod\/et\/wp-json\/wp\/v2\/comments?post=6701"}],"version-history":[{"count":1,"href":"https:\/\/sisu.ut.ee\/ewod\/et\/wp-json\/wp\/v2\/pages\/6701\/revisions"}],"predecessor-version":[{"id":6702,"href":"https:\/\/sisu.ut.ee\/ewod\/et\/wp-json\/wp\/v2\/pages\/6701\/revisions\/6702"}],"up":[{"embeddable":true,"href":"https:\/\/sisu.ut.ee\/ewod\/et\/wp-json\/wp\/v2\/pages\/6514"}],"wp:attachment":[{"href":"https:\/\/sisu.ut.ee\/ewod\/et\/wp-json\/wp\/v2\/media?parent=6701"}],"curies":[{"name":"wp","href":"https:\/\/api.w.org\/{rel}","templated":true}]}}