{"id":6661,"date":"2024-04-03T23:41:30","date_gmt":"2024-04-03T20:41:30","guid":{"rendered":"https:\/\/sisu.ut.ee\/ewod\/?page_id=6661"},"modified":"2025-03-08T09:48:50","modified_gmt":"2025-03-08T07:48:50","slug":"pilleonnepalu","status":"publish","type":"page","link":"https:\/\/sisu.ut.ee\/ewod\/et\/oe\/pilleonnepalu\/","title":{"rendered":"Pille \u00d5nnepalu"},"content":{"rendered":"<p>Pille \u00d5nnepalu (s\u00fcnd. 25. V 1958) on kunsti\u00f5petaja ja kirjanik.<\/p>\n\n\n\n<p>Pille \u00d5nnepalu esimesed luuletused ilmusid 1980. aastatel kirjandusajakirjades. 1986. aastal Loomingu Raamatukogus ilmunud kogumikku \u201eS\u00f5na\u201c (9. osa) on koostaja Toomas Haug valinud mitu luuletust Pille \u00d5nnepalult, tollase nimega Pille Sovalt. Pille Sova nime all ilmus luuletusi ka ajakirjas Vikerkaar 1992. aastal. Pille \u00d5nnepalu on Kirjanike Liidu liige 2018. aastast.<\/p>\n\n\n\n<p>Tema luulekogu \u201e\u00d5de\u201c (2013) h\u00f5lmab avaldatud ja avaldamata luuletusi 1980. aastate l\u00f5pust kuni 2012. aasta viimase p\u00e4evani. Luulekogu on justkui p\u00e4evik, milles luuletaja muudab igap\u00e4evased olukorrad t\u00e4henduslikeks s\u00fcndmusteks. \u00d5nnepalu talletab lihtsat, kaduvat maailma, kaasaegse Eesti hetki. Kujundite, dialoogide ja kirjelduste vorm on m\u00e4nguline: autor ja tema tegelased on lihtsalt poeetilised kujud, p\u00f5nevad karakterid kirjanduslikust kulgemisest.<\/p>\n\n\n\n<p>2017. aastal ilmus Pille \u00d5nnepalult romaan \u201er\u00e4\u00e4kimine vaikimine nutmine: vabaduse seletamatu ilu\u201c. Teos on kirjutatud p\u00e4evikuvormis. Raamatu v\u00e4lja m\u00f5eldud ja t\u00f5elised inimesed ning s\u00fcndmused sulavad koosk\u00f5laliseks tervikuks. Peategelane armastab kaasaegset kunsti, mida ta vaatleb ja kirjeldab, sealhulgas oma t\u00fctre maale ja muid teoseid ning nende tegemise protsesse.<\/p>\n\n\n\n<p>Pille \u00d5nnepalu vend on kirjanik T\u00f5nu \u00d5nnepalu. Pille \u00d5nnepalu t\u00fctar on kunstnik Pire Sova.<\/p>\n\n\n\n<p><em>L. P.<\/em><\/p>\n\n\n\n<h5 class=\"wp-block-heading\"><br>Raamatud eesti keeles<\/h5>\n\n\n\n<p><em><strong>Luule<\/strong><\/em><br><strong>\u00d5de<\/strong>. Tallinn: Henrik, 2013. 156 lk.<\/p>\n\n\n\n<p><strong><em>Pro<\/em><\/strong><em><strong>osa<\/strong><\/em><br><strong>r\u00e4\u00e4kimine vaikimine nutmine: vabaduse seletamatu ilu<\/strong>. Tartu: Henrik, 2017. 175 lk.<\/p>\n","protected":false},"excerpt":{"rendered":"<p>Pille \u00d5nnepalu (s\u00fcnd. 25. V 1958) on kunsti\u00f5petaja ja kirjanik. Pille \u00d5nnepalu esimesed luuletused ilmusid 1980. aastatel kirjandusajakirjades. 1986. aastal Loomingu Raamatukogus ilmunud kogumikku \u201eS\u00f5na\u201c (9. osa) on koostaja Toomas Haug valinud mitu luuletust Pille \u00d5nnepalult, tollase nimega Pille Sovalt. &#8230;<\/p>\n","protected":false},"author":43,"featured_media":0,"parent":6516,"menu_order":0,"comment_status":"closed","ping_status":"closed","template":"","meta":{"_acf_changed":false,"inline_featured_image":false,"footnotes":""},"class_list":["post-6661","page","type-page","status-publish","hentry"],"acf":[],"_links":{"self":[{"href":"https:\/\/sisu.ut.ee\/ewod\/et\/wp-json\/wp\/v2\/pages\/6661","targetHints":{"allow":["GET"]}}],"collection":[{"href":"https:\/\/sisu.ut.ee\/ewod\/et\/wp-json\/wp\/v2\/pages"}],"about":[{"href":"https:\/\/sisu.ut.ee\/ewod\/et\/wp-json\/wp\/v2\/types\/page"}],"author":[{"embeddable":true,"href":"https:\/\/sisu.ut.ee\/ewod\/et\/wp-json\/wp\/v2\/users\/43"}],"replies":[{"embeddable":true,"href":"https:\/\/sisu.ut.ee\/ewod\/et\/wp-json\/wp\/v2\/comments?post=6661"}],"version-history":[{"count":1,"href":"https:\/\/sisu.ut.ee\/ewod\/et\/wp-json\/wp\/v2\/pages\/6661\/revisions"}],"predecessor-version":[{"id":6662,"href":"https:\/\/sisu.ut.ee\/ewod\/et\/wp-json\/wp\/v2\/pages\/6661\/revisions\/6662"}],"up":[{"embeddable":true,"href":"https:\/\/sisu.ut.ee\/ewod\/et\/wp-json\/wp\/v2\/pages\/6516"}],"wp:attachment":[{"href":"https:\/\/sisu.ut.ee\/ewod\/et\/wp-json\/wp\/v2\/media?parent=6661"}],"curies":[{"name":"wp","href":"https:\/\/api.w.org\/{rel}","templated":true}]}}