{"id":6602,"date":"2024-04-03T23:41:50","date_gmt":"2024-04-03T20:41:50","guid":{"rendered":"https:\/\/sisu.ut.ee\/ewod\/?page_id=6602"},"modified":"2025-03-06T10:23:01","modified_gmt":"2025-03-06T08:23:01","slug":"uprus","status":"publish","type":"page","link":"https:\/\/sisu.ut.ee\/ewod\/et\/ue\/uprus\/","title":{"rendered":"Avo \u00dcprus"},"content":{"rendered":"<figure class=\"wp-block-image alignright size-large is-resized\"><a href=\"https:\/\/sisu.ut.ee\/wp-content\/uploads\/sites\/108\/Avo-Uprus_kalju_suur-scaled.jpg\"><img loading=\"lazy\" decoding=\"async\" width=\"729\" height=\"1024\" src=\"https:\/\/sisu.ut.ee\/wp-content\/uploads\/sites\/108\/Avo-Uprus_kalju_suur-729x1024.jpg\" alt=\"\" class=\"wp-image-6603\" style=\"width:253px;height:auto\" title=\"Foto: Kalju Suur\" srcset=\"https:\/\/sisu.ut.ee\/wp-content\/uploads\/sites\/108\/Avo-Uprus_kalju_suur-729x1024.jpg 729w, https:\/\/sisu.ut.ee\/wp-content\/uploads\/sites\/108\/Avo-Uprus_kalju_suur-213x300.jpg 213w, https:\/\/sisu.ut.ee\/wp-content\/uploads\/sites\/108\/Avo-Uprus_kalju_suur-768x1079.jpg 768w, https:\/\/sisu.ut.ee\/wp-content\/uploads\/sites\/108\/Avo-Uprus_kalju_suur-1093x1536.jpg 1093w, https:\/\/sisu.ut.ee\/wp-content\/uploads\/sites\/108\/Avo-Uprus_kalju_suur-1457x2048.jpg 1457w, https:\/\/sisu.ut.ee\/wp-content\/uploads\/sites\/108\/Avo-Uprus_kalju_suur-1920x2698.jpg 1920w, https:\/\/sisu.ut.ee\/wp-content\/uploads\/sites\/108\/Avo-Uprus_kalju_suur-scaled.jpg 1822w\" sizes=\"auto, (max-width: 729px) 100vw, 729px\"><\/a><\/figure>\n\n\n\n<p>Avo \u00dcprus (pseudon\u00fc\u00fcmid Ave \u00dclenurme ja Ave Reig, s\u00fcndinud 10. I 1954) on vaimulik, teatrikriitik, poliitik ja kirjanik.<\/p>\n\n\n\n<p>\u00dcprus on \u00f5ppinud Viljandi Kultuurhariduskoolis n\u00e4itejuhtimist (ei l\u00f5petanud). 1980. aastal l\u00f5petas ta Keila Kaug\u00f5ppekeskkooli. 1999. aastal l\u00f5petas ta EELK Usuteaduse Instituudi, sotsiaalteaduste magistri kraadi omandas ta samast \u00fclikoolist 2001. aastal.<\/p>\n\n\n\n<p>\u00dcpruse elut\u00f6\u00f6 on seotud religiooniga. Aastatel 1991\u20131996 ja 2016-2018 oli ta Tallinna praostkonna vikaar\u00f5petaja, aastatel 1991\u20131996 Tallinna Peeteli koguduse hooldaja\u00f5petaja ning 2000\u20132016 sama koguduse \u00f5petaja. Ta on tegelenud kuriteoennetuse ja ohvritoega ning korraldab aastast 1988 vanglates tehtavat vabatahtlikku t\u00f6\u00f6d. Ta on kuulunud Riigikokku ja Tallinna linnavolikokku. \u00dcprus on 1991. aastast alates Kirjanike Liidu liige.<\/p>\n\n\n\n<p>Avo \u00dcpruse sulest on ilmunud viis luulekogu. \u00dcpruse luuletustes avaldub kristlik s\u00f5num eksistentsiaalse pinge ja vahetu eetilise n\u00f5udlikkusega. 1990. aastal avaldatud romaan \u201eKoopainimesed\u201c on allegooria totalitaar\u00fchiskonnast.<\/p>\n\n\n\n<p>Avo \u00dcprus on kirjutanud ka novelle, n\u00e4idendeid (\u201eAkvaariumihaid\u201d, 2003), laulus\u00f5nad n\u00e4idendile \u201eP\u00f6ial-Liisi\u201d (lavastatud 1987. aastal Nukuteatris), filmistsenaariume (\u201eVaata, siin on inimene\u201d, 1989, Tallinnfilm) ning kultuuri-, \u00fchiskonna- ja religiooniteemalisi esseid ja artikleid, sealhulgas arvukalt teatri-, kirjandus- ja filmiarvustusi.<\/p>\n\n\n\n<p>2001. aastal p\u00e4lvis Avo \u00dcprus Valget\u00e4he V klassi teenetem\u00e4rgi.<\/p>\n\n\n\n<p><em>L. P.<\/em><\/p>\n\n\n\n<h5 class=\"wp-block-heading\"><br>Raamatud eesti keeles<\/h5>\n\n\n\n<p><strong><em>Luuletused<\/em><\/strong><br><strong>Aja raamat<\/strong>: tunnetusl\u00f5imi aastaist 1983\u20131985. Tallinn: Eesti Raamat, 1988. 138 lk.<br><strong>H\u00e4lin ja aeg<\/strong>: luulet ja tunnetusl\u00f5imi 1980\u20131986. Tallinn: Eesti Raamat, 1990. 142 lk.<br><strong>Toompea vang<\/strong>. Habaja: Kentaur, 2007. 48 lk.<br><strong>Ingeldus<\/strong>. Harkuj\u00e4rve: Inglitiib, 2018. 193 lk.<\/p>\n\n\n\n<p><strong><em>Romaanid<\/em><\/strong><br><strong>Koopainimesed<\/strong>. Tallinn: Eesti Raamat, 1990. 157 lk.  [Romaan ja novell.]<\/p>\n\n\n\n<p><strong><em>N\u00e4idendid<\/em><\/strong><br><strong>Akvaariumihaid<\/strong>: n\u00e4idend 3. vaatuses. Tallinn: VRA Partnerid, 2003. 51 lk.<\/p>\n","protected":false},"excerpt":{"rendered":"<p>Avo \u00dcprus (pseudon\u00fc\u00fcmid Ave \u00dclenurme ja Ave Reig, s\u00fcndinud 10. I 1954) on vaimulik, teatrikriitik, poliitik ja kirjanik. \u00dcprus on \u00f5ppinud Viljandi Kultuurhariduskoolis n\u00e4itejuhtimist (ei l\u00f5petanud). 1980. aastal l\u00f5petas ta Keila Kaug\u00f5ppekeskkooli. 1999. aastal l\u00f5petas ta EELK Usuteaduse Instituudi, sotsiaalteaduste &#8230;<\/p>\n","protected":false},"author":43,"featured_media":0,"parent":6522,"menu_order":0,"comment_status":"closed","ping_status":"closed","template":"","meta":{"_acf_changed":false,"inline_featured_image":false,"footnotes":""},"class_list":["post-6602","page","type-page","status-publish","hentry"],"acf":[],"_links":{"self":[{"href":"https:\/\/sisu.ut.ee\/ewod\/et\/wp-json\/wp\/v2\/pages\/6602","targetHints":{"allow":["GET"]}}],"collection":[{"href":"https:\/\/sisu.ut.ee\/ewod\/et\/wp-json\/wp\/v2\/pages"}],"about":[{"href":"https:\/\/sisu.ut.ee\/ewod\/et\/wp-json\/wp\/v2\/types\/page"}],"author":[{"embeddable":true,"href":"https:\/\/sisu.ut.ee\/ewod\/et\/wp-json\/wp\/v2\/users\/43"}],"replies":[{"embeddable":true,"href":"https:\/\/sisu.ut.ee\/ewod\/et\/wp-json\/wp\/v2\/comments?post=6602"}],"version-history":[{"count":3,"href":"https:\/\/sisu.ut.ee\/ewod\/et\/wp-json\/wp\/v2\/pages\/6602\/revisions"}],"predecessor-version":[{"id":6607,"href":"https:\/\/sisu.ut.ee\/ewod\/et\/wp-json\/wp\/v2\/pages\/6602\/revisions\/6607"}],"up":[{"embeddable":true,"href":"https:\/\/sisu.ut.ee\/ewod\/et\/wp-json\/wp\/v2\/pages\/6522"}],"wp:attachment":[{"href":"https:\/\/sisu.ut.ee\/ewod\/et\/wp-json\/wp\/v2\/media?parent=6602"}],"curies":[{"name":"wp","href":"https:\/\/api.w.org\/{rel}","templated":true}]}}