{"id":6596,"date":"2024-04-03T23:39:21","date_gmt":"2024-04-03T20:39:21","guid":{"rendered":"https:\/\/sisu.ut.ee\/ewod\/?page_id=6596"},"modified":"2025-03-06T10:26:18","modified_gmt":"2025-03-06T08:26:18","slug":"juliusuert","status":"publish","type":"page","link":"https:\/\/sisu.ut.ee\/ewod\/et\/ue\/juliusuert\/","title":{"rendered":"Julius \u00dcrt"},"content":{"rendered":"<figure class=\"wp-block-image alignright size-large is-resized\"><a href=\"https:\/\/sisu.ut.ee\/wp-content\/uploads\/sites\/108\/Julius-Urt.jpg\"><img loading=\"lazy\" decoding=\"async\" width=\"850\" height=\"1024\" src=\"https:\/\/sisu.ut.ee\/wp-content\/uploads\/sites\/108\/Julius-Urt-850x1024.jpg\" alt=\"\" class=\"wp-image-6597\" style=\"width:322px;height:auto\" srcset=\"https:\/\/sisu.ut.ee\/wp-content\/uploads\/sites\/108\/Julius-Urt-850x1024.jpg 850w, https:\/\/sisu.ut.ee\/wp-content\/uploads\/sites\/108\/Julius-Urt-249x300.jpg 249w, https:\/\/sisu.ut.ee\/wp-content\/uploads\/sites\/108\/Julius-Urt-768x925.jpg 768w, https:\/\/sisu.ut.ee\/wp-content\/uploads\/sites\/108\/Julius-Urt-1275x1536.jpg 1275w, https:\/\/sisu.ut.ee\/wp-content\/uploads\/sites\/108\/Julius-Urt-1700x2048.jpg 1700w, https:\/\/sisu.ut.ee\/wp-content\/uploads\/sites\/108\/Julius-Urt-1920x2313.jpg 1920w\" sizes=\"auto, (max-width: 850px) 100vw, 850px\"><\/a><\/figure>\n\n\n\n<p>Julius \u00dcrt (kodanikunimega Indrek Tart, s\u00fcnd. 2. V 1946) on luuletaja, kirjandusteadlane ja f\u00fc\u00fcsik. Luuletajana, t\u00f5lkijana ja (kirjandus)kriitikuna kasutab ta enamasti oma kirjanikunime.<\/p>\n\n\n\n<p>Tallinnas s\u00fcndinud Indrek Tart l\u00f5petas Tallinna 4. Keskkooli ja \u00f5ppis aastatel 1964\u20131969 Tartu Riikliku \u00dclikooli f\u00fc\u00fcsika-matemaatikateaduskonnas, mille l\u00f5petas f\u00fc\u00fcsikuna. 1993. aastal kaitses ta Tallinna \u00dclikoolis teadusmagistri kraadi infoteadustes v\u00e4itekirjaga \u201eEestikeelne luuleraamat kultuuriindikaatorina Eestis ja V\u00e4lis-Eestis aastail 1945\u20131992 (Bibliomeetriline aspekt)\u201c. 2002. aastal kaitses ta Tartu \u00dclikoolis doktorikraadi eesti kirjanduse alal v\u00e4itekirjaga \u201eEestikeelne luuleraamat 1638\u20132000: bibliomeetrilisi ja kirjandussotsioloogilisi vaatlusi\u201c.<\/p>\n\n\n\n<p>P\u00e4rast Tartu \u00dclikooli l\u00f5petamist f\u00fc\u00fcsikuna t\u00f6\u00f6tas ta \u00fcle kahek\u00fcmne aasta vaneminsenerina kahes Teaduste Akadeemia instituudis, algul K\u00fcberneetika Instituudis, seej\u00e4rel Keemilise ja Bioloogilise F\u00fc\u00fcsika Instituudis. Alates 1992. aastast t\u00f6\u00f6tas ta Tallinna \u00dclikooli teadurina, hiljem Tallinna \u00dclikooli Eesti Humanitaarinstituudi N\u00fc\u00fcdiskultuuri uurimiskeskuse vanemteadurina ja sama \u00fclikooli sotsiaalteaduskonna vanemteadurina. Alates 2016. aastast on ta olnud vabakutseline. Ta on Kirjanike Liidu liige 1991. aastast. Tema abikaasa oli kultuuriuurija, ajaloolane, teatroloog ja sotsioloog Aili Aarelaid-Tart (1947\u20132014).<\/p>\n\n\n\n<p>Julius \u00dcrt deb\u00fcteeris luuletustega ajakirjas Looming 1975. aastal. Ta oli aastatel 1978\u20131983 Tallinna Noorte Autorite Koondise esimees. \u00dcrdi esimene luulekogu \u201eHaljendav ruumala\u201c ilmus 1981. aastal. Luuletustes on tunda autori erudeeritust ja sotsiaalset tundlikkust. Julius \u00dcrdi luuletusi on avaldatud ajakirjas Looming ka 21. sajandil. Tema arvustusi on avaldanud ajakirjad Keel ja Kirjandus, Looming ja Vikerkaar.<\/p>\n\n\n\n<p>2005. aastal ilmus Andres Ehini ja Julius \u00dcrdi t\u00f5lkes USA luuletaja James Ragani luulekogu \u201eValitud luuletused\u201c.<\/p>\n\n\n\n<p><em>L. P.<\/em><\/p>\n\n\n\n<h5 class=\"wp-block-heading\"><br>Raamatud eesti keeles<\/h5>\n\n\n\n<p><strong><em>Luuletused<\/em><\/strong><br><strong>Haljendav ruumala<\/strong>. Tallinn: Eesti Raamat, 1981. 63 lk.<br><strong>T\u00f5demik: luulet<\/strong>. Tallinn: I. Tart, 2016. 48 lk.<\/p>\n","protected":false},"excerpt":{"rendered":"<p>Julius \u00dcrt (kodanikunimega Indrek Tart, s\u00fcnd. 2. V 1946) on luuletaja, kirjandusteadlane ja f\u00fc\u00fcsik. Luuletajana, t\u00f5lkijana ja (kirjandus)kriitikuna kasutab ta enamasti oma kirjanikunime. Tallinnas s\u00fcndinud Indrek Tart l\u00f5petas Tallinna 4. Keskkooli ja \u00f5ppis aastatel 1964\u20131969 Tartu Riikliku \u00dclikooli f\u00fc\u00fcsika-matemaatikateaduskonnas, mille &#8230;<\/p>\n","protected":false},"author":43,"featured_media":0,"parent":6522,"menu_order":0,"comment_status":"closed","ping_status":"closed","template":"","meta":{"_acf_changed":false,"inline_featured_image":false,"footnotes":""},"class_list":["post-6596","page","type-page","status-publish","hentry"],"acf":[],"_links":{"self":[{"href":"https:\/\/sisu.ut.ee\/ewod\/et\/wp-json\/wp\/v2\/pages\/6596","targetHints":{"allow":["GET"]}}],"collection":[{"href":"https:\/\/sisu.ut.ee\/ewod\/et\/wp-json\/wp\/v2\/pages"}],"about":[{"href":"https:\/\/sisu.ut.ee\/ewod\/et\/wp-json\/wp\/v2\/types\/page"}],"author":[{"embeddable":true,"href":"https:\/\/sisu.ut.ee\/ewod\/et\/wp-json\/wp\/v2\/users\/43"}],"replies":[{"embeddable":true,"href":"https:\/\/sisu.ut.ee\/ewod\/et\/wp-json\/wp\/v2\/comments?post=6596"}],"version-history":[{"count":3,"href":"https:\/\/sisu.ut.ee\/ewod\/et\/wp-json\/wp\/v2\/pages\/6596\/revisions"}],"predecessor-version":[{"id":6613,"href":"https:\/\/sisu.ut.ee\/ewod\/et\/wp-json\/wp\/v2\/pages\/6596\/revisions\/6613"}],"up":[{"embeddable":true,"href":"https:\/\/sisu.ut.ee\/ewod\/et\/wp-json\/wp\/v2\/pages\/6522"}],"wp:attachment":[{"href":"https:\/\/sisu.ut.ee\/ewod\/et\/wp-json\/wp\/v2\/media?parent=6596"}],"curies":[{"name":"wp","href":"https:\/\/api.w.org\/{rel}","templated":true}]}}