{"id":6584,"date":"2024-04-03T23:40:45","date_gmt":"2024-04-03T20:40:45","guid":{"rendered":"https:\/\/sisu.ut.ee\/ewod\/?page_id=6584"},"modified":"2025-03-05T10:34:24","modified_gmt":"2025-03-05T08:34:24","slug":"eelmaa","status":"publish","type":"page","link":"https:\/\/sisu.ut.ee\/ewod\/et\/e\/eelmaa\/","title":{"rendered":"Taavi Eelmaa"},"content":{"rendered":"<p>Taavi Eelmaa (s\u00fcnd. 15. VI 1971) on n\u00e4itleja ja luuletaja.<\/p>\n\n\n\n<p>Eelmaa s\u00fcndis Tallinnas n\u00e4itleja perekonnas. Ta l\u00f5petas 1996. aastal Eesti Muusikaakadeemia K\u00f5rgema Lavakunstikooli 17. lennu n\u00e4itlejana. Aastatel 1996\u20132002 t\u00f6\u00f6tas ta Eesti Draamateatris. Alates 2002. aastast on ta Von Krahli Teatri n\u00e4itleja.<\/p>\n\n\n\n<p>Eelmaa on m\u00e4nginud mitmes m\u00e4ngu- ja l\u00fchifilmis ning teleseriaalides. Ta on kirjutanud teatritekste. 2014. aastal valminud \u201eKadunud s\u00f5bra juhtum\u201c on n\u00e4idend, kus tegelased satuvad realistlikesse ja unen\u00e4olistesse, v\u00e4lja m\u00f5eldud ja usutavatesse olukordadesse.<\/p>\n\n\n\n<p>Taavi Eelmaa p\u00e4lvis 2020. aastal Betti Alveri kirjandusauhinna luulekogu \u201eElectraumur\u201c eest. Osa selle raamatu luuletustest on \u00e4\u00e4rmiselt napid, leidub \u00fcherealisi vahetekste, on haikulaadseid, aga ka mitme lehek\u00fclje pikkusi luuletusi. Luuletuste motiivistik on samuti lai, ulatudes unelevatest looduspiltidest tehnoloogilisi kujundeid sisaldavate paladeni. Peaaegu k\u00f5iki luuletusi iseloomustab ja \u00fchendab omap\u00e4rane tume nukrus. Eelmaa kujundikeel on spetsiifiline \u2013 esile t\u00f5stetud, ent samas napp.<\/p>\n\n\n\n<p>2022. aastal ilmunud luulekogu \u201eUnekoridor\u201c koosneb vabav\u00e4rsilistest tekstidest, mida kannab unen\u00e4gude maagia. Vahelduvad meeleseisundid ja reaalsuse\u00fclesed m\u00e4lupildid j\u00f5uavad lugejani voona.<\/p>\n\n\n\n<p>Taavi Eelmaa on 2023. aastast alates Eesti Kirjanike Liidu liige.<\/p>\n\n\n\n<p><em>L. P.<\/em><\/p>\n\n\n\n<h5 class=\"wp-block-heading\"><br>Raamatud eesti keeles<\/h5>\n\n\n\n<p><em><strong>Luuletused<\/strong><\/em><br><strong>Electraumur<\/strong>. Luige: Verb, 2020. 46 lk.<br><strong>Unekoridor<\/strong>. Luige: Verb, 2022. 63 lk.<\/p>\n","protected":false},"excerpt":{"rendered":"<p>Taavi Eelmaa (s\u00fcnd. 15. VI 1971) on n\u00e4itleja ja luuletaja. Eelmaa s\u00fcndis Tallinnas n\u00e4itleja perekonnas. Ta l\u00f5petas 1996. aastal Eesti Muusikaakadeemia K\u00f5rgema Lavakunstikooli 17. lennu n\u00e4itlejana. Aastatel 1996\u20132002 t\u00f6\u00f6tas ta Eesti Draamateatris. Alates 2002. aastast on ta Von Krahli Teatri &#8230;<\/p>\n","protected":false},"author":43,"featured_media":0,"parent":6470,"menu_order":0,"comment_status":"closed","ping_status":"closed","template":"","meta":{"_acf_changed":false,"inline_featured_image":false,"footnotes":""},"class_list":["post-6584","page","type-page","status-publish","hentry"],"acf":[],"_links":{"self":[{"href":"https:\/\/sisu.ut.ee\/ewod\/et\/wp-json\/wp\/v2\/pages\/6584","targetHints":{"allow":["GET"]}}],"collection":[{"href":"https:\/\/sisu.ut.ee\/ewod\/et\/wp-json\/wp\/v2\/pages"}],"about":[{"href":"https:\/\/sisu.ut.ee\/ewod\/et\/wp-json\/wp\/v2\/types\/page"}],"author":[{"embeddable":true,"href":"https:\/\/sisu.ut.ee\/ewod\/et\/wp-json\/wp\/v2\/users\/43"}],"replies":[{"embeddable":true,"href":"https:\/\/sisu.ut.ee\/ewod\/et\/wp-json\/wp\/v2\/comments?post=6584"}],"version-history":[{"count":3,"href":"https:\/\/sisu.ut.ee\/ewod\/et\/wp-json\/wp\/v2\/pages\/6584\/revisions"}],"predecessor-version":[{"id":6587,"href":"https:\/\/sisu.ut.ee\/ewod\/et\/wp-json\/wp\/v2\/pages\/6584\/revisions\/6587"}],"up":[{"embeddable":true,"href":"https:\/\/sisu.ut.ee\/ewod\/et\/wp-json\/wp\/v2\/pages\/6470"}],"wp:attachment":[{"href":"https:\/\/sisu.ut.ee\/ewod\/et\/wp-json\/wp\/v2\/media?parent=6584"}],"curies":[{"name":"wp","href":"https:\/\/api.w.org\/{rel}","templated":true}]}}