{"id":6522,"date":"2024-04-03T23:40:19","date_gmt":"2024-04-03T20:40:19","guid":{"rendered":"https:\/\/sisu.ut.ee\/ewod\/?page_id=6522"},"modified":"2025-03-06T12:24:32","modified_gmt":"2025-03-06T10:24:32","slug":"ue","status":"publish","type":"page","link":"https:\/\/sisu.ut.ee\/ewod\/et\/ue\/","title":{"rendered":"\u00dc"},"content":{"rendered":"<p>J\u00fcri \u00dcdi \u2013 <em>vaata<\/em> <a href=\"https:\/\/sisu.ut.ee\/ewod\/et\/v\/juhanviiding\/\" data-type=\"page\" data-id=\"6617\"><strong>Juhan Viiding<\/strong><\/a><br><a href=\"https:\/\/sisu.ut.ee\/ewod\/et\/ue\/uprus\/\" data-type=\"page\" data-id=\"6602\"><strong>Avo \u00dcprus<\/strong><\/a><br><a href=\"https:\/\/sisu.ut.ee\/ewod\/et\/ue\/juliusuert\/\" data-type=\"page\" data-id=\"6596\"><strong>Julius \u00dcrt<\/strong><\/a><\/p>\n","protected":false},"excerpt":{"rendered":"<p>J\u00fcri \u00dcdi \u2013 vaata Juhan ViidingAvo \u00dcprusJulius \u00dcrt<\/p>\n","protected":false},"author":43,"featured_media":0,"parent":0,"menu_order":0,"comment_status":"closed","ping_status":"closed","template":"","meta":{"_acf_changed":false,"inline_featured_image":false,"footnotes":""},"class_list":["post-6522","page","type-page","status-publish","hentry"],"acf":[],"_links":{"self":[{"href":"https:\/\/sisu.ut.ee\/ewod\/et\/wp-json\/wp\/v2\/pages\/6522","targetHints":{"allow":["GET"]}}],"collection":[{"href":"https:\/\/sisu.ut.ee\/ewod\/et\/wp-json\/wp\/v2\/pages"}],"about":[{"href":"https:\/\/sisu.ut.ee\/ewod\/et\/wp-json\/wp\/v2\/types\/page"}],"author":[{"embeddable":true,"href":"https:\/\/sisu.ut.ee\/ewod\/et\/wp-json\/wp\/v2\/users\/43"}],"replies":[{"embeddable":true,"href":"https:\/\/sisu.ut.ee\/ewod\/et\/wp-json\/wp\/v2\/comments?post=6522"}],"version-history":[{"count":4,"href":"https:\/\/sisu.ut.ee\/ewod\/et\/wp-json\/wp\/v2\/pages\/6522\/revisions"}],"predecessor-version":[{"id":6621,"href":"https:\/\/sisu.ut.ee\/ewod\/et\/wp-json\/wp\/v2\/pages\/6522\/revisions\/6621"}],"wp:attachment":[{"href":"https:\/\/sisu.ut.ee\/ewod\/et\/wp-json\/wp\/v2\/media?parent=6522"}],"curies":[{"name":"wp","href":"https:\/\/api.w.org\/{rel}","templated":true}]}}