{"id":6516,"date":"2024-04-03T23:40:16","date_gmt":"2024-04-03T20:40:16","guid":{"rendered":"https:\/\/sisu.ut.ee\/ewod\/?page_id=6516"},"modified":"2025-03-08T09:50:12","modified_gmt":"2025-03-08T07:50:12","slug":"oe","status":"publish","type":"page","link":"https:\/\/sisu.ut.ee\/ewod\/et\/oe\/","title":{"rendered":"\u00d5"},"content":{"rendered":"<p><a href=\"https:\/\/sisu.ut.ee\/ewod\/et\/oe\/pilleonnepalu\/\" data-type=\"page\" data-id=\"6661\"><strong>Pille \u00d5nnepalu<\/strong><\/a><br><strong><a href=\"https:\/\/sisu.ut.ee\/ewod\/et\/oe\/onnepalu\/\" data-type=\"page\" data-id=\"6650\">T\u00f5nu \u00d5nnepalu<\/a><\/strong><br><a href=\"https:\/\/sisu.ut.ee\/ewod\/et\/oe\/oun\/\" data-type=\"page\" data-id=\"6659\"><strong>Voldemar \u00d5un<\/strong><\/a><br><strong><a href=\"https:\/\/sisu.ut.ee\/ewod\/et\/oe\/ounapuu\/\" data-type=\"page\" data-id=\"6624\">Ervin \u00d5unapuu<\/a><\/strong><\/p>\n","protected":false},"excerpt":{"rendered":"<p>Pille \u00d5nnepaluT\u00f5nu \u00d5nnepaluVoldemar \u00d5unErvin \u00d5unapuu<\/p>\n","protected":false},"author":43,"featured_media":0,"parent":0,"menu_order":0,"comment_status":"closed","ping_status":"closed","template":"","meta":{"_acf_changed":false,"inline_featured_image":false,"footnotes":""},"class_list":["post-6516","page","type-page","status-publish","hentry"],"acf":[],"_links":{"self":[{"href":"https:\/\/sisu.ut.ee\/ewod\/et\/wp-json\/wp\/v2\/pages\/6516","targetHints":{"allow":["GET"]}}],"collection":[{"href":"https:\/\/sisu.ut.ee\/ewod\/et\/wp-json\/wp\/v2\/pages"}],"about":[{"href":"https:\/\/sisu.ut.ee\/ewod\/et\/wp-json\/wp\/v2\/types\/page"}],"author":[{"embeddable":true,"href":"https:\/\/sisu.ut.ee\/ewod\/et\/wp-json\/wp\/v2\/users\/43"}],"replies":[{"embeddable":true,"href":"https:\/\/sisu.ut.ee\/ewod\/et\/wp-json\/wp\/v2\/comments?post=6516"}],"version-history":[{"count":4,"href":"https:\/\/sisu.ut.ee\/ewod\/et\/wp-json\/wp\/v2\/pages\/6516\/revisions"}],"predecessor-version":[{"id":6663,"href":"https:\/\/sisu.ut.ee\/ewod\/et\/wp-json\/wp\/v2\/pages\/6516\/revisions\/6663"}],"wp:attachment":[{"href":"https:\/\/sisu.ut.ee\/ewod\/et\/wp-json\/wp\/v2\/media?parent=6516"}],"curies":[{"name":"wp","href":"https:\/\/api.w.org\/{rel}","templated":true}]}}