{"id":6512,"date":"2024-04-03T23:40:14","date_gmt":"2024-04-03T20:40:14","guid":{"rendered":"https:\/\/sisu.ut.ee\/ewod\/?page_id=6512"},"modified":"2026-04-06T18:57:56","modified_gmt":"2026-04-06T15:57:56","slug":"v","status":"publish","type":"page","link":"https:\/\/sisu.ut.ee\/ewod\/et\/v\/","title":{"rendered":"V"},"content":{"rendered":"<p><a href=\"https:\/\/sisu.ut.ee\/ewod\/et\/v\/peet-vallak\/\" data-type=\"page\" data-id=\"6732\"><strong>Peet Vallak<\/strong><\/a><br><a href=\"https:\/\/sisu.ut.ee\/ewod\/et\/v\/muia-veetamm\/\" data-type=\"page\" data-id=\"7420\"><strong>Muia Veetamm<\/strong><\/a><br><a href=\"https:\/\/sisu.ut.ee\/ewod\/et\/v\/arno-vihalemm\/\" data-type=\"page\" data-id=\"6920\"><strong>Arno Vihalemm<\/strong><\/a><br><a href=\"https:\/\/sisu.ut.ee\/ewod\/et\/v\/juhanviiding\/\" data-type=\"page\" data-id=\"6617\"><strong>Juhan Viiding<\/strong><\/a><br><strong><a href=\"https:\/\/sisu.ut.ee\/ewod\/et\/v\/tonis-vilu\/\" data-type=\"page\" data-id=\"7876\">T\u00f5nis Vilu<\/a><\/strong><br><a href=\"https:\/\/sisu.ut.ee\/ewod\/et\/v\/toomas-vint\/\" data-type=\"page\" data-id=\"7869\"><strong>Toomas Vint<\/strong><\/a><br><strong><a href=\"https:\/\/sisu.ut.ee\/ewod\/et\/v\/adrian-virginius\/\" data-type=\"page\" data-id=\"7864\">Adrian Virginius<\/a><\/strong><br><a href=\"https:\/\/sisu.ut.ee\/ewod\/et\/v\/henrik-visnapuu\/\" data-type=\"page\" data-id=\"6849\"><strong>Henrik Visnapuu<\/strong><\/a><br><strong><a href=\"https:\/\/sisu.ut.ee\/ewod\/et\/v\/peeter-volkonski\/\" data-type=\"page\" data-id=\"6778\">Peeter Volkonski<\/a><\/strong><br><a href=\"https:\/\/sisu.ut.ee\/ewod\/et\/v\/juhan-voolaid\/\" data-type=\"page\" data-id=\"6772\"><strong>Juhan Voolaid<\/strong><\/a><br><strong><a href=\"https:\/\/sisu.ut.ee\/ewod\/et\/v\/markus-vain\/\" data-type=\"page\" data-id=\"6723\">Markus V\u00e4in<\/a><\/strong><br><strong><a href=\"https:\/\/sisu.ut.ee\/ewod\/et\/v\/heino-vali\/\" data-type=\"page\" data-id=\"6718\">Heino V\u00e4li<\/a><\/strong><br><strong><a href=\"https:\/\/sisu.ut.ee\/ewod\/et\/v\/katrinvali\/\" data-type=\"page\" data-id=\"6714\">Katrin V\u00e4li<\/a><\/strong><br><strong><a href=\"https:\/\/sisu.ut.ee\/ewod\/et\/v\/silvi-valjal\/\" data-type=\"page\" data-id=\"6711\">Silvi V\u00e4ljal<\/a><\/strong><br><strong><a href=\"https:\/\/sisu.ut.ee\/ewod\/et\/v\/valjamae\/\" data-type=\"page\" data-id=\"6707\">Kaarel B. V\u00e4ljam\u00e4e<\/a><\/strong><br><strong><a href=\"https:\/\/sisu.ut.ee\/ewod\/et\/v\/valjataga\/\" data-type=\"page\" data-id=\"6704\">M\u00e4rt V\u00e4ljataga<\/a><\/strong><\/p>\n","protected":false},"excerpt":{"rendered":"<p>Peet VallakMuia VeetammArno VihalemmJuhan ViidingT\u00f5nis ViluToomas VintAdrian VirginiusHenrik VisnapuuPeeter VolkonskiJuhan VoolaidMarkus V\u00e4inHeino V\u00e4liKatrin V\u00e4liSilvi V\u00e4ljalKaarel B. V\u00e4ljam\u00e4eM\u00e4rt V\u00e4ljataga<\/p>\n","protected":false},"author":43,"featured_media":0,"parent":0,"menu_order":0,"comment_status":"closed","ping_status":"closed","template":"","meta":{"_acf_changed":false,"inline_featured_image":false,"footnotes":""},"class_list":["post-6512","page","type-page","status-publish","hentry"],"acf":[],"_links":{"self":[{"href":"https:\/\/sisu.ut.ee\/ewod\/et\/wp-json\/wp\/v2\/pages\/6512","targetHints":{"allow":["GET"]}}],"collection":[{"href":"https:\/\/sisu.ut.ee\/ewod\/et\/wp-json\/wp\/v2\/pages"}],"about":[{"href":"https:\/\/sisu.ut.ee\/ewod\/et\/wp-json\/wp\/v2\/types\/page"}],"author":[{"embeddable":true,"href":"https:\/\/sisu.ut.ee\/ewod\/et\/wp-json\/wp\/v2\/users\/43"}],"replies":[{"embeddable":true,"href":"https:\/\/sisu.ut.ee\/ewod\/et\/wp-json\/wp\/v2\/comments?post=6512"}],"version-history":[{"count":11,"href":"https:\/\/sisu.ut.ee\/ewod\/et\/wp-json\/wp\/v2\/pages\/6512\/revisions"}],"predecessor-version":[{"id":7885,"href":"https:\/\/sisu.ut.ee\/ewod\/et\/wp-json\/wp\/v2\/pages\/6512\/revisions\/7885"}],"wp:attachment":[{"href":"https:\/\/sisu.ut.ee\/ewod\/et\/wp-json\/wp\/v2\/media?parent=6512"}],"curies":[{"name":"wp","href":"https:\/\/api.w.org\/{rel}","templated":true}]}}