{"id":6505,"date":"2024-04-03T23:40:11","date_gmt":"2024-04-03T20:40:11","guid":{"rendered":"https:\/\/sisu.ut.ee\/ewod\/?page_id=6505"},"modified":"2025-06-16T14:39:14","modified_gmt":"2025-06-16T11:39:14","slug":"s","status":"publish","type":"page","link":"https:\/\/sisu.ut.ee\/ewod\/et\/s\/","title":{"rendered":"S"},"content":{"rendered":"<p><a href=\"https:\/\/sisu.ut.ee\/ewod\/et\/s\/kalju-saaber\/\" data-type=\"page\" data-id=\"7285\"><strong>Kalju Saaber<\/strong><\/a><br><a href=\"https:\/\/sisu.ut.ee\/ewod\/et\/s\/mari-saat\/\" data-type=\"page\" data-id=\"7242\"><strong>Mari Saat<\/strong><\/a><br><a href=\"https:\/\/sisu.ut.ee\/ewod\/et\/s\/herbert-salu\/\" data-type=\"page\" data-id=\"7394\"><strong>Herbert Salu<\/strong><\/a><br><a href=\"https:\/\/sisu.ut.ee\/ewod\/et\/s\/peeter-sauter\/\" data-type=\"page\" data-id=\"7312\"><strong>Peeter Sauter<\/strong><\/a><br><a href=\"https:\/\/sisu.ut.ee\/ewod\/et\/s\/johannes-semper\/\" data-type=\"page\" data-id=\"7159\"><strong>Johannes Semper<\/strong><\/a><br><a href=\"https:\/\/sisu.ut.ee\/ewod\/et\/s\/milvi-seping\/\" data-type=\"page\" data-id=\"7387\"><strong>Milvi Seping<\/strong><\/a><br><strong><a href=\"https:\/\/sisu.ut.ee\/ewod\/et\/s\/rein-sepp\/\" data-type=\"page\" data-id=\"6832\">Rein Sepp<\/a><\/strong><br><a href=\"https:\/\/sisu.ut.ee\/ewod\/et\/s\/herman-sergo\/\" data-type=\"page\" data-id=\"7269\"><strong>Herman Sergo<\/strong><\/a><br><a href=\"https:\/\/sisu.ut.ee\/ewod\/et\/s\/ilmar-sikemae\/\" data-type=\"page\" data-id=\"7432\"><strong>Ilmar Sikem\u00e4e<\/strong><\/a><br><a href=\"https:\/\/sisu.ut.ee\/ewod\/et\/s\/lilli-suburg\/\" data-type=\"page\" data-id=\"7302\"><strong>Lilli Suburg<\/strong><\/a><br><a href=\"https:\/\/sisu.ut.ee\/ewod\/et\/s\/harald-suislepp\/\" data-type=\"page\" data-id=\"7438\"><strong>Harald Suislepp<\/strong><\/a><br><a href=\"https:\/\/sisu.ut.ee\/ewod\/et\/s\/venda-soelsepp\/\" data-type=\"page\" data-id=\"6823\"><strong>Venda S\u00f5elsepp<\/strong><\/a><br><a href=\"https:\/\/sisu.ut.ee\/ewod\/et\/s\/karl-eduard-soot\/\" data-type=\"page\" data-id=\"6800\"><strong>Karl Eduard S\u00f6\u00f6t<\/strong><\/a><\/p>\n","protected":false},"excerpt":{"rendered":"<p>Kalju SaaberMari SaatHerbert SaluPeeter SauterJohannes SemperMilvi SepingRein SeppHerman SergoIlmar Sikem\u00e4eLilli SuburgHarald SuisleppVenda S\u00f5elseppKarl Eduard S\u00f6\u00f6t<\/p>\n","protected":false},"author":43,"featured_media":0,"parent":0,"menu_order":0,"comment_status":"closed","ping_status":"closed","template":"","meta":{"_acf_changed":false,"inline_featured_image":false,"footnotes":""},"class_list":["post-6505","page","type-page","status-publish","hentry"],"acf":[],"_links":{"self":[{"href":"https:\/\/sisu.ut.ee\/ewod\/et\/wp-json\/wp\/v2\/pages\/6505","targetHints":{"allow":["GET"]}}],"collection":[{"href":"https:\/\/sisu.ut.ee\/ewod\/et\/wp-json\/wp\/v2\/pages"}],"about":[{"href":"https:\/\/sisu.ut.ee\/ewod\/et\/wp-json\/wp\/v2\/types\/page"}],"author":[{"embeddable":true,"href":"https:\/\/sisu.ut.ee\/ewod\/et\/wp-json\/wp\/v2\/users\/43"}],"replies":[{"embeddable":true,"href":"https:\/\/sisu.ut.ee\/ewod\/et\/wp-json\/wp\/v2\/comments?post=6505"}],"version-history":[{"count":14,"href":"https:\/\/sisu.ut.ee\/ewod\/et\/wp-json\/wp\/v2\/pages\/6505\/revisions"}],"predecessor-version":[{"id":7444,"href":"https:\/\/sisu.ut.ee\/ewod\/et\/wp-json\/wp\/v2\/pages\/6505\/revisions\/7444"}],"wp:attachment":[{"href":"https:\/\/sisu.ut.ee\/ewod\/et\/wp-json\/wp\/v2\/media?parent=6505"}],"curies":[{"name":"wp","href":"https:\/\/api.w.org\/{rel}","templated":true}]}}