{"id":6503,"date":"2024-04-03T23:40:10","date_gmt":"2024-04-03T20:40:10","guid":{"rendered":"https:\/\/sisu.ut.ee\/ewod\/?page_id=6503"},"modified":"2026-04-24T12:03:41","modified_gmt":"2026-04-24T09:03:41","slug":"r","status":"publish","type":"page","link":"https:\/\/sisu.ut.ee\/ewod\/et\/r\/","title":{"rendered":"R"},"content":{"rendered":"<p><a href=\"https:\/\/sisu.ut.ee\/ewod\/et\/r\/salme-raatma\/\" data-type=\"page\" data-id=\"7234\"><strong>Salme Raatma<\/strong><\/a><br><a href=\"https:\/\/sisu.ut.ee\/ewod\/et\/r\/adolf-rammo\/\" data-type=\"page\" data-id=\"6914\"><strong>Adolf Rammo<\/strong><\/a><br><a href=\"https:\/\/sisu.ut.ee\/ewod\/et\/r\/toomas-raudam\/\" data-type=\"page\" data-id=\"6816\"><strong>Toomas Raudam<\/strong><\/a><br><a href=\"https:\/\/sisu.ut.ee\/ewod\/et\/r\/hugo-raudsepp\/\" data-type=\"page\" data-id=\"7187\"><strong>Hugo Raudsepp<\/strong><\/a><br><a href=\"https:\/\/sisu.ut.ee\/ewod\/et\/r\/ado-reinvald\/\" data-type=\"page\" data-id=\"7293\"><strong>Ado Reinvald<\/strong><\/a><br><a href=\"https:\/\/sisu.ut.ee\/ewod\/et\/r\/rudolf-rimmel\/\" data-type=\"page\" data-id=\"7426\"><strong>Rudolf Rimmel<\/strong><\/a><br><a href=\"https:\/\/sisu.ut.ee\/ewod\/et\/r\/richard-roht\/\" data-type=\"page\" data-id=\"6977\"><strong>Richard Roht<\/strong><\/a><br><a href=\"https:\/\/sisu.ut.ee\/ewod\/et\/r\/linda-ruud\/\" data-type=\"page\" data-id=\"7277\"><strong>Linda Ruud<\/strong><\/a><br><strong><a href=\"https:\/\/sisu.ut.ee\/ewod\/et\/r\/grethe-room\/\" data-type=\"page\" data-id=\"8423\">Grethe R\u00f5\u00f5m<\/a><\/strong><br>Andrus R\u00e4v\u00e4l\u00e4 \u2013 <em>vt<\/em> <strong><a href=\"https:\/\/sisu.ut.ee\/ewod\/et\/t\/helmut-tarand\/\" data-type=\"page\" data-id=\"8608\">Helmut Tarand<\/a><\/strong><\/p>\n","protected":false},"excerpt":{"rendered":"<p>Salme RaatmaAdolf RammoToomas RaudamHugo RaudseppAdo ReinvaldRudolf RimmelRichard RohtLinda RuudGrethe R\u00f5\u00f5mAndrus R\u00e4v\u00e4l\u00e4 \u2013 vt Helmut Tarand<\/p>\n","protected":false},"author":43,"featured_media":0,"parent":0,"menu_order":0,"comment_status":"closed","ping_status":"closed","template":"","meta":{"_acf_changed":false,"inline_featured_image":false,"footnotes":""},"class_list":["post-6503","page","type-page","status-publish","hentry"],"acf":[],"_links":{"self":[{"href":"https:\/\/sisu.ut.ee\/ewod\/et\/wp-json\/wp\/v2\/pages\/6503","targetHints":{"allow":["GET"]}}],"collection":[{"href":"https:\/\/sisu.ut.ee\/ewod\/et\/wp-json\/wp\/v2\/pages"}],"about":[{"href":"https:\/\/sisu.ut.ee\/ewod\/et\/wp-json\/wp\/v2\/types\/page"}],"author":[{"embeddable":true,"href":"https:\/\/sisu.ut.ee\/ewod\/et\/wp-json\/wp\/v2\/users\/43"}],"replies":[{"embeddable":true,"href":"https:\/\/sisu.ut.ee\/ewod\/et\/wp-json\/wp\/v2\/comments?post=6503"}],"version-history":[{"count":11,"href":"https:\/\/sisu.ut.ee\/ewod\/et\/wp-json\/wp\/v2\/pages\/6503\/revisions"}],"predecessor-version":[{"id":8613,"href":"https:\/\/sisu.ut.ee\/ewod\/et\/wp-json\/wp\/v2\/pages\/6503\/revisions\/8613"}],"wp:attachment":[{"href":"https:\/\/sisu.ut.ee\/ewod\/et\/wp-json\/wp\/v2\/media?parent=6503"}],"curies":[{"name":"wp","href":"https:\/\/api.w.org\/{rel}","templated":true}]}}