{"id":6501,"date":"2024-04-03T23:40:09","date_gmt":"2024-04-03T20:40:09","guid":{"rendered":"https:\/\/sisu.ut.ee\/ewod\/?page_id=6501"},"modified":"2026-05-15T15:15:42","modified_gmt":"2026-05-15T12:15:42","slug":"p","status":"publish","type":"page","link":"https:\/\/sisu.ut.ee\/ewod\/et\/p\/","title":{"rendered":"P"},"content":{"rendered":"<p><strong><a href=\"https:\/\/sisu.ut.ee\/ewod\/et\/p\/juhan-paju\/\" data-type=\"page\" data-id=\"7742\">Juhan Paju<\/a><\/strong><br><strong><a href=\"https:\/\/sisu.ut.ee\/ewod\/et\/p\/leonora-palu\/\" data-type=\"page\" data-id=\"8990\">Leonora Palu<\/a><\/strong><br><a href=\"https:\/\/sisu.ut.ee\/ewod\/et\/p\/juhan-peegel\/\" data-type=\"page\" data-id=\"6870\"><strong>Juhan Peegel<\/strong><\/a><br><a href=\"https:\/\/sisu.ut.ee\/ewod\/et\/p\/kristian-jaak-peterson\/\" data-type=\"page\" data-id=\"7847\"><strong>Kristian Jaak Peterson<\/strong><\/a><br><strong><a href=\"https:\/\/sisu.ut.ee\/ewod\/et\/p\/andres-pranspill\/\" data-type=\"page\" data-id=\"9743\">Andres Pranspill<\/a><\/strong><br><strong><a href=\"https:\/\/sisu.ut.ee\/ewod\/et\/p\/linnar-priimagi\/\" data-type=\"page\" data-id=\"9738\">Linnar Priim\u00e4gi<\/a><\/strong><br><strong><a href=\"https:\/\/sisu.ut.ee\/ewod\/et\/p\/lilli-promet\/\" data-type=\"page\" data-id=\"9729\">Lilli Promet<\/a><\/strong><br><strong><a href=\"https:\/\/sisu.ut.ee\/ewod\/et\/p\/mati-puhm\/\" data-type=\"page\" data-id=\"9724\">Mati Puhm<\/a><\/strong><br><strong><a href=\"https:\/\/sisu.ut.ee\/ewod\/et\/p\/heino-puhvel\/\" data-type=\"page\" data-id=\"9719\">Heino Puhvel<\/a><\/strong><br><strong><a href=\"https:\/\/sisu.ut.ee\/ewod\/et\/p\/peeter-puide\/\" data-type=\"page\" data-id=\"9713\">Peeter Puide<\/a><\/strong><br><strong><a href=\"https:\/\/sisu.ut.ee\/ewod\/et\/p\/holger-pukk\/\" data-type=\"page\" data-id=\"9708\">Holger Pukk<\/a><\/strong><br><strong><a href=\"https:\/\/sisu.ut.ee\/ewod\/et\/p\/mario-pulver\/\" data-type=\"page\" data-id=\"8993\">Mario Pulver<\/a><\/strong><br><strong><a href=\"https:\/\/sisu.ut.ee\/ewod\/et\/p\/aarne-puu\/\" data-type=\"page\" data-id=\"9702\">Aarne Puu<\/a><\/strong><br><strong><a href=\"https:\/\/sisu.ut.ee\/ewod\/et\/p\/neeme-poder\/\" data-type=\"page\" data-id=\"9694\">Neeme P\u00f5der<\/a><\/strong><br><strong><a href=\"https:\/\/sisu.ut.ee\/ewod\/et\/p\/rein-poder\/\" data-type=\"page\" data-id=\"9689\">Rein P\u00f5der<\/a><\/strong><br><strong><a href=\"https:\/\/sisu.ut.ee\/ewod\/et\/p\/janno-poldma\/\" data-type=\"page\" data-id=\"9679\">Janno P\u00f5ldma<\/a><\/strong><br><strong><a href=\"https:\/\/sisu.ut.ee\/ewod\/et\/p\/asta-poldmae\/\" data-type=\"page\" data-id=\"9670\">Asta P\u00f5ldm\u00e4e<\/a><\/strong><br><strong><a href=\"https:\/\/sisu.ut.ee\/ewod\/et\/p\/enn-poldroos\/\" data-type=\"page\" data-id=\"9661\">Enn P\u00f5ldroos<\/a><\/strong><br><strong><a href=\"https:\/\/sisu.ut.ee\/ewod\/et\/p\/piret-poldver\/\" data-type=\"page\" data-id=\"9656\">Piret P\u00f5ldver<\/a><\/strong><br><strong><a href=\"https:\/\/sisu.ut.ee\/ewod\/et\/p\/jakob-parn\/\" data-type=\"page\" data-id=\"9644\">Jakob P\u00e4rn<\/a><\/strong><br><strong><a href=\"https:\/\/sisu.ut.ee\/ewod\/et\/p\/priit-parn\/\" data-type=\"page\" data-id=\"9641\">Priit P\u00e4rn<\/a><\/strong><br><strong><a href=\"https:\/\/sisu.ut.ee\/ewod\/et\/p\/marge-parnits\/\" data-type=\"page\" data-id=\"9635\">Marge P\u00e4rnits<\/a><\/strong><br><strong><a href=\"https:\/\/sisu.ut.ee\/ewod\/et\/p\/maarja-partna\/\" data-type=\"page\" data-id=\"9625\">Maarja P\u00e4rtna<\/a><\/strong><br><strong><a href=\"https:\/\/sisu.ut.ee\/ewod\/et\/p\/nikolai-pats\/\" data-type=\"page\" data-id=\"9617\">Nikolai P\u00e4ts<\/a><\/strong><br><strong><a href=\"https:\/\/sisu.ut.ee\/ewod\/et\/p\/hans-poogelmann\/\" data-type=\"page\" data-id=\"9612\">Hans P\u00f6\u00f6gelmann<\/a><\/strong><br><strong><a href=\"https:\/\/sisu.ut.ee\/ewod\/et\/p\/juhani-puttsepp\/\" data-type=\"page\" data-id=\"9607\">Juhani P\u00fcttsepp<\/a><\/strong><br><strong><a href=\"https:\/\/sisu.ut.ee\/ewod\/et\/p\/erik-puvi\/\" data-type=\"page\" data-id=\"9598\">Erik P\u00fcvi<\/a><\/strong><\/p>\n","protected":false},"excerpt":{"rendered":"<p>Juhan PajuLeonora PaluJuhan PeegelKristian Jaak PetersonAndres PranspillLinnar Priim\u00e4giLilli PrometMati PuhmHeino PuhvelPeeter PuideHolger PukkMario PulverAarne PuuNeeme P\u00f5derRein P\u00f5derJanno P\u00f5ldmaAsta P\u00f5ldm\u00e4eEnn P\u00f5ldroosPiret P\u00f5ldverJakob P\u00e4rnPriit P\u00e4rnMarge P\u00e4rnitsMaarja P\u00e4rtnaNikolai P\u00e4tsHans P\u00f6\u00f6gelmannJuhani P\u00fcttseppErik P\u00fcvi<\/p>\n","protected":false},"author":43,"featured_media":0,"parent":0,"menu_order":0,"comment_status":"closed","ping_status":"closed","template":"","meta":{"_acf_changed":false,"inline_featured_image":false,"footnotes":""},"class_list":["post-6501","page","type-page","status-publish","hentry"],"acf":[],"_links":{"self":[{"href":"https:\/\/sisu.ut.ee\/ewod\/et\/wp-json\/wp\/v2\/pages\/6501","targetHints":{"allow":["GET"]}}],"collection":[{"href":"https:\/\/sisu.ut.ee\/ewod\/et\/wp-json\/wp\/v2\/pages"}],"about":[{"href":"https:\/\/sisu.ut.ee\/ewod\/et\/wp-json\/wp\/v2\/types\/page"}],"author":[{"embeddable":true,"href":"https:\/\/sisu.ut.ee\/ewod\/et\/wp-json\/wp\/v2\/users\/43"}],"replies":[{"embeddable":true,"href":"https:\/\/sisu.ut.ee\/ewod\/et\/wp-json\/wp\/v2\/comments?post=6501"}],"version-history":[{"count":28,"href":"https:\/\/sisu.ut.ee\/ewod\/et\/wp-json\/wp\/v2\/pages\/6501\/revisions"}],"predecessor-version":[{"id":9747,"href":"https:\/\/sisu.ut.ee\/ewod\/et\/wp-json\/wp\/v2\/pages\/6501\/revisions\/9747"}],"wp:attachment":[{"href":"https:\/\/sisu.ut.ee\/ewod\/et\/wp-json\/wp\/v2\/media?parent=6501"}],"curies":[{"name":"wp","href":"https:\/\/api.w.org\/{rel}","templated":true}]}}