{"id":6495,"date":"2024-04-03T23:40:06","date_gmt":"2024-04-03T20:40:06","guid":{"rendered":"https:\/\/sisu.ut.ee\/ewod\/?page_id=6495"},"modified":"2026-04-20T12:03:56","modified_gmt":"2026-04-20T09:03:56","slug":"m","status":"publish","type":"page","link":"https:\/\/sisu.ut.ee\/ewod\/et\/m\/","title":{"rendered":"M"},"content":{"rendered":"<p><strong><a href=\"https:\/\/sisu.ut.ee\/ewod\/et\/m\/jana-maasik\/\" data-type=\"page\" data-id=\"8417\">Jana Maasik<\/a><\/strong><br><strong><a href=\"https:\/\/sisu.ut.ee\/ewod\/et\/m\/kersti-merilaas\/\" data-type=\"page\" data-id=\"7670\">Kersti Merilaas<\/a><\/strong><br><strong><a href=\"https:\/\/sisu.ut.ee\/ewod\/et\/m\/arne-merilai\/\" data-type=\"page\" data-id=\"6759\">Arne Merilai<\/a><\/strong><br><a href=\"https:\/\/sisu.ut.ee\/ewod\/et\/m\/helgi-muller\/\" data-type=\"page\" data-id=\"7222\"><strong>Helgi Muller<\/strong><\/a><br><a href=\"https:\/\/sisu.ut.ee\/ewod\/et\/m\/helmi-maelo\/\" data-type=\"page\" data-id=\"7228\"><strong>Helmi M\u00e4elo<\/strong><\/a><br><strong><a href=\"https:\/\/sisu.ut.ee\/ewod\/et\/m\/august-malk\/\" data-type=\"page\" data-id=\"7148\">August M\u00e4lk<\/a><\/strong><br><a href=\"https:\/\/sisu.ut.ee\/ewod\/et\/m\/jakob-mandmets\/\" data-type=\"page\" data-id=\"6858\"><strong>Jakob M\u00e4ndmets<\/strong><\/a><\/p>\n","protected":false},"excerpt":{"rendered":"<p>Jana MaasikKersti MerilaasArne MerilaiHelgi MullerHelmi M\u00e4eloAugust M\u00e4lkJakob M\u00e4ndmets<\/p>\n","protected":false},"author":43,"featured_media":0,"parent":0,"menu_order":0,"comment_status":"closed","ping_status":"closed","template":"","meta":{"_acf_changed":false,"inline_featured_image":false,"footnotes":""},"class_list":["post-6495","page","type-page","status-publish","hentry"],"acf":[],"_links":{"self":[{"href":"https:\/\/sisu.ut.ee\/ewod\/et\/wp-json\/wp\/v2\/pages\/6495","targetHints":{"allow":["GET"]}}],"collection":[{"href":"https:\/\/sisu.ut.ee\/ewod\/et\/wp-json\/wp\/v2\/pages"}],"about":[{"href":"https:\/\/sisu.ut.ee\/ewod\/et\/wp-json\/wp\/v2\/types\/page"}],"author":[{"embeddable":true,"href":"https:\/\/sisu.ut.ee\/ewod\/et\/wp-json\/wp\/v2\/users\/43"}],"replies":[{"embeddable":true,"href":"https:\/\/sisu.ut.ee\/ewod\/et\/wp-json\/wp\/v2\/comments?post=6495"}],"version-history":[{"count":8,"href":"https:\/\/sisu.ut.ee\/ewod\/et\/wp-json\/wp\/v2\/pages\/6495\/revisions"}],"predecessor-version":[{"id":8419,"href":"https:\/\/sisu.ut.ee\/ewod\/et\/wp-json\/wp\/v2\/pages\/6495\/revisions\/8419"}],"wp:attachment":[{"href":"https:\/\/sisu.ut.ee\/ewod\/et\/wp-json\/wp\/v2\/media?parent=6495"}],"curies":[{"name":"wp","href":"https:\/\/api.w.org\/{rel}","templated":true}]}}