{"id":6486,"date":"2024-04-03T23:40:06","date_gmt":"2024-04-03T20:40:06","guid":{"rendered":"https:\/\/sisu.ut.ee\/ewod\/?page_id=6486"},"modified":"2026-04-20T12:00:57","modified_gmt":"2026-04-20T09:00:57","slug":"l","status":"publish","type":"page","link":"https:\/\/sisu.ut.ee\/ewod\/et\/l\/","title":{"rendered":"L"},"content":{"rendered":"<p><strong><a href=\"https:\/\/sisu.ut.ee\/ewod\/et\/l\/ilmar-laaban\/\" data-type=\"page\" data-id=\"7726\">Ilmar Laaban<\/a><\/strong><br><strong><a href=\"https:\/\/sisu.ut.ee\/ewod\/et\/l\/herta-laipaik\/\" data-type=\"page\" data-id=\"7655\">Herta Laipaik<\/a><\/strong><br><strong><a href=\"https:\/\/sisu.ut.ee\/ewod\/et\/l\/kadri-lepp\/\" data-type=\"page\" data-id=\"8411\">Kadri Lepp<\/a><\/strong><br><a href=\"https:\/\/sisu.ut.ee\/ewod\/et\/l\/jakob-liiv\/\" data-type=\"page\" data-id=\"7207\"><strong>Jakob Liiv<\/strong><\/a><br><strong><a href=\"https:\/\/sisu.ut.ee\/ewod\/et\/l\/enn-lillemets\/\" data-type=\"page\" data-id=\"8394\">Enn Lillemets<\/a><\/strong><br><a href=\"https:\/\/sisu.ut.ee\/ewod\/et\/l\/eha-lattemae\/\" data-type=\"page\" data-id=\"7215\"><strong>Eha L\u00e4ttem\u00e4e<\/strong><\/a><br><a href=\"https:\/\/sisu.ut.ee\/ewod\/et\/l\/janika-laanemets\/\" data-type=\"page\" data-id=\"8414\"><strong>Janika L\u00e4\u00e4nemets<\/strong><\/a><\/p>\n","protected":false},"excerpt":{"rendered":"<p>Ilmar LaabanHerta LaipaikKadri LeppJakob LiivEnn LillemetsEha L\u00e4ttem\u00e4eJanika L\u00e4\u00e4nemets<\/p>\n","protected":false},"author":43,"featured_media":0,"parent":0,"menu_order":0,"comment_status":"closed","ping_status":"closed","template":"","meta":{"_acf_changed":false,"inline_featured_image":false,"footnotes":""},"class_list":["post-6486","page","type-page","status-publish","hentry"],"acf":[],"_links":{"self":[{"href":"https:\/\/sisu.ut.ee\/ewod\/et\/wp-json\/wp\/v2\/pages\/6486","targetHints":{"allow":["GET"]}}],"collection":[{"href":"https:\/\/sisu.ut.ee\/ewod\/et\/wp-json\/wp\/v2\/pages"}],"about":[{"href":"https:\/\/sisu.ut.ee\/ewod\/et\/wp-json\/wp\/v2\/types\/page"}],"author":[{"embeddable":true,"href":"https:\/\/sisu.ut.ee\/ewod\/et\/wp-json\/wp\/v2\/users\/43"}],"replies":[{"embeddable":true,"href":"https:\/\/sisu.ut.ee\/ewod\/et\/wp-json\/wp\/v2\/comments?post=6486"}],"version-history":[{"count":8,"href":"https:\/\/sisu.ut.ee\/ewod\/et\/wp-json\/wp\/v2\/pages\/6486\/revisions"}],"predecessor-version":[{"id":8416,"href":"https:\/\/sisu.ut.ee\/ewod\/et\/wp-json\/wp\/v2\/pages\/6486\/revisions\/8416"}],"wp:attachment":[{"href":"https:\/\/sisu.ut.ee\/ewod\/et\/wp-json\/wp\/v2\/media?parent=6486"}],"curies":[{"name":"wp","href":"https:\/\/api.w.org\/{rel}","templated":true}]}}