{"id":6484,"date":"2024-04-03T23:39:54","date_gmt":"2024-04-03T20:39:54","guid":{"rendered":"https:\/\/sisu.ut.ee\/ewod\/?page_id=6484"},"modified":"2025-10-07T00:39:01","modified_gmt":"2025-10-06T21:39:01","slug":"k","status":"publish","type":"page","link":"https:\/\/sisu.ut.ee\/ewod\/et\/k\/","title":{"rendered":"K"},"content":{"rendered":"<p><a href=\"https:\/\/sisu.ut.ee\/ewod\/et\/k\/aira-kaal\/\" data-type=\"page\" data-id=\"7042\"><strong>Aira Kaal<\/strong><\/a><br><a href=\"https:\/\/sisu.ut.ee\/ewod\/et\/k\/ain-kaalep\/\" data-type=\"page\" data-id=\"7584\"><strong>Ain Kaalep<\/strong><\/a><br><a href=\"https:\/\/sisu.ut.ee\/ewod\/et\/k\/bernard-kangro\/\" data-type=\"page\" data-id=\"6965\"><strong>Bernard Kangro<\/strong><\/a><br><a href=\"https:\/\/sisu.ut.ee\/ewod\/et\/k\/kalju-kangur\/\" data-type=\"page\" data-id=\"6886\"><strong>Kalju Kangur<\/strong><\/a><br><a href=\"https:\/\/sisu.ut.ee\/ewod\/et\/k\/jan-kaus\/\" data-type=\"page\" data-id=\"7325\"><strong>Jan Kaus<\/strong><\/a><br><a href=\"https:\/\/sisu.ut.ee\/ewod\/et\/k\/manivald-kesamaa\/\" data-type=\"page\" data-id=\"7050\"><strong>Manivald Kesamaa<\/strong><\/a><br><a href=\"https:\/\/sisu.ut.ee\/ewod\/et\/k\/enn-kippel\/\" data-type=\"page\" data-id=\"7339\"><strong>Enn Kippel<\/strong><\/a><br><a href=\"https:\/\/sisu.ut.ee\/ewod\/et\/k\/ilmi-kolla\/\" data-type=\"page\" data-id=\"7110\"><strong>Ilmi Kolla<\/strong><\/a><br><a href=\"https:\/\/sisu.ut.ee\/ewod\/et\/k\/juhan-kunder\/\" data-type=\"page\" data-id=\"7119\"><strong>Juhan Kunder<\/strong><\/a><br><strong><a href=\"https:\/\/sisu.ut.ee\/ewod\/et\/k\/raissa-kovamees\/\" data-type=\"page\" data-id=\"7629\">Raissa K\u00f5vamees<\/a><\/strong><br><a href=\"https:\/\/sisu.ut.ee\/ewod\/et\/k\/jaan-karner\/\" data-type=\"page\" data-id=\"7100\"><strong>Jaan K\u00e4rner<\/strong><\/a><br><a href=\"https:\/\/sisu.ut.ee\/ewod\/et\/k\/ilmar-kulvet\/\" data-type=\"page\" data-id=\"7198\"><strong>Ilmar K\u00fclvet<\/strong><\/a><\/p>\n","protected":false},"excerpt":{"rendered":"<p>Aira KaalAin KaalepBernard KangroKalju KangurJan KausManivald KesamaaEnn KippelIlmi KollaJuhan KunderRaissa K\u00f5vameesJaan K\u00e4rnerIlmar K\u00fclvet<\/p>\n","protected":false},"author":43,"featured_media":0,"parent":0,"menu_order":0,"comment_status":"closed","ping_status":"closed","template":"","meta":{"_acf_changed":false,"inline_featured_image":false,"footnotes":""},"class_list":["post-6484","page","type-page","status-publish","hentry"],"acf":[],"_links":{"self":[{"href":"https:\/\/sisu.ut.ee\/ewod\/et\/wp-json\/wp\/v2\/pages\/6484","targetHints":{"allow":["GET"]}}],"collection":[{"href":"https:\/\/sisu.ut.ee\/ewod\/et\/wp-json\/wp\/v2\/pages"}],"about":[{"href":"https:\/\/sisu.ut.ee\/ewod\/et\/wp-json\/wp\/v2\/types\/page"}],"author":[{"embeddable":true,"href":"https:\/\/sisu.ut.ee\/ewod\/et\/wp-json\/wp\/v2\/users\/43"}],"replies":[{"embeddable":true,"href":"https:\/\/sisu.ut.ee\/ewod\/et\/wp-json\/wp\/v2\/comments?post=6484"}],"version-history":[{"count":13,"href":"https:\/\/sisu.ut.ee\/ewod\/et\/wp-json\/wp\/v2\/pages\/6484\/revisions"}],"predecessor-version":[{"id":7636,"href":"https:\/\/sisu.ut.ee\/ewod\/et\/wp-json\/wp\/v2\/pages\/6484\/revisions\/7636"}],"wp:attachment":[{"href":"https:\/\/sisu.ut.ee\/ewod\/et\/wp-json\/wp\/v2\/media?parent=6484"}],"curies":[{"name":"wp","href":"https:\/\/api.w.org\/{rel}","templated":true}]}}