{"id":6443,"date":"2024-04-03T23:41:24","date_gmt":"2024-04-03T20:41:24","guid":{"rendered":"https:\/\/sisu.ut.ee\/ewod\/meist\/"},"modified":"2025-12-15T15:05:22","modified_gmt":"2025-12-15T13:05:22","slug":"meist","status":"publish","type":"page","link":"https:\/\/sisu.ut.ee\/ewod\/et\/meist\/","title":{"rendered":"Meist"},"content":{"rendered":"<p>Eesti kirjanike e-leksikoni (EKELi) idee autoriks on Tartu \u00dclikooli kauaaegne maailmakirjanduse professor J\u00fcri Talvet. T\u00f6\u00f6d EKELi kallal alustas grupp kirjandusteadlasi Tartu \u00dclikooli kultuuriteaduste instituudi kirjanduse ja teatriteaduse osakonnas 2014. aastal. Eelk\u00f5ige p\u00fc\u00fcti leksikoni algatades t\u00e4ita l\u00fcnka Eesti kirjanduse kohta s\u00fcsteemse info levitamisel Eestist v\u00e4ljaspool, mist\u00f5ttu alustati projektiga inglise keeles ning selle nimeks sai EWOD \u2013 Estonian Writers\u2019 Online Dictionary. J\u00e4rgmises etapis alustati ka eestikeelsete artiklitega, kuna \u00fclevaatlike kirjandusleksikonide avaldamine Eestis ei ole p\u00e4rast Oskar Kruusi koostatud \u201cEesti kirjanike leksikoni\u201d (2000) j\u00e4tkunud ning vajadus kaasajastatud info j\u00e4rele p\u00fcsib. EKELi peatoimetajateks on kirjandusprofessorid J\u00fcri Talvet ja Arne Merilai, tegevtoimetajaks Sven Vabar.<\/p>\n\n\n\n<p>EKEli valmimisele on kaasa aidanud paljud kirjandusteadlased, doktorandid ja t\u00f5lkijad. Leksikonis leiduvate kirjanike profiilide autorid on t\u00e4histatud initsiaalidega:<\/p>\n\n\n\n<p>I. A. \u2013 Ilmar Anvelt<br>A. A. \u2013 Andra Asser (s\u00fcnd. Somelar)<br>M. K. \u2013 Mari Klein<br>J. K. \u2013 Janek Kraavi<br>A. K. \u2013 Anneli K\u00f5vamees<br>M. M.-K. \u2013 Miriam McIlfatrick-Ksenofontov<br>A. M. \u2013 Arne Merilai<br>A. Mv. \u2013 Anneli Mihkelev<br>C. M. \u2013 Christopher Moseley<br>M. M. \u2013 Michelle Mueller<br>I. M. \u2013 Indrek M\u00e4nniste<br>A. N. \u2013 Agnes Neier<br>I. O. \u2013 Indrek Ojam<br>A. O. \u2013 Andrus Org<br>L. P. \u2013 Lauri Pilter<br>I. S. \u2013 Inga Sapunjan<br>A. S. \u2013 Andra Somelar<br>E. S. \u2013 Ele S\u00fcvalep<br>J. Talvet \u2013 J\u00fcri Talvet<br>J. Tomberg \u2013 Jaak Tomberg<br>M. U. \u2013 Marja Unt<br>S. V. \u2013 Sven Vabar<br>M. V. \u2013 Mart Velsker<\/p>\n\n\n\n<p>Bibliograafilised andmed saksa keeles ilmunud eesti kirjanduse retseptsiooni kohta koostas Cornelius Hasselblatt.<\/p>\n\n\n\n<p>EKELit on toetanud:<br>\u2013 Tartu \u00dclikooli eesti kirjanduse rahvusprofessuur (2014-2025)<br>\u2013 Eesti Kultuurkapital (2023-2025)<br>\u2013 Eesti-uuringute Tippkeskus (Euroopa Liit, Euroopa Regionaalarengu Fond, 2016-2023)<br>\u2013 Tartu \u00dclikooli rahvusteaduste baasfinantseerimine (2015-2022)<br>\u2013 Eesti haridus- ja teadusministeeruimi institutsionaalne uurimistoetus nr 20-1 (2014-2019)<br><\/p>\n\n\n\n<p><span style=\"color: #000000;\"><strong><span style=\"font-size: 16px;\"><span style=\"font-family: Verdana,Geneva,sans-serif;\">EKELi kohta meedias:<\/span><\/span><\/strong><\/span><\/p>\n\n\n\n<p>Arne Merilai,\u00a0<a href=\"https:\/\/sirp.ee\/s1-artiklid\/c7-kirjandus\/eesti-kirjanike-leksikon-taiesti-voimalik\/\" target=\"_blank\" rel=\"noopener\"><strong>Eesti kirjanike leksikon\u201c \u2013 t\u00e4iesti v\u00f5imalik<\/strong><\/a>. \u2013 Sirp, 1 IV 2024.<br>Sven Vabar,\u00a0<a href=\"https:\/\/www.sirp.ee\/s1-artiklid\/c7-kirjandus\/rahvuskirjandusest-globaalsete-vorgustike-poole\/\" target=\"_blank\" rel=\"noopener\"><strong>Rahvuskirjandusest globaalsete v\u00f5rgustike poole<\/strong><\/a>. \u2013 Sirp, 9 IV 2021.<br>Sven Vabar,\u00a0<a href=\"https:\/\/www.sirp.ee\/s1-artiklid\/c7-kirjandus\/mis-on-ewod\/\" target=\"_blank\" rel=\"noopener\"><strong>Mis on Ewod?<\/strong><\/a>. \u2013 Sirp, 9 IV 2021.<br>J\u00fcri Talvet,\u00a0<a href=\"https:\/\/dea.digar.ee\/article\/AKlooming\/2020\/08\/0\/23.3\" target=\"_blank\" rel=\"noopener\"><strong>Mis on Ewod? Milleks?<\/strong><\/a>. \u2013 Looming, no 8, 2020.<br>J\u00fcri Talvet,\u00a0<strong>Chapter XIII. Can World Literature (Re)vitalize Humanities?<\/strong>. \u2013 Critical Essays on World Literature, Comparative Literature and the \u201cOther\u201d. Newcastle upon Tyne: Cambridge Scholars Publishing, 2019, pp 182-192.<br>Sven Vabar,\u00a0<a href=\"http:\/\/elm.estinst.ee\/reflections\/ewod-a-major-new-ongoing-estonian-literary-cultural-project\/\" target=\"_blank\" rel=\"noopener\"><strong>A major new ongoing Estonian literary-cultural project<\/strong><\/a>. \u2013 ELM: Estonian Literary Magazine, No. 2, 2019, pp 18-19.<\/p>\n","protected":false},"excerpt":{"rendered":"<p>Eesti kirjanike e-leksikoni (EKELi) idee autoriks on Tartu \u00dclikooli kauaaegne maailmakirjanduse professor J\u00fcri Talvet. T\u00f6\u00f6d EKELi kallal alustas grupp kirjandusteadlasi Tartu \u00dclikooli kultuuriteaduste instituudi kirjanduse ja teatriteaduse osakonnas 2014. aastal. Eelk\u00f5ige p\u00fc\u00fcti leksikoni algatades t\u00e4ita l\u00fcnka Eesti kirjanduse kohta s\u00fcsteemse &#8230;<\/p>\n","protected":false},"author":43,"featured_media":0,"parent":0,"menu_order":0,"comment_status":"closed","ping_status":"closed","template":"","meta":{"_acf_changed":false,"inline_featured_image":false,"footnotes":""},"class_list":["post-6443","page","type-page","status-publish","hentry"],"acf":[],"_links":{"self":[{"href":"https:\/\/sisu.ut.ee\/ewod\/et\/wp-json\/wp\/v2\/pages\/6443","targetHints":{"allow":["GET"]}}],"collection":[{"href":"https:\/\/sisu.ut.ee\/ewod\/et\/wp-json\/wp\/v2\/pages"}],"about":[{"href":"https:\/\/sisu.ut.ee\/ewod\/et\/wp-json\/wp\/v2\/types\/page"}],"author":[{"embeddable":true,"href":"https:\/\/sisu.ut.ee\/ewod\/et\/wp-json\/wp\/v2\/users\/43"}],"replies":[{"embeddable":true,"href":"https:\/\/sisu.ut.ee\/ewod\/et\/wp-json\/wp\/v2\/comments?post=6443"}],"version-history":[{"count":3,"href":"https:\/\/sisu.ut.ee\/ewod\/et\/wp-json\/wp\/v2\/pages\/6443\/revisions"}],"predecessor-version":[{"id":7795,"href":"https:\/\/sisu.ut.ee\/ewod\/et\/wp-json\/wp\/v2\/pages\/6443\/revisions\/7795"}],"wp:attachment":[{"href":"https:\/\/sisu.ut.ee\/ewod\/et\/wp-json\/wp\/v2\/media?parent=6443"}],"curies":[{"name":"wp","href":"https:\/\/api.w.org\/{rel}","templated":true}]}}