{"id":6441,"date":"2024-04-03T23:39:51","date_gmt":"2024-04-03T20:39:51","guid":{"rendered":"https:\/\/sisu.ut.ee\/ewod\/avaleht\/"},"modified":"2025-12-18T13:56:55","modified_gmt":"2025-12-18T11:56:55","slug":"avaleht","status":"publish","type":"page","link":"https:\/\/sisu.ut.ee\/ewod\/et\/","title":{"rendered":"Avaleht"},"content":{"rendered":"<figure class=\"wp-block-image size-large\"><a href=\"https:\/\/sisu.ut.ee\/wp-content\/uploads\/sites\/108\/1970_Hupe_segatehnika-masoniidil_90x1195_TKMTR9328M1817_1_pisipilt.jpg\"><img loading=\"lazy\" decoding=\"async\" width=\"1024\" height=\"333\" src=\"https:\/\/sisu.ut.ee\/wp-content\/uploads\/sites\/108\/jaan_malin_hype_fragment-1024x333.jpg\" alt=\"\" class=\"wp-image-7781\" title=\"\" srcset=\"https:\/\/sisu.ut.ee\/wp-content\/uploads\/sites\/108\/jaan_malin_hype_fragment-1024x333.jpg 1024w, https:\/\/sisu.ut.ee\/wp-content\/uploads\/sites\/108\/jaan_malin_hype_fragment-300x98.jpg 300w, https:\/\/sisu.ut.ee\/wp-content\/uploads\/sites\/108\/jaan_malin_hype_fragment-768x250.jpg 768w, https:\/\/sisu.ut.ee\/wp-content\/uploads\/sites\/108\/jaan_malin_hype_fragment-1536x500.jpg 1536w, https:\/\/sisu.ut.ee\/wp-content\/uploads\/sites\/108\/jaan_malin_hype_fragment-2048x666.jpg 2048w, https:\/\/sisu.ut.ee\/wp-content\/uploads\/sites\/108\/jaan_malin_hype_fragment-1920x624.jpg 1920w\" sizes=\"auto, (max-width: 1024px) 100vw, 1024px\"><\/a><\/figure>\n\n\n\n<p><br>Eesti kirjanike e-leksikon EKEL (inglisekeelsena EWOD \u2013 Estonian Writers\u2019 Online Dictionary) on biograafilist ja bibliograafilist infot koondav ents\u00fcklopeedia inglise ja eesti keeles. Leksikoni koostab ja avaldab 2014. aastast Tartu \u00dclikooli kultuuriteaduste instituudi kirjanduse ja teatriteaduse osakond, selle peatoimetajad on J\u00fcri Talvet ja Arne Merilai, tegevtoimetaja on Sven Vabar.<\/p>\n\n\n\n<p>Parandused ja t\u00e4iendused on teretulnud: svenvabar[\u00e4t]ut.ee.<\/p>\n\n\n\n<p>DOI: https:\/\/doi.org\/10.15157\/diss\/005<\/p>\n\n\n\n<p>\u00a9 Copyright \/ avaldamis\u00f5igus: Tartu \u00dclikooli kultuuriteaduste instituudi kirjanduse ja teatriteaduse osakond.<\/p>\n\n\n\n<p>EKEL\/EWOD on indekseeritud <a href=\"https:\/\/www.mla.org\/Publications\/MLA-International-Bibliography\" target=\"_blank\" rel=\"noreferrer noopener\">MLA (Modern Language Association) International Bibliography<\/a> poolt. Juurdep\u00e4\u00e4su EKELile pakub ka <a href=\"https:\/\/www.mla.org\/Publications\/MLA-International-Bibliography\" target=\"_blank\" rel=\"noreferrer noopener\">V\u00f5rdleva Kirjandusteaduse Infokeskus (Fachinformationsdienst Allgemeine und Vergleichende Literaturwissenschaft, FID AVL)<\/a>, mida rahastab Saksa Teadusfond (Deutsche Forschungsgemeinschaft, DFG).<\/p>\n\n\n\n<p class=\"has-extra-small-font-size\" style=\"font-style:italic;font-weight:100\">Pilt: fragment Ilmar Malini maalist \u201cH\u00fcpe\u201d (segatehnika, 1970)<\/p>\n\n\n\n<div class=\"wp-block-columns is-layout-flex wp-container-core-columns-is-layout-9d6595d7 wp-block-columns-is-layout-flex\">\n<div class=\"wp-block-column is-layout-flow wp-block-column-is-layout-flow\" style=\"flex-basis:100%\">\n<figure class=\"wp-block-image alignright size-full is-resized\"><img loading=\"lazy\" decoding=\"async\" width=\"642\" height=\"308\" src=\"https:\/\/sisu.ut.ee\/wp-content\/uploads\/sites\/108\/Kulka_logo_must-1.gif\" alt=\"\" class=\"wp-image-5746\" style=\"width:200px\"><\/figure>\n\n\n\n<div class=\"wp-block-group is-layout-constrained wp-block-group-is-layout-constrained\">\n<figure class=\"wp-block-image alignright is-resized\"><img decoding=\"async\" src=\"\/wp-content\/uploads\/sites\/108\/ingl_horis_varv.jpeg\" alt=\"\" style=\"width:200px;height:auto\"><\/figure>\n\n\n\n<pre class=\"wp-block-preformatted\"><\/pre>\n<\/div>\n<\/div>\n<\/div>\n\n\n\n<p><span style=\"font-size: 13px;\"><span style=\"font-family: Verdana,Geneva,sans-serif;\"><\/span><\/span><\/p>\n","protected":false},"excerpt":{"rendered":"<p>Eesti kirjanike e-leksikon EKEL (inglisekeelsena EWOD \u2013 Estonian Writers\u2019 Online Dictionary) on biograafilist ja bibliograafilist infot koondav ents\u00fcklopeedia inglise ja eesti keeles. Leksikoni koostab ja avaldab 2014. aastast Tartu \u00dclikooli kultuuriteaduste instituudi kirjanduse ja teatriteaduse osakond, selle peatoimetajad on J\u00fcri &#8230;<\/p>\n","protected":false},"author":43,"featured_media":0,"parent":0,"menu_order":0,"comment_status":"closed","ping_status":"closed","template":"","meta":{"_acf_changed":false,"inline_featured_image":false,"footnotes":""},"class_list":["post-6441","page","type-page","status-publish","hentry"],"acf":[],"_links":{"self":[{"href":"https:\/\/sisu.ut.ee\/ewod\/et\/wp-json\/wp\/v2\/pages\/6441","targetHints":{"allow":["GET"]}}],"collection":[{"href":"https:\/\/sisu.ut.ee\/ewod\/et\/wp-json\/wp\/v2\/pages"}],"about":[{"href":"https:\/\/sisu.ut.ee\/ewod\/et\/wp-json\/wp\/v2\/types\/page"}],"author":[{"embeddable":true,"href":"https:\/\/sisu.ut.ee\/ewod\/et\/wp-json\/wp\/v2\/users\/43"}],"replies":[{"embeddable":true,"href":"https:\/\/sisu.ut.ee\/ewod\/et\/wp-json\/wp\/v2\/comments?post=6441"}],"version-history":[{"count":8,"href":"https:\/\/sisu.ut.ee\/ewod\/et\/wp-json\/wp\/v2\/pages\/6441\/revisions"}],"predecessor-version":[{"id":7828,"href":"https:\/\/sisu.ut.ee\/ewod\/et\/wp-json\/wp\/v2\/pages\/6441\/revisions\/7828"}],"wp:attachment":[{"href":"https:\/\/sisu.ut.ee\/ewod\/et\/wp-json\/wp\/v2\/media?parent=6441"}],"curies":[{"name":"wp","href":"https:\/\/api.w.org\/{rel}","templated":true}]}}