{"id":9,"date":"2024-04-04T09:15:16","date_gmt":"2024-04-04T06:15:16","guid":{"rendered":"https:\/\/sisu.ut.ee\/evka\/interlitteraria\/"},"modified":"2025-10-24T14:39:06","modified_gmt":"2025-10-24T11:39:06","slug":"interlitteraria","status":"publish","type":"page","link":"https:\/\/sisu.ut.ee\/evka\/interlitteraria\/","title":{"rendered":"Interlitteraria"},"content":{"rendered":"<p style=\"text-align: justify; margin: 0cm 0cm 7.5pt 0cm;\"><span style=\"background: white;\"><span style=\"color: #565656;\">Interlitteraria on Tartu \u00dclikooli maailmakirjanduse \u00f5ppetooli ja Eesti V\u00f5rdleva Kirjandusteaduse Assotsiatsiooni rahvusvaheline eelretsenseeritav ajakiri, mis asutati 1996. aastal. Interlitteraria vahendab eesti kirjandusteaduslikku m\u00f5tet ja uurimusi eesti kirjanduse kohta Eestist v\u00e4ljapoole, olles samal ajal kujunenud t\u00e4nap\u00e4eva kirjanduse ja kultuuri-uurimise rahvusvahelise diskussiooni oluliseks foorumiks. Interlitterarias avaldatakse k\u00e4sitlusi kogu maailma kultuuri- ja kirjandusuurijatelt. Eriline roll on ajakirjal Ida- ja Kesk-Euroopa kultuuri- ja kirjandusteadusliku m\u00f5tte ning kirjanduste ajaloolise ja t\u00e4nap\u00e4evase protsessi m\u00f5testuses ja peegelduses, seega dialoogi edendamises traditsioonilise \u201ekeskuse\u201c ja \u201eperifeeria\u201c vahel.<\/span><\/span><\/p>\n<p style=\"text-align: justify; margin: 0cm 0cm 7.5pt 0cm;\"><span style=\"background: white;\"><span style=\"color: #565656;\">Interlitteraria avaldab algup\u00e4raseid kirjandusuurimuslikke artikleid eesk\u00e4tt v\u00f5rdleva kirjandusteaduse valdkonnast inglise, prantsuse, saksa ja hispaania keeles. Eelistatud on k\u00e4sitlused, mis h\u00f5lmavad kirjandusn\u00e4htuste kultuuridevahelisi kontekste. Asjaolu, et Interlitteraria avaldab artikleid neljas suurima levikuga l\u00e4\u00e4ne keeles, tagab v\u00e4ljaandele laialdase rahvusvahelise leviku. Alates 2014. aastast on Interlitteraria indekseeritud ERIH PLUS indeksis, mis on Euroopa humanitaarj\u00e4tkuv\u00e4ljaannete k\u00f5rgeim kategooria, ja alates 2015. aastast Clarivate Analytics Web of Science indeksis. Samuti kuulub \u201cInterlitteraria\u201d DOAJ (Directory of Open Access Journals) ja CEEOL (Central and Eastern European Online Library) andmebaasi. Tagatud on <i>open access <\/i>eelk\u00f5ige ajakirja enda kodulehe kaudu.<\/span><\/span><\/p>\n<p style=\"text-align: justify; margin: 0cm 0cm 7.5pt 0cm;\"><span style=\"background: white;\"><span style=\"color: #565656;\">\u201cInterlitteraria\u201d numbrid on nii monograafilised (koondades muuhulgas EVKA rahvusvaheliste konverentside materjale) kui ka vabateemalised (v\u00f5imaldades erinevate teemade arendamist). Uuendusena alates 2013. aastast on Interlitteraria vabateemalised numbrid avatud v\u00e4iksemamahulistele temaatilistele sektsioonidele, mille panevad kokku kutsutud k\u00fclaliskoostajad.<\/span><\/span><\/p>\n<p style=\"text-align: justify; margin: 0cm 0cm 7.5pt 0cm;\"><span style=\"background: white;\"><span style=\"color: black;\"><a href=\"https:\/\/ojs.utlib.ee\/index.php\/IL\" target=\"_blank\" rel=\"noopener\"><span style=\"color: #428bca;\">Ajakirja koduleht &gt;&gt;&gt;<\/span><\/a><\/span><\/span><\/p>\n<p style=\"text-align: justify; margin: 0cm 0cm 7.5pt 0cm;\"><span style=\"background: white;\"><strong><span style=\"color: #565656;\">Toimetuskolleegium<\/span><\/strong><span style=\"color: #565656;\">: J\u00fcri Talvet (peatoimetaja; Tartu \u00dclikool), Katiliina Gielen (tegevtoimetaja; Tartu \u00dclikool),\u00a0<\/span><\/span>Liina Lukas (Tartu \u00dclikool),\u00a0Arne Merilai (Tartu \u00dclikool), Rebekka Lotman (Tartu \u00dclikool),\u00a0Eneken Laanes (Tallinna \u00dclikool)<\/p>\n<p><strong><span style=\"line-height: 150%;\"><span style=\"color: #565656;\">Akadeemiline n\u00f5uandev kogu<\/span><\/span><\/strong><span style=\"line-height: 150%;\"><span style=\"color: #565656;\">: Arturo Casas (University of Santiago de Compostela), Yves Chevrel (Paris-Sorbonne University), Eduardo Coutinho (University of Rio de Janeiro), Dorothy Figueira (University of Georgia), Gerald E. Gillespie (Stanford University), Marina Grishakova (University of Tartu), Jonathan Locke Hart (Western University, Canada \/ Shanghai Jiao Tong University), Kim Youngmin (Dongguk University), Liina Lukas (University of Tartu), Arne Melberg (University of Oslo), Arne Merilai (University of Tartu), Nie Zhenzhao (Central China Normal University), Dorothea Scholl (University of Kiel), Monica Spiridon (University of Bucharest), Kwok-kan Tam (Open University of Hong Kong), Tomo Virk (University of Ljubljana), Yuriko Yamanaka (National Museum of Ethnology, Japan)<\/span><\/span><\/p>\n","protected":false},"excerpt":{"rendered":"<p>Interlitteraria on Tartu \u00dclikooli maailmakirjanduse \u00f5ppetooli ja Eesti V\u00f5rdleva Kirjandusteaduse Assotsiatsiooni rahvusvaheline eelretsenseeritav ajakiri, mis asutati 1996. aastal. Interlitteraria vahendab eesti kirjandusteaduslikku m\u00f5tet ja uurimusi eesti kirjanduse kohta Eestist v\u00e4ljapoole, olles samal ajal kujunenud t\u00e4nap\u00e4eva kirjanduse ja kultuuri-uurimise rahvusvahelise diskussiooni &#8230;<\/p>\n","protected":false},"author":313,"featured_media":0,"parent":0,"menu_order":0,"comment_status":"closed","ping_status":"closed","template":"","meta":{"_acf_changed":false,"inline_featured_image":false,"footnotes":""},"class_list":["post-9","page","type-page","status-publish","hentry"],"acf":[],"_links":{"self":[{"href":"https:\/\/sisu.ut.ee\/evka\/wp-json\/wp\/v2\/pages\/9","targetHints":{"allow":["GET"]}}],"collection":[{"href":"https:\/\/sisu.ut.ee\/evka\/wp-json\/wp\/v2\/pages"}],"about":[{"href":"https:\/\/sisu.ut.ee\/evka\/wp-json\/wp\/v2\/types\/page"}],"author":[{"embeddable":true,"href":"https:\/\/sisu.ut.ee\/evka\/wp-json\/wp\/v2\/users\/313"}],"replies":[{"embeddable":true,"href":"https:\/\/sisu.ut.ee\/evka\/wp-json\/wp\/v2\/comments?post=9"}],"version-history":[{"count":2,"href":"https:\/\/sisu.ut.ee\/evka\/wp-json\/wp\/v2\/pages\/9\/revisions"}],"predecessor-version":[{"id":691,"href":"https:\/\/sisu.ut.ee\/evka\/wp-json\/wp\/v2\/pages\/9\/revisions\/691"}],"wp:attachment":[{"href":"https:\/\/sisu.ut.ee\/evka\/wp-json\/wp\/v2\/media?parent=9"}],"curies":[{"name":"wp","href":"https:\/\/api.w.org\/{rel}","templated":true}]}}